{"id":857,"date":"2020-07-15T13:02:15","date_gmt":"2020-07-15T13:02:15","guid":{"rendered":"https:\/\/www.ansolon.com\/tvn\/?post_type=product&#038;p=857"},"modified":"2020-07-30T20:56:48","modified_gmt":"2020-07-30T20:56:48","slug":"v529-electrovanne-de-regulation-marche-arret","status":"publish","type":"product","link":"https:\/\/www.tvnvalve.com\/fr\/produits\/v529-electrovanne-de-regulation-marche-arret\/","title":{"rendered":"V529 \u00c9LECTROVANNE DE R\u00c9GULATION MARCHE-ARR\u00caT"},"content":{"rendered":"<p>\n<a   class=\"button  has-icon button_left button_size_1\"  href=\"https:\/\/www.tvnvalve.com\/fr\/wp-content\/uploads\/2020\/07\/TVN-Soupape-Tuyauterie-Catalogue-V529.pdf\" style=\"background-color:#b51f13!important;color:#ffffff;\" target=\"_blank\"    title=\"\"><span class=\"button_icon\"><i class=\"icon-acrobat\"  style=\"color:#ffffff!important;\" aria-hidden=\"true\"><\/i><\/span><span class=\"button_label\">T\u00e9l\u00e9charger la fiche technique PDF<\/span><\/a>\n<br \/>\n<br \/>\nTVN V529 \u00c9lectrovanne de R\u00e9gulation Marche-Arr\u00eat est utilis\u00e9 \u00e0 la place des vannes marche\/arr\u00eat classiques. Le processus d&rsquo;ouverture et de fermeture est termin\u00e9 \u00e0 distance par un sol\u00e9no\u00efde. Le contr\u00f4le de ces vannes est assur\u00e9 par le dispositif de contr\u00f4le, relais temporis\u00e9, interrupteur, unit\u00e9 de contr\u00f4le PLC, etc.<\/p>\n<div class=\"deschide\">\n<h2><a href=\"https:\/\/tvnvalve.com\/application-fields\/\" target=\"_blank\" rel=\"noopener noreferrer\">Application Range<\/a><\/h2>\n<ol class=\"fa-ul\">\n<li><span class=\"fa-li\"><i class=\"icon-right-dir\"> <\/i><\/span>Water applications<\/li>\n<li><span class=\"fa-li\"><i class=\"icon-right-dir\"> <\/i><\/span>Household implementation<\/li>\n<li><span class=\"fa-li\"><i class=\"icon-right-dir\"> <\/i><\/span>Supply of water fire extinguishing<\/li>\n<li><span class=\"fa-li\"><i class=\"icon-right-dir\"> <\/i><\/span>Various applications of industrial systems.<\/li>\n<li><span class=\"fa-li\"><i class=\"icon-right-dir\"> <\/i><\/span>Food and chemical enterprises<\/li>\n<\/ol>\n<h2>Assembly<\/h2>\n<ol class=\"fa-ul\">\n<li><span class=\"fa-li\"><i class=\"icon-right-dir\"> <\/i><\/span>Valve can be assembled horizontally or vertically.<\/li>\n<li><span class=\"fa-li\"><i class=\"icon-right-dir\"> <\/i><\/span>Valve must be on the same level with mainlines during installation.<\/li>\n<li><span class=\"fa-li\"><i class=\"icon-right-dir\"> <\/i><\/span>Install the valve on direction with arrow shown on the valve.<\/li>\n<li><span class=\"fa-li\"><i class=\"icon-right-dir\"> <\/i><\/span>Isolation valves (gate valve, butterfly valve, silt trap etc.) could be installed before or after the installation.<\/li>\n<\/ol>\n<h2>Solenoid On-Off Control Valve Product Features<\/h2>\n<ol class=\"fa-ul\">\n<li><span class=\"fa-li\"><i class=\"icon-right-dir\"> <\/i><\/span>Low energy consumption<\/li>\n<li><span class=\"fa-li\"><i class=\"icon-right-dir\"> <\/i><\/span>Minimal pressure loss<\/li>\n<li><span class=\"fa-li\"><i class=\"icon-right-dir\"> <\/i><\/span>Adjustable opening and closing speed (optional)<\/li>\n<li><span class=\"fa-li\"><i class=\"icon-right-dir\"> <\/i><\/span>Easy to maintenance.<\/li>\n<li><span class=\"fa-li\"><i class=\"icon-right-dir\"> <\/i><\/span>Ability to control at different voltages<\/li>\n<\/ol>\n<\/div>\n","protected":false},"excerpt":{"rendered":"<p>TVN V529 \u00c9lectrovanne de R\u00e9gulation Marche-Arr\u00eat est utilis\u00e9 \u00e0 la place des vannes marche\/arr\u00eat classiques. Le processus d&rsquo;ouverture et de fermeture est termin\u00e9 \u00e0 distance par<span class=\"excerpt-hellip\"> [\u2026]<\/span><\/p>\n","protected":false},"featured_media":860,"template":"","meta":[],"product_brand":[],"product_cat":[41],"product_tag":[],"class_list":{"0":"post-857","1":"product","2":"type-product","3":"status-publish","4":"has-post-thumbnail","6":"product_cat-v52-53-vannes-de-regulation-type-y","8":"first","9":"instock","10":"featured","11":"shipping-taxable","12":"product-type-simple"},"yoast_head":"<!-- This site is optimized with the Yoast SEO plugin v27.4 - https:\/\/yoast.com\/product\/yoast-seo-wordpress\/ -->\n<title>V529 \u00c9LECTROVANNE DE R\u00c9GULATION MARCHE-ARR\u00caT - TVN Valve &amp; Piping Company<\/title>\n<meta name=\"description\" content=\"TVN V528 Electrical Float Level Control Valve is the hydraulic control valves, designed to control water level of water storing structures continuously\" \/>\n<meta name=\"robots\" content=\"index, follow, max-snippet:-1, max-image-preview:large, max-video-preview:-1\" \/>\n<link rel=\"canonical\" href=\"https:\/\/www.tvnvalve.com\/fr\/produits\/v529-electrovanne-de-regulation-marche-arret\/\" \/>\n<meta property=\"og:locale\" content=\"fr_FR\" \/>\n<meta property=\"og:type\" content=\"article\" \/>\n<meta property=\"og:title\" content=\"V529 \u00c9LECTROVANNE DE R\u00c9GULATION MARCHE-ARR\u00caT - TVN Valve &amp; Piping Company\" \/>\n<meta property=\"og:description\" content=\"TVN V528 Electrical Float Level Control Valve is the hydraulic control valves, designed to control water level of water storing structures continuously\" \/>\n<meta property=\"og:url\" content=\"https:\/\/www.tvnvalve.com\/fr\/produits\/v529-electrovanne-de-regulation-marche-arret\/\" \/>\n<meta property=\"og:site_name\" content=\"TVN Valve &amp; Piping Company\" \/>\n<meta property=\"article:modified_time\" content=\"2020-07-30T20:56:48+00:00\" \/>\n<meta property=\"og:image\" content=\"https:\/\/www.tvnvalve.com\/fr\/wp-content\/uploads\/2020\/07\/V529-SOLENOID-ON-OFF-CONTROL-VALVE.jpg\" \/>\n\t<meta property=\"og:image:width\" content=\"800\" \/>\n\t<meta property=\"og:image:height\" content=\"832\" \/>\n\t<meta property=\"og:image:type\" content=\"image\/jpeg\" \/>\n<meta name=\"twitter:card\" content=\"summary_large_image\" \/>\n<meta name=\"twitter:label1\" content=\"Dur\u00e9e de lecture estim\u00e9e\" \/>\n\t<meta name=\"twitter:data1\" content=\"1 minute\" \/>\n<script type=\"application\/ld+json\" class=\"yoast-schema-graph\">{\"@context\":\"https:\\\/\\\/schema.org\",\"@graph\":[{\"@type\":\"WebPage\",\"@id\":\"https:\\\/\\\/www.tvnvalve.com\\\/fr\\\/produits\\\/v529-electrovanne-de-regulation-marche-arret\\\/\",\"url\":\"https:\\\/\\\/www.tvnvalve.com\\\/fr\\\/produits\\\/v529-electrovanne-de-regulation-marche-arret\\\/\",\"name\":\"V529 \u00c9LECTROVANNE DE R\u00c9GULATION MARCHE-ARR\u00caT - TVN Valve &amp; Piping Company\",\"isPartOf\":{\"@id\":\"https:\\\/\\\/www.tvnvalve.com\\\/fr\\\/#website\"},\"primaryImageOfPage\":{\"@id\":\"https:\\\/\\\/www.tvnvalve.com\\\/fr\\\/produits\\\/v529-electrovanne-de-regulation-marche-arret\\\/#primaryimage\"},\"image\":{\"@id\":\"https:\\\/\\\/www.tvnvalve.com\\\/fr\\\/produits\\\/v529-electrovanne-de-regulation-marche-arret\\\/#primaryimage\"},\"thumbnailUrl\":\"https:\\\/\\\/www.tvnvalve.com\\\/fr\\\/wp-content\\\/uploads\\\/2020\\\/07\\\/V529-SOLENOID-ON-OFF-CONTROL-VALVE.jpg\",\"datePublished\":\"2020-07-15T13:02:15+00:00\",\"dateModified\":\"2020-07-30T20:56:48+00:00\",\"description\":\"TVN V528 Electrical Float Level Control Valve is the hydraulic control valves, designed to control water level of water storing structures continuously\",\"breadcrumb\":{\"@id\":\"https:\\\/\\\/www.tvnvalve.com\\\/fr\\\/produits\\\/v529-electrovanne-de-regulation-marche-arret\\\/#breadcrumb\"},\"inLanguage\":\"fr-FR\",\"potentialAction\":[{\"@type\":\"ReadAction\",\"target\":[\"https:\\\/\\\/www.tvnvalve.com\\\/fr\\\/produits\\\/v529-electrovanne-de-regulation-marche-arret\\\/\"]}]},{\"@type\":\"ImageObject\",\"inLanguage\":\"fr-FR\",\"@id\":\"https:\\\/\\\/www.tvnvalve.com\\\/fr\\\/produits\\\/v529-electrovanne-de-regulation-marche-arret\\\/#primaryimage\",\"url\":\"https:\\\/\\\/www.tvnvalve.com\\\/fr\\\/wp-content\\\/uploads\\\/2020\\\/07\\\/V529-SOLENOID-ON-OFF-CONTROL-VALVE.jpg\",\"contentUrl\":\"https:\\\/\\\/www.tvnvalve.com\\\/fr\\\/wp-content\\\/uploads\\\/2020\\\/07\\\/V529-SOLENOID-ON-OFF-CONTROL-VALVE.jpg\",\"width\":800,\"height\":832},{\"@type\":\"BreadcrumbList\",\"@id\":\"https:\\\/\\\/www.tvnvalve.com\\\/fr\\\/produits\\\/v529-electrovanne-de-regulation-marche-arret\\\/#breadcrumb\",\"itemListElement\":[{\"@type\":\"ListItem\",\"position\":1,\"name\":\"Home\",\"item\":\"https:\\\/\\\/www.tvnvalve.com\\\/fr\\\/\"},{\"@type\":\"ListItem\",\"position\":2,\"name\":\"Produits\",\"item\":\"https:\\\/\\\/www.tvnvalve.com\\\/fr\\\/produits\\\/\"},{\"@type\":\"ListItem\",\"position\":3,\"name\":\"V529 \u00c9LECTROVANNE DE R\u00c9GULATION MARCHE-ARR\u00caT\"}]},{\"@type\":\"WebSite\",\"@id\":\"https:\\\/\\\/www.tvnvalve.com\\\/fr\\\/#website\",\"url\":\"https:\\\/\\\/www.tvnvalve.com\\\/fr\\\/\",\"name\":\"TVN Valve &amp; Piping Company\",\"description\":\"Valve &amp; Piping Manufacturer\",\"potentialAction\":[{\"@type\":\"SearchAction\",\"target\":{\"@type\":\"EntryPoint\",\"urlTemplate\":\"https:\\\/\\\/www.tvnvalve.com\\\/fr\\\/?s={search_term_string}\"},\"query-input\":{\"@type\":\"PropertyValueSpecification\",\"valueRequired\":true,\"valueName\":\"search_term_string\"}}],\"inLanguage\":\"fr-FR\"}]}<\/script>\n<!-- \/ Yoast SEO plugin. -->","yoast_head_json":{"title":"V529 \u00c9LECTROVANNE DE R\u00c9GULATION MARCHE-ARR\u00caT - TVN Valve &amp; Piping Company","description":"TVN V528 Electrical Float Level Control Valve is the hydraulic control valves, designed to control water level of water storing structures continuously","robots":{"index":"index","follow":"follow","max-snippet":"max-snippet:-1","max-image-preview":"max-image-preview:large","max-video-preview":"max-video-preview:-1"},"canonical":"https:\/\/www.tvnvalve.com\/fr\/produits\/v529-electrovanne-de-regulation-marche-arret\/","og_locale":"fr_FR","og_type":"article","og_title":"V529 \u00c9LECTROVANNE DE R\u00c9GULATION MARCHE-ARR\u00caT - TVN Valve &amp; Piping Company","og_description":"TVN V528 Electrical Float Level Control Valve is the hydraulic control valves, designed to control water level of water storing structures continuously","og_url":"https:\/\/www.tvnvalve.com\/fr\/produits\/v529-electrovanne-de-regulation-marche-arret\/","og_site_name":"TVN Valve &amp; Piping Company","article_modified_time":"2020-07-30T20:56:48+00:00","og_image":[{"width":800,"height":832,"url":"https:\/\/www.tvnvalve.com\/fr\/wp-content\/uploads\/2020\/07\/V529-SOLENOID-ON-OFF-CONTROL-VALVE.jpg","type":"image\/jpeg"}],"twitter_card":"summary_large_image","twitter_misc":{"Dur\u00e9e de lecture estim\u00e9e":"1 minute"},"schema":{"@context":"https:\/\/schema.org","@graph":[{"@type":"WebPage","@id":"https:\/\/www.tvnvalve.com\/fr\/produits\/v529-electrovanne-de-regulation-marche-arret\/","url":"https:\/\/www.tvnvalve.com\/fr\/produits\/v529-electrovanne-de-regulation-marche-arret\/","name":"V529 \u00c9LECTROVANNE DE R\u00c9GULATION MARCHE-ARR\u00caT - TVN Valve &amp; Piping Company","isPartOf":{"@id":"https:\/\/www.tvnvalve.com\/fr\/#website"},"primaryImageOfPage":{"@id":"https:\/\/www.tvnvalve.com\/fr\/produits\/v529-electrovanne-de-regulation-marche-arret\/#primaryimage"},"image":{"@id":"https:\/\/www.tvnvalve.com\/fr\/produits\/v529-electrovanne-de-regulation-marche-arret\/#primaryimage"},"thumbnailUrl":"https:\/\/www.tvnvalve.com\/fr\/wp-content\/uploads\/2020\/07\/V529-SOLENOID-ON-OFF-CONTROL-VALVE.jpg","datePublished":"2020-07-15T13:02:15+00:00","dateModified":"2020-07-30T20:56:48+00:00","description":"TVN V528 Electrical Float Level Control Valve is the hydraulic control valves, designed to control water level of water storing structures continuously","breadcrumb":{"@id":"https:\/\/www.tvnvalve.com\/fr\/produits\/v529-electrovanne-de-regulation-marche-arret\/#breadcrumb"},"inLanguage":"fr-FR","potentialAction":[{"@type":"ReadAction","target":["https:\/\/www.tvnvalve.com\/fr\/produits\/v529-electrovanne-de-regulation-marche-arret\/"]}]},{"@type":"ImageObject","inLanguage":"fr-FR","@id":"https:\/\/www.tvnvalve.com\/fr\/produits\/v529-electrovanne-de-regulation-marche-arret\/#primaryimage","url":"https:\/\/www.tvnvalve.com\/fr\/wp-content\/uploads\/2020\/07\/V529-SOLENOID-ON-OFF-CONTROL-VALVE.jpg","contentUrl":"https:\/\/www.tvnvalve.com\/fr\/wp-content\/uploads\/2020\/07\/V529-SOLENOID-ON-OFF-CONTROL-VALVE.jpg","width":800,"height":832},{"@type":"BreadcrumbList","@id":"https:\/\/www.tvnvalve.com\/fr\/produits\/v529-electrovanne-de-regulation-marche-arret\/#breadcrumb","itemListElement":[{"@type":"ListItem","position":1,"name":"Home","item":"https:\/\/www.tvnvalve.com\/fr\/"},{"@type":"ListItem","position":2,"name":"Produits","item":"https:\/\/www.tvnvalve.com\/fr\/produits\/"},{"@type":"ListItem","position":3,"name":"V529 \u00c9LECTROVANNE DE R\u00c9GULATION MARCHE-ARR\u00caT"}]},{"@type":"WebSite","@id":"https:\/\/www.tvnvalve.com\/fr\/#website","url":"https:\/\/www.tvnvalve.com\/fr\/","name":"TVN Valve &amp; Piping Company","description":"Valve &amp; Piping Manufacturer","potentialAction":[{"@type":"SearchAction","target":{"@type":"EntryPoint","urlTemplate":"https:\/\/www.tvnvalve.com\/fr\/?s={search_term_string}"},"query-input":{"@type":"PropertyValueSpecification","valueRequired":true,"valueName":"search_term_string"}}],"inLanguage":"fr-FR"}]}},"_links":{"self":[{"href":"https:\/\/www.tvnvalve.com\/fr\/wp-json\/wp\/v2\/product\/857","targetHints":{"allow":["GET"]}}],"collection":[{"href":"https:\/\/www.tvnvalve.com\/fr\/wp-json\/wp\/v2\/product"}],"about":[{"href":"https:\/\/www.tvnvalve.com\/fr\/wp-json\/wp\/v2\/types\/product"}],"wp:featuredmedia":[{"embeddable":true,"href":"https:\/\/www.tvnvalve.com\/fr\/wp-json\/wp\/v2\/media\/860"}],"wp:attachment":[{"href":"https:\/\/www.tvnvalve.com\/fr\/wp-json\/wp\/v2\/media?parent=857"}],"wp:term":[{"taxonomy":"product_brand","embeddable":true,"href":"https:\/\/www.tvnvalve.com\/fr\/wp-json\/wp\/v2\/product_brand?post=857"},{"taxonomy":"product_cat","embeddable":true,"href":"https:\/\/www.tvnvalve.com\/fr\/wp-json\/wp\/v2\/product_cat?post=857"},{"taxonomy":"product_tag","embeddable":true,"href":"https:\/\/www.tvnvalve.com\/fr\/wp-json\/wp\/v2\/product_tag?post=857"}],"curies":[{"name":"wp","href":"https:\/\/api.w.org\/{rel}","templated":true}]}}