{"id":822,"date":"2020-06-27T09:01:00","date_gmt":"2020-06-27T09:01:00","guid":{"rendered":"https:\/\/www.ansolon.com\/tvn\/?post_type=product&#038;p=822"},"modified":"2020-07-30T21:18:45","modified_gmt":"2020-07-30T21:18:45","slug":"v951-debitmetre-electromagnetique","status":"publish","type":"product","link":"https:\/\/www.tvnvalve.com\/fr\/produits\/v951-debitmetre-electromagnetique\/","title":{"rendered":"V951 D\u00c9BITM\u00c8TRE \u00c9LECTROMAGN\u00c9TIQUE"},"content":{"rendered":"<p>\n<a   class=\"button  has-icon button_left button_size_1\"  href=\"https:\/\/www.tvnvalve.com\/fr\/wp-content\/uploads\/2020\/07\/TVN-Soupape-Tuyauterie-Catalogue-V951.pdf\" style=\"background-color:#b51f13!important;color:#ffffff;\" target=\"_blank\"    title=\"\"><span class=\"button_icon\"><i class=\"icon-acrobat\"  style=\"color:#ffffff!important;\" aria-hidden=\"true\"><\/i><\/span><span class=\"button_label\">T\u00e9l\u00e9charger la fiche technique PDF<\/span><\/a>\n<br \/>\n<\/p>\n<p>V951 D\u00e9bitm\u00e8tre \u00c9lectromagn\u00e9tique est essentiellement un transducteur qui mesure le flux de fluide par la tension induite \u00e0 travers le liquide par son flux \u00e0 travers un champ magn\u00e9tique. Un champ magn\u00e9tique est appliqu\u00e9 au tube de mesure, ce qui entra\u00eene une diff\u00e9rence de potentiel proportionnelle \u00e0 la vitesse d&rsquo;\u00e9coulement perpendiculaire aux lignes de fluidit\u00e9. Le principe physique au travail est l&rsquo;induction \u00e9lectromagn\u00e9tique.<\/p>\n<div class=\"deschide\">\n<h2>Application Range<\/h2>\n<ol class=\"fa-ul\">\n<li><span class=\"fa-li\"><i class=\"icon-right-dir\"> <\/i><\/span>Water &amp; Wastewater<\/li>\n<li><span class=\"fa-li\"><i class=\"icon-right-dir\"> <\/i><\/span>Mining<\/li>\n<li><span class=\"fa-li\"><i class=\"icon-right-dir\"> <\/i><\/span>Mineral Processing<\/li>\n<li><span class=\"fa-li\"><i class=\"icon-right-dir\"> <\/i><\/span>PowerStation<\/li>\n<li><span class=\"fa-li\"><i class=\"icon-right-dir\"> <\/i><\/span>Pulp and paper industry<\/li>\n<li><span class=\"fa-li\"><i class=\"icon-right-dir\"> <\/i><\/span>Chemical Industries<\/li>\n<\/ol>\n<h2>Related Products<\/h2>\n<ol class=\"fa-ul\">\n<li><span class=\"fa-li\"><i class=\"icon-right-dir\"> <\/i><\/span>V106 Butterfly Valve Series 14 Double Eccentric<\/li>\n<li><span class=\"fa-li\"><i class=\"icon-right-dir\"> <\/i><\/span>V151 Gate Valve Resilient Seated F4 NRS<\/li>\n<li><span class=\"fa-li\"><i class=\"icon-right-dir\"> <\/i><\/span>V251 Dismantling Joint Heavy Type<\/li>\n<\/ol>\n<h2>Product Features<\/h2>\n<ol class=\"fa-ul\">\n<li><span class=\"fa-li\"><i class=\"icon-right-dir\"> <\/i><\/span>Measures the fluid free of density, humidity, temperature, pressure and conductivity<\/li>\n<li><span class=\"fa-li\"><i class=\"icon-right-dir\"> <\/i><\/span>Full bore, relatively shorter pipe is required for proper installation<\/li>\n<li><span class=\"fa-li\"><i class=\"icon-right-dir\"> <\/i><\/span>The precise sensor is equipped with advanced processing technology which provides excellent immunity to negative pressures<\/li>\n<li><span class=\"fa-li\"><i class=\"icon-right-dir\"> <\/i><\/span>LCD with light enables easy data reading in dark environment<\/li>\n<li><span class=\"fa-li\"><i class=\"icon-right-dir\"> <\/i><\/span>Through the infrared touch nubs parameters can be set easily without the need for opening the converter cover<\/li>\n<li><span class=\"fa-li\"><i class=\"icon-right-dir\"> <\/i><\/span>Converter is equipped with alarm function in case of self-diagnosis, empty load test, high and low limit of flow, two phase flow data<\/li>\n<li><span class=\"fa-li\"><i class=\"icon-right-dir\"> <\/i><\/span>Available to wide range of applications<\/li>\n<li><span class=\"fa-li\"><i class=\"icon-right-dir\"> <\/i><\/span>High-pressure sensors equipped with PFA lining resists to high and negative pressures<\/li>\n<li><span class=\"fa-li\"><i class=\"icon-right-dir\"> <\/i><\/span>Measuring principle is according to Faraday\u2019 law of electromagnetic induction<\/li>\n<\/ol>\n<\/div>\n","protected":false},"excerpt":{"rendered":"<p>V951 D\u00e9bitm\u00e8tre \u00c9lectromagn\u00e9tique est essentiellement un transducteur qui mesure le flux de fluide par la tension induite \u00e0 travers le liquide par son flux \u00e0 travers<span class=\"excerpt-hellip\"> [\u2026]<\/span><\/p>\n","protected":false},"featured_media":826,"template":"","meta":[],"product_brand":[],"product_cat":[51],"product_tag":[],"class_list":{"0":"post-822","1":"product","2":"type-product","3":"status-publish","4":"has-post-thumbnail","6":"product_cat-v95-debitmetre-electromagnetique","8":"first","9":"instock","10":"featured","11":"shipping-taxable","12":"product-type-simple"},"yoast_head":"<!-- This site is optimized with the Yoast SEO plugin v27.4 - https:\/\/yoast.com\/product\/yoast-seo-wordpress\/ -->\n<title>V951 D\u00c9BITM\u00c8TRE \u00c9LECTROMAGN\u00c9TIQUE - TVN Valve &amp; Piping Company<\/title>\n<meta name=\"description\" content=\"V951 Electromagnetic Flow Meter is basically a transducer that measures fluid flow by the voltage induced across the liquid by its flow through a magnetic..\" \/>\n<meta name=\"robots\" content=\"index, follow, max-snippet:-1, max-image-preview:large, max-video-preview:-1\" \/>\n<link rel=\"canonical\" href=\"https:\/\/www.tvnvalve.com\/fr\/produits\/v951-debitmetre-electromagnetique\/\" \/>\n<meta property=\"og:locale\" content=\"fr_FR\" \/>\n<meta property=\"og:type\" content=\"article\" \/>\n<meta property=\"og:title\" content=\"V951 D\u00c9BITM\u00c8TRE \u00c9LECTROMAGN\u00c9TIQUE - TVN Valve &amp; Piping Company\" \/>\n<meta property=\"og:description\" content=\"V951 Electromagnetic Flow Meter is basically a transducer that measures fluid flow by the voltage induced across the liquid by its flow through a magnetic..\" \/>\n<meta property=\"og:url\" content=\"https:\/\/www.tvnvalve.com\/fr\/produits\/v951-debitmetre-electromagnetique\/\" \/>\n<meta property=\"og:site_name\" content=\"TVN Valve &amp; Piping Company\" \/>\n<meta property=\"article:modified_time\" content=\"2020-07-30T21:18:45+00:00\" \/>\n<meta property=\"og:image\" content=\"https:\/\/www.tvnvalve.com\/fr\/wp-content\/uploads\/2020\/06\/V951-ELECTROMAGNETIC-FLOW-METER.jpg\" \/>\n\t<meta property=\"og:image:width\" content=\"800\" \/>\n\t<meta property=\"og:image:height\" content=\"832\" \/>\n\t<meta property=\"og:image:type\" content=\"image\/jpeg\" \/>\n<meta name=\"twitter:card\" content=\"summary_large_image\" \/>\n<meta name=\"twitter:label1\" content=\"Dur\u00e9e de lecture estim\u00e9e\" \/>\n\t<meta name=\"twitter:data1\" content=\"1 minute\" \/>\n<script type=\"application\/ld+json\" class=\"yoast-schema-graph\">{\"@context\":\"https:\\\/\\\/schema.org\",\"@graph\":[{\"@type\":\"WebPage\",\"@id\":\"https:\\\/\\\/www.tvnvalve.com\\\/fr\\\/produits\\\/v951-debitmetre-electromagnetique\\\/\",\"url\":\"https:\\\/\\\/www.tvnvalve.com\\\/fr\\\/produits\\\/v951-debitmetre-electromagnetique\\\/\",\"name\":\"V951 D\u00c9BITM\u00c8TRE \u00c9LECTROMAGN\u00c9TIQUE - TVN Valve &amp; Piping Company\",\"isPartOf\":{\"@id\":\"https:\\\/\\\/www.tvnvalve.com\\\/fr\\\/#website\"},\"primaryImageOfPage\":{\"@id\":\"https:\\\/\\\/www.tvnvalve.com\\\/fr\\\/produits\\\/v951-debitmetre-electromagnetique\\\/#primaryimage\"},\"image\":{\"@id\":\"https:\\\/\\\/www.tvnvalve.com\\\/fr\\\/produits\\\/v951-debitmetre-electromagnetique\\\/#primaryimage\"},\"thumbnailUrl\":\"https:\\\/\\\/www.tvnvalve.com\\\/fr\\\/wp-content\\\/uploads\\\/2020\\\/06\\\/V951-ELECTROMAGNETIC-FLOW-METER.jpg\",\"datePublished\":\"2020-06-27T09:01:00+00:00\",\"dateModified\":\"2020-07-30T21:18:45+00:00\",\"description\":\"V951 Electromagnetic Flow Meter is basically a transducer that measures fluid flow by the voltage induced across the liquid by its flow through a magnetic..\",\"breadcrumb\":{\"@id\":\"https:\\\/\\\/www.tvnvalve.com\\\/fr\\\/produits\\\/v951-debitmetre-electromagnetique\\\/#breadcrumb\"},\"inLanguage\":\"fr-FR\",\"potentialAction\":[{\"@type\":\"ReadAction\",\"target\":[\"https:\\\/\\\/www.tvnvalve.com\\\/fr\\\/produits\\\/v951-debitmetre-electromagnetique\\\/\"]}]},{\"@type\":\"ImageObject\",\"inLanguage\":\"fr-FR\",\"@id\":\"https:\\\/\\\/www.tvnvalve.com\\\/fr\\\/produits\\\/v951-debitmetre-electromagnetique\\\/#primaryimage\",\"url\":\"https:\\\/\\\/www.tvnvalve.com\\\/fr\\\/wp-content\\\/uploads\\\/2020\\\/06\\\/V951-ELECTROMAGNETIC-FLOW-METER.jpg\",\"contentUrl\":\"https:\\\/\\\/www.tvnvalve.com\\\/fr\\\/wp-content\\\/uploads\\\/2020\\\/06\\\/V951-ELECTROMAGNETIC-FLOW-METER.jpg\",\"width\":800,\"height\":832,\"caption\":\"Electromagnetic Flow Meter\"},{\"@type\":\"BreadcrumbList\",\"@id\":\"https:\\\/\\\/www.tvnvalve.com\\\/fr\\\/produits\\\/v951-debitmetre-electromagnetique\\\/#breadcrumb\",\"itemListElement\":[{\"@type\":\"ListItem\",\"position\":1,\"name\":\"Home\",\"item\":\"https:\\\/\\\/www.tvnvalve.com\\\/fr\\\/\"},{\"@type\":\"ListItem\",\"position\":2,\"name\":\"Produits\",\"item\":\"https:\\\/\\\/www.tvnvalve.com\\\/fr\\\/produits\\\/\"},{\"@type\":\"ListItem\",\"position\":3,\"name\":\"V951 D\u00c9BITM\u00c8TRE \u00c9LECTROMAGN\u00c9TIQUE\"}]},{\"@type\":\"WebSite\",\"@id\":\"https:\\\/\\\/www.tvnvalve.com\\\/fr\\\/#website\",\"url\":\"https:\\\/\\\/www.tvnvalve.com\\\/fr\\\/\",\"name\":\"TVN Valve &amp; Piping Company\",\"description\":\"Valve &amp; Piping Manufacturer\",\"potentialAction\":[{\"@type\":\"SearchAction\",\"target\":{\"@type\":\"EntryPoint\",\"urlTemplate\":\"https:\\\/\\\/www.tvnvalve.com\\\/fr\\\/?s={search_term_string}\"},\"query-input\":{\"@type\":\"PropertyValueSpecification\",\"valueRequired\":true,\"valueName\":\"search_term_string\"}}],\"inLanguage\":\"fr-FR\"}]}<\/script>\n<!-- \/ Yoast SEO plugin. -->","yoast_head_json":{"title":"V951 D\u00c9BITM\u00c8TRE \u00c9LECTROMAGN\u00c9TIQUE - TVN Valve &amp; Piping Company","description":"V951 Electromagnetic Flow Meter is basically a transducer that measures fluid flow by the voltage induced across the liquid by its flow through a magnetic..","robots":{"index":"index","follow":"follow","max-snippet":"max-snippet:-1","max-image-preview":"max-image-preview:large","max-video-preview":"max-video-preview:-1"},"canonical":"https:\/\/www.tvnvalve.com\/fr\/produits\/v951-debitmetre-electromagnetique\/","og_locale":"fr_FR","og_type":"article","og_title":"V951 D\u00c9BITM\u00c8TRE \u00c9LECTROMAGN\u00c9TIQUE - TVN Valve &amp; Piping Company","og_description":"V951 Electromagnetic Flow Meter is basically a transducer that measures fluid flow by the voltage induced across the liquid by its flow through a magnetic..","og_url":"https:\/\/www.tvnvalve.com\/fr\/produits\/v951-debitmetre-electromagnetique\/","og_site_name":"TVN Valve &amp; Piping Company","article_modified_time":"2020-07-30T21:18:45+00:00","og_image":[{"width":800,"height":832,"url":"https:\/\/www.tvnvalve.com\/fr\/wp-content\/uploads\/2020\/06\/V951-ELECTROMAGNETIC-FLOW-METER.jpg","type":"image\/jpeg"}],"twitter_card":"summary_large_image","twitter_misc":{"Dur\u00e9e de lecture estim\u00e9e":"1 minute"},"schema":{"@context":"https:\/\/schema.org","@graph":[{"@type":"WebPage","@id":"https:\/\/www.tvnvalve.com\/fr\/produits\/v951-debitmetre-electromagnetique\/","url":"https:\/\/www.tvnvalve.com\/fr\/produits\/v951-debitmetre-electromagnetique\/","name":"V951 D\u00c9BITM\u00c8TRE \u00c9LECTROMAGN\u00c9TIQUE - TVN Valve &amp; Piping Company","isPartOf":{"@id":"https:\/\/www.tvnvalve.com\/fr\/#website"},"primaryImageOfPage":{"@id":"https:\/\/www.tvnvalve.com\/fr\/produits\/v951-debitmetre-electromagnetique\/#primaryimage"},"image":{"@id":"https:\/\/www.tvnvalve.com\/fr\/produits\/v951-debitmetre-electromagnetique\/#primaryimage"},"thumbnailUrl":"https:\/\/www.tvnvalve.com\/fr\/wp-content\/uploads\/2020\/06\/V951-ELECTROMAGNETIC-FLOW-METER.jpg","datePublished":"2020-06-27T09:01:00+00:00","dateModified":"2020-07-30T21:18:45+00:00","description":"V951 Electromagnetic Flow Meter is basically a transducer that measures fluid flow by the voltage induced across the liquid by its flow through a magnetic..","breadcrumb":{"@id":"https:\/\/www.tvnvalve.com\/fr\/produits\/v951-debitmetre-electromagnetique\/#breadcrumb"},"inLanguage":"fr-FR","potentialAction":[{"@type":"ReadAction","target":["https:\/\/www.tvnvalve.com\/fr\/produits\/v951-debitmetre-electromagnetique\/"]}]},{"@type":"ImageObject","inLanguage":"fr-FR","@id":"https:\/\/www.tvnvalve.com\/fr\/produits\/v951-debitmetre-electromagnetique\/#primaryimage","url":"https:\/\/www.tvnvalve.com\/fr\/wp-content\/uploads\/2020\/06\/V951-ELECTROMAGNETIC-FLOW-METER.jpg","contentUrl":"https:\/\/www.tvnvalve.com\/fr\/wp-content\/uploads\/2020\/06\/V951-ELECTROMAGNETIC-FLOW-METER.jpg","width":800,"height":832,"caption":"Electromagnetic Flow Meter"},{"@type":"BreadcrumbList","@id":"https:\/\/www.tvnvalve.com\/fr\/produits\/v951-debitmetre-electromagnetique\/#breadcrumb","itemListElement":[{"@type":"ListItem","position":1,"name":"Home","item":"https:\/\/www.tvnvalve.com\/fr\/"},{"@type":"ListItem","position":2,"name":"Produits","item":"https:\/\/www.tvnvalve.com\/fr\/produits\/"},{"@type":"ListItem","position":3,"name":"V951 D\u00c9BITM\u00c8TRE \u00c9LECTROMAGN\u00c9TIQUE"}]},{"@type":"WebSite","@id":"https:\/\/www.tvnvalve.com\/fr\/#website","url":"https:\/\/www.tvnvalve.com\/fr\/","name":"TVN Valve &amp; Piping Company","description":"Valve &amp; Piping Manufacturer","potentialAction":[{"@type":"SearchAction","target":{"@type":"EntryPoint","urlTemplate":"https:\/\/www.tvnvalve.com\/fr\/?s={search_term_string}"},"query-input":{"@type":"PropertyValueSpecification","valueRequired":true,"valueName":"search_term_string"}}],"inLanguage":"fr-FR"}]}},"_links":{"self":[{"href":"https:\/\/www.tvnvalve.com\/fr\/wp-json\/wp\/v2\/product\/822","targetHints":{"allow":["GET"]}}],"collection":[{"href":"https:\/\/www.tvnvalve.com\/fr\/wp-json\/wp\/v2\/product"}],"about":[{"href":"https:\/\/www.tvnvalve.com\/fr\/wp-json\/wp\/v2\/types\/product"}],"wp:featuredmedia":[{"embeddable":true,"href":"https:\/\/www.tvnvalve.com\/fr\/wp-json\/wp\/v2\/media\/826"}],"wp:attachment":[{"href":"https:\/\/www.tvnvalve.com\/fr\/wp-json\/wp\/v2\/media?parent=822"}],"wp:term":[{"taxonomy":"product_brand","embeddable":true,"href":"https:\/\/www.tvnvalve.com\/fr\/wp-json\/wp\/v2\/product_brand?post=822"},{"taxonomy":"product_cat","embeddable":true,"href":"https:\/\/www.tvnvalve.com\/fr\/wp-json\/wp\/v2\/product_cat?post=822"},{"taxonomy":"product_tag","embeddable":true,"href":"https:\/\/www.tvnvalve.com\/fr\/wp-json\/wp\/v2\/product_tag?post=822"}],"curies":[{"name":"wp","href":"https:\/\/api.w.org\/{rel}","templated":true}]}}