{"id":811,"date":"2020-06-27T08:47:47","date_gmt":"2020-06-27T08:47:47","guid":{"rendered":"https:\/\/www.ansolon.com\/tvn\/?post_type=product&#038;p=811"},"modified":"2024-05-10T11:38:42","modified_gmt":"2024-05-10T11:38:42","slug":"v852-crepines-a-panier","status":"publish","type":"product","link":"https:\/\/www.tvnvalve.com\/fr\/produits\/v852-crepines-a-panier\/","title":{"rendered":"V852 CR\u00c9PINES \u00c0 PANIER"},"content":{"rendered":"<p>\n<a   class=\"button  has-icon button_left button_size_1\"  href=\"https:\/\/www.tvnvalve.com\/fr\/wp-content\/uploads\/2020\/08\/TVN-Soupape-Tuyauterie-Catalogue-V852.pdf\" style=\"background-color:#b51f13!important;color:#ffffff;\" target=\"_blank\"    title=\"\"><span class=\"button_icon\"><i class=\"icon-acrobat\"  style=\"color:#ffffff!important;\" aria-hidden=\"true\"><\/i><\/span><span class=\"button_label\">T\u00e9l\u00e9charger la fiche technique PDF<\/span><\/a>\n<br \/>\n<\/p>\n<p>\u00ab\u00a0TVN V852 Cr\u00e9pines \u00e0 Panier sont l&rsquo;un des \u00e9l\u00e9ments les plus cruciaux des syst\u00e8mes de tuyauteries d&rsquo;eau\/eaux us\u00e9es qui prot\u00e8gent les vannes, pompes, compteurs, vannes de contr\u00f4le et d&rsquo;autres \u00e9l\u00e9ments d&rsquo;installation en filtrant les contaminants solides ind\u00e9sirables comme la poussi\u00e8re, les particules de masse et les r\u00e9sidus des tuyauteries au moyen de d&rsquo;un \u00e9l\u00e9ment filtrant perfor\u00e9 ou \u00e0 base de treillis m\u00e9tallique.<br \/>\nIls peuvent \u00eatre utilis\u00e9s \u00e0 la fois dans les eaux us\u00e9es et dans les eaux propres tant que les mat\u00e9riaux appropri\u00e9s sont s\u00e9lectionn\u00e9s. Avec son grand espace de d\u00e9formation en forme, peut accumuler une grande quantit\u00e9 de salet\u00e9.\u00a0\u00bb<\/p>\n<div class=\"deschide\">\n<h2>Application Range<\/h2>\n<ol class=\"fa-ul\">\n<li><span class=\"fa-li\"><i class=\"icon-right-dir\"> <\/i><\/span>Water &amp; Waste Water Systems<\/li>\n<li><span class=\"fa-li\"><i class=\"icon-right-dir\"> <\/i><\/span>Pumping Stations<\/li>\n<li><span class=\"fa-li\"><i class=\"icon-right-dir\"> <\/i><\/span>Seawater Applications<\/li>\n<li><span class=\"fa-li\"><i class=\"icon-right-dir\"> <\/i><\/span>Tanks &amp; reservoirs<\/li>\n<li><span class=\"fa-li\"><i class=\"icon-right-dir\"> <\/i><\/span>Chamber Installation<\/li>\n<\/ol>\n<h2>Related Products<\/h2>\n<ol class=\"fa-ul\">\n<li><span class=\"fa-li\"><i class=\"icon-right-dir\"> <\/i><\/span>V201 Swing Check Valve<\/li>\n<li><span class=\"fa-li\"><i class=\"icon-right-dir\"> <\/i><\/span>V151 Gate Valve<\/li>\n<li><span class=\"fa-li\"><i class=\"icon-right-dir\"> <\/i><\/span>V106 Flanged Butterfly Valve<\/li>\n<li><span class=\"fa-li\"><i class=\"icon-right-dir\"> <\/i><\/span>V651 Expansion Joint<\/li>\n<li><span class=\"fa-li\"><i class=\"icon-right-dir\"> <\/i><\/span>V101 Wafer Butterfly Valve<\/li>\n<\/ol>\n<h2>Product Features<\/h2>\n<ol class=\"fa-ul\">\n<li><span class=\"fa-li\"><i class=\"icon-right-dir\"> <\/i><\/span>Large filtration section<\/li>\n<li><span class=\"fa-li\"><i class=\"icon-right-dir\"> <\/i><\/span>Flow should be horizontal and cover should be upside for basket type strainers<\/li>\n<li><span class=\"fa-li\"><i class=\"icon-right-dir\"> <\/i><\/span>The Stainless Steel filter material ensures longer life.<\/li>\n<li><span class=\"fa-li\"><i class=\"icon-right-dir\"> <\/i><\/span>Widely used water, waste water and agricultural purposes<\/li>\n<li><span class=\"fa-li\"><i class=\"icon-right-dir\"> <\/i><\/span>With the discharge nut located on the lower body part, easy to clean when needed. Ball valve attachment on discharge nut is optional \u2022 By removing the cover part, screen mesh filter can be replaced<\/li>\n<li><span class=\"fa-li\"><i class=\"icon-right-dir\"> <\/i><\/span>The mesh size is precisely selected in order to be used in wide range of applications. In addition maintains a lower pressure loss. Filter mesh sizes can be changed upon request on volume based orders<\/li>\n<li><span class=\"fa-li\"><i class=\"icon-right-dir\"> <\/i><\/span>Painted internally and externally by epoxy painting<\/li>\n<\/ol>\n<\/div>\n","protected":false},"excerpt":{"rendered":"<p>\u00ab\u00a0TVN V852 Cr\u00e9pines \u00e0 Panier sont l&rsquo;un des \u00e9l\u00e9ments les plus cruciaux des syst\u00e8mes de tuyauteries d&rsquo;eau\/eaux us\u00e9es qui prot\u00e8gent les vannes, pompes, compteurs, vannes de<span class=\"excerpt-hellip\"> [\u2026]<\/span><\/p>\n","protected":false},"featured_media":1176,"template":"","meta":[],"product_brand":[],"product_cat":[49],"product_tag":[],"class_list":{"0":"post-811","1":"product","2":"type-product","3":"status-publish","4":"has-post-thumbnail","6":"product_cat-v85-filtres","8":"first","9":"instock","10":"featured","11":"shipping-taxable","12":"product-type-simple"},"yoast_head":"<!-- This site is optimized with the Yoast SEO plugin v27.5 - https:\/\/yoast.com\/product\/yoast-seo-wordpress\/ -->\n<title>V852 CR\u00c9PINES \u00c0 PANIER - TVN Valve &amp; Piping Company<\/title>\n<meta name=\"description\" content=\"TVN V852 Basket Type Strainers are one of the most crucial elements on water\/waste water pipeline systems which protects the valves...\" \/>\n<meta name=\"robots\" content=\"index, follow, max-snippet:-1, max-image-preview:large, max-video-preview:-1\" \/>\n<link rel=\"canonical\" href=\"https:\/\/www.tvnvalve.com\/fr\/produits\/v852-crepines-a-panier\/\" \/>\n<meta property=\"og:locale\" content=\"fr_FR\" \/>\n<meta property=\"og:type\" content=\"article\" \/>\n<meta property=\"og:title\" content=\"V852 CR\u00c9PINES \u00c0 PANIER - TVN Valve &amp; Piping Company\" \/>\n<meta property=\"og:description\" content=\"TVN V852 Basket Type Strainers are one of the most crucial elements on water\/waste water pipeline systems which protects the valves...\" \/>\n<meta property=\"og:url\" content=\"https:\/\/www.tvnvalve.com\/fr\/produits\/v852-crepines-a-panier\/\" \/>\n<meta property=\"og:site_name\" content=\"TVN Valve &amp; Piping Company\" \/>\n<meta property=\"article:modified_time\" content=\"2024-05-10T11:38:42+00:00\" \/>\n<meta property=\"og:image\" content=\"https:\/\/www.tvnvalve.com\/fr\/wp-content\/uploads\/2020\/06\/tvnvalve-v852-Basket-Type-Strainer.jpg\" \/>\n\t<meta property=\"og:image:width\" content=\"1000\" \/>\n\t<meta property=\"og:image:height\" content=\"1000\" \/>\n\t<meta property=\"og:image:type\" content=\"image\/jpeg\" \/>\n<meta name=\"twitter:card\" content=\"summary_large_image\" \/>\n<meta name=\"twitter:label1\" content=\"Dur\u00e9e de lecture estim\u00e9e\" \/>\n\t<meta name=\"twitter:data1\" content=\"2 minutes\" \/>\n<script type=\"application\/ld+json\" class=\"yoast-schema-graph\">{\"@context\":\"https:\\\/\\\/schema.org\",\"@graph\":[{\"@type\":\"WebPage\",\"@id\":\"https:\\\/\\\/www.tvnvalve.com\\\/fr\\\/produits\\\/v852-crepines-a-panier\\\/\",\"url\":\"https:\\\/\\\/www.tvnvalve.com\\\/fr\\\/produits\\\/v852-crepines-a-panier\\\/\",\"name\":\"V852 CR\u00c9PINES \u00c0 PANIER - TVN Valve &amp; Piping Company\",\"isPartOf\":{\"@id\":\"https:\\\/\\\/www.tvnvalve.com\\\/fr\\\/#website\"},\"primaryImageOfPage\":{\"@id\":\"https:\\\/\\\/www.tvnvalve.com\\\/fr\\\/produits\\\/v852-crepines-a-panier\\\/#primaryimage\"},\"image\":{\"@id\":\"https:\\\/\\\/www.tvnvalve.com\\\/fr\\\/produits\\\/v852-crepines-a-panier\\\/#primaryimage\"},\"thumbnailUrl\":\"https:\\\/\\\/www.tvnvalve.com\\\/fr\\\/wp-content\\\/uploads\\\/2020\\\/06\\\/tvnvalve-v852-Basket-Type-Strainer.jpg\",\"datePublished\":\"2020-06-27T08:47:47+00:00\",\"dateModified\":\"2024-05-10T11:38:42+00:00\",\"description\":\"TVN V852 Basket Type Strainers are one of the most crucial elements on water\\\/waste water pipeline systems which protects the valves...\",\"breadcrumb\":{\"@id\":\"https:\\\/\\\/www.tvnvalve.com\\\/fr\\\/produits\\\/v852-crepines-a-panier\\\/#breadcrumb\"},\"inLanguage\":\"fr-FR\",\"potentialAction\":[{\"@type\":\"ReadAction\",\"target\":[\"https:\\\/\\\/www.tvnvalve.com\\\/fr\\\/produits\\\/v852-crepines-a-panier\\\/\"]}]},{\"@type\":\"ImageObject\",\"inLanguage\":\"fr-FR\",\"@id\":\"https:\\\/\\\/www.tvnvalve.com\\\/fr\\\/produits\\\/v852-crepines-a-panier\\\/#primaryimage\",\"url\":\"https:\\\/\\\/www.tvnvalve.com\\\/fr\\\/wp-content\\\/uploads\\\/2020\\\/06\\\/tvnvalve-v852-Basket-Type-Strainer.jpg\",\"contentUrl\":\"https:\\\/\\\/www.tvnvalve.com\\\/fr\\\/wp-content\\\/uploads\\\/2020\\\/06\\\/tvnvalve-v852-Basket-Type-Strainer.jpg\",\"width\":1000,\"height\":1000},{\"@type\":\"BreadcrumbList\",\"@id\":\"https:\\\/\\\/www.tvnvalve.com\\\/fr\\\/produits\\\/v852-crepines-a-panier\\\/#breadcrumb\",\"itemListElement\":[{\"@type\":\"ListItem\",\"position\":1,\"name\":\"Home\",\"item\":\"https:\\\/\\\/www.tvnvalve.com\\\/fr\\\/\"},{\"@type\":\"ListItem\",\"position\":2,\"name\":\"Produits\",\"item\":\"https:\\\/\\\/www.tvnvalve.com\\\/fr\\\/produits\\\/\"},{\"@type\":\"ListItem\",\"position\":3,\"name\":\"V852 CR\u00c9PINES \u00c0 PANIER\"}]},{\"@type\":\"WebSite\",\"@id\":\"https:\\\/\\\/www.tvnvalve.com\\\/fr\\\/#website\",\"url\":\"https:\\\/\\\/www.tvnvalve.com\\\/fr\\\/\",\"name\":\"TVN Valve &amp; Piping Company\",\"description\":\"Valve &amp; Piping Manufacturer\",\"potentialAction\":[{\"@type\":\"SearchAction\",\"target\":{\"@type\":\"EntryPoint\",\"urlTemplate\":\"https:\\\/\\\/www.tvnvalve.com\\\/fr\\\/?s={search_term_string}\"},\"query-input\":{\"@type\":\"PropertyValueSpecification\",\"valueRequired\":true,\"valueName\":\"search_term_string\"}}],\"inLanguage\":\"fr-FR\"}]}<\/script>\n<!-- \/ Yoast SEO plugin. -->","yoast_head_json":{"title":"V852 CR\u00c9PINES \u00c0 PANIER - TVN Valve &amp; Piping Company","description":"TVN V852 Basket Type Strainers are one of the most crucial elements on water\/waste water pipeline systems which protects the valves...","robots":{"index":"index","follow":"follow","max-snippet":"max-snippet:-1","max-image-preview":"max-image-preview:large","max-video-preview":"max-video-preview:-1"},"canonical":"https:\/\/www.tvnvalve.com\/fr\/produits\/v852-crepines-a-panier\/","og_locale":"fr_FR","og_type":"article","og_title":"V852 CR\u00c9PINES \u00c0 PANIER - TVN Valve &amp; Piping Company","og_description":"TVN V852 Basket Type Strainers are one of the most crucial elements on water\/waste water pipeline systems which protects the valves...","og_url":"https:\/\/www.tvnvalve.com\/fr\/produits\/v852-crepines-a-panier\/","og_site_name":"TVN Valve &amp; Piping Company","article_modified_time":"2024-05-10T11:38:42+00:00","og_image":[{"width":1000,"height":1000,"url":"https:\/\/www.tvnvalve.com\/fr\/wp-content\/uploads\/2020\/06\/tvnvalve-v852-Basket-Type-Strainer.jpg","type":"image\/jpeg"}],"twitter_card":"summary_large_image","twitter_misc":{"Dur\u00e9e de lecture estim\u00e9e":"2 minutes"},"schema":{"@context":"https:\/\/schema.org","@graph":[{"@type":"WebPage","@id":"https:\/\/www.tvnvalve.com\/fr\/produits\/v852-crepines-a-panier\/","url":"https:\/\/www.tvnvalve.com\/fr\/produits\/v852-crepines-a-panier\/","name":"V852 CR\u00c9PINES \u00c0 PANIER - TVN Valve &amp; Piping Company","isPartOf":{"@id":"https:\/\/www.tvnvalve.com\/fr\/#website"},"primaryImageOfPage":{"@id":"https:\/\/www.tvnvalve.com\/fr\/produits\/v852-crepines-a-panier\/#primaryimage"},"image":{"@id":"https:\/\/www.tvnvalve.com\/fr\/produits\/v852-crepines-a-panier\/#primaryimage"},"thumbnailUrl":"https:\/\/www.tvnvalve.com\/fr\/wp-content\/uploads\/2020\/06\/tvnvalve-v852-Basket-Type-Strainer.jpg","datePublished":"2020-06-27T08:47:47+00:00","dateModified":"2024-05-10T11:38:42+00:00","description":"TVN V852 Basket Type Strainers are one of the most crucial elements on water\/waste water pipeline systems which protects the valves...","breadcrumb":{"@id":"https:\/\/www.tvnvalve.com\/fr\/produits\/v852-crepines-a-panier\/#breadcrumb"},"inLanguage":"fr-FR","potentialAction":[{"@type":"ReadAction","target":["https:\/\/www.tvnvalve.com\/fr\/produits\/v852-crepines-a-panier\/"]}]},{"@type":"ImageObject","inLanguage":"fr-FR","@id":"https:\/\/www.tvnvalve.com\/fr\/produits\/v852-crepines-a-panier\/#primaryimage","url":"https:\/\/www.tvnvalve.com\/fr\/wp-content\/uploads\/2020\/06\/tvnvalve-v852-Basket-Type-Strainer.jpg","contentUrl":"https:\/\/www.tvnvalve.com\/fr\/wp-content\/uploads\/2020\/06\/tvnvalve-v852-Basket-Type-Strainer.jpg","width":1000,"height":1000},{"@type":"BreadcrumbList","@id":"https:\/\/www.tvnvalve.com\/fr\/produits\/v852-crepines-a-panier\/#breadcrumb","itemListElement":[{"@type":"ListItem","position":1,"name":"Home","item":"https:\/\/www.tvnvalve.com\/fr\/"},{"@type":"ListItem","position":2,"name":"Produits","item":"https:\/\/www.tvnvalve.com\/fr\/produits\/"},{"@type":"ListItem","position":3,"name":"V852 CR\u00c9PINES \u00c0 PANIER"}]},{"@type":"WebSite","@id":"https:\/\/www.tvnvalve.com\/fr\/#website","url":"https:\/\/www.tvnvalve.com\/fr\/","name":"TVN Valve &amp; Piping Company","description":"Valve &amp; Piping Manufacturer","potentialAction":[{"@type":"SearchAction","target":{"@type":"EntryPoint","urlTemplate":"https:\/\/www.tvnvalve.com\/fr\/?s={search_term_string}"},"query-input":{"@type":"PropertyValueSpecification","valueRequired":true,"valueName":"search_term_string"}}],"inLanguage":"fr-FR"}]}},"_links":{"self":[{"href":"https:\/\/www.tvnvalve.com\/fr\/wp-json\/wp\/v2\/product\/811","targetHints":{"allow":["GET"]}}],"collection":[{"href":"https:\/\/www.tvnvalve.com\/fr\/wp-json\/wp\/v2\/product"}],"about":[{"href":"https:\/\/www.tvnvalve.com\/fr\/wp-json\/wp\/v2\/types\/product"}],"wp:featuredmedia":[{"embeddable":true,"href":"https:\/\/www.tvnvalve.com\/fr\/wp-json\/wp\/v2\/media\/1176"}],"wp:attachment":[{"href":"https:\/\/www.tvnvalve.com\/fr\/wp-json\/wp\/v2\/media?parent=811"}],"wp:term":[{"taxonomy":"product_brand","embeddable":true,"href":"https:\/\/www.tvnvalve.com\/fr\/wp-json\/wp\/v2\/product_brand?post=811"},{"taxonomy":"product_cat","embeddable":true,"href":"https:\/\/www.tvnvalve.com\/fr\/wp-json\/wp\/v2\/product_cat?post=811"},{"taxonomy":"product_tag","embeddable":true,"href":"https:\/\/www.tvnvalve.com\/fr\/wp-json\/wp\/v2\/product_tag?post=811"}],"curies":[{"name":"wp","href":"https:\/\/api.w.org\/{rel}","templated":true}]}}