{"id":768,"date":"2020-06-27T06:13:51","date_gmt":"2020-06-27T06:13:51","guid":{"rendered":"https:\/\/www.ansolon.com\/tvn\/?post_type=product&#038;p=768"},"modified":"2020-08-13T05:03:35","modified_gmt":"2020-08-13T05:03:35","slug":"v704-clapet-a-ressort-a-brides-en-laiton","status":"publish","type":"product","link":"https:\/\/www.tvnvalve.com\/fr\/produits\/v704-clapet-a-ressort-a-brides-en-laiton\/","title":{"rendered":"V704 CLAPET \u00c0 RESSORT \u00c0 BRIDES EN LAITON"},"content":{"rendered":"<p>\n<a   class=\"button  has-icon button_left button_size_1\"  href=\"https:\/\/www.tvnvalve.com\/fr\/wp-content\/uploads\/2020\/08\/TVN-Soupape-Tuyauterie-Catalogue-V704.pdf\" style=\"background-color:#b51f13!important;color:#ffffff;\" target=\"_blank\"    title=\"\"><span class=\"button_icon\"><i class=\"icon-acrobat\"  style=\"color:#ffffff!important;\" aria-hidden=\"true\"><\/i><\/span><span class=\"button_label\">T\u00e9l\u00e9charger la fiche technique PDF<\/span><\/a>\n<br \/>\n<br \/>\nTVN V704 Clapet \u00e0 Ressort \u00e0 Brides en Laiton est utilis\u00e9 dans les syst\u00e8mes de r\u00e9servoir pour emp\u00eacher la contamination par le refoulement. Ils sont parfaits pour les syst\u00e8mes de r\u00e9servoirs reli\u00e9s \u00e0 l&rsquo;eau courante. Les clapets \u00e0 Ressort en ligne en laiton sont couramment utilis\u00e9s pour emp\u00eacher la contamination par le refoulement des conduites sous pression dans une vari\u00e9t\u00e9 d&rsquo;applications.<\/p>\n<p>Une application possible o\u00f9 un Clapet \u00e0 Ressort \u00e0 Brides en Laiton pourrait \u00eatre utilis\u00e9 est o\u00f9 il y a un syst\u00e8me de r\u00e9servoir li\u00e9 \u00e0 l&rsquo;eau du r\u00e9seau qui doit \u00eatre emp\u00each\u00e9 de devenir contamin\u00e9. Les Clapets \u00e0 Ressort \u00e0 Brides en Laiton conviennent aux applications r\u00e9sidentielles et industrielles. Le Clapet \u00e0 Ressort \u00e0 Brides comprend des connexions femelles.<\/p>\n<div class=\"deschide\">\n<h2>Application Range<\/h2>\n<ol class=\"fa-ul\">\n<li><span class=\"fa-li\"><i class=\"icon-right-dir\"> <\/i><\/span>Housing heating &amp; cooling applications<\/li>\n<li><span class=\"fa-li\"><i class=\"icon-right-dir\"> <\/i><\/span>City water network<\/li>\n<li><span class=\"fa-li\"><i class=\"icon-right-dir\"> <\/i><\/span>Hot water and compressed air installations<\/li>\n<li><span class=\"fa-li\"><i class=\"icon-right-dir\"> <\/i><\/span>Steam<\/li>\n<li><span class=\"fa-li\"><i class=\"icon-right-dir\"> <\/i><\/span>Compressed air installations<\/li>\n<\/ol>\n<h2>Related Products<\/h2>\n<ol class=\"fa-ul\">\n<li><span class=\"fa-li\"><i class=\"icon-right-dir\"> <\/i><\/span>V701 Brass Ball Valve<\/li>\n<li><span class=\"fa-li\"><i class=\"icon-right-dir\"> <\/i><\/span>V702 Brass Strainer<\/li>\n<li><span class=\"fa-li\"><i class=\"icon-right-dir\"> <\/i><\/span>V703 Brass Swing Check Valve<\/li>\n<li><span class=\"fa-li\"><i class=\"icon-right-dir\"> <\/i><\/span>V705 Brass Gate Valve<\/li>\n<\/ol>\n<\/div>\n","protected":false},"excerpt":{"rendered":"<p>TVN V704 Clapet \u00e0 Ressort \u00e0 Brides en Laiton est utilis\u00e9 dans les syst\u00e8mes de r\u00e9servoir pour emp\u00eacher la contamination par le refoulement. Ils sont parfaits<span class=\"excerpt-hellip\"> [\u2026]<\/span><\/p>\n","protected":false},"featured_media":771,"template":"","meta":[],"product_brand":[],"product_cat":[46],"product_tag":[],"class_list":{"0":"post-768","1":"product","2":"type-product","3":"status-publish","4":"has-post-thumbnail","6":"product_cat-v70-vannes-en-laiton","8":"first","9":"instock","10":"featured","11":"shipping-taxable","12":"product-type-simple"},"yoast_head":"<!-- This site is optimized with the Yoast SEO plugin v27.5 - https:\/\/yoast.com\/product\/yoast-seo-wordpress\/ -->\n<title>V704 CLAPET \u00c0 RESSORT \u00c0 BRIDES EN LAITON - TVN Valve &amp; Piping Company<\/title>\n<meta name=\"description\" content=\"TVN V704 spring-loaded check valve is used in tank systems to prevent backflow contamination. These are great for tank systems that are linked with..\" \/>\n<meta name=\"robots\" content=\"index, follow, max-snippet:-1, max-image-preview:large, max-video-preview:-1\" \/>\n<link rel=\"canonical\" href=\"https:\/\/www.tvnvalve.com\/fr\/produits\/v704-clapet-a-ressort-a-brides-en-laiton\/\" \/>\n<meta property=\"og:locale\" content=\"fr_FR\" \/>\n<meta property=\"og:type\" content=\"article\" \/>\n<meta property=\"og:title\" content=\"V704 CLAPET \u00c0 RESSORT \u00c0 BRIDES EN LAITON - TVN Valve &amp; Piping Company\" \/>\n<meta property=\"og:description\" content=\"TVN V704 spring-loaded check valve is used in tank systems to prevent backflow contamination. These are great for tank systems that are linked with..\" \/>\n<meta property=\"og:url\" content=\"https:\/\/www.tvnvalve.com\/fr\/produits\/v704-clapet-a-ressort-a-brides-en-laiton\/\" \/>\n<meta property=\"og:site_name\" content=\"TVN Valve &amp; Piping Company\" \/>\n<meta property=\"article:modified_time\" content=\"2020-08-13T05:03:35+00:00\" \/>\n<meta property=\"og:image\" content=\"https:\/\/www.tvnvalve.com\/fr\/wp-content\/uploads\/2020\/06\/V704-BRASS-SPRING-CHECK-VALVE.jpg\" \/>\n\t<meta property=\"og:image:width\" content=\"800\" \/>\n\t<meta property=\"og:image:height\" content=\"832\" \/>\n\t<meta property=\"og:image:type\" content=\"image\/jpeg\" \/>\n<meta name=\"twitter:card\" content=\"summary_large_image\" \/>\n<meta name=\"twitter:label1\" content=\"Dur\u00e9e de lecture estim\u00e9e\" \/>\n\t<meta name=\"twitter:data1\" content=\"1 minute\" \/>\n<script type=\"application\/ld+json\" class=\"yoast-schema-graph\">{\"@context\":\"https:\\\/\\\/schema.org\",\"@graph\":[{\"@type\":\"WebPage\",\"@id\":\"https:\\\/\\\/www.tvnvalve.com\\\/fr\\\/produits\\\/v704-clapet-a-ressort-a-brides-en-laiton\\\/\",\"url\":\"https:\\\/\\\/www.tvnvalve.com\\\/fr\\\/produits\\\/v704-clapet-a-ressort-a-brides-en-laiton\\\/\",\"name\":\"V704 CLAPET \u00c0 RESSORT \u00c0 BRIDES EN LAITON - TVN Valve &amp; Piping Company\",\"isPartOf\":{\"@id\":\"https:\\\/\\\/www.tvnvalve.com\\\/fr\\\/#website\"},\"primaryImageOfPage\":{\"@id\":\"https:\\\/\\\/www.tvnvalve.com\\\/fr\\\/produits\\\/v704-clapet-a-ressort-a-brides-en-laiton\\\/#primaryimage\"},\"image\":{\"@id\":\"https:\\\/\\\/www.tvnvalve.com\\\/fr\\\/produits\\\/v704-clapet-a-ressort-a-brides-en-laiton\\\/#primaryimage\"},\"thumbnailUrl\":\"https:\\\/\\\/www.tvnvalve.com\\\/fr\\\/wp-content\\\/uploads\\\/2020\\\/06\\\/V704-BRASS-SPRING-CHECK-VALVE.jpg\",\"datePublished\":\"2020-06-27T06:13:51+00:00\",\"dateModified\":\"2020-08-13T05:03:35+00:00\",\"description\":\"TVN V704 spring-loaded check valve is used in tank systems to prevent backflow contamination. These are great for tank systems that are linked with..\",\"breadcrumb\":{\"@id\":\"https:\\\/\\\/www.tvnvalve.com\\\/fr\\\/produits\\\/v704-clapet-a-ressort-a-brides-en-laiton\\\/#breadcrumb\"},\"inLanguage\":\"fr-FR\",\"potentialAction\":[{\"@type\":\"ReadAction\",\"target\":[\"https:\\\/\\\/www.tvnvalve.com\\\/fr\\\/produits\\\/v704-clapet-a-ressort-a-brides-en-laiton\\\/\"]}]},{\"@type\":\"ImageObject\",\"inLanguage\":\"fr-FR\",\"@id\":\"https:\\\/\\\/www.tvnvalve.com\\\/fr\\\/produits\\\/v704-clapet-a-ressort-a-brides-en-laiton\\\/#primaryimage\",\"url\":\"https:\\\/\\\/www.tvnvalve.com\\\/fr\\\/wp-content\\\/uploads\\\/2020\\\/06\\\/V704-BRASS-SPRING-CHECK-VALVE.jpg\",\"contentUrl\":\"https:\\\/\\\/www.tvnvalve.com\\\/fr\\\/wp-content\\\/uploads\\\/2020\\\/06\\\/V704-BRASS-SPRING-CHECK-VALVE.jpg\",\"width\":800,\"height\":832,\"caption\":\"Brass Spring Check Valve\"},{\"@type\":\"BreadcrumbList\",\"@id\":\"https:\\\/\\\/www.tvnvalve.com\\\/fr\\\/produits\\\/v704-clapet-a-ressort-a-brides-en-laiton\\\/#breadcrumb\",\"itemListElement\":[{\"@type\":\"ListItem\",\"position\":1,\"name\":\"Home\",\"item\":\"https:\\\/\\\/www.tvnvalve.com\\\/fr\\\/\"},{\"@type\":\"ListItem\",\"position\":2,\"name\":\"Produits\",\"item\":\"https:\\\/\\\/www.tvnvalve.com\\\/fr\\\/produits\\\/\"},{\"@type\":\"ListItem\",\"position\":3,\"name\":\"V704 CLAPET \u00c0 RESSORT \u00c0 BRIDES EN LAITON\"}]},{\"@type\":\"WebSite\",\"@id\":\"https:\\\/\\\/www.tvnvalve.com\\\/fr\\\/#website\",\"url\":\"https:\\\/\\\/www.tvnvalve.com\\\/fr\\\/\",\"name\":\"TVN Valve &amp; Piping Company\",\"description\":\"Valve &amp; Piping Manufacturer\",\"potentialAction\":[{\"@type\":\"SearchAction\",\"target\":{\"@type\":\"EntryPoint\",\"urlTemplate\":\"https:\\\/\\\/www.tvnvalve.com\\\/fr\\\/?s={search_term_string}\"},\"query-input\":{\"@type\":\"PropertyValueSpecification\",\"valueRequired\":true,\"valueName\":\"search_term_string\"}}],\"inLanguage\":\"fr-FR\"}]}<\/script>\n<!-- \/ Yoast SEO plugin. -->","yoast_head_json":{"title":"V704 CLAPET \u00c0 RESSORT \u00c0 BRIDES EN LAITON - TVN Valve &amp; Piping Company","description":"TVN V704 spring-loaded check valve is used in tank systems to prevent backflow contamination. These are great for tank systems that are linked with..","robots":{"index":"index","follow":"follow","max-snippet":"max-snippet:-1","max-image-preview":"max-image-preview:large","max-video-preview":"max-video-preview:-1"},"canonical":"https:\/\/www.tvnvalve.com\/fr\/produits\/v704-clapet-a-ressort-a-brides-en-laiton\/","og_locale":"fr_FR","og_type":"article","og_title":"V704 CLAPET \u00c0 RESSORT \u00c0 BRIDES EN LAITON - TVN Valve &amp; Piping Company","og_description":"TVN V704 spring-loaded check valve is used in tank systems to prevent backflow contamination. These are great for tank systems that are linked with..","og_url":"https:\/\/www.tvnvalve.com\/fr\/produits\/v704-clapet-a-ressort-a-brides-en-laiton\/","og_site_name":"TVN Valve &amp; Piping Company","article_modified_time":"2020-08-13T05:03:35+00:00","og_image":[{"width":800,"height":832,"url":"https:\/\/www.tvnvalve.com\/fr\/wp-content\/uploads\/2020\/06\/V704-BRASS-SPRING-CHECK-VALVE.jpg","type":"image\/jpeg"}],"twitter_card":"summary_large_image","twitter_misc":{"Dur\u00e9e de lecture estim\u00e9e":"1 minute"},"schema":{"@context":"https:\/\/schema.org","@graph":[{"@type":"WebPage","@id":"https:\/\/www.tvnvalve.com\/fr\/produits\/v704-clapet-a-ressort-a-brides-en-laiton\/","url":"https:\/\/www.tvnvalve.com\/fr\/produits\/v704-clapet-a-ressort-a-brides-en-laiton\/","name":"V704 CLAPET \u00c0 RESSORT \u00c0 BRIDES EN LAITON - TVN Valve &amp; Piping Company","isPartOf":{"@id":"https:\/\/www.tvnvalve.com\/fr\/#website"},"primaryImageOfPage":{"@id":"https:\/\/www.tvnvalve.com\/fr\/produits\/v704-clapet-a-ressort-a-brides-en-laiton\/#primaryimage"},"image":{"@id":"https:\/\/www.tvnvalve.com\/fr\/produits\/v704-clapet-a-ressort-a-brides-en-laiton\/#primaryimage"},"thumbnailUrl":"https:\/\/www.tvnvalve.com\/fr\/wp-content\/uploads\/2020\/06\/V704-BRASS-SPRING-CHECK-VALVE.jpg","datePublished":"2020-06-27T06:13:51+00:00","dateModified":"2020-08-13T05:03:35+00:00","description":"TVN V704 spring-loaded check valve is used in tank systems to prevent backflow contamination. These are great for tank systems that are linked with..","breadcrumb":{"@id":"https:\/\/www.tvnvalve.com\/fr\/produits\/v704-clapet-a-ressort-a-brides-en-laiton\/#breadcrumb"},"inLanguage":"fr-FR","potentialAction":[{"@type":"ReadAction","target":["https:\/\/www.tvnvalve.com\/fr\/produits\/v704-clapet-a-ressort-a-brides-en-laiton\/"]}]},{"@type":"ImageObject","inLanguage":"fr-FR","@id":"https:\/\/www.tvnvalve.com\/fr\/produits\/v704-clapet-a-ressort-a-brides-en-laiton\/#primaryimage","url":"https:\/\/www.tvnvalve.com\/fr\/wp-content\/uploads\/2020\/06\/V704-BRASS-SPRING-CHECK-VALVE.jpg","contentUrl":"https:\/\/www.tvnvalve.com\/fr\/wp-content\/uploads\/2020\/06\/V704-BRASS-SPRING-CHECK-VALVE.jpg","width":800,"height":832,"caption":"Brass Spring Check Valve"},{"@type":"BreadcrumbList","@id":"https:\/\/www.tvnvalve.com\/fr\/produits\/v704-clapet-a-ressort-a-brides-en-laiton\/#breadcrumb","itemListElement":[{"@type":"ListItem","position":1,"name":"Home","item":"https:\/\/www.tvnvalve.com\/fr\/"},{"@type":"ListItem","position":2,"name":"Produits","item":"https:\/\/www.tvnvalve.com\/fr\/produits\/"},{"@type":"ListItem","position":3,"name":"V704 CLAPET \u00c0 RESSORT \u00c0 BRIDES EN LAITON"}]},{"@type":"WebSite","@id":"https:\/\/www.tvnvalve.com\/fr\/#website","url":"https:\/\/www.tvnvalve.com\/fr\/","name":"TVN Valve &amp; Piping Company","description":"Valve &amp; Piping Manufacturer","potentialAction":[{"@type":"SearchAction","target":{"@type":"EntryPoint","urlTemplate":"https:\/\/www.tvnvalve.com\/fr\/?s={search_term_string}"},"query-input":{"@type":"PropertyValueSpecification","valueRequired":true,"valueName":"search_term_string"}}],"inLanguage":"fr-FR"}]}},"_links":{"self":[{"href":"https:\/\/www.tvnvalve.com\/fr\/wp-json\/wp\/v2\/product\/768","targetHints":{"allow":["GET"]}}],"collection":[{"href":"https:\/\/www.tvnvalve.com\/fr\/wp-json\/wp\/v2\/product"}],"about":[{"href":"https:\/\/www.tvnvalve.com\/fr\/wp-json\/wp\/v2\/types\/product"}],"wp:featuredmedia":[{"embeddable":true,"href":"https:\/\/www.tvnvalve.com\/fr\/wp-json\/wp\/v2\/media\/771"}],"wp:attachment":[{"href":"https:\/\/www.tvnvalve.com\/fr\/wp-json\/wp\/v2\/media?parent=768"}],"wp:term":[{"taxonomy":"product_brand","embeddable":true,"href":"https:\/\/www.tvnvalve.com\/fr\/wp-json\/wp\/v2\/product_brand?post=768"},{"taxonomy":"product_cat","embeddable":true,"href":"https:\/\/www.tvnvalve.com\/fr\/wp-json\/wp\/v2\/product_cat?post=768"},{"taxonomy":"product_tag","embeddable":true,"href":"https:\/\/www.tvnvalve.com\/fr\/wp-json\/wp\/v2\/product_tag?post=768"}],"curies":[{"name":"wp","href":"https:\/\/api.w.org\/{rel}","templated":true}]}}