{"id":762,"date":"2020-06-27T06:01:39","date_gmt":"2020-06-27T06:01:39","guid":{"rendered":"https:\/\/www.ansolon.com\/tvn\/?post_type=product&#038;p=762"},"modified":"2020-08-13T05:02:38","modified_gmt":"2020-08-13T05:02:38","slug":"v651-compensateur-caoutchouc-flexible-a-bride","status":"publish","type":"product","link":"https:\/\/www.tvnvalve.com\/fr\/produits\/v651-compensateur-caoutchouc-flexible-a-bride\/","title":{"rendered":"V651 COMPENSATEUR CAOUTCHOUC FLEXIBLE \u00c0 BRIDE"},"content":{"rendered":"<p>\n<a   class=\"button  has-icon button_left button_size_1\"  href=\"https:\/\/www.tvnvalve.com\/fr\/wp-content\/uploads\/2020\/08\/TVN-Soupape-Tuyauterie-Catalogue-V651.pdf\" style=\"background-color:#b51f13!important;color:#ffffff;\" target=\"_blank\"    title=\"\"><span class=\"button_icon\"><i class=\"icon-acrobat\"  style=\"color:#ffffff!important;\" aria-hidden=\"true\"><\/i><\/span><span class=\"button_label\">T\u00e9l\u00e9charger la fiche technique PDF<\/span><\/a>\n<br \/>\n<\/p>\n<p>TVN V651 Compensateurs Caoutchouc Flexibles sont les \u00e9l\u00e9ments \u00e9lastiques des pipelines qui absorbent les vibrations, les mouvements lat\u00e9raux et angulaires. Avec son corps en caoutchouc, emp\u00eache le bruit qui pourrait se produire en raison des vibrations cr\u00e9\u00e9es par les syst\u00e8mes de pompe. Ils peuvent \u00e9galement absorber les allongements et les contractions qui seraient provoqu\u00e9s par les diff\u00e9rences de temp\u00e9rature.<\/p>\n","protected":false},"excerpt":{"rendered":"<p>TVN V651 Compensateurs Caoutchouc Flexibles sont les \u00e9l\u00e9ments \u00e9lastiques des pipelines qui absorbent les vibrations, les mouvements lat\u00e9raux et angulaires. Avec son corps en caoutchouc, emp\u00eache<span class=\"excerpt-hellip\"> [\u2026]<\/span><\/p>\n","protected":false},"featured_media":764,"template":"","meta":[],"product_brand":[],"product_cat":[45],"product_tag":[],"class_list":{"0":"post-762","1":"product","2":"type-product","3":"status-publish","4":"has-post-thumbnail","6":"product_cat-v65-compensateurs-caoutchouc-flexibles","8":"first","9":"instock","10":"featured","11":"shipping-taxable","12":"product-type-simple"},"yoast_head":"<!-- This site is optimized with the Yoast SEO plugin v27.3 - https:\/\/yoast.com\/product\/yoast-seo-wordpress\/ -->\n<title>V651 COMPENSATEUR CAOUTCHOUC FLEXIBLE \u00c0 BRIDE - TVN Valve &amp; Piping Company<\/title>\n<meta name=\"description\" content=\"TVN V651 Flexible Rubber Joints are the elastic elements on the pipelines which absorbs vibrations, lateral and angular move- ments.\" \/>\n<meta name=\"robots\" content=\"index, follow, max-snippet:-1, max-image-preview:large, max-video-preview:-1\" \/>\n<link rel=\"canonical\" href=\"https:\/\/www.tvnvalve.com\/fr\/produits\/v651-compensateur-caoutchouc-flexible-a-bride\/\" \/>\n<meta property=\"og:locale\" content=\"fr_FR\" \/>\n<meta property=\"og:type\" content=\"article\" \/>\n<meta property=\"og:title\" content=\"V651 COMPENSATEUR CAOUTCHOUC FLEXIBLE \u00c0 BRIDE - TVN Valve &amp; Piping Company\" \/>\n<meta property=\"og:description\" content=\"TVN V651 Flexible Rubber Joints are the elastic elements on the pipelines which absorbs vibrations, lateral and angular move- ments.\" \/>\n<meta property=\"og:url\" content=\"https:\/\/www.tvnvalve.com\/fr\/produits\/v651-compensateur-caoutchouc-flexible-a-bride\/\" \/>\n<meta property=\"og:site_name\" content=\"TVN Valve &amp; Piping Company\" \/>\n<meta property=\"article:modified_time\" content=\"2020-08-13T05:02:38+00:00\" \/>\n<meta property=\"og:image\" content=\"https:\/\/www.tvnvalve.com\/fr\/wp-content\/uploads\/2020\/06\/V651-FLEXIBLE-RUBBER-JOINT-STEEL-FLANGED.jpg\" \/>\n\t<meta property=\"og:image:width\" content=\"800\" \/>\n\t<meta property=\"og:image:height\" content=\"832\" \/>\n\t<meta property=\"og:image:type\" content=\"image\/jpeg\" \/>\n<meta name=\"twitter:card\" content=\"summary_large_image\" \/>\n<meta name=\"twitter:label1\" content=\"Dur\u00e9e de lecture estim\u00e9e\" \/>\n\t<meta name=\"twitter:data1\" content=\"1 minute\" \/>\n<script type=\"application\/ld+json\" class=\"yoast-schema-graph\">{\"@context\":\"https:\\\/\\\/schema.org\",\"@graph\":[{\"@type\":\"WebPage\",\"@id\":\"https:\\\/\\\/www.tvnvalve.com\\\/fr\\\/produits\\\/v651-compensateur-caoutchouc-flexible-a-bride\\\/\",\"url\":\"https:\\\/\\\/www.tvnvalve.com\\\/fr\\\/produits\\\/v651-compensateur-caoutchouc-flexible-a-bride\\\/\",\"name\":\"V651 COMPENSATEUR CAOUTCHOUC FLEXIBLE \u00c0 BRIDE - TVN Valve &amp; Piping Company\",\"isPartOf\":{\"@id\":\"https:\\\/\\\/www.tvnvalve.com\\\/fr\\\/#website\"},\"primaryImageOfPage\":{\"@id\":\"https:\\\/\\\/www.tvnvalve.com\\\/fr\\\/produits\\\/v651-compensateur-caoutchouc-flexible-a-bride\\\/#primaryimage\"},\"image\":{\"@id\":\"https:\\\/\\\/www.tvnvalve.com\\\/fr\\\/produits\\\/v651-compensateur-caoutchouc-flexible-a-bride\\\/#primaryimage\"},\"thumbnailUrl\":\"https:\\\/\\\/www.tvnvalve.com\\\/fr\\\/wp-content\\\/uploads\\\/2020\\\/06\\\/V651-FLEXIBLE-RUBBER-JOINT-STEEL-FLANGED.jpg\",\"datePublished\":\"2020-06-27T06:01:39+00:00\",\"dateModified\":\"2020-08-13T05:02:38+00:00\",\"description\":\"TVN V651 Flexible Rubber Joints are the elastic elements on the pipelines which absorbs vibrations, lateral and angular move- ments.\",\"breadcrumb\":{\"@id\":\"https:\\\/\\\/www.tvnvalve.com\\\/fr\\\/produits\\\/v651-compensateur-caoutchouc-flexible-a-bride\\\/#breadcrumb\"},\"inLanguage\":\"fr-FR\",\"potentialAction\":[{\"@type\":\"ReadAction\",\"target\":[\"https:\\\/\\\/www.tvnvalve.com\\\/fr\\\/produits\\\/v651-compensateur-caoutchouc-flexible-a-bride\\\/\"]}]},{\"@type\":\"ImageObject\",\"inLanguage\":\"fr-FR\",\"@id\":\"https:\\\/\\\/www.tvnvalve.com\\\/fr\\\/produits\\\/v651-compensateur-caoutchouc-flexible-a-bride\\\/#primaryimage\",\"url\":\"https:\\\/\\\/www.tvnvalve.com\\\/fr\\\/wp-content\\\/uploads\\\/2020\\\/06\\\/V651-FLEXIBLE-RUBBER-JOINT-STEEL-FLANGED.jpg\",\"contentUrl\":\"https:\\\/\\\/www.tvnvalve.com\\\/fr\\\/wp-content\\\/uploads\\\/2020\\\/06\\\/V651-FLEXIBLE-RUBBER-JOINT-STEEL-FLANGED.jpg\",\"width\":800,\"height\":832,\"caption\":\"Flexible Rubber Joint Steel Flanged\"},{\"@type\":\"BreadcrumbList\",\"@id\":\"https:\\\/\\\/www.tvnvalve.com\\\/fr\\\/produits\\\/v651-compensateur-caoutchouc-flexible-a-bride\\\/#breadcrumb\",\"itemListElement\":[{\"@type\":\"ListItem\",\"position\":1,\"name\":\"Home\",\"item\":\"https:\\\/\\\/www.tvnvalve.com\\\/fr\\\/\"},{\"@type\":\"ListItem\",\"position\":2,\"name\":\"Produits\",\"item\":\"https:\\\/\\\/www.tvnvalve.com\\\/fr\\\/produits\\\/\"},{\"@type\":\"ListItem\",\"position\":3,\"name\":\"V651 COMPENSATEUR CAOUTCHOUC FLEXIBLE \u00c0 BRIDE\"}]},{\"@type\":\"WebSite\",\"@id\":\"https:\\\/\\\/www.tvnvalve.com\\\/fr\\\/#website\",\"url\":\"https:\\\/\\\/www.tvnvalve.com\\\/fr\\\/\",\"name\":\"TVN Valve &amp; Piping Company\",\"description\":\"Valve &amp; Piping Manufacturer\",\"potentialAction\":[{\"@type\":\"SearchAction\",\"target\":{\"@type\":\"EntryPoint\",\"urlTemplate\":\"https:\\\/\\\/www.tvnvalve.com\\\/fr\\\/?s={search_term_string}\"},\"query-input\":{\"@type\":\"PropertyValueSpecification\",\"valueRequired\":true,\"valueName\":\"search_term_string\"}}],\"inLanguage\":\"fr-FR\"}]}<\/script>\n<!-- \/ Yoast SEO plugin. -->","yoast_head_json":{"title":"V651 COMPENSATEUR CAOUTCHOUC FLEXIBLE \u00c0 BRIDE - TVN Valve &amp; Piping Company","description":"TVN V651 Flexible Rubber Joints are the elastic elements on the pipelines which absorbs vibrations, lateral and angular move- ments.","robots":{"index":"index","follow":"follow","max-snippet":"max-snippet:-1","max-image-preview":"max-image-preview:large","max-video-preview":"max-video-preview:-1"},"canonical":"https:\/\/www.tvnvalve.com\/fr\/produits\/v651-compensateur-caoutchouc-flexible-a-bride\/","og_locale":"fr_FR","og_type":"article","og_title":"V651 COMPENSATEUR CAOUTCHOUC FLEXIBLE \u00c0 BRIDE - TVN Valve &amp; Piping Company","og_description":"TVN V651 Flexible Rubber Joints are the elastic elements on the pipelines which absorbs vibrations, lateral and angular move- ments.","og_url":"https:\/\/www.tvnvalve.com\/fr\/produits\/v651-compensateur-caoutchouc-flexible-a-bride\/","og_site_name":"TVN Valve &amp; Piping Company","article_modified_time":"2020-08-13T05:02:38+00:00","og_image":[{"width":800,"height":832,"url":"https:\/\/www.tvnvalve.com\/fr\/wp-content\/uploads\/2020\/06\/V651-FLEXIBLE-RUBBER-JOINT-STEEL-FLANGED.jpg","type":"image\/jpeg"}],"twitter_card":"summary_large_image","twitter_misc":{"Dur\u00e9e de lecture estim\u00e9e":"1 minute"},"schema":{"@context":"https:\/\/schema.org","@graph":[{"@type":"WebPage","@id":"https:\/\/www.tvnvalve.com\/fr\/produits\/v651-compensateur-caoutchouc-flexible-a-bride\/","url":"https:\/\/www.tvnvalve.com\/fr\/produits\/v651-compensateur-caoutchouc-flexible-a-bride\/","name":"V651 COMPENSATEUR CAOUTCHOUC FLEXIBLE \u00c0 BRIDE - TVN Valve &amp; Piping Company","isPartOf":{"@id":"https:\/\/www.tvnvalve.com\/fr\/#website"},"primaryImageOfPage":{"@id":"https:\/\/www.tvnvalve.com\/fr\/produits\/v651-compensateur-caoutchouc-flexible-a-bride\/#primaryimage"},"image":{"@id":"https:\/\/www.tvnvalve.com\/fr\/produits\/v651-compensateur-caoutchouc-flexible-a-bride\/#primaryimage"},"thumbnailUrl":"https:\/\/www.tvnvalve.com\/fr\/wp-content\/uploads\/2020\/06\/V651-FLEXIBLE-RUBBER-JOINT-STEEL-FLANGED.jpg","datePublished":"2020-06-27T06:01:39+00:00","dateModified":"2020-08-13T05:02:38+00:00","description":"TVN V651 Flexible Rubber Joints are the elastic elements on the pipelines which absorbs vibrations, lateral and angular move- ments.","breadcrumb":{"@id":"https:\/\/www.tvnvalve.com\/fr\/produits\/v651-compensateur-caoutchouc-flexible-a-bride\/#breadcrumb"},"inLanguage":"fr-FR","potentialAction":[{"@type":"ReadAction","target":["https:\/\/www.tvnvalve.com\/fr\/produits\/v651-compensateur-caoutchouc-flexible-a-bride\/"]}]},{"@type":"ImageObject","inLanguage":"fr-FR","@id":"https:\/\/www.tvnvalve.com\/fr\/produits\/v651-compensateur-caoutchouc-flexible-a-bride\/#primaryimage","url":"https:\/\/www.tvnvalve.com\/fr\/wp-content\/uploads\/2020\/06\/V651-FLEXIBLE-RUBBER-JOINT-STEEL-FLANGED.jpg","contentUrl":"https:\/\/www.tvnvalve.com\/fr\/wp-content\/uploads\/2020\/06\/V651-FLEXIBLE-RUBBER-JOINT-STEEL-FLANGED.jpg","width":800,"height":832,"caption":"Flexible Rubber Joint Steel Flanged"},{"@type":"BreadcrumbList","@id":"https:\/\/www.tvnvalve.com\/fr\/produits\/v651-compensateur-caoutchouc-flexible-a-bride\/#breadcrumb","itemListElement":[{"@type":"ListItem","position":1,"name":"Home","item":"https:\/\/www.tvnvalve.com\/fr\/"},{"@type":"ListItem","position":2,"name":"Produits","item":"https:\/\/www.tvnvalve.com\/fr\/produits\/"},{"@type":"ListItem","position":3,"name":"V651 COMPENSATEUR CAOUTCHOUC FLEXIBLE \u00c0 BRIDE"}]},{"@type":"WebSite","@id":"https:\/\/www.tvnvalve.com\/fr\/#website","url":"https:\/\/www.tvnvalve.com\/fr\/","name":"TVN Valve &amp; Piping Company","description":"Valve &amp; Piping Manufacturer","potentialAction":[{"@type":"SearchAction","target":{"@type":"EntryPoint","urlTemplate":"https:\/\/www.tvnvalve.com\/fr\/?s={search_term_string}"},"query-input":{"@type":"PropertyValueSpecification","valueRequired":true,"valueName":"search_term_string"}}],"inLanguage":"fr-FR"}]}},"_links":{"self":[{"href":"https:\/\/www.tvnvalve.com\/fr\/wp-json\/wp\/v2\/product\/762","targetHints":{"allow":["GET"]}}],"collection":[{"href":"https:\/\/www.tvnvalve.com\/fr\/wp-json\/wp\/v2\/product"}],"about":[{"href":"https:\/\/www.tvnvalve.com\/fr\/wp-json\/wp\/v2\/types\/product"}],"wp:featuredmedia":[{"embeddable":true,"href":"https:\/\/www.tvnvalve.com\/fr\/wp-json\/wp\/v2\/media\/764"}],"wp:attachment":[{"href":"https:\/\/www.tvnvalve.com\/fr\/wp-json\/wp\/v2\/media?parent=762"}],"wp:term":[{"taxonomy":"product_brand","embeddable":true,"href":"https:\/\/www.tvnvalve.com\/fr\/wp-json\/wp\/v2\/product_brand?post=762"},{"taxonomy":"product_cat","embeddable":true,"href":"https:\/\/www.tvnvalve.com\/fr\/wp-json\/wp\/v2\/product_cat?post=762"},{"taxonomy":"product_tag","embeddable":true,"href":"https:\/\/www.tvnvalve.com\/fr\/wp-json\/wp\/v2\/product_tag?post=762"}],"curies":[{"name":"wp","href":"https:\/\/api.w.org\/{rel}","templated":true}]}}