{"id":756,"date":"2020-06-27T05:54:37","date_gmt":"2020-06-27T05:54:37","guid":{"rendered":"https:\/\/www.ansolon.com\/tvn\/?post_type=product&#038;p=756"},"modified":"2020-08-13T05:03:02","modified_gmt":"2020-08-13T05:03:02","slug":"v653-compensateur-caoutchouc-taraude-gaz","status":"publish","type":"product","link":"https:\/\/www.tvnvalve.com\/fr\/produits\/v653-compensateur-caoutchouc-taraude-gaz\/","title":{"rendered":"V653 COMPENSATEUR CAOUTCHOUC TARAUDE GAZ"},"content":{"rendered":"<p>\n<a   class=\"button  has-icon button_left button_size_1\"  href=\"https:\/\/www.tvnvalve.com\/fr\/wp-content\/uploads\/2020\/08\/TVN-Soupape-Tuyauterie-Catalogue-V653.pdf\" style=\"background-color:#b51f13!important;color:#ffffff;\" target=\"_blank\"    title=\"\"><span class=\"button_icon\"><i class=\"icon-acrobat\"  style=\"color:#ffffff!important;\" aria-hidden=\"true\"><\/i><\/span><span class=\"button_label\">T\u00e9l\u00e9charger la fiche technique PDF<\/span><\/a>\n<br \/>\n<br \/>\nTVN V653 Compensateurs Caoutchouc Flexibles sont les \u00e9l\u00e9ments \u00e9lastiques des tuyauteries qui absorbent les vibrations, les mouvements lat\u00e9raux et angulaires. Avec son corps en caoutchouc, emp\u00eache le bruit qui pourrait se produire en raison des vibrations cr\u00e9\u00e9es par les syst\u00e8mes de pompe. Ils peuvent \u00e9galement absorber les allongements et les contractions qui seraient provoqu\u00e9s par les diff\u00e9rences de temp\u00e9rature<\/p>\n<div class=\"deschide\">\n<h2>Application Range<\/h2>\n<ol class=\"fa-ul\">\n<li><span class=\"fa-li\"><i class=\"icon-right-dir\"> <\/i><\/span>Hot and Cold Water Systems<\/li>\n<li><span class=\"fa-li\"><i class=\"icon-right-dir\"> <\/i><\/span>HVAC Applications<\/li>\n<li><span class=\"fa-li\"><i class=\"icon-right-dir\"> <\/i><\/span>Pumping Stations<\/li>\n<li><span class=\"fa-li\"><i class=\"icon-right-dir\"> <\/i><\/span>Waste water medium<\/li>\n<\/ol>\n<h2>Related Products<\/h2>\n<ol class=\"fa-ul\">\n<li><span class=\"fa-li\"><i class=\"icon-right-dir\"> <\/i><\/span>V651\/V652 Flexible Rubber Joint<\/li>\n<li><span class=\"fa-li\"><i class=\"icon-right-dir\"> <\/i><\/span>V601 Axial Expansion Joint<\/li>\n<li><span class=\"fa-li\"><i class=\"icon-right-dir\"> <\/i><\/span>V101\/102 Wafer Type Butterfly Valve<\/li>\n<li><span class=\"fa-li\"><i class=\"icon-right-dir\"> <\/i><\/span>V151 Resilient Seated Gate Valve<\/li>\n<\/ol>\n<h2>Product Features<\/h2>\n<ol class=\"fa-ul\">\n<li><span class=\"fa-li\"><i class=\"icon-right-dir\"> <\/i><\/span>V653 Flexible Rubber joints(also named as anti-vibration joints) are manufactured with EPDM rubber body and galvanized malleable Iron union (NBR rubber is optional)<\/li>\n<li><span class=\"fa-li\"><i class=\"icon-right-dir\"> <\/i><\/span>Pressure max. 10 bar depends on nominal size an temperature<\/li>\n<li><span class=\"fa-li\"><i class=\"icon-right-dir\"> <\/i><\/span>Threaded ends, double sphere<\/li>\n<li><span class=\"fa-li\"><i class=\"icon-right-dir\"> <\/i><\/span>The synthetic rubber is reinforced with nylon based cord<\/li>\n<li><span class=\"fa-li\"><i class=\"icon-right-dir\"> <\/i><\/span>Absorbs vibration<\/li>\n<li><span class=\"fa-li\"><i class=\"icon-right-dir\"> <\/i><\/span>Reduces tensions on the pipeline<\/li>\n<li><span class=\"fa-li\"><i class=\"icon-right-dir\"> <\/i><\/span>Absorbs lateral and angular movements hence balances the pipeline<\/li>\n<li><span class=\"fa-li\"><i class=\"icon-right-dir\"> <\/i><\/span>Prevents vibration caused noises<\/li>\n<li><span class=\"fa-li\"><i class=\"icon-right-dir\"> <\/i><\/span>Absorbs elongations and contractions due to temperature differences<\/li>\n<li><span class=\"fa-li\"><i class=\"icon-right-dir\"> <\/i><\/span>Helps to absorb water hammer effects<\/li>\n<li><span class=\"fa-li\"><i class=\"icon-right-dir\"> <\/i><\/span>Maintenance free over all service time<\/li>\n<li><span class=\"fa-li\"><i class=\"icon-right-dir\"> <\/i><\/span>Light weight construction does not create extra force on the pipeline<\/li>\n<li><span class=\"fa-li\"><i class=\"icon-right-dir\"> <\/i><\/span>Easy to install on the pipeline<\/li>\n<li><span class=\"fa-li\"><i class=\"icon-right-dir\"> <\/i><\/span>Contributes to isolation purposes<\/li>\n<li><span class=\"fa-li\"><i class=\"icon-right-dir\"> <\/i><\/span>Double bellow rubber joints better be installed vertically for efficient and longer operation life<\/li>\n<\/ol>\n<\/div>\n","protected":false},"excerpt":{"rendered":"<p>TVN V653 Compensateurs Caoutchouc Flexibles sont les \u00e9l\u00e9ments \u00e9lastiques des tuyauteries qui absorbent les vibrations, les mouvements lat\u00e9raux et angulaires. Avec son corps en caoutchouc, emp\u00eache<span class=\"excerpt-hellip\"> [\u2026]<\/span><\/p>\n","protected":false},"featured_media":758,"template":"","meta":[],"product_brand":[],"product_cat":[45],"product_tag":[],"class_list":{"0":"post-756","1":"product","2":"type-product","3":"status-publish","4":"has-post-thumbnail","6":"product_cat-v65-compensateurs-caoutchouc-flexibles","8":"first","9":"instock","10":"featured","11":"shipping-taxable","12":"product-type-simple"},"yoast_head":"<!-- This site is optimized with the Yoast SEO plugin v27.3 - https:\/\/yoast.com\/product\/yoast-seo-wordpress\/ -->\n<title>V653 COMPENSATEUR CAOUTCHOUC TARAUDE GAZ - TVN Valve &amp; Piping Company<\/title>\n<meta name=\"description\" content=\"TVN V653 Flexible Rubber Joints are the elastic elements on the pipelines which absorbs vibrations, lateral and angular movements.\" \/>\n<meta name=\"robots\" content=\"index, follow, max-snippet:-1, max-image-preview:large, max-video-preview:-1\" \/>\n<link rel=\"canonical\" href=\"https:\/\/www.tvnvalve.com\/fr\/produits\/v653-compensateur-caoutchouc-taraude-gaz\/\" \/>\n<meta property=\"og:locale\" content=\"fr_FR\" \/>\n<meta property=\"og:type\" content=\"article\" \/>\n<meta property=\"og:title\" content=\"V653 COMPENSATEUR CAOUTCHOUC TARAUDE GAZ - TVN Valve &amp; Piping Company\" \/>\n<meta property=\"og:description\" content=\"TVN V653 Flexible Rubber Joints are the elastic elements on the pipelines which absorbs vibrations, lateral and angular movements.\" \/>\n<meta property=\"og:url\" content=\"https:\/\/www.tvnvalve.com\/fr\/produits\/v653-compensateur-caoutchouc-taraude-gaz\/\" \/>\n<meta property=\"og:site_name\" content=\"TVN Valve &amp; Piping Company\" \/>\n<meta property=\"article:modified_time\" content=\"2020-08-13T05:03:02+00:00\" \/>\n<meta property=\"og:image\" content=\"https:\/\/www.tvnvalve.com\/fr\/wp-content\/uploads\/2020\/06\/V653-FLEXIBLE-RUBBER-JOINT-THREADED.jpg\" \/>\n\t<meta property=\"og:image:width\" content=\"800\" \/>\n\t<meta property=\"og:image:height\" content=\"832\" \/>\n\t<meta property=\"og:image:type\" content=\"image\/jpeg\" \/>\n<meta name=\"twitter:card\" content=\"summary_large_image\" \/>\n<meta name=\"twitter:label1\" content=\"Dur\u00e9e de lecture estim\u00e9e\" \/>\n\t<meta name=\"twitter:data1\" content=\"1 minute\" \/>\n<script type=\"application\/ld+json\" class=\"yoast-schema-graph\">{\"@context\":\"https:\\\/\\\/schema.org\",\"@graph\":[{\"@type\":\"WebPage\",\"@id\":\"https:\\\/\\\/www.tvnvalve.com\\\/fr\\\/produits\\\/v653-compensateur-caoutchouc-taraude-gaz\\\/\",\"url\":\"https:\\\/\\\/www.tvnvalve.com\\\/fr\\\/produits\\\/v653-compensateur-caoutchouc-taraude-gaz\\\/\",\"name\":\"V653 COMPENSATEUR CAOUTCHOUC TARAUDE GAZ - TVN Valve &amp; Piping Company\",\"isPartOf\":{\"@id\":\"https:\\\/\\\/www.tvnvalve.com\\\/fr\\\/#website\"},\"primaryImageOfPage\":{\"@id\":\"https:\\\/\\\/www.tvnvalve.com\\\/fr\\\/produits\\\/v653-compensateur-caoutchouc-taraude-gaz\\\/#primaryimage\"},\"image\":{\"@id\":\"https:\\\/\\\/www.tvnvalve.com\\\/fr\\\/produits\\\/v653-compensateur-caoutchouc-taraude-gaz\\\/#primaryimage\"},\"thumbnailUrl\":\"https:\\\/\\\/www.tvnvalve.com\\\/fr\\\/wp-content\\\/uploads\\\/2020\\\/06\\\/V653-FLEXIBLE-RUBBER-JOINT-THREADED.jpg\",\"datePublished\":\"2020-06-27T05:54:37+00:00\",\"dateModified\":\"2020-08-13T05:03:02+00:00\",\"description\":\"TVN V653 Flexible Rubber Joints are the elastic elements on the pipelines which absorbs vibrations, lateral and angular movements.\",\"breadcrumb\":{\"@id\":\"https:\\\/\\\/www.tvnvalve.com\\\/fr\\\/produits\\\/v653-compensateur-caoutchouc-taraude-gaz\\\/#breadcrumb\"},\"inLanguage\":\"fr-FR\",\"potentialAction\":[{\"@type\":\"ReadAction\",\"target\":[\"https:\\\/\\\/www.tvnvalve.com\\\/fr\\\/produits\\\/v653-compensateur-caoutchouc-taraude-gaz\\\/\"]}]},{\"@type\":\"ImageObject\",\"inLanguage\":\"fr-FR\",\"@id\":\"https:\\\/\\\/www.tvnvalve.com\\\/fr\\\/produits\\\/v653-compensateur-caoutchouc-taraude-gaz\\\/#primaryimage\",\"url\":\"https:\\\/\\\/www.tvnvalve.com\\\/fr\\\/wp-content\\\/uploads\\\/2020\\\/06\\\/V653-FLEXIBLE-RUBBER-JOINT-THREADED.jpg\",\"contentUrl\":\"https:\\\/\\\/www.tvnvalve.com\\\/fr\\\/wp-content\\\/uploads\\\/2020\\\/06\\\/V653-FLEXIBLE-RUBBER-JOINT-THREADED.jpg\",\"width\":800,\"height\":832,\"caption\":\"Flexible Rubber Joint Threaded\"},{\"@type\":\"BreadcrumbList\",\"@id\":\"https:\\\/\\\/www.tvnvalve.com\\\/fr\\\/produits\\\/v653-compensateur-caoutchouc-taraude-gaz\\\/#breadcrumb\",\"itemListElement\":[{\"@type\":\"ListItem\",\"position\":1,\"name\":\"Home\",\"item\":\"https:\\\/\\\/www.tvnvalve.com\\\/fr\\\/\"},{\"@type\":\"ListItem\",\"position\":2,\"name\":\"Produits\",\"item\":\"https:\\\/\\\/www.tvnvalve.com\\\/fr\\\/produits\\\/\"},{\"@type\":\"ListItem\",\"position\":3,\"name\":\"V653 COMPENSATEUR CAOUTCHOUC TARAUDE GAZ\"}]},{\"@type\":\"WebSite\",\"@id\":\"https:\\\/\\\/www.tvnvalve.com\\\/fr\\\/#website\",\"url\":\"https:\\\/\\\/www.tvnvalve.com\\\/fr\\\/\",\"name\":\"TVN Valve &amp; Piping Company\",\"description\":\"Valve &amp; Piping Manufacturer\",\"potentialAction\":[{\"@type\":\"SearchAction\",\"target\":{\"@type\":\"EntryPoint\",\"urlTemplate\":\"https:\\\/\\\/www.tvnvalve.com\\\/fr\\\/?s={search_term_string}\"},\"query-input\":{\"@type\":\"PropertyValueSpecification\",\"valueRequired\":true,\"valueName\":\"search_term_string\"}}],\"inLanguage\":\"fr-FR\"}]}<\/script>\n<!-- \/ Yoast SEO plugin. -->","yoast_head_json":{"title":"V653 COMPENSATEUR CAOUTCHOUC TARAUDE GAZ - TVN Valve &amp; Piping Company","description":"TVN V653 Flexible Rubber Joints are the elastic elements on the pipelines which absorbs vibrations, lateral and angular movements.","robots":{"index":"index","follow":"follow","max-snippet":"max-snippet:-1","max-image-preview":"max-image-preview:large","max-video-preview":"max-video-preview:-1"},"canonical":"https:\/\/www.tvnvalve.com\/fr\/produits\/v653-compensateur-caoutchouc-taraude-gaz\/","og_locale":"fr_FR","og_type":"article","og_title":"V653 COMPENSATEUR CAOUTCHOUC TARAUDE GAZ - TVN Valve &amp; Piping Company","og_description":"TVN V653 Flexible Rubber Joints are the elastic elements on the pipelines which absorbs vibrations, lateral and angular movements.","og_url":"https:\/\/www.tvnvalve.com\/fr\/produits\/v653-compensateur-caoutchouc-taraude-gaz\/","og_site_name":"TVN Valve &amp; Piping Company","article_modified_time":"2020-08-13T05:03:02+00:00","og_image":[{"width":800,"height":832,"url":"https:\/\/www.tvnvalve.com\/fr\/wp-content\/uploads\/2020\/06\/V653-FLEXIBLE-RUBBER-JOINT-THREADED.jpg","type":"image\/jpeg"}],"twitter_card":"summary_large_image","twitter_misc":{"Dur\u00e9e de lecture estim\u00e9e":"1 minute"},"schema":{"@context":"https:\/\/schema.org","@graph":[{"@type":"WebPage","@id":"https:\/\/www.tvnvalve.com\/fr\/produits\/v653-compensateur-caoutchouc-taraude-gaz\/","url":"https:\/\/www.tvnvalve.com\/fr\/produits\/v653-compensateur-caoutchouc-taraude-gaz\/","name":"V653 COMPENSATEUR CAOUTCHOUC TARAUDE GAZ - TVN Valve &amp; Piping Company","isPartOf":{"@id":"https:\/\/www.tvnvalve.com\/fr\/#website"},"primaryImageOfPage":{"@id":"https:\/\/www.tvnvalve.com\/fr\/produits\/v653-compensateur-caoutchouc-taraude-gaz\/#primaryimage"},"image":{"@id":"https:\/\/www.tvnvalve.com\/fr\/produits\/v653-compensateur-caoutchouc-taraude-gaz\/#primaryimage"},"thumbnailUrl":"https:\/\/www.tvnvalve.com\/fr\/wp-content\/uploads\/2020\/06\/V653-FLEXIBLE-RUBBER-JOINT-THREADED.jpg","datePublished":"2020-06-27T05:54:37+00:00","dateModified":"2020-08-13T05:03:02+00:00","description":"TVN V653 Flexible Rubber Joints are the elastic elements on the pipelines which absorbs vibrations, lateral and angular movements.","breadcrumb":{"@id":"https:\/\/www.tvnvalve.com\/fr\/produits\/v653-compensateur-caoutchouc-taraude-gaz\/#breadcrumb"},"inLanguage":"fr-FR","potentialAction":[{"@type":"ReadAction","target":["https:\/\/www.tvnvalve.com\/fr\/produits\/v653-compensateur-caoutchouc-taraude-gaz\/"]}]},{"@type":"ImageObject","inLanguage":"fr-FR","@id":"https:\/\/www.tvnvalve.com\/fr\/produits\/v653-compensateur-caoutchouc-taraude-gaz\/#primaryimage","url":"https:\/\/www.tvnvalve.com\/fr\/wp-content\/uploads\/2020\/06\/V653-FLEXIBLE-RUBBER-JOINT-THREADED.jpg","contentUrl":"https:\/\/www.tvnvalve.com\/fr\/wp-content\/uploads\/2020\/06\/V653-FLEXIBLE-RUBBER-JOINT-THREADED.jpg","width":800,"height":832,"caption":"Flexible Rubber Joint Threaded"},{"@type":"BreadcrumbList","@id":"https:\/\/www.tvnvalve.com\/fr\/produits\/v653-compensateur-caoutchouc-taraude-gaz\/#breadcrumb","itemListElement":[{"@type":"ListItem","position":1,"name":"Home","item":"https:\/\/www.tvnvalve.com\/fr\/"},{"@type":"ListItem","position":2,"name":"Produits","item":"https:\/\/www.tvnvalve.com\/fr\/produits\/"},{"@type":"ListItem","position":3,"name":"V653 COMPENSATEUR CAOUTCHOUC TARAUDE GAZ"}]},{"@type":"WebSite","@id":"https:\/\/www.tvnvalve.com\/fr\/#website","url":"https:\/\/www.tvnvalve.com\/fr\/","name":"TVN Valve &amp; Piping Company","description":"Valve &amp; Piping Manufacturer","potentialAction":[{"@type":"SearchAction","target":{"@type":"EntryPoint","urlTemplate":"https:\/\/www.tvnvalve.com\/fr\/?s={search_term_string}"},"query-input":{"@type":"PropertyValueSpecification","valueRequired":true,"valueName":"search_term_string"}}],"inLanguage":"fr-FR"}]}},"_links":{"self":[{"href":"https:\/\/www.tvnvalve.com\/fr\/wp-json\/wp\/v2\/product\/756","targetHints":{"allow":["GET"]}}],"collection":[{"href":"https:\/\/www.tvnvalve.com\/fr\/wp-json\/wp\/v2\/product"}],"about":[{"href":"https:\/\/www.tvnvalve.com\/fr\/wp-json\/wp\/v2\/types\/product"}],"wp:featuredmedia":[{"embeddable":true,"href":"https:\/\/www.tvnvalve.com\/fr\/wp-json\/wp\/v2\/media\/758"}],"wp:attachment":[{"href":"https:\/\/www.tvnvalve.com\/fr\/wp-json\/wp\/v2\/media?parent=756"}],"wp:term":[{"taxonomy":"product_brand","embeddable":true,"href":"https:\/\/www.tvnvalve.com\/fr\/wp-json\/wp\/v2\/product_brand?post=756"},{"taxonomy":"product_cat","embeddable":true,"href":"https:\/\/www.tvnvalve.com\/fr\/wp-json\/wp\/v2\/product_cat?post=756"},{"taxonomy":"product_tag","embeddable":true,"href":"https:\/\/www.tvnvalve.com\/fr\/wp-json\/wp\/v2\/product_tag?post=756"}],"curies":[{"name":"wp","href":"https:\/\/api.w.org\/{rel}","templated":true}]}}