{"id":748,"date":"2020-06-27T05:44:00","date_gmt":"2020-06-27T05:44:00","guid":{"rendered":"https:\/\/www.ansolon.com\/tvn\/?post_type=product&#038;p=748"},"modified":"2020-07-30T21:05:06","modified_gmt":"2020-07-30T21:05:06","slug":"v602-compensateur-a-pression-exterieure","status":"publish","type":"product","link":"https:\/\/www.tvnvalve.com\/fr\/produits\/v602-compensateur-a-pression-exterieure\/","title":{"rendered":"V602 COMPENSATEUR \u00c0 PRESSION EXT\u00c9RIEURE"},"content":{"rendered":"<p>\n<a   class=\"button  has-icon button_left button_size_1\"  href=\"https:\/\/www.tvnvalve.com\/fr\/wp-content\/uploads\/2020\/07\/TVN-Soupape-Tuyauterie-Catalogue-V602.pdf\" style=\"background-color:#b51f13!important;color:#ffffff;\" target=\"_blank\"    title=\"\"><span class=\"button_icon\"><i class=\"icon-acrobat\"  style=\"color:#ffffff!important;\" aria-hidden=\"true\"><\/i><\/span><span class=\"button_label\">T\u00e9l\u00e9charger la fiche technique PDF<\/span><\/a>\n<br \/>\n<br \/>\nLes Compensateurs \u00e0 Pression Ext\u00e9rieure sont \u00e9galement connus sous le nom de Compensateurs X-Press\u00e9 qui sont pr\u00e9f\u00e9r\u00e9s dans les applications qui n\u00e9cessitent de grandes dilatations thermiques (compression axiale ou extension axiale). C&rsquo;est le meilleur choix lorsque les mouvements axiaux doivent \u00eatre absorb\u00e9s dans des installations de tuyauterie plus longues.<\/p>\n<div class=\"deschide\">\n<h2>Application Range<\/h2>\n<ol class=\"fa-ul\">\n<li><span class=\"fa-li\"><i class=\"icon-right-dir\"> <\/i><\/span>Hot &amp; Cold Water<\/li>\n<li><span class=\"fa-li\"><i class=\"icon-right-dir\"> <\/i><\/span>Superheated water, Steam<\/li>\n<li><span class=\"fa-li\"><i class=\"icon-right-dir\"> <\/i><\/span>Industrial Applications<\/li>\n<li><span class=\"fa-li\"><i class=\"icon-right-dir\"> <\/i><\/span>Marine &amp; Exhaust systems<\/li>\n<li><span class=\"fa-li\"><i class=\"icon-right-dir\"> <\/i><\/span>HVAC lines<\/li>\n<\/ol>\n<h2>Related Products<\/h2>\n<ol class=\"fa-ul\">\n<li><span class=\"fa-li\"><i class=\"icon-right-dir\"> <\/i><\/span>V801 Globe Valve<\/li>\n<li><span class=\"fa-li\"><i class=\"icon-right-dir\"> <\/i><\/span>V802 Bellow Seal Globe Valve<\/li>\n<\/ol>\n<h2>Product Features<\/h2>\n<ol class=\"fa-ul\">\n<li><span class=\"fa-li\"><i class=\"icon-right-dir\"> <\/i><\/span>Designed as the most convenient solution when the expansion joint must absorb very large axial movements under high pressure<\/li>\n<li><span class=\"fa-li\"><i class=\"icon-right-dir\"> <\/i><\/span>Decreases the need for high numbers of expansion joints on long pipings<\/li>\n<li><span class=\"fa-li\"><i class=\"icon-right-dir\"> <\/i><\/span>Bellows are protected against outer environment<\/li>\n<li><span class=\"fa-li\"><i class=\"icon-right-dir\"> <\/i><\/span>Low pressures losses due to smooth internal passage area<\/li>\n<li><span class=\"fa-li\"><i class=\"icon-right-dir\"> <\/i><\/span>Can absorb axial movements due to thermal differences or pipe misalignment, helps to absorb vibrations<\/li>\n<li><span class=\"fa-li\"><i class=\"icon-right-dir\"> <\/i><\/span>Highly flexible<\/li>\n<li><span class=\"fa-li\"><i class=\"icon-right-dir\"> <\/i><\/span>High movement capacity and resistance to high temperatures and chemicals<\/li>\n<li><span class=\"fa-li\"><i class=\"icon-right-dir\"> <\/i><\/span>Default type is unrestrained type. Restrained type is also available<\/li>\n<li><span class=\"fa-li\"><i class=\"icon-right-dir\"> <\/i><\/span>Designed for high temperature usage<\/li>\n<li><span class=\"fa-li\"><i class=\"icon-right-dir\"> <\/i><\/span>Rotating flange, Fixed flange or Welding Neck connection type are available<\/li>\n<li><span class=\"fa-li\"><i class=\"icon-right-dir\"> <\/i><\/span>It consists SS bellows and accompanying flanges or welded pipes<\/li>\n<\/ol>\n<\/div>\n","protected":false},"excerpt":{"rendered":"<p>Les Compensateurs \u00e0 Pression Ext\u00e9rieure sont \u00e9galement connus sous le nom de Compensateurs X-Press\u00e9 qui sont pr\u00e9f\u00e9r\u00e9s dans les applications qui n\u00e9cessitent de grandes dilatations thermiques<span class=\"excerpt-hellip\"> [\u2026]<\/span><\/p>\n","protected":false},"featured_media":751,"template":"","meta":[],"product_brand":[],"product_cat":[44],"product_tag":[],"class_list":{"0":"post-748","1":"product","2":"type-product","3":"status-publish","4":"has-post-thumbnail","6":"product_cat-v60-compensateurs","8":"first","9":"instock","10":"featured","11":"shipping-taxable","12":"product-type-simple"},"yoast_head":"<!-- This site is optimized with the Yoast SEO plugin v27.4 - https:\/\/yoast.com\/product\/yoast-seo-wordpress\/ -->\n<title>V602 COMPENSATEUR \u00c0 PRESSION EXT\u00c9RIEURE - TVN Valve &amp; Piping Company<\/title>\n<meta name=\"description\" content=\"Externally pressurized expansion joints are also known as X-Pressed Expansion Joints are preferred in application which requires large thermal expansions ..\" \/>\n<meta name=\"robots\" content=\"index, follow, max-snippet:-1, max-image-preview:large, max-video-preview:-1\" \/>\n<link rel=\"canonical\" href=\"https:\/\/www.tvnvalve.com\/fr\/produits\/v602-compensateur-a-pression-exterieure\/\" \/>\n<meta property=\"og:locale\" content=\"fr_FR\" \/>\n<meta property=\"og:type\" content=\"article\" \/>\n<meta property=\"og:title\" content=\"V602 COMPENSATEUR \u00c0 PRESSION EXT\u00c9RIEURE - TVN Valve &amp; Piping Company\" \/>\n<meta property=\"og:description\" content=\"Externally pressurized expansion joints are also known as X-Pressed Expansion Joints are preferred in application which requires large thermal expansions ..\" \/>\n<meta property=\"og:url\" content=\"https:\/\/www.tvnvalve.com\/fr\/produits\/v602-compensateur-a-pression-exterieure\/\" \/>\n<meta property=\"og:site_name\" content=\"TVN Valve &amp; Piping Company\" \/>\n<meta property=\"article:modified_time\" content=\"2020-07-30T21:05:06+00:00\" \/>\n<meta property=\"og:image\" content=\"https:\/\/www.tvnvalve.com\/fr\/wp-content\/uploads\/2020\/06\/V602-EXTERNALLY-PRESSURIZED-EXPANSION-JOINT.jpg\" \/>\n\t<meta property=\"og:image:width\" content=\"800\" \/>\n\t<meta property=\"og:image:height\" content=\"832\" \/>\n\t<meta property=\"og:image:type\" content=\"image\/jpeg\" \/>\n<meta name=\"twitter:card\" content=\"summary_large_image\" \/>\n<meta name=\"twitter:label1\" content=\"Dur\u00e9e de lecture estim\u00e9e\" \/>\n\t<meta name=\"twitter:data1\" content=\"1 minute\" \/>\n<script type=\"application\/ld+json\" class=\"yoast-schema-graph\">{\"@context\":\"https:\\\/\\\/schema.org\",\"@graph\":[{\"@type\":\"WebPage\",\"@id\":\"https:\\\/\\\/www.tvnvalve.com\\\/fr\\\/produits\\\/v602-compensateur-a-pression-exterieure\\\/\",\"url\":\"https:\\\/\\\/www.tvnvalve.com\\\/fr\\\/produits\\\/v602-compensateur-a-pression-exterieure\\\/\",\"name\":\"V602 COMPENSATEUR \u00c0 PRESSION EXT\u00c9RIEURE - TVN Valve &amp; Piping Company\",\"isPartOf\":{\"@id\":\"https:\\\/\\\/www.tvnvalve.com\\\/fr\\\/#website\"},\"primaryImageOfPage\":{\"@id\":\"https:\\\/\\\/www.tvnvalve.com\\\/fr\\\/produits\\\/v602-compensateur-a-pression-exterieure\\\/#primaryimage\"},\"image\":{\"@id\":\"https:\\\/\\\/www.tvnvalve.com\\\/fr\\\/produits\\\/v602-compensateur-a-pression-exterieure\\\/#primaryimage\"},\"thumbnailUrl\":\"https:\\\/\\\/www.tvnvalve.com\\\/fr\\\/wp-content\\\/uploads\\\/2020\\\/06\\\/V602-EXTERNALLY-PRESSURIZED-EXPANSION-JOINT.jpg\",\"datePublished\":\"2020-06-27T05:44:00+00:00\",\"dateModified\":\"2020-07-30T21:05:06+00:00\",\"description\":\"Externally pressurized expansion joints are also known as X-Pressed Expansion Joints are preferred in application which requires large thermal expansions ..\",\"breadcrumb\":{\"@id\":\"https:\\\/\\\/www.tvnvalve.com\\\/fr\\\/produits\\\/v602-compensateur-a-pression-exterieure\\\/#breadcrumb\"},\"inLanguage\":\"fr-FR\",\"potentialAction\":[{\"@type\":\"ReadAction\",\"target\":[\"https:\\\/\\\/www.tvnvalve.com\\\/fr\\\/produits\\\/v602-compensateur-a-pression-exterieure\\\/\"]}]},{\"@type\":\"ImageObject\",\"inLanguage\":\"fr-FR\",\"@id\":\"https:\\\/\\\/www.tvnvalve.com\\\/fr\\\/produits\\\/v602-compensateur-a-pression-exterieure\\\/#primaryimage\",\"url\":\"https:\\\/\\\/www.tvnvalve.com\\\/fr\\\/wp-content\\\/uploads\\\/2020\\\/06\\\/V602-EXTERNALLY-PRESSURIZED-EXPANSION-JOINT.jpg\",\"contentUrl\":\"https:\\\/\\\/www.tvnvalve.com\\\/fr\\\/wp-content\\\/uploads\\\/2020\\\/06\\\/V602-EXTERNALLY-PRESSURIZED-EXPANSION-JOINT.jpg\",\"width\":800,\"height\":832,\"caption\":\"Externally Pressurized Expansion Joint\"},{\"@type\":\"BreadcrumbList\",\"@id\":\"https:\\\/\\\/www.tvnvalve.com\\\/fr\\\/produits\\\/v602-compensateur-a-pression-exterieure\\\/#breadcrumb\",\"itemListElement\":[{\"@type\":\"ListItem\",\"position\":1,\"name\":\"Home\",\"item\":\"https:\\\/\\\/www.tvnvalve.com\\\/fr\\\/\"},{\"@type\":\"ListItem\",\"position\":2,\"name\":\"Produits\",\"item\":\"https:\\\/\\\/www.tvnvalve.com\\\/fr\\\/produits\\\/\"},{\"@type\":\"ListItem\",\"position\":3,\"name\":\"V602 COMPENSATEUR \u00c0 PRESSION EXT\u00c9RIEURE\"}]},{\"@type\":\"WebSite\",\"@id\":\"https:\\\/\\\/www.tvnvalve.com\\\/fr\\\/#website\",\"url\":\"https:\\\/\\\/www.tvnvalve.com\\\/fr\\\/\",\"name\":\"TVN Valve &amp; Piping Company\",\"description\":\"Valve &amp; Piping Manufacturer\",\"potentialAction\":[{\"@type\":\"SearchAction\",\"target\":{\"@type\":\"EntryPoint\",\"urlTemplate\":\"https:\\\/\\\/www.tvnvalve.com\\\/fr\\\/?s={search_term_string}\"},\"query-input\":{\"@type\":\"PropertyValueSpecification\",\"valueRequired\":true,\"valueName\":\"search_term_string\"}}],\"inLanguage\":\"fr-FR\"}]}<\/script>\n<!-- \/ Yoast SEO plugin. -->","yoast_head_json":{"title":"V602 COMPENSATEUR \u00c0 PRESSION EXT\u00c9RIEURE - TVN Valve &amp; Piping Company","description":"Externally pressurized expansion joints are also known as X-Pressed Expansion Joints are preferred in application which requires large thermal expansions ..","robots":{"index":"index","follow":"follow","max-snippet":"max-snippet:-1","max-image-preview":"max-image-preview:large","max-video-preview":"max-video-preview:-1"},"canonical":"https:\/\/www.tvnvalve.com\/fr\/produits\/v602-compensateur-a-pression-exterieure\/","og_locale":"fr_FR","og_type":"article","og_title":"V602 COMPENSATEUR \u00c0 PRESSION EXT\u00c9RIEURE - TVN Valve &amp; Piping Company","og_description":"Externally pressurized expansion joints are also known as X-Pressed Expansion Joints are preferred in application which requires large thermal expansions ..","og_url":"https:\/\/www.tvnvalve.com\/fr\/produits\/v602-compensateur-a-pression-exterieure\/","og_site_name":"TVN Valve &amp; Piping Company","article_modified_time":"2020-07-30T21:05:06+00:00","og_image":[{"width":800,"height":832,"url":"https:\/\/www.tvnvalve.com\/fr\/wp-content\/uploads\/2020\/06\/V602-EXTERNALLY-PRESSURIZED-EXPANSION-JOINT.jpg","type":"image\/jpeg"}],"twitter_card":"summary_large_image","twitter_misc":{"Dur\u00e9e de lecture estim\u00e9e":"1 minute"},"schema":{"@context":"https:\/\/schema.org","@graph":[{"@type":"WebPage","@id":"https:\/\/www.tvnvalve.com\/fr\/produits\/v602-compensateur-a-pression-exterieure\/","url":"https:\/\/www.tvnvalve.com\/fr\/produits\/v602-compensateur-a-pression-exterieure\/","name":"V602 COMPENSATEUR \u00c0 PRESSION EXT\u00c9RIEURE - TVN Valve &amp; Piping Company","isPartOf":{"@id":"https:\/\/www.tvnvalve.com\/fr\/#website"},"primaryImageOfPage":{"@id":"https:\/\/www.tvnvalve.com\/fr\/produits\/v602-compensateur-a-pression-exterieure\/#primaryimage"},"image":{"@id":"https:\/\/www.tvnvalve.com\/fr\/produits\/v602-compensateur-a-pression-exterieure\/#primaryimage"},"thumbnailUrl":"https:\/\/www.tvnvalve.com\/fr\/wp-content\/uploads\/2020\/06\/V602-EXTERNALLY-PRESSURIZED-EXPANSION-JOINT.jpg","datePublished":"2020-06-27T05:44:00+00:00","dateModified":"2020-07-30T21:05:06+00:00","description":"Externally pressurized expansion joints are also known as X-Pressed Expansion Joints are preferred in application which requires large thermal expansions ..","breadcrumb":{"@id":"https:\/\/www.tvnvalve.com\/fr\/produits\/v602-compensateur-a-pression-exterieure\/#breadcrumb"},"inLanguage":"fr-FR","potentialAction":[{"@type":"ReadAction","target":["https:\/\/www.tvnvalve.com\/fr\/produits\/v602-compensateur-a-pression-exterieure\/"]}]},{"@type":"ImageObject","inLanguage":"fr-FR","@id":"https:\/\/www.tvnvalve.com\/fr\/produits\/v602-compensateur-a-pression-exterieure\/#primaryimage","url":"https:\/\/www.tvnvalve.com\/fr\/wp-content\/uploads\/2020\/06\/V602-EXTERNALLY-PRESSURIZED-EXPANSION-JOINT.jpg","contentUrl":"https:\/\/www.tvnvalve.com\/fr\/wp-content\/uploads\/2020\/06\/V602-EXTERNALLY-PRESSURIZED-EXPANSION-JOINT.jpg","width":800,"height":832,"caption":"Externally Pressurized Expansion Joint"},{"@type":"BreadcrumbList","@id":"https:\/\/www.tvnvalve.com\/fr\/produits\/v602-compensateur-a-pression-exterieure\/#breadcrumb","itemListElement":[{"@type":"ListItem","position":1,"name":"Home","item":"https:\/\/www.tvnvalve.com\/fr\/"},{"@type":"ListItem","position":2,"name":"Produits","item":"https:\/\/www.tvnvalve.com\/fr\/produits\/"},{"@type":"ListItem","position":3,"name":"V602 COMPENSATEUR \u00c0 PRESSION EXT\u00c9RIEURE"}]},{"@type":"WebSite","@id":"https:\/\/www.tvnvalve.com\/fr\/#website","url":"https:\/\/www.tvnvalve.com\/fr\/","name":"TVN Valve &amp; Piping Company","description":"Valve &amp; Piping Manufacturer","potentialAction":[{"@type":"SearchAction","target":{"@type":"EntryPoint","urlTemplate":"https:\/\/www.tvnvalve.com\/fr\/?s={search_term_string}"},"query-input":{"@type":"PropertyValueSpecification","valueRequired":true,"valueName":"search_term_string"}}],"inLanguage":"fr-FR"}]}},"_links":{"self":[{"href":"https:\/\/www.tvnvalve.com\/fr\/wp-json\/wp\/v2\/product\/748","targetHints":{"allow":["GET"]}}],"collection":[{"href":"https:\/\/www.tvnvalve.com\/fr\/wp-json\/wp\/v2\/product"}],"about":[{"href":"https:\/\/www.tvnvalve.com\/fr\/wp-json\/wp\/v2\/types\/product"}],"wp:featuredmedia":[{"embeddable":true,"href":"https:\/\/www.tvnvalve.com\/fr\/wp-json\/wp\/v2\/media\/751"}],"wp:attachment":[{"href":"https:\/\/www.tvnvalve.com\/fr\/wp-json\/wp\/v2\/media?parent=748"}],"wp:term":[{"taxonomy":"product_brand","embeddable":true,"href":"https:\/\/www.tvnvalve.com\/fr\/wp-json\/wp\/v2\/product_brand?post=748"},{"taxonomy":"product_cat","embeddable":true,"href":"https:\/\/www.tvnvalve.com\/fr\/wp-json\/wp\/v2\/product_cat?post=748"},{"taxonomy":"product_tag","embeddable":true,"href":"https:\/\/www.tvnvalve.com\/fr\/wp-json\/wp\/v2\/product_tag?post=748"}],"curies":[{"name":"wp","href":"https:\/\/api.w.org\/{rel}","templated":true}]}}