{"id":740,"date":"2020-06-27T05:36:54","date_gmt":"2020-06-27T05:36:54","guid":{"rendered":"https:\/\/www.ansolon.com\/tvn\/?post_type=product&#038;p=740"},"modified":"2020-07-30T21:05:11","modified_gmt":"2020-07-30T21:05:11","slug":"v604-compensateur-de-dilatation","status":"publish","type":"product","link":"https:\/\/www.tvnvalve.com\/fr\/produits\/v604-compensateur-de-dilatation\/","title":{"rendered":"V604 COMPENSATEUR DE DILATATION"},"content":{"rendered":"<p>\n<a   class=\"button  has-icon button_left button_size_1\"  href=\"https:\/\/www.tvnvalve.com\/fr\/wp-content\/uploads\/2020\/07\/TVN-Soupape-Tuyauterie-Catalogue-V604.pdf\" style=\"background-color:#b51f13!important;color:#ffffff;\" target=\"_blank\"    title=\"\"><span class=\"button_icon\"><i class=\"icon-acrobat\"  style=\"color:#ffffff!important;\" aria-hidden=\"true\"><\/i><\/span><span class=\"button_label\">T\u00e9l\u00e9charger la fiche technique PDF<\/span><\/a>\n<br \/>\n<br \/>\n\u00ab\u00a0Les Compensateurs de Dilatation et de Dilatation Sismique sont \u00e9galement connus sous le nom de Compensateurs Angulaires ou de Compensateurs de Dilatation de type \u00e0 Cardan Articul\u00e9. Ils sont con\u00e7us pour compenser les mouvements sur trois axes et ont la capacit\u00e9 d&rsquo;absorber les mouvements importants sur n&rsquo;importe quelle plate-forme.<br \/>\nLes Compensateurs de Dilatation de Type Angulaire\/Cardan permettent un grand mouvement angulaire du joint dans n&rsquo;importe quel axe via les charni\u00e8res fix\u00e9es \u00e0 un anneau flottant commun. Deux soufflets sur le produit permettent un mouvement dans les directions X-Y-Z.\u00a0\u00bb<\/p>\n<div class=\"deschide\">\n<h2>Application Range<\/h2>\n<ol class=\"fa-ul\">\n<li><span class=\"fa-li\"><i class=\"icon-right-dir\"> <\/i><\/span>Hot &amp; Cold Water<\/li>\n<li><span class=\"fa-li\"><i class=\"icon-right-dir\"> <\/i><\/span>Fire fighting pipelines<\/li>\n<li><span class=\"fa-li\"><i class=\"icon-right-dir\"> <\/i><\/span>Superheated water, Steam<\/li>\n<li><span class=\"fa-li\"><i class=\"icon-right-dir\"> <\/i><\/span>Industrial Applications<\/li>\n<li><span class=\"fa-li\"><i class=\"icon-right-dir\"> <\/i><\/span>Marine &amp; Exhaust systems<\/li>\n<li><span class=\"fa-li\"><i class=\"icon-right-dir\"> <\/i><\/span>HVAC lines<\/li>\n<\/ol>\n<h2>Related Products<\/h2>\n<ol class=\"fa-ul\">\n<li><span class=\"fa-li\"><i class=\"icon-right-dir\"> <\/i><\/span>V801 Globe Valve<\/li>\n<li><span class=\"fa-li\"><i class=\"icon-right-dir\"> <\/i><\/span>V802 Bellow Seal Globe Valve<\/li>\n<\/ol>\n<h2>Product Features<\/h2>\n<ol class=\"fa-ul\">\n<li><span class=\"fa-li\"><i class=\"icon-right-dir\"> <\/i><\/span>Can absorb lateral movements in all axis<\/li>\n<li><span class=\"fa-li\"><i class=\"icon-right-dir\"> <\/i><\/span>With symmetrically positioned tie-rods, can absorb lateral and angular deviations simultaneously<\/li>\n<li><span class=\"fa-li\"><i class=\"icon-right-dir\"> <\/i><\/span>Prevents axial inconsistencies which increases the pipeline safety<\/li>\n<li><span class=\"fa-li\"><i class=\"icon-right-dir\"> <\/i><\/span>With its limit rods, the expansion range can be set in adjusted range<\/li>\n<li><span class=\"fa-li\"><i class=\"icon-right-dir\"> <\/i><\/span>Highly flexible<\/li>\n<li><span class=\"fa-li\"><i class=\"icon-right-dir\"> <\/i><\/span>High movement capacity and resistance high temperatures and chemicals<\/li>\n<li><span class=\"fa-li\"><i class=\"icon-right-dir\"> <\/i><\/span>Designed for high temperature usage<\/li>\n<li><span class=\"fa-li\"><i class=\"icon-right-dir\"> <\/i><\/span>Rotating flange, Fixed flange or Welding Neck connection type are available<\/li>\n<li><span class=\"fa-li\"><i class=\"icon-right-dir\"> <\/i><\/span>It consists SS bellows and accompanying flanges or welded pipes with or without inner liner<\/li>\n<\/ol>\n<\/div>\n","protected":false},"excerpt":{"rendered":"<p>\u00ab\u00a0Les Compensateurs de Dilatation et de Dilatation Sismique sont \u00e9galement connus sous le nom de Compensateurs Angulaires ou de Compensateurs de Dilatation de type \u00e0 Cardan<span class=\"excerpt-hellip\"> [\u2026]<\/span><\/p>\n","protected":false},"featured_media":742,"template":"","meta":[],"product_brand":[],"product_cat":[44],"product_tag":[],"class_list":{"0":"post-740","1":"product","2":"type-product","3":"status-publish","4":"has-post-thumbnail","6":"product_cat-v60-compensateurs","8":"first","9":"instock","10":"featured","11":"shipping-taxable","12":"product-type-simple"},"yoast_head":"<!-- This site is optimized with the Yoast SEO plugin v27.4 - https:\/\/yoast.com\/product\/yoast-seo-wordpress\/ -->\n<title>V604 COMPENSATEUR DE DILATATION - TVN Valve &amp; Piping Company<\/title>\n<meta name=\"description\" content=\"Dilatation and Earthquake Expansion Joints are also known as Angular Expansion Joints or Hinged Gimbal Type Expansion Joints are designed to compensate..\" \/>\n<meta name=\"robots\" content=\"index, follow, max-snippet:-1, max-image-preview:large, max-video-preview:-1\" \/>\n<link rel=\"canonical\" href=\"https:\/\/www.tvnvalve.com\/fr\/produits\/v604-compensateur-de-dilatation\/\" \/>\n<meta property=\"og:locale\" content=\"fr_FR\" \/>\n<meta property=\"og:type\" content=\"article\" \/>\n<meta property=\"og:title\" content=\"V604 COMPENSATEUR DE DILATATION - TVN Valve &amp; Piping Company\" \/>\n<meta property=\"og:description\" content=\"Dilatation and Earthquake Expansion Joints are also known as Angular Expansion Joints or Hinged Gimbal Type Expansion Joints are designed to compensate..\" \/>\n<meta property=\"og:url\" content=\"https:\/\/www.tvnvalve.com\/fr\/produits\/v604-compensateur-de-dilatation\/\" \/>\n<meta property=\"og:site_name\" content=\"TVN Valve &amp; Piping Company\" \/>\n<meta property=\"article:modified_time\" content=\"2020-07-30T21:05:11+00:00\" \/>\n<meta property=\"og:image\" content=\"https:\/\/www.tvnvalve.com\/fr\/wp-content\/uploads\/2020\/06\/V604-DILATATION-EXPANSION-JOINT.jpg\" \/>\n\t<meta property=\"og:image:width\" content=\"800\" \/>\n\t<meta property=\"og:image:height\" content=\"832\" \/>\n\t<meta property=\"og:image:type\" content=\"image\/jpeg\" \/>\n<meta name=\"twitter:card\" content=\"summary_large_image\" \/>\n<meta name=\"twitter:label1\" content=\"Dur\u00e9e de lecture estim\u00e9e\" \/>\n\t<meta name=\"twitter:data1\" content=\"1 minute\" \/>\n<script type=\"application\/ld+json\" class=\"yoast-schema-graph\">{\"@context\":\"https:\\\/\\\/schema.org\",\"@graph\":[{\"@type\":\"WebPage\",\"@id\":\"https:\\\/\\\/www.tvnvalve.com\\\/fr\\\/produits\\\/v604-compensateur-de-dilatation\\\/\",\"url\":\"https:\\\/\\\/www.tvnvalve.com\\\/fr\\\/produits\\\/v604-compensateur-de-dilatation\\\/\",\"name\":\"V604 COMPENSATEUR DE DILATATION - TVN Valve &amp; Piping Company\",\"isPartOf\":{\"@id\":\"https:\\\/\\\/www.tvnvalve.com\\\/fr\\\/#website\"},\"primaryImageOfPage\":{\"@id\":\"https:\\\/\\\/www.tvnvalve.com\\\/fr\\\/produits\\\/v604-compensateur-de-dilatation\\\/#primaryimage\"},\"image\":{\"@id\":\"https:\\\/\\\/www.tvnvalve.com\\\/fr\\\/produits\\\/v604-compensateur-de-dilatation\\\/#primaryimage\"},\"thumbnailUrl\":\"https:\\\/\\\/www.tvnvalve.com\\\/fr\\\/wp-content\\\/uploads\\\/2020\\\/06\\\/V604-DILATATION-EXPANSION-JOINT.jpg\",\"datePublished\":\"2020-06-27T05:36:54+00:00\",\"dateModified\":\"2020-07-30T21:05:11+00:00\",\"description\":\"Dilatation and Earthquake Expansion Joints are also known as Angular Expansion Joints or Hinged Gimbal Type Expansion Joints are designed to compensate..\",\"breadcrumb\":{\"@id\":\"https:\\\/\\\/www.tvnvalve.com\\\/fr\\\/produits\\\/v604-compensateur-de-dilatation\\\/#breadcrumb\"},\"inLanguage\":\"fr-FR\",\"potentialAction\":[{\"@type\":\"ReadAction\",\"target\":[\"https:\\\/\\\/www.tvnvalve.com\\\/fr\\\/produits\\\/v604-compensateur-de-dilatation\\\/\"]}]},{\"@type\":\"ImageObject\",\"inLanguage\":\"fr-FR\",\"@id\":\"https:\\\/\\\/www.tvnvalve.com\\\/fr\\\/produits\\\/v604-compensateur-de-dilatation\\\/#primaryimage\",\"url\":\"https:\\\/\\\/www.tvnvalve.com\\\/fr\\\/wp-content\\\/uploads\\\/2020\\\/06\\\/V604-DILATATION-EXPANSION-JOINT.jpg\",\"contentUrl\":\"https:\\\/\\\/www.tvnvalve.com\\\/fr\\\/wp-content\\\/uploads\\\/2020\\\/06\\\/V604-DILATATION-EXPANSION-JOINT.jpg\",\"width\":800,\"height\":832,\"caption\":\"Dilatation Expansion Joint\"},{\"@type\":\"BreadcrumbList\",\"@id\":\"https:\\\/\\\/www.tvnvalve.com\\\/fr\\\/produits\\\/v604-compensateur-de-dilatation\\\/#breadcrumb\",\"itemListElement\":[{\"@type\":\"ListItem\",\"position\":1,\"name\":\"Home\",\"item\":\"https:\\\/\\\/www.tvnvalve.com\\\/fr\\\/\"},{\"@type\":\"ListItem\",\"position\":2,\"name\":\"Produits\",\"item\":\"https:\\\/\\\/www.tvnvalve.com\\\/fr\\\/produits\\\/\"},{\"@type\":\"ListItem\",\"position\":3,\"name\":\"V604 COMPENSATEUR DE DILATATION\"}]},{\"@type\":\"WebSite\",\"@id\":\"https:\\\/\\\/www.tvnvalve.com\\\/fr\\\/#website\",\"url\":\"https:\\\/\\\/www.tvnvalve.com\\\/fr\\\/\",\"name\":\"TVN Valve &amp; Piping Company\",\"description\":\"Valve &amp; Piping Manufacturer\",\"potentialAction\":[{\"@type\":\"SearchAction\",\"target\":{\"@type\":\"EntryPoint\",\"urlTemplate\":\"https:\\\/\\\/www.tvnvalve.com\\\/fr\\\/?s={search_term_string}\"},\"query-input\":{\"@type\":\"PropertyValueSpecification\",\"valueRequired\":true,\"valueName\":\"search_term_string\"}}],\"inLanguage\":\"fr-FR\"}]}<\/script>\n<!-- \/ Yoast SEO plugin. -->","yoast_head_json":{"title":"V604 COMPENSATEUR DE DILATATION - TVN Valve &amp; Piping Company","description":"Dilatation and Earthquake Expansion Joints are also known as Angular Expansion Joints or Hinged Gimbal Type Expansion Joints are designed to compensate..","robots":{"index":"index","follow":"follow","max-snippet":"max-snippet:-1","max-image-preview":"max-image-preview:large","max-video-preview":"max-video-preview:-1"},"canonical":"https:\/\/www.tvnvalve.com\/fr\/produits\/v604-compensateur-de-dilatation\/","og_locale":"fr_FR","og_type":"article","og_title":"V604 COMPENSATEUR DE DILATATION - TVN Valve &amp; Piping Company","og_description":"Dilatation and Earthquake Expansion Joints are also known as Angular Expansion Joints or Hinged Gimbal Type Expansion Joints are designed to compensate..","og_url":"https:\/\/www.tvnvalve.com\/fr\/produits\/v604-compensateur-de-dilatation\/","og_site_name":"TVN Valve &amp; Piping Company","article_modified_time":"2020-07-30T21:05:11+00:00","og_image":[{"width":800,"height":832,"url":"https:\/\/www.tvnvalve.com\/fr\/wp-content\/uploads\/2020\/06\/V604-DILATATION-EXPANSION-JOINT.jpg","type":"image\/jpeg"}],"twitter_card":"summary_large_image","twitter_misc":{"Dur\u00e9e de lecture estim\u00e9e":"1 minute"},"schema":{"@context":"https:\/\/schema.org","@graph":[{"@type":"WebPage","@id":"https:\/\/www.tvnvalve.com\/fr\/produits\/v604-compensateur-de-dilatation\/","url":"https:\/\/www.tvnvalve.com\/fr\/produits\/v604-compensateur-de-dilatation\/","name":"V604 COMPENSATEUR DE DILATATION - TVN Valve &amp; Piping Company","isPartOf":{"@id":"https:\/\/www.tvnvalve.com\/fr\/#website"},"primaryImageOfPage":{"@id":"https:\/\/www.tvnvalve.com\/fr\/produits\/v604-compensateur-de-dilatation\/#primaryimage"},"image":{"@id":"https:\/\/www.tvnvalve.com\/fr\/produits\/v604-compensateur-de-dilatation\/#primaryimage"},"thumbnailUrl":"https:\/\/www.tvnvalve.com\/fr\/wp-content\/uploads\/2020\/06\/V604-DILATATION-EXPANSION-JOINT.jpg","datePublished":"2020-06-27T05:36:54+00:00","dateModified":"2020-07-30T21:05:11+00:00","description":"Dilatation and Earthquake Expansion Joints are also known as Angular Expansion Joints or Hinged Gimbal Type Expansion Joints are designed to compensate..","breadcrumb":{"@id":"https:\/\/www.tvnvalve.com\/fr\/produits\/v604-compensateur-de-dilatation\/#breadcrumb"},"inLanguage":"fr-FR","potentialAction":[{"@type":"ReadAction","target":["https:\/\/www.tvnvalve.com\/fr\/produits\/v604-compensateur-de-dilatation\/"]}]},{"@type":"ImageObject","inLanguage":"fr-FR","@id":"https:\/\/www.tvnvalve.com\/fr\/produits\/v604-compensateur-de-dilatation\/#primaryimage","url":"https:\/\/www.tvnvalve.com\/fr\/wp-content\/uploads\/2020\/06\/V604-DILATATION-EXPANSION-JOINT.jpg","contentUrl":"https:\/\/www.tvnvalve.com\/fr\/wp-content\/uploads\/2020\/06\/V604-DILATATION-EXPANSION-JOINT.jpg","width":800,"height":832,"caption":"Dilatation Expansion Joint"},{"@type":"BreadcrumbList","@id":"https:\/\/www.tvnvalve.com\/fr\/produits\/v604-compensateur-de-dilatation\/#breadcrumb","itemListElement":[{"@type":"ListItem","position":1,"name":"Home","item":"https:\/\/www.tvnvalve.com\/fr\/"},{"@type":"ListItem","position":2,"name":"Produits","item":"https:\/\/www.tvnvalve.com\/fr\/produits\/"},{"@type":"ListItem","position":3,"name":"V604 COMPENSATEUR DE DILATATION"}]},{"@type":"WebSite","@id":"https:\/\/www.tvnvalve.com\/fr\/#website","url":"https:\/\/www.tvnvalve.com\/fr\/","name":"TVN Valve &amp; Piping Company","description":"Valve &amp; Piping Manufacturer","potentialAction":[{"@type":"SearchAction","target":{"@type":"EntryPoint","urlTemplate":"https:\/\/www.tvnvalve.com\/fr\/?s={search_term_string}"},"query-input":{"@type":"PropertyValueSpecification","valueRequired":true,"valueName":"search_term_string"}}],"inLanguage":"fr-FR"}]}},"_links":{"self":[{"href":"https:\/\/www.tvnvalve.com\/fr\/wp-json\/wp\/v2\/product\/740","targetHints":{"allow":["GET"]}}],"collection":[{"href":"https:\/\/www.tvnvalve.com\/fr\/wp-json\/wp\/v2\/product"}],"about":[{"href":"https:\/\/www.tvnvalve.com\/fr\/wp-json\/wp\/v2\/types\/product"}],"wp:featuredmedia":[{"embeddable":true,"href":"https:\/\/www.tvnvalve.com\/fr\/wp-json\/wp\/v2\/media\/742"}],"wp:attachment":[{"href":"https:\/\/www.tvnvalve.com\/fr\/wp-json\/wp\/v2\/media?parent=740"}],"wp:term":[{"taxonomy":"product_brand","embeddable":true,"href":"https:\/\/www.tvnvalve.com\/fr\/wp-json\/wp\/v2\/product_brand?post=740"},{"taxonomy":"product_cat","embeddable":true,"href":"https:\/\/www.tvnvalve.com\/fr\/wp-json\/wp\/v2\/product_cat?post=740"},{"taxonomy":"product_tag","embeddable":true,"href":"https:\/\/www.tvnvalve.com\/fr\/wp-json\/wp\/v2\/product_tag?post=740"}],"curies":[{"name":"wp","href":"https:\/\/api.w.org\/{rel}","templated":true}]}}