{"id":729,"date":"2020-06-27T04:14:12","date_gmt":"2020-06-27T04:14:12","guid":{"rendered":"https:\/\/www.ansolon.com\/tvn\/?post_type=product&#038;p=729"},"modified":"2020-08-13T05:01:25","modified_gmt":"2020-08-13T05:01:25","slug":"v551-pompe-a-incendie","status":"publish","type":"product","link":"https:\/\/www.tvnvalve.com\/fr\/produits\/v551-pompe-a-incendie\/","title":{"rendered":"V551 POMPE \u00c0 INCENDIE"},"content":{"rendered":"<p>\n<a   class=\"button  has-icon button_left button_size_1\"  href=\"https:\/\/www.tvnvalve.com\/fr\/wp-content\/uploads\/2020\/08\/TVN-Soupape-Tuyauterie-Catalogue-V551.pdf\" style=\"background-color:#b51f13!important;color:#ffffff;\" target=\"_blank\"    title=\"\"><span class=\"button_icon\"><i class=\"icon-acrobat\"  style=\"color:#ffffff!important;\" aria-hidden=\"true\"><\/i><\/span><span class=\"button_label\">T\u00e9l\u00e9charger la fiche technique PDF<\/span><\/a>\n<br \/>\n<br \/>\nLes Pompes \u00e0 Incendie sont les \u00e9quipements de s\u00e9curit\u00e9 incontournables dans notre vie quotidienne qui peuvent \u00eatre consid\u00e9r\u00e9s comme l&rsquo;un des coll\u00e8gues des pompiers afin de r\u00e9cup\u00e9rer l&rsquo;eau de la conduite d&rsquo;eau principale. Il fournit de l&rsquo;eau aux pompiers \u00e0 tout moment pour agir rapidement. Ils peuvent \u00eatre trouv\u00e9s largement autour de notre milieu de vie, y compris les usines, les entrep\u00f4ts, les b\u00e2timents industriels, les b\u00e2timents r\u00e9sidentiels, les a\u00e9roports, les ports, les zones militaires, les parcs et les endroits o\u00f9 il y a un risque d&rsquo;incendie. Les Pompes \u00e0 Incendie hors sol sont facilement accessibles en cas de besoin.<\/p>\n<div class=\"deschide\">\n<h2>Related Products<\/h2>\n<ol class=\"fa-ul\">\n<li><span class=\"fa-li\"><i class=\"icon-right-dir\"> <\/i><\/span>V151 Resilient Seated NRS Gate Valve<\/li>\n<li><span class=\"fa-li\"><i class=\"icon-right-dir\"> <\/i><\/span>V304 Air Release Valve<\/li>\n<li><span class=\"fa-li\"><i class=\"icon-right-dir\"> <\/i><\/span>V556 N Part \u2022 V557 Key<\/li>\n<\/ol>\n<h2>Product Features<\/h2>\n<ol class=\"fa-ul\">\n<li><span class=\"fa-li\"><i class=\"icon-right-dir\"> <\/i><\/span>Due to their column shape and red color, it makes it visible and accesible incase of fire<\/li>\n<li><span class=\"fa-li\"><i class=\"icon-right-dir\"> <\/i><\/span>With the two water outlets(optionally three), large volumes of water can be retrieved in short time<\/li>\n<li><span class=\"fa-li\"><i class=\"icon-right-dir\"> <\/i><\/span>With its dry barrel construction, avoids freezing during operation through its inbuilt automatic drainage system<\/li>\n<li><span class=\"fa-li\"><i class=\"icon-right-dir\"> <\/i><\/span>The fire hydrant has a self-closing system to avoid water loss in case of break down and impact risk<\/li>\n<li><span class=\"fa-li\"><i class=\"icon-right-dir\"> <\/i><\/span>All inner and outer ductile iron surfaces and column pipes are coated with electrostatic powder epoxy where this coating material is of hygienic type<\/li>\n<li><span class=\"fa-li\"><i class=\"icon-right-dir\"> <\/i><\/span>It can be operated easily from the the valve located at the top of the hydrant<\/li>\n<li><span class=\"fa-li\"><i class=\"icon-right-dir\"> <\/i><\/span>Designed and manufactured according to EN 14384 standard<\/li>\n<li><span class=\"fa-li\"><i class=\"icon-right-dir\"> <\/i><\/span>Opens by rotating the hydrant clockwise and closes by rotating the hydrant anticlockwise<\/li>\n<li><span class=\"fa-li\"><i class=\"icon-right-dir\"> <\/i><\/span>With its key, easy to open and close<\/li>\n<li><span class=\"fa-li\"><i class=\"icon-right-dir\"> <\/i><\/span>DN80-DN100 sizes and 1,45 &#8211; 1,75 &#8211; 2,15mt. heights alternatives are available<\/li>\n<\/ol>\n<\/div>\n","protected":false},"excerpt":{"rendered":"<p>Les Pompes \u00e0 Incendie sont les \u00e9quipements de s\u00e9curit\u00e9 incontournables dans notre vie quotidienne qui peuvent \u00eatre consid\u00e9r\u00e9s comme l&rsquo;un des coll\u00e8gues des pompiers afin de<span class=\"excerpt-hellip\"> [\u2026]<\/span><\/p>\n","protected":false},"featured_media":732,"template":"","meta":[],"product_brand":[],"product_cat":[43],"product_tag":[],"class_list":{"0":"post-729","1":"product","2":"type-product","3":"status-publish","4":"has-post-thumbnail","6":"product_cat-v55-poteaus-incendie","8":"first","9":"instock","10":"featured","11":"shipping-taxable","12":"product-type-simple"},"yoast_head":"<!-- This site is optimized with the Yoast SEO plugin v27.3 - https:\/\/yoast.com\/product\/yoast-seo-wordpress\/ -->\n<title>V551 POMPE \u00c0 INCENDIE - TVN Valve &amp; Piping Company<\/title>\n<meta name=\"description\" content=\"TVN V554 Fire Hydrants are the inevitable safety equipments in our daily lives that can be considered as one of the colleague of fire fighters..\" \/>\n<meta name=\"robots\" content=\"index, follow, max-snippet:-1, max-image-preview:large, max-video-preview:-1\" \/>\n<link rel=\"canonical\" href=\"https:\/\/www.tvnvalve.com\/fr\/produits\/v551-pompe-a-incendie\/\" \/>\n<meta property=\"og:locale\" content=\"fr_FR\" \/>\n<meta property=\"og:type\" content=\"article\" \/>\n<meta property=\"og:title\" content=\"V551 POMPE \u00c0 INCENDIE - TVN Valve &amp; Piping Company\" \/>\n<meta property=\"og:description\" content=\"TVN V554 Fire Hydrants are the inevitable safety equipments in our daily lives that can be considered as one of the colleague of fire fighters..\" \/>\n<meta property=\"og:url\" content=\"https:\/\/www.tvnvalve.com\/fr\/produits\/v551-pompe-a-incendie\/\" \/>\n<meta property=\"og:site_name\" content=\"TVN Valve &amp; Piping Company\" \/>\n<meta property=\"article:modified_time\" content=\"2020-08-13T05:01:25+00:00\" \/>\n<meta property=\"og:image\" content=\"https:\/\/www.tvnvalve.com\/fr\/wp-content\/uploads\/2020\/06\/V551-FIRE-HYDRANT.jpg\" \/>\n\t<meta property=\"og:image:width\" content=\"800\" \/>\n\t<meta property=\"og:image:height\" content=\"832\" \/>\n\t<meta property=\"og:image:type\" content=\"image\/jpeg\" \/>\n<meta name=\"twitter:card\" content=\"summary_large_image\" \/>\n<meta name=\"twitter:label1\" content=\"Dur\u00e9e de lecture estim\u00e9e\" \/>\n\t<meta name=\"twitter:data1\" content=\"2 minutes\" \/>\n<script type=\"application\/ld+json\" class=\"yoast-schema-graph\">{\"@context\":\"https:\\\/\\\/schema.org\",\"@graph\":[{\"@type\":\"WebPage\",\"@id\":\"https:\\\/\\\/www.tvnvalve.com\\\/fr\\\/produits\\\/v551-pompe-a-incendie\\\/\",\"url\":\"https:\\\/\\\/www.tvnvalve.com\\\/fr\\\/produits\\\/v551-pompe-a-incendie\\\/\",\"name\":\"V551 POMPE \u00c0 INCENDIE - TVN Valve &amp; Piping Company\",\"isPartOf\":{\"@id\":\"https:\\\/\\\/www.tvnvalve.com\\\/fr\\\/#website\"},\"primaryImageOfPage\":{\"@id\":\"https:\\\/\\\/www.tvnvalve.com\\\/fr\\\/produits\\\/v551-pompe-a-incendie\\\/#primaryimage\"},\"image\":{\"@id\":\"https:\\\/\\\/www.tvnvalve.com\\\/fr\\\/produits\\\/v551-pompe-a-incendie\\\/#primaryimage\"},\"thumbnailUrl\":\"https:\\\/\\\/www.tvnvalve.com\\\/fr\\\/wp-content\\\/uploads\\\/2020\\\/06\\\/V551-FIRE-HYDRANT.jpg\",\"datePublished\":\"2020-06-27T04:14:12+00:00\",\"dateModified\":\"2020-08-13T05:01:25+00:00\",\"description\":\"TVN V554 Fire Hydrants are the inevitable safety equipments in our daily lives that can be considered as one of the colleague of fire fighters..\",\"breadcrumb\":{\"@id\":\"https:\\\/\\\/www.tvnvalve.com\\\/fr\\\/produits\\\/v551-pompe-a-incendie\\\/#breadcrumb\"},\"inLanguage\":\"fr-FR\",\"potentialAction\":[{\"@type\":\"ReadAction\",\"target\":[\"https:\\\/\\\/www.tvnvalve.com\\\/fr\\\/produits\\\/v551-pompe-a-incendie\\\/\"]}]},{\"@type\":\"ImageObject\",\"inLanguage\":\"fr-FR\",\"@id\":\"https:\\\/\\\/www.tvnvalve.com\\\/fr\\\/produits\\\/v551-pompe-a-incendie\\\/#primaryimage\",\"url\":\"https:\\\/\\\/www.tvnvalve.com\\\/fr\\\/wp-content\\\/uploads\\\/2020\\\/06\\\/V551-FIRE-HYDRANT.jpg\",\"contentUrl\":\"https:\\\/\\\/www.tvnvalve.com\\\/fr\\\/wp-content\\\/uploads\\\/2020\\\/06\\\/V551-FIRE-HYDRANT.jpg\",\"width\":800,\"height\":832,\"caption\":\"V551 Fire Hydrant\"},{\"@type\":\"BreadcrumbList\",\"@id\":\"https:\\\/\\\/www.tvnvalve.com\\\/fr\\\/produits\\\/v551-pompe-a-incendie\\\/#breadcrumb\",\"itemListElement\":[{\"@type\":\"ListItem\",\"position\":1,\"name\":\"Home\",\"item\":\"https:\\\/\\\/www.tvnvalve.com\\\/fr\\\/\"},{\"@type\":\"ListItem\",\"position\":2,\"name\":\"Produits\",\"item\":\"https:\\\/\\\/www.tvnvalve.com\\\/fr\\\/produits\\\/\"},{\"@type\":\"ListItem\",\"position\":3,\"name\":\"V551 POMPE \u00c0 INCENDIE\"}]},{\"@type\":\"WebSite\",\"@id\":\"https:\\\/\\\/www.tvnvalve.com\\\/fr\\\/#website\",\"url\":\"https:\\\/\\\/www.tvnvalve.com\\\/fr\\\/\",\"name\":\"TVN Valve &amp; Piping Company\",\"description\":\"Valve &amp; Piping Manufacturer\",\"potentialAction\":[{\"@type\":\"SearchAction\",\"target\":{\"@type\":\"EntryPoint\",\"urlTemplate\":\"https:\\\/\\\/www.tvnvalve.com\\\/fr\\\/?s={search_term_string}\"},\"query-input\":{\"@type\":\"PropertyValueSpecification\",\"valueRequired\":true,\"valueName\":\"search_term_string\"}}],\"inLanguage\":\"fr-FR\"}]}<\/script>\n<!-- \/ Yoast SEO plugin. -->","yoast_head_json":{"title":"V551 POMPE \u00c0 INCENDIE - TVN Valve &amp; Piping Company","description":"TVN V554 Fire Hydrants are the inevitable safety equipments in our daily lives that can be considered as one of the colleague of fire fighters..","robots":{"index":"index","follow":"follow","max-snippet":"max-snippet:-1","max-image-preview":"max-image-preview:large","max-video-preview":"max-video-preview:-1"},"canonical":"https:\/\/www.tvnvalve.com\/fr\/produits\/v551-pompe-a-incendie\/","og_locale":"fr_FR","og_type":"article","og_title":"V551 POMPE \u00c0 INCENDIE - TVN Valve &amp; Piping Company","og_description":"TVN V554 Fire Hydrants are the inevitable safety equipments in our daily lives that can be considered as one of the colleague of fire fighters..","og_url":"https:\/\/www.tvnvalve.com\/fr\/produits\/v551-pompe-a-incendie\/","og_site_name":"TVN Valve &amp; Piping Company","article_modified_time":"2020-08-13T05:01:25+00:00","og_image":[{"width":800,"height":832,"url":"https:\/\/www.tvnvalve.com\/fr\/wp-content\/uploads\/2020\/06\/V551-FIRE-HYDRANT.jpg","type":"image\/jpeg"}],"twitter_card":"summary_large_image","twitter_misc":{"Dur\u00e9e de lecture estim\u00e9e":"2 minutes"},"schema":{"@context":"https:\/\/schema.org","@graph":[{"@type":"WebPage","@id":"https:\/\/www.tvnvalve.com\/fr\/produits\/v551-pompe-a-incendie\/","url":"https:\/\/www.tvnvalve.com\/fr\/produits\/v551-pompe-a-incendie\/","name":"V551 POMPE \u00c0 INCENDIE - TVN Valve &amp; Piping Company","isPartOf":{"@id":"https:\/\/www.tvnvalve.com\/fr\/#website"},"primaryImageOfPage":{"@id":"https:\/\/www.tvnvalve.com\/fr\/produits\/v551-pompe-a-incendie\/#primaryimage"},"image":{"@id":"https:\/\/www.tvnvalve.com\/fr\/produits\/v551-pompe-a-incendie\/#primaryimage"},"thumbnailUrl":"https:\/\/www.tvnvalve.com\/fr\/wp-content\/uploads\/2020\/06\/V551-FIRE-HYDRANT.jpg","datePublished":"2020-06-27T04:14:12+00:00","dateModified":"2020-08-13T05:01:25+00:00","description":"TVN V554 Fire Hydrants are the inevitable safety equipments in our daily lives that can be considered as one of the colleague of fire fighters..","breadcrumb":{"@id":"https:\/\/www.tvnvalve.com\/fr\/produits\/v551-pompe-a-incendie\/#breadcrumb"},"inLanguage":"fr-FR","potentialAction":[{"@type":"ReadAction","target":["https:\/\/www.tvnvalve.com\/fr\/produits\/v551-pompe-a-incendie\/"]}]},{"@type":"ImageObject","inLanguage":"fr-FR","@id":"https:\/\/www.tvnvalve.com\/fr\/produits\/v551-pompe-a-incendie\/#primaryimage","url":"https:\/\/www.tvnvalve.com\/fr\/wp-content\/uploads\/2020\/06\/V551-FIRE-HYDRANT.jpg","contentUrl":"https:\/\/www.tvnvalve.com\/fr\/wp-content\/uploads\/2020\/06\/V551-FIRE-HYDRANT.jpg","width":800,"height":832,"caption":"V551 Fire Hydrant"},{"@type":"BreadcrumbList","@id":"https:\/\/www.tvnvalve.com\/fr\/produits\/v551-pompe-a-incendie\/#breadcrumb","itemListElement":[{"@type":"ListItem","position":1,"name":"Home","item":"https:\/\/www.tvnvalve.com\/fr\/"},{"@type":"ListItem","position":2,"name":"Produits","item":"https:\/\/www.tvnvalve.com\/fr\/produits\/"},{"@type":"ListItem","position":3,"name":"V551 POMPE \u00c0 INCENDIE"}]},{"@type":"WebSite","@id":"https:\/\/www.tvnvalve.com\/fr\/#website","url":"https:\/\/www.tvnvalve.com\/fr\/","name":"TVN Valve &amp; Piping Company","description":"Valve &amp; Piping Manufacturer","potentialAction":[{"@type":"SearchAction","target":{"@type":"EntryPoint","urlTemplate":"https:\/\/www.tvnvalve.com\/fr\/?s={search_term_string}"},"query-input":{"@type":"PropertyValueSpecification","valueRequired":true,"valueName":"search_term_string"}}],"inLanguage":"fr-FR"}]}},"_links":{"self":[{"href":"https:\/\/www.tvnvalve.com\/fr\/wp-json\/wp\/v2\/product\/729","targetHints":{"allow":["GET"]}}],"collection":[{"href":"https:\/\/www.tvnvalve.com\/fr\/wp-json\/wp\/v2\/product"}],"about":[{"href":"https:\/\/www.tvnvalve.com\/fr\/wp-json\/wp\/v2\/types\/product"}],"wp:featuredmedia":[{"embeddable":true,"href":"https:\/\/www.tvnvalve.com\/fr\/wp-json\/wp\/v2\/media\/732"}],"wp:attachment":[{"href":"https:\/\/www.tvnvalve.com\/fr\/wp-json\/wp\/v2\/media?parent=729"}],"wp:term":[{"taxonomy":"product_brand","embeddable":true,"href":"https:\/\/www.tvnvalve.com\/fr\/wp-json\/wp\/v2\/product_brand?post=729"},{"taxonomy":"product_cat","embeddable":true,"href":"https:\/\/www.tvnvalve.com\/fr\/wp-json\/wp\/v2\/product_cat?post=729"},{"taxonomy":"product_tag","embeddable":true,"href":"https:\/\/www.tvnvalve.com\/fr\/wp-json\/wp\/v2\/product_tag?post=729"}],"curies":[{"name":"wp","href":"https:\/\/api.w.org\/{rel}","templated":true}]}}