{"id":726,"date":"2020-06-27T04:09:09","date_gmt":"2020-06-27T04:09:09","guid":{"rendered":"https:\/\/www.ansolon.com\/tvn\/?post_type=product&#038;p=726"},"modified":"2020-08-13T05:01:45","modified_gmt":"2020-08-13T05:01:45","slug":"v554-pompe-a-incendie","status":"publish","type":"product","link":"https:\/\/www.tvnvalve.com\/fr\/produits\/v554-pompe-a-incendie\/","title":{"rendered":"V554 POMPE \u00c0 INCENDIE"},"content":{"rendered":"<p>\n<a   class=\"button  has-icon button_left button_size_1\"  href=\"https:\/\/www.tvnvalve.com\/fr\/wp-content\/uploads\/2020\/08\/TVN-Soupape-Tuyauterie-Catalogue-V554.pdf\" style=\"background-color:#b51f13!important;color:#ffffff;\" target=\"_blank\"    title=\"\"><span class=\"button_icon\"><i class=\"icon-acrobat\"  style=\"color:#ffffff!important;\" aria-hidden=\"true\"><\/i><\/span><span class=\"button_label\">T\u00e9l\u00e9charger la fiche technique PDF<\/span><\/a>\n<br \/>\n<br \/>\nTVN V554 Les Pompes \u00e0 Incendie sont les \u00e9quipements de s\u00e9curit\u00e9 in\u00e9vitables dans notre vie quotidienne qui peuvent \u00eatre consid\u00e9r\u00e9s comme l&rsquo;un des coll\u00e8gues des pompiers afin de r\u00e9cup\u00e9rer l&rsquo;eau de la conduite d&rsquo;eau principale. Il fournit de l&rsquo;eau aux pompiers \u00e0 tout moment pour agir rapidement. Ils peuvent \u00eatre trouv\u00e9s largement autour de notre milieu de vie, y compris les usines, entrep\u00f4ts, b\u00e2timents industriels, b\u00e2timents r\u00e9sidentiels, a\u00e9roports, ports, zones militaires, parcs et les endroits o\u00f9 il existe un risque d&rsquo;incendie.<\/p>\n<p>Les pompes \u00e0 incendie souterraines sont l&rsquo;un des types les plus anciens d&rsquo;\u00e9quipements de lutte contre l&rsquo;incendie qui ont commenc\u00e9 \u00e0 \u00eatre utilis\u00e9s au 18\u00e9me si\u00e8cle. Les pompes \u00e0 incendie souterraines sont plus pratiques quand il n&rsquo;y a pas d&rsquo;espace sur le sol de la ville et g\u00e9n\u00e9ralement elles peuvent \u00eatre accessibles via le bo\u00eetier de surface de la borne.<\/p>\n<div class=\"deschide\">\n<h2>Related Products<\/h2>\n<ol class=\"fa-ul\">\n<li><span class=\"fa-li\"><i class=\"icon-right-dir\"> <\/i><\/span>V151 Resilient Seated NRS Gate Valve<\/li>\n<li><span class=\"fa-li\"><i class=\"icon-right-dir\"> <\/i><\/span>V304 Air Release Valve<\/li>\n<li><span class=\"fa-li\"><i class=\"icon-right-dir\"> <\/i><\/span>V556 N Part &amp; T-Key<\/li>\n<\/ol>\n<h2>Product Features<\/h2>\n<ol class=\"fa-ul\">\n<li><span class=\"fa-li\"><i class=\"icon-right-dir\"> <\/i><\/span>Designed and manufactured according to EN 14339 standard<\/li>\n<li><span class=\"fa-li\"><i class=\"icon-right-dir\"> <\/i><\/span>All inner and outer ductile iron surfaces and column pipes are coated with electrostatic powder epoxy where this coating material is of hygienic type<\/li>\n<li><span class=\"fa-li\"><i class=\"icon-right-dir\"> <\/i><\/span>They are located underground with a vertical shape and its cover for acess is located over the ground<\/li>\n<li><span class=\"fa-li\"><i class=\"icon-right-dir\"> <\/i><\/span>Have one water outlet<\/li>\n<li><span class=\"fa-li\"><i class=\"icon-right-dir\"> <\/i><\/span>Easy to operate with T-key through the operation cap located on top of the hydrant<\/li>\n<li><span class=\"fa-li\"><i class=\"icon-right-dir\"> <\/i><\/span>Compact and lightweight<\/li>\n<li><span class=\"fa-li\"><i class=\"icon-right-dir\"> <\/i><\/span>Different length and size variations are available<\/li>\n<li><span class=\"fa-li\"><i class=\"icon-right-dir\"> <\/i><\/span>Having protection system against freezing via its inbuilt check valve system, it drains excessive water after usage<\/li>\n<li><span class=\"fa-li\"><i class=\"icon-right-dir\"> <\/i><\/span>Opens by rotating the hydrant clockwise and closes by rotating the hydrant anticlockwise<\/li>\n<li><span class=\"fa-li\"><i class=\"icon-right-dir\"> <\/i><\/span>With its key, easy to open and close<\/li>\n<li><span class=\"fa-li\"><i class=\"icon-right-dir\"> <\/i><\/span>DN80-DN100 sizes and 1,45 &#8211; 1,75 &#8211; 2,15mt. heights alternatives are available<\/li>\n<\/ol>\n<\/div>\n","protected":false},"excerpt":{"rendered":"<p>TVN V554 Les Pompes \u00e0 Incendie sont les \u00e9quipements de s\u00e9curit\u00e9 in\u00e9vitables dans notre vie quotidienne qui peuvent \u00eatre consid\u00e9r\u00e9s comme l&rsquo;un des coll\u00e8gues des pompiers<span class=\"excerpt-hellip\"> [\u2026]<\/span><\/p>\n","protected":false},"featured_media":727,"template":"","meta":[],"product_brand":[],"product_cat":[43],"product_tag":[],"class_list":{"0":"post-726","1":"product","2":"type-product","3":"status-publish","4":"has-post-thumbnail","6":"product_cat-v55-poteaus-incendie","8":"first","9":"instock","10":"featured","11":"shipping-taxable","12":"product-type-simple"},"yoast_head":"<!-- This site is optimized with the Yoast SEO plugin v27.3 - https:\/\/yoast.com\/product\/yoast-seo-wordpress\/ -->\n<title>V554 POMPE \u00c0 INCENDIE - TVN Valve &amp; Piping Company<\/title>\n<meta name=\"description\" content=\"TVN V554 Fire Hydrants are the inevitable safety equipments in our daily lives that can be considered as one of the colleague of fire fighters..\" \/>\n<meta name=\"robots\" content=\"index, follow, max-snippet:-1, max-image-preview:large, max-video-preview:-1\" \/>\n<link rel=\"canonical\" href=\"https:\/\/www.tvnvalve.com\/fr\/produits\/v554-pompe-a-incendie\/\" \/>\n<meta property=\"og:locale\" content=\"fr_FR\" \/>\n<meta property=\"og:type\" content=\"article\" \/>\n<meta property=\"og:title\" content=\"V554 POMPE \u00c0 INCENDIE - TVN Valve &amp; Piping Company\" \/>\n<meta property=\"og:description\" content=\"TVN V554 Fire Hydrants are the inevitable safety equipments in our daily lives that can be considered as one of the colleague of fire fighters..\" \/>\n<meta property=\"og:url\" content=\"https:\/\/www.tvnvalve.com\/fr\/produits\/v554-pompe-a-incendie\/\" \/>\n<meta property=\"og:site_name\" content=\"TVN Valve &amp; Piping Company\" \/>\n<meta property=\"article:modified_time\" content=\"2020-08-13T05:01:45+00:00\" \/>\n<meta property=\"og:image\" content=\"https:\/\/www.tvnvalve.com\/fr\/wp-content\/uploads\/2020\/06\/V554-FIRE-HYDRANT.jpg\" \/>\n\t<meta property=\"og:image:width\" content=\"800\" \/>\n\t<meta property=\"og:image:height\" content=\"832\" \/>\n\t<meta property=\"og:image:type\" content=\"image\/jpeg\" \/>\n<meta name=\"twitter:card\" content=\"summary_large_image\" \/>\n<meta name=\"twitter:label1\" content=\"Dur\u00e9e de lecture estim\u00e9e\" \/>\n\t<meta name=\"twitter:data1\" content=\"2 minutes\" \/>\n<script type=\"application\/ld+json\" class=\"yoast-schema-graph\">{\"@context\":\"https:\\\/\\\/schema.org\",\"@graph\":[{\"@type\":\"WebPage\",\"@id\":\"https:\\\/\\\/www.tvnvalve.com\\\/fr\\\/produits\\\/v554-pompe-a-incendie\\\/\",\"url\":\"https:\\\/\\\/www.tvnvalve.com\\\/fr\\\/produits\\\/v554-pompe-a-incendie\\\/\",\"name\":\"V554 POMPE \u00c0 INCENDIE - TVN Valve &amp; Piping Company\",\"isPartOf\":{\"@id\":\"https:\\\/\\\/www.tvnvalve.com\\\/fr\\\/#website\"},\"primaryImageOfPage\":{\"@id\":\"https:\\\/\\\/www.tvnvalve.com\\\/fr\\\/produits\\\/v554-pompe-a-incendie\\\/#primaryimage\"},\"image\":{\"@id\":\"https:\\\/\\\/www.tvnvalve.com\\\/fr\\\/produits\\\/v554-pompe-a-incendie\\\/#primaryimage\"},\"thumbnailUrl\":\"https:\\\/\\\/www.tvnvalve.com\\\/fr\\\/wp-content\\\/uploads\\\/2020\\\/06\\\/V554-FIRE-HYDRANT.jpg\",\"datePublished\":\"2020-06-27T04:09:09+00:00\",\"dateModified\":\"2020-08-13T05:01:45+00:00\",\"description\":\"TVN V554 Fire Hydrants are the inevitable safety equipments in our daily lives that can be considered as one of the colleague of fire fighters..\",\"breadcrumb\":{\"@id\":\"https:\\\/\\\/www.tvnvalve.com\\\/fr\\\/produits\\\/v554-pompe-a-incendie\\\/#breadcrumb\"},\"inLanguage\":\"fr-FR\",\"potentialAction\":[{\"@type\":\"ReadAction\",\"target\":[\"https:\\\/\\\/www.tvnvalve.com\\\/fr\\\/produits\\\/v554-pompe-a-incendie\\\/\"]}]},{\"@type\":\"ImageObject\",\"inLanguage\":\"fr-FR\",\"@id\":\"https:\\\/\\\/www.tvnvalve.com\\\/fr\\\/produits\\\/v554-pompe-a-incendie\\\/#primaryimage\",\"url\":\"https:\\\/\\\/www.tvnvalve.com\\\/fr\\\/wp-content\\\/uploads\\\/2020\\\/06\\\/V554-FIRE-HYDRANT.jpg\",\"contentUrl\":\"https:\\\/\\\/www.tvnvalve.com\\\/fr\\\/wp-content\\\/uploads\\\/2020\\\/06\\\/V554-FIRE-HYDRANT.jpg\",\"width\":800,\"height\":832,\"caption\":\"Fire Hydrant\"},{\"@type\":\"BreadcrumbList\",\"@id\":\"https:\\\/\\\/www.tvnvalve.com\\\/fr\\\/produits\\\/v554-pompe-a-incendie\\\/#breadcrumb\",\"itemListElement\":[{\"@type\":\"ListItem\",\"position\":1,\"name\":\"Home\",\"item\":\"https:\\\/\\\/www.tvnvalve.com\\\/fr\\\/\"},{\"@type\":\"ListItem\",\"position\":2,\"name\":\"Produits\",\"item\":\"https:\\\/\\\/www.tvnvalve.com\\\/fr\\\/produits\\\/\"},{\"@type\":\"ListItem\",\"position\":3,\"name\":\"V554 POMPE \u00c0 INCENDIE\"}]},{\"@type\":\"WebSite\",\"@id\":\"https:\\\/\\\/www.tvnvalve.com\\\/fr\\\/#website\",\"url\":\"https:\\\/\\\/www.tvnvalve.com\\\/fr\\\/\",\"name\":\"TVN Valve &amp; Piping Company\",\"description\":\"Valve &amp; Piping Manufacturer\",\"potentialAction\":[{\"@type\":\"SearchAction\",\"target\":{\"@type\":\"EntryPoint\",\"urlTemplate\":\"https:\\\/\\\/www.tvnvalve.com\\\/fr\\\/?s={search_term_string}\"},\"query-input\":{\"@type\":\"PropertyValueSpecification\",\"valueRequired\":true,\"valueName\":\"search_term_string\"}}],\"inLanguage\":\"fr-FR\"}]}<\/script>\n<!-- \/ Yoast SEO plugin. -->","yoast_head_json":{"title":"V554 POMPE \u00c0 INCENDIE - TVN Valve &amp; Piping Company","description":"TVN V554 Fire Hydrants are the inevitable safety equipments in our daily lives that can be considered as one of the colleague of fire fighters..","robots":{"index":"index","follow":"follow","max-snippet":"max-snippet:-1","max-image-preview":"max-image-preview:large","max-video-preview":"max-video-preview:-1"},"canonical":"https:\/\/www.tvnvalve.com\/fr\/produits\/v554-pompe-a-incendie\/","og_locale":"fr_FR","og_type":"article","og_title":"V554 POMPE \u00c0 INCENDIE - TVN Valve &amp; Piping Company","og_description":"TVN V554 Fire Hydrants are the inevitable safety equipments in our daily lives that can be considered as one of the colleague of fire fighters..","og_url":"https:\/\/www.tvnvalve.com\/fr\/produits\/v554-pompe-a-incendie\/","og_site_name":"TVN Valve &amp; Piping Company","article_modified_time":"2020-08-13T05:01:45+00:00","og_image":[{"width":800,"height":832,"url":"https:\/\/www.tvnvalve.com\/fr\/wp-content\/uploads\/2020\/06\/V554-FIRE-HYDRANT.jpg","type":"image\/jpeg"}],"twitter_card":"summary_large_image","twitter_misc":{"Dur\u00e9e de lecture estim\u00e9e":"2 minutes"},"schema":{"@context":"https:\/\/schema.org","@graph":[{"@type":"WebPage","@id":"https:\/\/www.tvnvalve.com\/fr\/produits\/v554-pompe-a-incendie\/","url":"https:\/\/www.tvnvalve.com\/fr\/produits\/v554-pompe-a-incendie\/","name":"V554 POMPE \u00c0 INCENDIE - TVN Valve &amp; Piping Company","isPartOf":{"@id":"https:\/\/www.tvnvalve.com\/fr\/#website"},"primaryImageOfPage":{"@id":"https:\/\/www.tvnvalve.com\/fr\/produits\/v554-pompe-a-incendie\/#primaryimage"},"image":{"@id":"https:\/\/www.tvnvalve.com\/fr\/produits\/v554-pompe-a-incendie\/#primaryimage"},"thumbnailUrl":"https:\/\/www.tvnvalve.com\/fr\/wp-content\/uploads\/2020\/06\/V554-FIRE-HYDRANT.jpg","datePublished":"2020-06-27T04:09:09+00:00","dateModified":"2020-08-13T05:01:45+00:00","description":"TVN V554 Fire Hydrants are the inevitable safety equipments in our daily lives that can be considered as one of the colleague of fire fighters..","breadcrumb":{"@id":"https:\/\/www.tvnvalve.com\/fr\/produits\/v554-pompe-a-incendie\/#breadcrumb"},"inLanguage":"fr-FR","potentialAction":[{"@type":"ReadAction","target":["https:\/\/www.tvnvalve.com\/fr\/produits\/v554-pompe-a-incendie\/"]}]},{"@type":"ImageObject","inLanguage":"fr-FR","@id":"https:\/\/www.tvnvalve.com\/fr\/produits\/v554-pompe-a-incendie\/#primaryimage","url":"https:\/\/www.tvnvalve.com\/fr\/wp-content\/uploads\/2020\/06\/V554-FIRE-HYDRANT.jpg","contentUrl":"https:\/\/www.tvnvalve.com\/fr\/wp-content\/uploads\/2020\/06\/V554-FIRE-HYDRANT.jpg","width":800,"height":832,"caption":"Fire Hydrant"},{"@type":"BreadcrumbList","@id":"https:\/\/www.tvnvalve.com\/fr\/produits\/v554-pompe-a-incendie\/#breadcrumb","itemListElement":[{"@type":"ListItem","position":1,"name":"Home","item":"https:\/\/www.tvnvalve.com\/fr\/"},{"@type":"ListItem","position":2,"name":"Produits","item":"https:\/\/www.tvnvalve.com\/fr\/produits\/"},{"@type":"ListItem","position":3,"name":"V554 POMPE \u00c0 INCENDIE"}]},{"@type":"WebSite","@id":"https:\/\/www.tvnvalve.com\/fr\/#website","url":"https:\/\/www.tvnvalve.com\/fr\/","name":"TVN Valve &amp; Piping Company","description":"Valve &amp; Piping Manufacturer","potentialAction":[{"@type":"SearchAction","target":{"@type":"EntryPoint","urlTemplate":"https:\/\/www.tvnvalve.com\/fr\/?s={search_term_string}"},"query-input":{"@type":"PropertyValueSpecification","valueRequired":true,"valueName":"search_term_string"}}],"inLanguage":"fr-FR"}]}},"_links":{"self":[{"href":"https:\/\/www.tvnvalve.com\/fr\/wp-json\/wp\/v2\/product\/726","targetHints":{"allow":["GET"]}}],"collection":[{"href":"https:\/\/www.tvnvalve.com\/fr\/wp-json\/wp\/v2\/product"}],"about":[{"href":"https:\/\/www.tvnvalve.com\/fr\/wp-json\/wp\/v2\/types\/product"}],"wp:featuredmedia":[{"embeddable":true,"href":"https:\/\/www.tvnvalve.com\/fr\/wp-json\/wp\/v2\/media\/727"}],"wp:attachment":[{"href":"https:\/\/www.tvnvalve.com\/fr\/wp-json\/wp\/v2\/media?parent=726"}],"wp:term":[{"taxonomy":"product_brand","embeddable":true,"href":"https:\/\/www.tvnvalve.com\/fr\/wp-json\/wp\/v2\/product_brand?post=726"},{"taxonomy":"product_cat","embeddable":true,"href":"https:\/\/www.tvnvalve.com\/fr\/wp-json\/wp\/v2\/product_cat?post=726"},{"taxonomy":"product_tag","embeddable":true,"href":"https:\/\/www.tvnvalve.com\/fr\/wp-json\/wp\/v2\/product_tag?post=726"}],"curies":[{"name":"wp","href":"https:\/\/api.w.org\/{rel}","templated":true}]}}