{"id":697,"date":"2020-06-27T03:25:31","date_gmt":"2020-06-27T03:25:31","guid":{"rendered":"https:\/\/www.ansolon.com\/tvn\/?post_type=product&#038;p=697"},"modified":"2020-07-30T20:56:23","modified_gmt":"2020-07-30T20:56:23","slug":"v526-vanne-de-regulation-et-decompression","status":"publish","type":"product","link":"https:\/\/www.tvnvalve.com\/fr\/produits\/v526-vanne-de-regulation-et-decompression\/","title":{"rendered":"V526 VANNE DE R\u00c9GULATION ET D\u00c9COMPRESSION"},"content":{"rendered":"<p>\n<a   class=\"button  has-icon button_left button_size_1\"  href=\"https:\/\/www.tvnvalve.com\/fr\/wp-content\/uploads\/2020\/07\/TVN-Soupape-Tuyauterie-Catalogue-V526.pdf\" style=\"background-color:#b51f13!important;color:#ffffff;\" target=\"_blank\"    title=\"\"><span class=\"button_icon\"><i class=\"icon-acrobat\"  style=\"color:#ffffff!important;\" aria-hidden=\"true\"><\/i><\/span><span class=\"button_label\">T\u00e9l\u00e9charger la fiche technique PDF<\/span><\/a>\n<br \/>\n<br \/>\nV526 Vannes de R\u00e9gulation et D\u00e9compression sont des vannes de commande de s\u00e9curit\u00e9 \u00e0 commande hydraulique, con\u00e7ues pour prot\u00e9ger les syst\u00e8mes de r\u00e9seau d&rsquo;eau en lib\u00e9rant des surpressions en amont plus \u00e9lev\u00e9es dans l&rsquo;atmosph\u00e8re qui provoquent des changements soudains de la vitesse de l&rsquo;eau parce que les pompes sont mises en service\/hors service fr\u00e9quemment dans les lignes d&rsquo;\u00e9l\u00e9vation du r\u00e9seau d&rsquo;eau ou pour toute raison. Lorsque la pression de la ligne d\u00e9passe le point pr\u00e9d\u00e9fini, la vanne s&rsquo;ouvre d&rsquo;elle-m\u00eame rapidement et prot\u00e8ge le syst\u00e8me en lib\u00e9rant la surpression et la maintient constante, ind\u00e9pendamment de la demande fluctuante ou de la pression amont variable. Lorsqu&rsquo;il n&rsquo;y a pas de flux dans le syst\u00e8me, il se ferme automatiquement. Lorsque la pression de la ligne diminue au niveau normal, elle se ferme lentement et automatiquement comme compl\u00e8tement scell\u00e9e sans provoquer de surtension.<\/p>\n<div class=\"deschide\">\n<h2><a href=\"https:\/\/tvnvalve.com\/application-fields\/\" target=\"_blank\" rel=\"noopener noreferrer\">Application Range<\/a><\/h2>\n<ol class=\"fa-ul\">\n<li><span class=\"fa-li\"><i class=\"icon-right-dir\"> <\/i><\/span>Water applications<\/li>\n<li><span class=\"fa-li\"><i class=\"icon-right-dir\"> <\/i><\/span>Household implementation<\/li>\n<li><span class=\"fa-li\"><i class=\"icon-right-dir\"> <\/i><\/span>Supply of water fire extinguishing<\/li>\n<li><span class=\"fa-li\"><i class=\"icon-right-dir\"> <\/i><\/span>Various applications of industrial systems.<\/li>\n<li><span class=\"fa-li\"><i class=\"icon-right-dir\"> <\/i><\/span>Food and chemical enterprises<\/li>\n<\/ol>\n<h2>Assembly<\/h2>\n<ol class=\"fa-ul\">\n<li><span class=\"fa-li\"><i class=\"icon-right-dir\"> <\/i><\/span>Valve can be assembled horizontally or vertically.<\/li>\n<li><span class=\"fa-li\"><i class=\"icon-right-dir\"> <\/i><\/span>Valve must be on the same level with mainlines during installation.<\/li>\n<li><span class=\"fa-li\"><i class=\"icon-right-dir\"> <\/i><\/span>Install the valve on direction with arrow shown on the valve.<\/li>\n<li><span class=\"fa-li\"><i class=\"icon-right-dir\"> <\/i><\/span>Isolation valves (gate valve, butterfly valve, silt trap etc.) could be installed before or after the installation.<\/li>\n<li><span class=\"fa-li\"><i class=\"icon-right-dir\"> <\/i><\/span>Valve should be installed on the waterline in a \u201cT\u201d shaped connection.<\/li>\n<\/ol>\n<h2>Pressure Relief Control Valve Product Features<\/h2>\n<ol class=\"fa-ul\">\n<li><span class=\"fa-li\"><i class=\"icon-right-dir\"> <\/i><\/span>No need for extra energy by running on pressure network.<\/li>\n<li><span class=\"fa-li\"><i class=\"icon-right-dir\"> <\/i><\/span>Easy and zero adjustment to demanded pressure.<\/li>\n<li><span class=\"fa-li\"><i class=\"icon-right-dir\"> <\/i><\/span>Pressure reduction without being affected by pressure and flow changes in network.<\/li>\n<li><span class=\"fa-li\"><i class=\"icon-right-dir\"> <\/i><\/span>Easy maintenance.<\/li>\n<li><span class=\"fa-li\"><i class=\"icon-right-dir\"> <\/i><\/span>Low Cavitation risk.<\/li>\n<\/ol>\n<\/div>\n","protected":false},"excerpt":{"rendered":"<p>V526 Vannes de R\u00e9gulation et D\u00e9compression sont des vannes de commande de s\u00e9curit\u00e9 \u00e0 commande hydraulique, con\u00e7ues pour prot\u00e9ger les syst\u00e8mes de r\u00e9seau d&rsquo;eau en lib\u00e9rant<span class=\"excerpt-hellip\"> [\u2026]<\/span><\/p>\n","protected":false},"featured_media":698,"template":"","meta":[],"product_brand":[],"product_cat":[41],"product_tag":[],"class_list":{"0":"post-697","1":"product","2":"type-product","3":"status-publish","4":"has-post-thumbnail","6":"product_cat-v52-53-vannes-de-regulation-type-y","8":"first","9":"instock","10":"featured","11":"shipping-taxable","12":"product-type-simple"},"yoast_head":"<!-- This site is optimized with the Yoast SEO plugin v27.4 - https:\/\/yoast.com\/product\/yoast-seo-wordpress\/ -->\n<title>Pressure Relief Control Valve V526 - TVN Valve &amp; Piping Company<\/title>\n<meta name=\"description\" content=\"V526 Pressure Relief Control Valve is hydraulically operated safety control valves, designed to protect water network systems\" \/>\n<meta name=\"robots\" content=\"index, follow, max-snippet:-1, max-image-preview:large, max-video-preview:-1\" \/>\n<link rel=\"canonical\" href=\"https:\/\/www.tvnvalve.com\/fr\/produits\/v526-vanne-de-regulation-et-decompression\/\" \/>\n<meta property=\"og:locale\" content=\"fr_FR\" \/>\n<meta property=\"og:type\" content=\"article\" \/>\n<meta property=\"og:title\" content=\"Pressure Relief Control Valve V526 - TVN Valve &amp; Piping Company\" \/>\n<meta property=\"og:description\" content=\"V526 Pressure Relief Control Valve is hydraulically operated safety control valves, designed to protect water network systems\" \/>\n<meta property=\"og:url\" content=\"https:\/\/www.tvnvalve.com\/fr\/produits\/v526-vanne-de-regulation-et-decompression\/\" \/>\n<meta property=\"og:site_name\" content=\"TVN Valve &amp; Piping Company\" \/>\n<meta property=\"article:modified_time\" content=\"2020-07-30T20:56:23+00:00\" \/>\n<meta property=\"og:image\" content=\"https:\/\/www.tvnvalve.com\/fr\/wp-content\/uploads\/2020\/06\/V526-PRESSURE-RELIEF-CONTROL-VALVE.jpg\" \/>\n\t<meta property=\"og:image:width\" content=\"800\" \/>\n\t<meta property=\"og:image:height\" content=\"832\" \/>\n\t<meta property=\"og:image:type\" content=\"image\/jpeg\" \/>\n<meta name=\"twitter:card\" content=\"summary_large_image\" \/>\n<meta name=\"twitter:label1\" content=\"Dur\u00e9e de lecture estim\u00e9e\" \/>\n\t<meta name=\"twitter:data1\" content=\"2 minutes\" \/>\n<script type=\"application\/ld+json\" class=\"yoast-schema-graph\">{\"@context\":\"https:\\\/\\\/schema.org\",\"@graph\":[{\"@type\":\"WebPage\",\"@id\":\"https:\\\/\\\/www.tvnvalve.com\\\/fr\\\/produits\\\/v526-vanne-de-regulation-et-decompression\\\/\",\"url\":\"https:\\\/\\\/www.tvnvalve.com\\\/fr\\\/produits\\\/v526-vanne-de-regulation-et-decompression\\\/\",\"name\":\"Pressure Relief Control Valve V526 - TVN Valve &amp; Piping Company\",\"isPartOf\":{\"@id\":\"https:\\\/\\\/www.tvnvalve.com\\\/fr\\\/#website\"},\"primaryImageOfPage\":{\"@id\":\"https:\\\/\\\/www.tvnvalve.com\\\/fr\\\/produits\\\/v526-vanne-de-regulation-et-decompression\\\/#primaryimage\"},\"image\":{\"@id\":\"https:\\\/\\\/www.tvnvalve.com\\\/fr\\\/produits\\\/v526-vanne-de-regulation-et-decompression\\\/#primaryimage\"},\"thumbnailUrl\":\"https:\\\/\\\/www.tvnvalve.com\\\/fr\\\/wp-content\\\/uploads\\\/2020\\\/06\\\/V526-PRESSURE-RELIEF-CONTROL-VALVE.jpg\",\"datePublished\":\"2020-06-27T03:25:31+00:00\",\"dateModified\":\"2020-07-30T20:56:23+00:00\",\"description\":\"V526 Pressure Relief Control Valve is hydraulically operated safety control valves, designed to protect water network systems\",\"breadcrumb\":{\"@id\":\"https:\\\/\\\/www.tvnvalve.com\\\/fr\\\/produits\\\/v526-vanne-de-regulation-et-decompression\\\/#breadcrumb\"},\"inLanguage\":\"fr-FR\",\"potentialAction\":[{\"@type\":\"ReadAction\",\"target\":[\"https:\\\/\\\/www.tvnvalve.com\\\/fr\\\/produits\\\/v526-vanne-de-regulation-et-decompression\\\/\"]}]},{\"@type\":\"ImageObject\",\"inLanguage\":\"fr-FR\",\"@id\":\"https:\\\/\\\/www.tvnvalve.com\\\/fr\\\/produits\\\/v526-vanne-de-regulation-et-decompression\\\/#primaryimage\",\"url\":\"https:\\\/\\\/www.tvnvalve.com\\\/fr\\\/wp-content\\\/uploads\\\/2020\\\/06\\\/V526-PRESSURE-RELIEF-CONTROL-VALVE.jpg\",\"contentUrl\":\"https:\\\/\\\/www.tvnvalve.com\\\/fr\\\/wp-content\\\/uploads\\\/2020\\\/06\\\/V526-PRESSURE-RELIEF-CONTROL-VALVE.jpg\",\"width\":800,\"height\":832},{\"@type\":\"BreadcrumbList\",\"@id\":\"https:\\\/\\\/www.tvnvalve.com\\\/fr\\\/produits\\\/v526-vanne-de-regulation-et-decompression\\\/#breadcrumb\",\"itemListElement\":[{\"@type\":\"ListItem\",\"position\":1,\"name\":\"Home\",\"item\":\"https:\\\/\\\/www.tvnvalve.com\\\/fr\\\/\"},{\"@type\":\"ListItem\",\"position\":2,\"name\":\"Produits\",\"item\":\"https:\\\/\\\/www.tvnvalve.com\\\/fr\\\/produits\\\/\"},{\"@type\":\"ListItem\",\"position\":3,\"name\":\"V526 VANNE DE R\u00c9GULATION ET D\u00c9COMPRESSION\"}]},{\"@type\":\"WebSite\",\"@id\":\"https:\\\/\\\/www.tvnvalve.com\\\/fr\\\/#website\",\"url\":\"https:\\\/\\\/www.tvnvalve.com\\\/fr\\\/\",\"name\":\"TVN Valve &amp; Piping Company\",\"description\":\"Valve &amp; Piping Manufacturer\",\"potentialAction\":[{\"@type\":\"SearchAction\",\"target\":{\"@type\":\"EntryPoint\",\"urlTemplate\":\"https:\\\/\\\/www.tvnvalve.com\\\/fr\\\/?s={search_term_string}\"},\"query-input\":{\"@type\":\"PropertyValueSpecification\",\"valueRequired\":true,\"valueName\":\"search_term_string\"}}],\"inLanguage\":\"fr-FR\"}]}<\/script>\n<!-- \/ Yoast SEO plugin. -->","yoast_head_json":{"title":"Pressure Relief Control Valve V526 - TVN Valve &amp; Piping Company","description":"V526 Pressure Relief Control Valve is hydraulically operated safety control valves, designed to protect water network systems","robots":{"index":"index","follow":"follow","max-snippet":"max-snippet:-1","max-image-preview":"max-image-preview:large","max-video-preview":"max-video-preview:-1"},"canonical":"https:\/\/www.tvnvalve.com\/fr\/produits\/v526-vanne-de-regulation-et-decompression\/","og_locale":"fr_FR","og_type":"article","og_title":"Pressure Relief Control Valve V526 - TVN Valve &amp; Piping Company","og_description":"V526 Pressure Relief Control Valve is hydraulically operated safety control valves, designed to protect water network systems","og_url":"https:\/\/www.tvnvalve.com\/fr\/produits\/v526-vanne-de-regulation-et-decompression\/","og_site_name":"TVN Valve &amp; Piping Company","article_modified_time":"2020-07-30T20:56:23+00:00","og_image":[{"width":800,"height":832,"url":"https:\/\/www.tvnvalve.com\/fr\/wp-content\/uploads\/2020\/06\/V526-PRESSURE-RELIEF-CONTROL-VALVE.jpg","type":"image\/jpeg"}],"twitter_card":"summary_large_image","twitter_misc":{"Dur\u00e9e de lecture estim\u00e9e":"2 minutes"},"schema":{"@context":"https:\/\/schema.org","@graph":[{"@type":"WebPage","@id":"https:\/\/www.tvnvalve.com\/fr\/produits\/v526-vanne-de-regulation-et-decompression\/","url":"https:\/\/www.tvnvalve.com\/fr\/produits\/v526-vanne-de-regulation-et-decompression\/","name":"Pressure Relief Control Valve V526 - TVN Valve &amp; Piping Company","isPartOf":{"@id":"https:\/\/www.tvnvalve.com\/fr\/#website"},"primaryImageOfPage":{"@id":"https:\/\/www.tvnvalve.com\/fr\/produits\/v526-vanne-de-regulation-et-decompression\/#primaryimage"},"image":{"@id":"https:\/\/www.tvnvalve.com\/fr\/produits\/v526-vanne-de-regulation-et-decompression\/#primaryimage"},"thumbnailUrl":"https:\/\/www.tvnvalve.com\/fr\/wp-content\/uploads\/2020\/06\/V526-PRESSURE-RELIEF-CONTROL-VALVE.jpg","datePublished":"2020-06-27T03:25:31+00:00","dateModified":"2020-07-30T20:56:23+00:00","description":"V526 Pressure Relief Control Valve is hydraulically operated safety control valves, designed to protect water network systems","breadcrumb":{"@id":"https:\/\/www.tvnvalve.com\/fr\/produits\/v526-vanne-de-regulation-et-decompression\/#breadcrumb"},"inLanguage":"fr-FR","potentialAction":[{"@type":"ReadAction","target":["https:\/\/www.tvnvalve.com\/fr\/produits\/v526-vanne-de-regulation-et-decompression\/"]}]},{"@type":"ImageObject","inLanguage":"fr-FR","@id":"https:\/\/www.tvnvalve.com\/fr\/produits\/v526-vanne-de-regulation-et-decompression\/#primaryimage","url":"https:\/\/www.tvnvalve.com\/fr\/wp-content\/uploads\/2020\/06\/V526-PRESSURE-RELIEF-CONTROL-VALVE.jpg","contentUrl":"https:\/\/www.tvnvalve.com\/fr\/wp-content\/uploads\/2020\/06\/V526-PRESSURE-RELIEF-CONTROL-VALVE.jpg","width":800,"height":832},{"@type":"BreadcrumbList","@id":"https:\/\/www.tvnvalve.com\/fr\/produits\/v526-vanne-de-regulation-et-decompression\/#breadcrumb","itemListElement":[{"@type":"ListItem","position":1,"name":"Home","item":"https:\/\/www.tvnvalve.com\/fr\/"},{"@type":"ListItem","position":2,"name":"Produits","item":"https:\/\/www.tvnvalve.com\/fr\/produits\/"},{"@type":"ListItem","position":3,"name":"V526 VANNE DE R\u00c9GULATION ET D\u00c9COMPRESSION"}]},{"@type":"WebSite","@id":"https:\/\/www.tvnvalve.com\/fr\/#website","url":"https:\/\/www.tvnvalve.com\/fr\/","name":"TVN Valve &amp; Piping Company","description":"Valve &amp; Piping Manufacturer","potentialAction":[{"@type":"SearchAction","target":{"@type":"EntryPoint","urlTemplate":"https:\/\/www.tvnvalve.com\/fr\/?s={search_term_string}"},"query-input":{"@type":"PropertyValueSpecification","valueRequired":true,"valueName":"search_term_string"}}],"inLanguage":"fr-FR"}]}},"_links":{"self":[{"href":"https:\/\/www.tvnvalve.com\/fr\/wp-json\/wp\/v2\/product\/697","targetHints":{"allow":["GET"]}}],"collection":[{"href":"https:\/\/www.tvnvalve.com\/fr\/wp-json\/wp\/v2\/product"}],"about":[{"href":"https:\/\/www.tvnvalve.com\/fr\/wp-json\/wp\/v2\/types\/product"}],"wp:featuredmedia":[{"embeddable":true,"href":"https:\/\/www.tvnvalve.com\/fr\/wp-json\/wp\/v2\/media\/698"}],"wp:attachment":[{"href":"https:\/\/www.tvnvalve.com\/fr\/wp-json\/wp\/v2\/media?parent=697"}],"wp:term":[{"taxonomy":"product_brand","embeddable":true,"href":"https:\/\/www.tvnvalve.com\/fr\/wp-json\/wp\/v2\/product_brand?post=697"},{"taxonomy":"product_cat","embeddable":true,"href":"https:\/\/www.tvnvalve.com\/fr\/wp-json\/wp\/v2\/product_cat?post=697"},{"taxonomy":"product_tag","embeddable":true,"href":"https:\/\/www.tvnvalve.com\/fr\/wp-json\/wp\/v2\/product_tag?post=697"}],"curies":[{"name":"wp","href":"https:\/\/api.w.org\/{rel}","templated":true}]}}