{"id":690,"date":"2020-06-26T12:05:17","date_gmt":"2020-06-26T12:05:17","guid":{"rendered":"https:\/\/www.ansolon.com\/tvn\/?post_type=product&#038;p=690"},"modified":"2020-07-30T20:56:43","modified_gmt":"2020-07-30T20:56:43","slug":"v528-vanne-electrique-de-regulation-a-flotteur","status":"publish","type":"product","link":"https:\/\/www.tvnvalve.com\/fr\/produits\/v528-vanne-electrique-de-regulation-a-flotteur\/","title":{"rendered":"V528 VANNE \u00c9LECTRIQUE DE R\u00c9GULATION \u00c0 FLOTTEUR"},"content":{"rendered":"<p>\n<a   class=\"button  has-icon button_left button_size_1\"  href=\"https:\/\/www.tvnvalve.com\/fr\/wp-content\/uploads\/2020\/07\/TVN-Soupape-Tuyauterie-Catalogue-V528.pdf\" style=\"background-color:#b51f13!important;color:#ffffff;\" target=\"_blank\"    title=\"\"><span class=\"button_icon\"><i class=\"icon-acrobat\"  style=\"color:#ffffff!important;\" aria-hidden=\"true\"><\/i><\/span><span class=\"button_label\">T\u00e9l\u00e9charger la fiche technique PDF<\/span><\/a>\n<br \/>\n<br \/>\nTVN V528 Vannes \u00c9lectrique \u00c0 Flotteur de R\u00e9gulation sont les vannes de commande hydrauliques, con\u00e7ues pour contr\u00f4ler le niveau d&rsquo;eau des structures de stockage d&rsquo;eau en continu par un flotteur \u00e9lectrique plac\u00e9 dans des r\u00e9servoirs et des r\u00e9servoirs. Le flotteur \u00e9lectrique envoie un signal \u00e0 l&rsquo;\u00e9lectrovanne de la vanne principale lorsque le niveau d&rsquo;eau baisse en dessous du niveau pr\u00e9d\u00e9fini. La vanne principale s&rsquo;ouvre et garantit que le r\u00e9servoir ou le r\u00e9servoir sera rempli en permanence. Lorsque l&rsquo;eau atteint le niveau maximum, le flotteur \u00e9lectrique renvoie le signal \u00e0 l&rsquo;\u00e9lectrovanne et la vanne principale se ferme compl\u00e8tement.<\/p>\n<div class=\"deschide\">\n<h2><a href=\"https:\/\/tvnvalve.com\/application-fields\/\" target=\"_blank\" rel=\"noopener noreferrer\">Application Range<\/a><\/h2>\n<ol class=\"fa-ul\">\n<li><span class=\"fa-li\"><i class=\"icon-right-dir\"> <\/i><\/span>Water applications<\/li>\n<li><span class=\"fa-li\"><i class=\"icon-right-dir\"> <\/i><\/span>Household implementation<\/li>\n<li><span class=\"fa-li\"><i class=\"icon-right-dir\"> <\/i><\/span>Supply of water fire extinguishing<\/li>\n<li><span class=\"fa-li\"><i class=\"icon-right-dir\"> <\/i><\/span>Various applications of industrial systems.<\/li>\n<li><span class=\"fa-li\"><i class=\"icon-right-dir\"> <\/i><\/span>Food and chemical enterprises<\/li>\n<\/ol>\n<h2>Assembly<\/h2>\n<ol class=\"fa-ul\">\n<li><span class=\"fa-li\"><i class=\"icon-right-dir\"> <\/i><\/span>Valve can be assembled horizontally or vertically.<\/li>\n<li><span class=\"fa-li\"><i class=\"icon-right-dir\"> <\/i><\/span>Valve must be on the same level with mainlines during installation.<\/li>\n<li><span class=\"fa-li\"><i class=\"icon-right-dir\"> <\/i><\/span>Install the valve on direction with arrow shown on the valve.<\/li>\n<li><span class=\"fa-li\"><i class=\"icon-right-dir\"> <\/i><\/span>Isolation valves (gate valve, butterfly valve, silt trap etc.) could be installed before or after the installation.<\/li>\n<li><span class=\"fa-li\"><i class=\"icon-right-dir\"> <\/i><\/span>Valve should be installed on the waterline in a \u201cT\u201d shaped connection.<\/li>\n<\/ol>\n<h2>Electrical Float Level Control Product Features<\/h2>\n<ol class=\"fa-ul\">\n<li><span class=\"fa-li\"><i class=\"icon-right-dir\"> <\/i><\/span>No need for extra energy by running on pressure network.<\/li>\n<li><span class=\"fa-li\"><i class=\"icon-right-dir\"> <\/i><\/span>Easy and zero adjustment to demanded pressure.<\/li>\n<li><span class=\"fa-li\"><i class=\"icon-right-dir\"> <\/i><\/span>Pressure reduction without being affected by pressure and flow changes in network.<\/li>\n<li><span class=\"fa-li\"><i class=\"icon-right-dir\"> <\/i><\/span>Easy maintenance.<\/li>\n<li><span class=\"fa-li\"><i class=\"icon-right-dir\"> <\/i><\/span>Low Cavitation risk.<\/li>\n<\/ol>\n<\/div>\n","protected":false},"excerpt":{"rendered":"<p>TVN V528 Vannes \u00c9lectrique \u00c0 Flotteur de R\u00e9gulation sont les vannes de commande hydrauliques, con\u00e7ues pour contr\u00f4ler le niveau d&rsquo;eau des structures de stockage d&rsquo;eau en<span class=\"excerpt-hellip\"> [\u2026]<\/span><\/p>\n","protected":false},"featured_media":691,"template":"","meta":[],"product_brand":[],"product_cat":[41],"product_tag":[],"class_list":{"0":"post-690","1":"product","2":"type-product","3":"status-publish","4":"has-post-thumbnail","6":"product_cat-v52-53-vannes-de-regulation-type-y","8":"first","9":"instock","10":"featured","11":"shipping-taxable","12":"product-type-simple"},"yoast_head":"<!-- This site is optimized with the Yoast SEO plugin v27.4 - https:\/\/yoast.com\/product\/yoast-seo-wordpress\/ -->\n<title>Electrical Float Valve V528 - TVN Valve &amp; Piping Company<\/title>\n<meta name=\"description\" content=\"TVN V528 Electrical Float Level Control Valve is the hydraulic control valves, designed to control water level of water storing structures continuously\" \/>\n<meta name=\"robots\" content=\"index, follow, max-snippet:-1, max-image-preview:large, max-video-preview:-1\" \/>\n<link rel=\"canonical\" href=\"https:\/\/www.tvnvalve.com\/fr\/produits\/v528-vanne-electrique-de-regulation-a-flotteur\/\" \/>\n<meta property=\"og:locale\" content=\"fr_FR\" \/>\n<meta property=\"og:type\" content=\"article\" \/>\n<meta property=\"og:title\" content=\"Electrical Float Valve V528 - TVN Valve &amp; Piping Company\" \/>\n<meta property=\"og:description\" content=\"TVN V528 Electrical Float Level Control Valve is the hydraulic control valves, designed to control water level of water storing structures continuously\" \/>\n<meta property=\"og:url\" content=\"https:\/\/www.tvnvalve.com\/fr\/produits\/v528-vanne-electrique-de-regulation-a-flotteur\/\" \/>\n<meta property=\"og:site_name\" content=\"TVN Valve &amp; Piping Company\" \/>\n<meta property=\"article:modified_time\" content=\"2020-07-30T20:56:43+00:00\" \/>\n<meta property=\"og:image\" content=\"https:\/\/www.tvnvalve.com\/fr\/wp-content\/uploads\/2020\/06\/V528-ELECTRICAL-FLOAT-LEVEL-CONTROL-VALVE.jpg\" \/>\n\t<meta property=\"og:image:width\" content=\"800\" \/>\n\t<meta property=\"og:image:height\" content=\"832\" \/>\n\t<meta property=\"og:image:type\" content=\"image\/jpeg\" \/>\n<meta name=\"twitter:card\" content=\"summary_large_image\" \/>\n<meta name=\"twitter:label1\" content=\"Dur\u00e9e de lecture estim\u00e9e\" \/>\n\t<meta name=\"twitter:data1\" content=\"1 minute\" \/>\n<script type=\"application\/ld+json\" class=\"yoast-schema-graph\">{\"@context\":\"https:\\\/\\\/schema.org\",\"@graph\":[{\"@type\":\"WebPage\",\"@id\":\"https:\\\/\\\/www.tvnvalve.com\\\/fr\\\/produits\\\/v528-vanne-electrique-de-regulation-a-flotteur\\\/\",\"url\":\"https:\\\/\\\/www.tvnvalve.com\\\/fr\\\/produits\\\/v528-vanne-electrique-de-regulation-a-flotteur\\\/\",\"name\":\"Electrical Float Valve V528 - TVN Valve &amp; Piping Company\",\"isPartOf\":{\"@id\":\"https:\\\/\\\/www.tvnvalve.com\\\/fr\\\/#website\"},\"primaryImageOfPage\":{\"@id\":\"https:\\\/\\\/www.tvnvalve.com\\\/fr\\\/produits\\\/v528-vanne-electrique-de-regulation-a-flotteur\\\/#primaryimage\"},\"image\":{\"@id\":\"https:\\\/\\\/www.tvnvalve.com\\\/fr\\\/produits\\\/v528-vanne-electrique-de-regulation-a-flotteur\\\/#primaryimage\"},\"thumbnailUrl\":\"https:\\\/\\\/www.tvnvalve.com\\\/fr\\\/wp-content\\\/uploads\\\/2020\\\/06\\\/V528-ELECTRICAL-FLOAT-LEVEL-CONTROL-VALVE.jpg\",\"datePublished\":\"2020-06-26T12:05:17+00:00\",\"dateModified\":\"2020-07-30T20:56:43+00:00\",\"description\":\"TVN V528 Electrical Float Level Control Valve is the hydraulic control valves, designed to control water level of water storing structures continuously\",\"breadcrumb\":{\"@id\":\"https:\\\/\\\/www.tvnvalve.com\\\/fr\\\/produits\\\/v528-vanne-electrique-de-regulation-a-flotteur\\\/#breadcrumb\"},\"inLanguage\":\"fr-FR\",\"potentialAction\":[{\"@type\":\"ReadAction\",\"target\":[\"https:\\\/\\\/www.tvnvalve.com\\\/fr\\\/produits\\\/v528-vanne-electrique-de-regulation-a-flotteur\\\/\"]}]},{\"@type\":\"ImageObject\",\"inLanguage\":\"fr-FR\",\"@id\":\"https:\\\/\\\/www.tvnvalve.com\\\/fr\\\/produits\\\/v528-vanne-electrique-de-regulation-a-flotteur\\\/#primaryimage\",\"url\":\"https:\\\/\\\/www.tvnvalve.com\\\/fr\\\/wp-content\\\/uploads\\\/2020\\\/06\\\/V528-ELECTRICAL-FLOAT-LEVEL-CONTROL-VALVE.jpg\",\"contentUrl\":\"https:\\\/\\\/www.tvnvalve.com\\\/fr\\\/wp-content\\\/uploads\\\/2020\\\/06\\\/V528-ELECTRICAL-FLOAT-LEVEL-CONTROL-VALVE.jpg\",\"width\":800,\"height\":832,\"caption\":\"Electrical Float Level Control Valve\"},{\"@type\":\"BreadcrumbList\",\"@id\":\"https:\\\/\\\/www.tvnvalve.com\\\/fr\\\/produits\\\/v528-vanne-electrique-de-regulation-a-flotteur\\\/#breadcrumb\",\"itemListElement\":[{\"@type\":\"ListItem\",\"position\":1,\"name\":\"Home\",\"item\":\"https:\\\/\\\/www.tvnvalve.com\\\/fr\\\/\"},{\"@type\":\"ListItem\",\"position\":2,\"name\":\"Produits\",\"item\":\"https:\\\/\\\/www.tvnvalve.com\\\/fr\\\/produits\\\/\"},{\"@type\":\"ListItem\",\"position\":3,\"name\":\"V528 VANNE \u00c9LECTRIQUE DE R\u00c9GULATION \u00c0 FLOTTEUR\"}]},{\"@type\":\"WebSite\",\"@id\":\"https:\\\/\\\/www.tvnvalve.com\\\/fr\\\/#website\",\"url\":\"https:\\\/\\\/www.tvnvalve.com\\\/fr\\\/\",\"name\":\"TVN Valve &amp; Piping Company\",\"description\":\"Valve &amp; Piping Manufacturer\",\"potentialAction\":[{\"@type\":\"SearchAction\",\"target\":{\"@type\":\"EntryPoint\",\"urlTemplate\":\"https:\\\/\\\/www.tvnvalve.com\\\/fr\\\/?s={search_term_string}\"},\"query-input\":{\"@type\":\"PropertyValueSpecification\",\"valueRequired\":true,\"valueName\":\"search_term_string\"}}],\"inLanguage\":\"fr-FR\"}]}<\/script>\n<!-- \/ Yoast SEO plugin. -->","yoast_head_json":{"title":"Electrical Float Valve V528 - TVN Valve &amp; Piping Company","description":"TVN V528 Electrical Float Level Control Valve is the hydraulic control valves, designed to control water level of water storing structures continuously","robots":{"index":"index","follow":"follow","max-snippet":"max-snippet:-1","max-image-preview":"max-image-preview:large","max-video-preview":"max-video-preview:-1"},"canonical":"https:\/\/www.tvnvalve.com\/fr\/produits\/v528-vanne-electrique-de-regulation-a-flotteur\/","og_locale":"fr_FR","og_type":"article","og_title":"Electrical Float Valve V528 - TVN Valve &amp; Piping Company","og_description":"TVN V528 Electrical Float Level Control Valve is the hydraulic control valves, designed to control water level of water storing structures continuously","og_url":"https:\/\/www.tvnvalve.com\/fr\/produits\/v528-vanne-electrique-de-regulation-a-flotteur\/","og_site_name":"TVN Valve &amp; Piping Company","article_modified_time":"2020-07-30T20:56:43+00:00","og_image":[{"width":800,"height":832,"url":"https:\/\/www.tvnvalve.com\/fr\/wp-content\/uploads\/2020\/06\/V528-ELECTRICAL-FLOAT-LEVEL-CONTROL-VALVE.jpg","type":"image\/jpeg"}],"twitter_card":"summary_large_image","twitter_misc":{"Dur\u00e9e de lecture estim\u00e9e":"1 minute"},"schema":{"@context":"https:\/\/schema.org","@graph":[{"@type":"WebPage","@id":"https:\/\/www.tvnvalve.com\/fr\/produits\/v528-vanne-electrique-de-regulation-a-flotteur\/","url":"https:\/\/www.tvnvalve.com\/fr\/produits\/v528-vanne-electrique-de-regulation-a-flotteur\/","name":"Electrical Float Valve V528 - TVN Valve &amp; Piping Company","isPartOf":{"@id":"https:\/\/www.tvnvalve.com\/fr\/#website"},"primaryImageOfPage":{"@id":"https:\/\/www.tvnvalve.com\/fr\/produits\/v528-vanne-electrique-de-regulation-a-flotteur\/#primaryimage"},"image":{"@id":"https:\/\/www.tvnvalve.com\/fr\/produits\/v528-vanne-electrique-de-regulation-a-flotteur\/#primaryimage"},"thumbnailUrl":"https:\/\/www.tvnvalve.com\/fr\/wp-content\/uploads\/2020\/06\/V528-ELECTRICAL-FLOAT-LEVEL-CONTROL-VALVE.jpg","datePublished":"2020-06-26T12:05:17+00:00","dateModified":"2020-07-30T20:56:43+00:00","description":"TVN V528 Electrical Float Level Control Valve is the hydraulic control valves, designed to control water level of water storing structures continuously","breadcrumb":{"@id":"https:\/\/www.tvnvalve.com\/fr\/produits\/v528-vanne-electrique-de-regulation-a-flotteur\/#breadcrumb"},"inLanguage":"fr-FR","potentialAction":[{"@type":"ReadAction","target":["https:\/\/www.tvnvalve.com\/fr\/produits\/v528-vanne-electrique-de-regulation-a-flotteur\/"]}]},{"@type":"ImageObject","inLanguage":"fr-FR","@id":"https:\/\/www.tvnvalve.com\/fr\/produits\/v528-vanne-electrique-de-regulation-a-flotteur\/#primaryimage","url":"https:\/\/www.tvnvalve.com\/fr\/wp-content\/uploads\/2020\/06\/V528-ELECTRICAL-FLOAT-LEVEL-CONTROL-VALVE.jpg","contentUrl":"https:\/\/www.tvnvalve.com\/fr\/wp-content\/uploads\/2020\/06\/V528-ELECTRICAL-FLOAT-LEVEL-CONTROL-VALVE.jpg","width":800,"height":832,"caption":"Electrical Float Level Control Valve"},{"@type":"BreadcrumbList","@id":"https:\/\/www.tvnvalve.com\/fr\/produits\/v528-vanne-electrique-de-regulation-a-flotteur\/#breadcrumb","itemListElement":[{"@type":"ListItem","position":1,"name":"Home","item":"https:\/\/www.tvnvalve.com\/fr\/"},{"@type":"ListItem","position":2,"name":"Produits","item":"https:\/\/www.tvnvalve.com\/fr\/produits\/"},{"@type":"ListItem","position":3,"name":"V528 VANNE \u00c9LECTRIQUE DE R\u00c9GULATION \u00c0 FLOTTEUR"}]},{"@type":"WebSite","@id":"https:\/\/www.tvnvalve.com\/fr\/#website","url":"https:\/\/www.tvnvalve.com\/fr\/","name":"TVN Valve &amp; Piping Company","description":"Valve &amp; Piping Manufacturer","potentialAction":[{"@type":"SearchAction","target":{"@type":"EntryPoint","urlTemplate":"https:\/\/www.tvnvalve.com\/fr\/?s={search_term_string}"},"query-input":{"@type":"PropertyValueSpecification","valueRequired":true,"valueName":"search_term_string"}}],"inLanguage":"fr-FR"}]}},"_links":{"self":[{"href":"https:\/\/www.tvnvalve.com\/fr\/wp-json\/wp\/v2\/product\/690","targetHints":{"allow":["GET"]}}],"collection":[{"href":"https:\/\/www.tvnvalve.com\/fr\/wp-json\/wp\/v2\/product"}],"about":[{"href":"https:\/\/www.tvnvalve.com\/fr\/wp-json\/wp\/v2\/types\/product"}],"wp:featuredmedia":[{"embeddable":true,"href":"https:\/\/www.tvnvalve.com\/fr\/wp-json\/wp\/v2\/media\/691"}],"wp:attachment":[{"href":"https:\/\/www.tvnvalve.com\/fr\/wp-json\/wp\/v2\/media?parent=690"}],"wp:term":[{"taxonomy":"product_brand","embeddable":true,"href":"https:\/\/www.tvnvalve.com\/fr\/wp-json\/wp\/v2\/product_brand?post=690"},{"taxonomy":"product_cat","embeddable":true,"href":"https:\/\/www.tvnvalve.com\/fr\/wp-json\/wp\/v2\/product_cat?post=690"},{"taxonomy":"product_tag","embeddable":true,"href":"https:\/\/www.tvnvalve.com\/fr\/wp-json\/wp\/v2\/product_tag?post=690"}],"curies":[{"name":"wp","href":"https:\/\/api.w.org\/{rel}","templated":true}]}}