{"id":682,"date":"2020-06-26T11:50:48","date_gmt":"2020-06-26T11:50:48","guid":{"rendered":"https:\/\/www.ansolon.com\/tvn\/?post_type=product&#038;p=682"},"modified":"2020-07-30T20:57:03","modified_gmt":"2020-07-30T20:57:03","slug":"v531-vanne-de-regulation-anti-surtension","status":"publish","type":"product","link":"https:\/\/www.tvnvalve.com\/fr\/produits\/v531-vanne-de-regulation-anti-surtension\/","title":{"rendered":"V531 VANNE DE R\u00c9GULATION ANTI-SURTENSION"},"content":{"rendered":"<p>\n<a   class=\"button  has-icon button_left button_size_1\"  href=\"https:\/\/www.tvnvalve.com\/fr\/wp-content\/uploads\/2020\/07\/TVN-Soupape-Tuyauterie-Catalogue-V531.pdf\" style=\"background-color:#b51f13!important;color:#ffffff;\" target=\"_blank\"    title=\"\"><span class=\"button_icon\"><i class=\"icon-acrobat\"  style=\"color:#ffffff!important;\" aria-hidden=\"true\"><\/i><\/span><span class=\"button_label\">T\u00e9l\u00e9charger la fiche technique PDF<\/span><\/a>\n<br \/>\n<\/p>\n<p>TVN V531 Vannes de R\u00e9gulation Anti-Surtension assure la protection du syst\u00e8me de r\u00e9seau d&rsquo;eau en lib\u00e9rant les fluctuations de pression caus\u00e9es par les changements de la vitesse de l&rsquo;eau \u00e0 la suite des coupures d&rsquo;\u00e9nergie dans les syst\u00e8mes de pompe et les pompes en marche et en arr\u00eat. En cas de coupure de courant, la vanne s&rsquo;ouvre rapidement sur la tuyauterie principale et lib\u00e8re l&rsquo;onde de pression. Lorsque la pression de service atteint des valeurs normales, la vanne se ferme progressivement.<\/p>\n<div class=\"deschide\">\n<h2>Application Range<\/h2>\n<ol class=\"fa-ul\">\n<li><span class=\"fa-li\"><i class=\"icon-right-dir\"> <\/i><\/span>Water applications<\/li>\n<li><span class=\"fa-li\"><i class=\"icon-right-dir\"> <\/i><\/span>Household implementation<\/li>\n<li><span class=\"fa-li\"><i class=\"icon-right-dir\"> <\/i><\/span>Supply of water fire extinguishing<\/li>\n<li><span class=\"fa-li\"><i class=\"icon-right-dir\"> <\/i><\/span>Various applications of industrial systems.<\/li>\n<li><span class=\"fa-li\"><i class=\"icon-right-dir\"> <\/i><\/span>Food and chemical enterprises<\/li>\n<\/ol>\n<h2>Assembly<\/h2>\n<ol class=\"fa-ul\">\n<li><span class=\"fa-li\"><i class=\"icon-right-dir\"> <\/i><\/span>Valve must be on the same alignment with pipelines during installation.<\/li>\n<li><span class=\"fa-li\"><i class=\"icon-right-dir\"> <\/i><\/span>Install the valve on direction with arrow shown on the valve.<\/li>\n<li><span class=\"fa-li\"><i class=\"icon-right-dir\"> <\/i><\/span>Isolation valves (gate valve, butterfly valve, silt trap etc.) could be installed before or after the installation.<\/li>\n<li><span class=\"fa-li\"><i class=\"icon-right-dir\"> <\/i><\/span>Valve should be installed on the waterline in a \u201cT\u201d shaped connection as shown on application above. \u2018\u2019P.S: Pressure signal line must be installed on the main pipeline\u2019\u2019.<\/li>\n<\/ol>\n<h2>Product Features<\/h2>\n<ol class=\"fa-ul\">\n<li><span class=\"fa-li\"><i class=\"icon-right-dir\"> <\/i><\/span>No need for extra energy by running on pressure network<\/li>\n<li><span class=\"fa-li\"><i class=\"icon-right-dir\"> <\/i><\/span>Easy and zero adjustment to demanded pressure<\/li>\n<li><span class=\"fa-li\"><i class=\"icon-right-dir\"> <\/i><\/span>Pressure reduction without being affected by pressure and flow changes in network<\/li>\n<li><span class=\"fa-li\"><i class=\"icon-right-dir\"> <\/i><\/span>Easy maintenance<\/li>\n<li><span class=\"fa-li\"><i class=\"icon-right-dir\"> <\/i><\/span>Quick Detection of high and low pressure<\/li>\n<li><span class=\"fa-li\"><i class=\"icon-right-dir\"> <\/i><\/span>Low Cavitation risk<\/li>\n<\/ol>\n<\/div>\n","protected":false},"excerpt":{"rendered":"<p>TVN V531 Vannes de R\u00e9gulation Anti-Surtension assure la protection du syst\u00e8me de r\u00e9seau d&rsquo;eau en lib\u00e9rant les fluctuations de pression caus\u00e9es par les changements de la<span class=\"excerpt-hellip\"> [\u2026]<\/span><\/p>\n","protected":false},"featured_media":684,"template":"","meta":[],"product_brand":[],"product_cat":[41],"product_tag":[],"class_list":{"0":"post-682","1":"product","2":"type-product","3":"status-publish","4":"has-post-thumbnail","6":"product_cat-v52-53-vannes-de-regulation-type-y","8":"first","9":"instock","10":"featured","11":"shipping-taxable","12":"product-type-simple"},"yoast_head":"<!-- This site is optimized with the Yoast SEO plugin v27.4 - https:\/\/yoast.com\/product\/yoast-seo-wordpress\/ -->\n<title>V531 VANNE DE R\u00c9GULATION ANTI-SURTENSION - TVN Valve &amp; Piping Company<\/title>\n<meta name=\"description\" content=\"TVN V531 Surge Anticipating Valves provide protection of the water network system by releasing the pressure fluctuations caused by the changes..\" \/>\n<meta name=\"robots\" content=\"index, follow, max-snippet:-1, max-image-preview:large, max-video-preview:-1\" \/>\n<link rel=\"canonical\" href=\"https:\/\/www.tvnvalve.com\/fr\/produits\/v531-vanne-de-regulation-anti-surtension\/\" \/>\n<meta property=\"og:locale\" content=\"fr_FR\" \/>\n<meta property=\"og:type\" content=\"article\" \/>\n<meta property=\"og:title\" content=\"V531 VANNE DE R\u00c9GULATION ANTI-SURTENSION - TVN Valve &amp; Piping Company\" \/>\n<meta property=\"og:description\" content=\"TVN V531 Surge Anticipating Valves provide protection of the water network system by releasing the pressure fluctuations caused by the changes..\" \/>\n<meta property=\"og:url\" content=\"https:\/\/www.tvnvalve.com\/fr\/produits\/v531-vanne-de-regulation-anti-surtension\/\" \/>\n<meta property=\"og:site_name\" content=\"TVN Valve &amp; Piping Company\" \/>\n<meta property=\"article:modified_time\" content=\"2020-07-30T20:57:03+00:00\" \/>\n<meta property=\"og:image\" content=\"https:\/\/www.tvnvalve.com\/fr\/wp-content\/uploads\/2020\/06\/V531-SURGE-ANTICIPATING-CONTROL-VALVE.jpg\" \/>\n\t<meta property=\"og:image:width\" content=\"800\" \/>\n\t<meta property=\"og:image:height\" content=\"832\" \/>\n\t<meta property=\"og:image:type\" content=\"image\/jpeg\" \/>\n<meta name=\"twitter:card\" content=\"summary_large_image\" \/>\n<meta name=\"twitter:label1\" content=\"Dur\u00e9e de lecture estim\u00e9e\" \/>\n\t<meta name=\"twitter:data1\" content=\"1 minute\" \/>\n<script type=\"application\/ld+json\" class=\"yoast-schema-graph\">{\"@context\":\"https:\\\/\\\/schema.org\",\"@graph\":[{\"@type\":\"WebPage\",\"@id\":\"https:\\\/\\\/www.tvnvalve.com\\\/fr\\\/produits\\\/v531-vanne-de-regulation-anti-surtension\\\/\",\"url\":\"https:\\\/\\\/www.tvnvalve.com\\\/fr\\\/produits\\\/v531-vanne-de-regulation-anti-surtension\\\/\",\"name\":\"V531 VANNE DE R\u00c9GULATION ANTI-SURTENSION - TVN Valve &amp; Piping Company\",\"isPartOf\":{\"@id\":\"https:\\\/\\\/www.tvnvalve.com\\\/fr\\\/#website\"},\"primaryImageOfPage\":{\"@id\":\"https:\\\/\\\/www.tvnvalve.com\\\/fr\\\/produits\\\/v531-vanne-de-regulation-anti-surtension\\\/#primaryimage\"},\"image\":{\"@id\":\"https:\\\/\\\/www.tvnvalve.com\\\/fr\\\/produits\\\/v531-vanne-de-regulation-anti-surtension\\\/#primaryimage\"},\"thumbnailUrl\":\"https:\\\/\\\/www.tvnvalve.com\\\/fr\\\/wp-content\\\/uploads\\\/2020\\\/06\\\/V531-SURGE-ANTICIPATING-CONTROL-VALVE.jpg\",\"datePublished\":\"2020-06-26T11:50:48+00:00\",\"dateModified\":\"2020-07-30T20:57:03+00:00\",\"description\":\"TVN V531 Surge Anticipating Valves provide protection of the water network system by releasing the pressure fluctuations caused by the changes..\",\"breadcrumb\":{\"@id\":\"https:\\\/\\\/www.tvnvalve.com\\\/fr\\\/produits\\\/v531-vanne-de-regulation-anti-surtension\\\/#breadcrumb\"},\"inLanguage\":\"fr-FR\",\"potentialAction\":[{\"@type\":\"ReadAction\",\"target\":[\"https:\\\/\\\/www.tvnvalve.com\\\/fr\\\/produits\\\/v531-vanne-de-regulation-anti-surtension\\\/\"]}]},{\"@type\":\"ImageObject\",\"inLanguage\":\"fr-FR\",\"@id\":\"https:\\\/\\\/www.tvnvalve.com\\\/fr\\\/produits\\\/v531-vanne-de-regulation-anti-surtension\\\/#primaryimage\",\"url\":\"https:\\\/\\\/www.tvnvalve.com\\\/fr\\\/wp-content\\\/uploads\\\/2020\\\/06\\\/V531-SURGE-ANTICIPATING-CONTROL-VALVE.jpg\",\"contentUrl\":\"https:\\\/\\\/www.tvnvalve.com\\\/fr\\\/wp-content\\\/uploads\\\/2020\\\/06\\\/V531-SURGE-ANTICIPATING-CONTROL-VALVE.jpg\",\"width\":800,\"height\":832,\"caption\":\"Surge Anticipating Control Valve\"},{\"@type\":\"BreadcrumbList\",\"@id\":\"https:\\\/\\\/www.tvnvalve.com\\\/fr\\\/produits\\\/v531-vanne-de-regulation-anti-surtension\\\/#breadcrumb\",\"itemListElement\":[{\"@type\":\"ListItem\",\"position\":1,\"name\":\"Home\",\"item\":\"https:\\\/\\\/www.tvnvalve.com\\\/fr\\\/\"},{\"@type\":\"ListItem\",\"position\":2,\"name\":\"Produits\",\"item\":\"https:\\\/\\\/www.tvnvalve.com\\\/fr\\\/produits\\\/\"},{\"@type\":\"ListItem\",\"position\":3,\"name\":\"V531 VANNE DE R\u00c9GULATION ANTI-SURTENSION\"}]},{\"@type\":\"WebSite\",\"@id\":\"https:\\\/\\\/www.tvnvalve.com\\\/fr\\\/#website\",\"url\":\"https:\\\/\\\/www.tvnvalve.com\\\/fr\\\/\",\"name\":\"TVN Valve &amp; Piping Company\",\"description\":\"Valve &amp; Piping Manufacturer\",\"potentialAction\":[{\"@type\":\"SearchAction\",\"target\":{\"@type\":\"EntryPoint\",\"urlTemplate\":\"https:\\\/\\\/www.tvnvalve.com\\\/fr\\\/?s={search_term_string}\"},\"query-input\":{\"@type\":\"PropertyValueSpecification\",\"valueRequired\":true,\"valueName\":\"search_term_string\"}}],\"inLanguage\":\"fr-FR\"}]}<\/script>\n<!-- \/ Yoast SEO plugin. -->","yoast_head_json":{"title":"V531 VANNE DE R\u00c9GULATION ANTI-SURTENSION - TVN Valve &amp; Piping Company","description":"TVN V531 Surge Anticipating Valves provide protection of the water network system by releasing the pressure fluctuations caused by the changes..","robots":{"index":"index","follow":"follow","max-snippet":"max-snippet:-1","max-image-preview":"max-image-preview:large","max-video-preview":"max-video-preview:-1"},"canonical":"https:\/\/www.tvnvalve.com\/fr\/produits\/v531-vanne-de-regulation-anti-surtension\/","og_locale":"fr_FR","og_type":"article","og_title":"V531 VANNE DE R\u00c9GULATION ANTI-SURTENSION - TVN Valve &amp; Piping Company","og_description":"TVN V531 Surge Anticipating Valves provide protection of the water network system by releasing the pressure fluctuations caused by the changes..","og_url":"https:\/\/www.tvnvalve.com\/fr\/produits\/v531-vanne-de-regulation-anti-surtension\/","og_site_name":"TVN Valve &amp; Piping Company","article_modified_time":"2020-07-30T20:57:03+00:00","og_image":[{"width":800,"height":832,"url":"https:\/\/www.tvnvalve.com\/fr\/wp-content\/uploads\/2020\/06\/V531-SURGE-ANTICIPATING-CONTROL-VALVE.jpg","type":"image\/jpeg"}],"twitter_card":"summary_large_image","twitter_misc":{"Dur\u00e9e de lecture estim\u00e9e":"1 minute"},"schema":{"@context":"https:\/\/schema.org","@graph":[{"@type":"WebPage","@id":"https:\/\/www.tvnvalve.com\/fr\/produits\/v531-vanne-de-regulation-anti-surtension\/","url":"https:\/\/www.tvnvalve.com\/fr\/produits\/v531-vanne-de-regulation-anti-surtension\/","name":"V531 VANNE DE R\u00c9GULATION ANTI-SURTENSION - TVN Valve &amp; Piping Company","isPartOf":{"@id":"https:\/\/www.tvnvalve.com\/fr\/#website"},"primaryImageOfPage":{"@id":"https:\/\/www.tvnvalve.com\/fr\/produits\/v531-vanne-de-regulation-anti-surtension\/#primaryimage"},"image":{"@id":"https:\/\/www.tvnvalve.com\/fr\/produits\/v531-vanne-de-regulation-anti-surtension\/#primaryimage"},"thumbnailUrl":"https:\/\/www.tvnvalve.com\/fr\/wp-content\/uploads\/2020\/06\/V531-SURGE-ANTICIPATING-CONTROL-VALVE.jpg","datePublished":"2020-06-26T11:50:48+00:00","dateModified":"2020-07-30T20:57:03+00:00","description":"TVN V531 Surge Anticipating Valves provide protection of the water network system by releasing the pressure fluctuations caused by the changes..","breadcrumb":{"@id":"https:\/\/www.tvnvalve.com\/fr\/produits\/v531-vanne-de-regulation-anti-surtension\/#breadcrumb"},"inLanguage":"fr-FR","potentialAction":[{"@type":"ReadAction","target":["https:\/\/www.tvnvalve.com\/fr\/produits\/v531-vanne-de-regulation-anti-surtension\/"]}]},{"@type":"ImageObject","inLanguage":"fr-FR","@id":"https:\/\/www.tvnvalve.com\/fr\/produits\/v531-vanne-de-regulation-anti-surtension\/#primaryimage","url":"https:\/\/www.tvnvalve.com\/fr\/wp-content\/uploads\/2020\/06\/V531-SURGE-ANTICIPATING-CONTROL-VALVE.jpg","contentUrl":"https:\/\/www.tvnvalve.com\/fr\/wp-content\/uploads\/2020\/06\/V531-SURGE-ANTICIPATING-CONTROL-VALVE.jpg","width":800,"height":832,"caption":"Surge Anticipating Control Valve"},{"@type":"BreadcrumbList","@id":"https:\/\/www.tvnvalve.com\/fr\/produits\/v531-vanne-de-regulation-anti-surtension\/#breadcrumb","itemListElement":[{"@type":"ListItem","position":1,"name":"Home","item":"https:\/\/www.tvnvalve.com\/fr\/"},{"@type":"ListItem","position":2,"name":"Produits","item":"https:\/\/www.tvnvalve.com\/fr\/produits\/"},{"@type":"ListItem","position":3,"name":"V531 VANNE DE R\u00c9GULATION ANTI-SURTENSION"}]},{"@type":"WebSite","@id":"https:\/\/www.tvnvalve.com\/fr\/#website","url":"https:\/\/www.tvnvalve.com\/fr\/","name":"TVN Valve &amp; Piping Company","description":"Valve &amp; Piping Manufacturer","potentialAction":[{"@type":"SearchAction","target":{"@type":"EntryPoint","urlTemplate":"https:\/\/www.tvnvalve.com\/fr\/?s={search_term_string}"},"query-input":{"@type":"PropertyValueSpecification","valueRequired":true,"valueName":"search_term_string"}}],"inLanguage":"fr-FR"}]}},"_links":{"self":[{"href":"https:\/\/www.tvnvalve.com\/fr\/wp-json\/wp\/v2\/product\/682","targetHints":{"allow":["GET"]}}],"collection":[{"href":"https:\/\/www.tvnvalve.com\/fr\/wp-json\/wp\/v2\/product"}],"about":[{"href":"https:\/\/www.tvnvalve.com\/fr\/wp-json\/wp\/v2\/types\/product"}],"wp:featuredmedia":[{"embeddable":true,"href":"https:\/\/www.tvnvalve.com\/fr\/wp-json\/wp\/v2\/media\/684"}],"wp:attachment":[{"href":"https:\/\/www.tvnvalve.com\/fr\/wp-json\/wp\/v2\/media?parent=682"}],"wp:term":[{"taxonomy":"product_brand","embeddable":true,"href":"https:\/\/www.tvnvalve.com\/fr\/wp-json\/wp\/v2\/product_brand?post=682"},{"taxonomy":"product_cat","embeddable":true,"href":"https:\/\/www.tvnvalve.com\/fr\/wp-json\/wp\/v2\/product_cat?post=682"},{"taxonomy":"product_tag","embeddable":true,"href":"https:\/\/www.tvnvalve.com\/fr\/wp-json\/wp\/v2\/product_tag?post=682"}],"curies":[{"name":"wp","href":"https:\/\/api.w.org\/{rel}","templated":true}]}}