{"id":679,"date":"2020-06-26T11:42:59","date_gmt":"2020-06-26T11:42:59","guid":{"rendered":"https:\/\/www.ansolon.com\/tvn\/?post_type=product&#038;p=679"},"modified":"2020-07-30T20:57:11","modified_gmt":"2020-07-30T20:57:11","slug":"v532-vanne-de-regulation-de-pompe-de-gavage-axe-horizontale","status":"publish","type":"product","link":"https:\/\/www.tvnvalve.com\/fr\/produits\/v532-vanne-de-regulation-de-pompe-de-gavage-axe-horizontale\/","title":{"rendered":"V532 VANNE DE R\u00c9GULATION DE POMPE DE GAVAGE &#8211; AXE HORIZONTALE"},"content":{"rendered":"<p>\n<a   class=\"button  has-icon button_left button_size_1\"  href=\"https:\/\/www.tvnvalve.com\/fr\/wp-content\/uploads\/2020\/07\/TVN-Soupape-Tuyauterie-Catalogue-V532.pdf\" style=\"background-color:#b51f13!important;color:#ffffff;\" target=\"_blank\"    title=\"\"><span class=\"button_icon\"><i class=\"icon-acrobat\"  style=\"color:#ffffff!important;\" aria-hidden=\"true\"><\/i><\/span><span class=\"button_label\">T\u00e9l\u00e9charger la fiche technique PDF<\/span><\/a>\n<br \/>\n<br \/>\nV532 Vannes de R\u00e9gulation de Pompe de Gavage sont con\u00e7us pour activer et d\u00e9sactiver automatiquement les pompes sans endommager le syst\u00e8me. Il est connect\u00e9 au syst\u00e8me en s\u00e9rie. Il s&rsquo;allume avec la pompe ensemble. Lorsque le syst\u00e8me est arr\u00eat\u00e9, la pompe est arr\u00eat\u00e9e apr\u00e8s la vanne. Il emp\u00eache le syst\u00e8me des fluctuations de pression pendant le processus d&rsquo;ouverture et de fermeture. Il agit en m\u00eame temps comme un clapet hydraulique. La vanne de commande du surpresseur peut \u00eatre contr\u00f4l\u00e9e par un relais temporis\u00e9 de commande, un interrupteur, un panneau de commande PLC et un \u00e9quipement de commande similaire.<\/p>\n<div class=\"deschide\">\n<h2>Application Range<\/h2>\n<ol class=\"fa-ul\">\n<li><span class=\"fa-li\"><i class=\"icon-right-dir\"> <\/i><\/span>Water applications<\/li>\n<li><span class=\"fa-li\"><i class=\"icon-right-dir\"> <\/i><\/span>Household implementation<\/li>\n<li><span class=\"fa-li\"><i class=\"icon-right-dir\"> <\/i><\/span>Supply of water fire extinguishing<\/li>\n<li><span class=\"fa-li\"><i class=\"icon-right-dir\"> <\/i><\/span>Various applications of industrial systems.<\/li>\n<li><span class=\"fa-li\"><i class=\"icon-right-dir\"> <\/i><\/span>Food and chemical enterprises<\/li>\n<\/ol>\n<h2>Assembly<\/h2>\n<ol class=\"fa-ul\">\n<li><span class=\"fa-li\"><i class=\"icon-right-dir\"> <\/i><\/span>Valve can be installed horizontally or vertically.<\/li>\n<li><span class=\"fa-li\"><i class=\"icon-right-dir\"> <\/i><\/span>Valve must be on the same alignment with pipelines during installation.<\/li>\n<li><span class=\"fa-li\"><i class=\"icon-right-dir\"> <\/i><\/span>Install the valve on direction with arrow shown on the valve.<\/li>\n<li><span class=\"fa-li\"><i class=\"icon-right-dir\"> <\/i><\/span>Isolation valves (gate valve, butterfly valve, silt trap etc.) could be installed before or after the installation.<\/li>\n<li><span class=\"fa-li\"><i class=\"icon-right-dir\"> <\/i><\/span>Connect Solenoid valve and limit switch to Control Panel according to electrical schematic.<\/li>\n<\/ol>\n<h2>Product Features<\/h2>\n<ol class=\"fa-ul\">\n<li><span class=\"fa-li\"><i class=\"icon-right-dir\"> <\/i><\/span>Runs on main water pressure without needing additional energy<\/li>\n<li><span class=\"fa-li\"><i class=\"icon-right-dir\"> <\/i><\/span>Classification by importance of pressure areas<\/li>\n<li><span class=\"fa-li\"><i class=\"icon-right-dir\"> <\/i><\/span>Pressure reduction without being affected by pressure and flow rates on the system<\/li>\n<li><span class=\"fa-li\"><i class=\"icon-right-dir\"> <\/i><\/span>Controlled waterline flow on curved systems<\/li>\n<li><span class=\"fa-li\"><i class=\"icon-right-dir\"> <\/i><\/span>Easy maintenance<\/li>\n<\/ol>\n<\/div>\n","protected":false},"excerpt":{"rendered":"<p>V532 Vannes de R\u00e9gulation de Pompe de Gavage sont con\u00e7us pour activer et d\u00e9sactiver automatiquement les pompes sans endommager le syst\u00e8me. Il est connect\u00e9 au syst\u00e8me<span class=\"excerpt-hellip\"> [\u2026]<\/span><\/p>\n","protected":false},"featured_media":680,"template":"","meta":[],"product_brand":[],"product_cat":[41],"product_tag":[],"class_list":{"0":"post-679","1":"product","2":"type-product","3":"status-publish","4":"has-post-thumbnail","6":"product_cat-v52-53-vannes-de-regulation-type-y","8":"first","9":"instock","10":"featured","11":"shipping-taxable","12":"product-type-simple"},"yoast_head":"<!-- This site is optimized with the Yoast SEO plugin v27.4 - https:\/\/yoast.com\/product\/yoast-seo-wordpress\/ -->\n<title>V532 VANNE DE R\u00c9GULATION DE POMPE DE GAVAGE - AXE HORIZONTALE - TVN Valve &amp; Piping Company<\/title>\n<meta name=\"description\" content=\"V532 Booster Pump Control Valves are designed to automatically activate and deactivate pumps without damaging the system.\" \/>\n<meta name=\"robots\" content=\"index, follow, max-snippet:-1, max-image-preview:large, max-video-preview:-1\" \/>\n<link rel=\"canonical\" href=\"https:\/\/www.tvnvalve.com\/fr\/produits\/v532-vanne-de-regulation-de-pompe-de-gavage-axe-horizontale\/\" \/>\n<meta property=\"og:locale\" content=\"fr_FR\" \/>\n<meta property=\"og:type\" content=\"article\" \/>\n<meta property=\"og:title\" content=\"V532 VANNE DE R\u00c9GULATION DE POMPE DE GAVAGE - AXE HORIZONTALE - TVN Valve &amp; Piping Company\" \/>\n<meta property=\"og:description\" content=\"V532 Booster Pump Control Valves are designed to automatically activate and deactivate pumps without damaging the system.\" \/>\n<meta property=\"og:url\" content=\"https:\/\/www.tvnvalve.com\/fr\/produits\/v532-vanne-de-regulation-de-pompe-de-gavage-axe-horizontale\/\" \/>\n<meta property=\"og:site_name\" content=\"TVN Valve &amp; Piping Company\" \/>\n<meta property=\"article:modified_time\" content=\"2020-07-30T20:57:11+00:00\" \/>\n<meta property=\"og:image\" content=\"https:\/\/www.tvnvalve.com\/fr\/wp-content\/uploads\/2020\/06\/V532-BOOSTER-PUMP-CONTROL-VALVES-HORIZONTAL-STEM.png\" \/>\n\t<meta property=\"og:image:width\" content=\"800\" \/>\n\t<meta property=\"og:image:height\" content=\"832\" \/>\n\t<meta property=\"og:image:type\" content=\"image\/png\" \/>\n<meta name=\"twitter:card\" content=\"summary_large_image\" \/>\n<meta name=\"twitter:label1\" content=\"Dur\u00e9e de lecture estim\u00e9e\" \/>\n\t<meta name=\"twitter:data1\" content=\"1 minute\" \/>\n<script type=\"application\/ld+json\" class=\"yoast-schema-graph\">{\"@context\":\"https:\\\/\\\/schema.org\",\"@graph\":[{\"@type\":\"WebPage\",\"@id\":\"https:\\\/\\\/www.tvnvalve.com\\\/fr\\\/produits\\\/v532-vanne-de-regulation-de-pompe-de-gavage-axe-horizontale\\\/\",\"url\":\"https:\\\/\\\/www.tvnvalve.com\\\/fr\\\/produits\\\/v532-vanne-de-regulation-de-pompe-de-gavage-axe-horizontale\\\/\",\"name\":\"V532 VANNE DE R\u00c9GULATION DE POMPE DE GAVAGE - AXE HORIZONTALE - TVN Valve &amp; Piping Company\",\"isPartOf\":{\"@id\":\"https:\\\/\\\/www.tvnvalve.com\\\/fr\\\/#website\"},\"primaryImageOfPage\":{\"@id\":\"https:\\\/\\\/www.tvnvalve.com\\\/fr\\\/produits\\\/v532-vanne-de-regulation-de-pompe-de-gavage-axe-horizontale\\\/#primaryimage\"},\"image\":{\"@id\":\"https:\\\/\\\/www.tvnvalve.com\\\/fr\\\/produits\\\/v532-vanne-de-regulation-de-pompe-de-gavage-axe-horizontale\\\/#primaryimage\"},\"thumbnailUrl\":\"https:\\\/\\\/www.tvnvalve.com\\\/fr\\\/wp-content\\\/uploads\\\/2020\\\/06\\\/V532-BOOSTER-PUMP-CONTROL-VALVES-HORIZONTAL-STEM.png\",\"datePublished\":\"2020-06-26T11:42:59+00:00\",\"dateModified\":\"2020-07-30T20:57:11+00:00\",\"description\":\"V532 Booster Pump Control Valves are designed to automatically activate and deactivate pumps without damaging the system.\",\"breadcrumb\":{\"@id\":\"https:\\\/\\\/www.tvnvalve.com\\\/fr\\\/produits\\\/v532-vanne-de-regulation-de-pompe-de-gavage-axe-horizontale\\\/#breadcrumb\"},\"inLanguage\":\"fr-FR\",\"potentialAction\":[{\"@type\":\"ReadAction\",\"target\":[\"https:\\\/\\\/www.tvnvalve.com\\\/fr\\\/produits\\\/v532-vanne-de-regulation-de-pompe-de-gavage-axe-horizontale\\\/\"]}]},{\"@type\":\"ImageObject\",\"inLanguage\":\"fr-FR\",\"@id\":\"https:\\\/\\\/www.tvnvalve.com\\\/fr\\\/produits\\\/v532-vanne-de-regulation-de-pompe-de-gavage-axe-horizontale\\\/#primaryimage\",\"url\":\"https:\\\/\\\/www.tvnvalve.com\\\/fr\\\/wp-content\\\/uploads\\\/2020\\\/06\\\/V532-BOOSTER-PUMP-CONTROL-VALVES-HORIZONTAL-STEM.png\",\"contentUrl\":\"https:\\\/\\\/www.tvnvalve.com\\\/fr\\\/wp-content\\\/uploads\\\/2020\\\/06\\\/V532-BOOSTER-PUMP-CONTROL-VALVES-HORIZONTAL-STEM.png\",\"width\":800,\"height\":832,\"caption\":\"Booster Pump Control Valves\"},{\"@type\":\"BreadcrumbList\",\"@id\":\"https:\\\/\\\/www.tvnvalve.com\\\/fr\\\/produits\\\/v532-vanne-de-regulation-de-pompe-de-gavage-axe-horizontale\\\/#breadcrumb\",\"itemListElement\":[{\"@type\":\"ListItem\",\"position\":1,\"name\":\"Home\",\"item\":\"https:\\\/\\\/www.tvnvalve.com\\\/fr\\\/\"},{\"@type\":\"ListItem\",\"position\":2,\"name\":\"Produits\",\"item\":\"https:\\\/\\\/www.tvnvalve.com\\\/fr\\\/produits\\\/\"},{\"@type\":\"ListItem\",\"position\":3,\"name\":\"V532 VANNE DE R\u00c9GULATION DE POMPE DE GAVAGE &#8211; AXE HORIZONTALE\"}]},{\"@type\":\"WebSite\",\"@id\":\"https:\\\/\\\/www.tvnvalve.com\\\/fr\\\/#website\",\"url\":\"https:\\\/\\\/www.tvnvalve.com\\\/fr\\\/\",\"name\":\"TVN Valve &amp; Piping Company\",\"description\":\"Valve &amp; Piping Manufacturer\",\"potentialAction\":[{\"@type\":\"SearchAction\",\"target\":{\"@type\":\"EntryPoint\",\"urlTemplate\":\"https:\\\/\\\/www.tvnvalve.com\\\/fr\\\/?s={search_term_string}\"},\"query-input\":{\"@type\":\"PropertyValueSpecification\",\"valueRequired\":true,\"valueName\":\"search_term_string\"}}],\"inLanguage\":\"fr-FR\"}]}<\/script>\n<!-- \/ Yoast SEO plugin. -->","yoast_head_json":{"title":"V532 VANNE DE R\u00c9GULATION DE POMPE DE GAVAGE - AXE HORIZONTALE - TVN Valve &amp; Piping Company","description":"V532 Booster Pump Control Valves are designed to automatically activate and deactivate pumps without damaging the system.","robots":{"index":"index","follow":"follow","max-snippet":"max-snippet:-1","max-image-preview":"max-image-preview:large","max-video-preview":"max-video-preview:-1"},"canonical":"https:\/\/www.tvnvalve.com\/fr\/produits\/v532-vanne-de-regulation-de-pompe-de-gavage-axe-horizontale\/","og_locale":"fr_FR","og_type":"article","og_title":"V532 VANNE DE R\u00c9GULATION DE POMPE DE GAVAGE - AXE HORIZONTALE - TVN Valve &amp; Piping Company","og_description":"V532 Booster Pump Control Valves are designed to automatically activate and deactivate pumps without damaging the system.","og_url":"https:\/\/www.tvnvalve.com\/fr\/produits\/v532-vanne-de-regulation-de-pompe-de-gavage-axe-horizontale\/","og_site_name":"TVN Valve &amp; Piping Company","article_modified_time":"2020-07-30T20:57:11+00:00","og_image":[{"width":800,"height":832,"url":"https:\/\/www.tvnvalve.com\/fr\/wp-content\/uploads\/2020\/06\/V532-BOOSTER-PUMP-CONTROL-VALVES-HORIZONTAL-STEM.png","type":"image\/png"}],"twitter_card":"summary_large_image","twitter_misc":{"Dur\u00e9e de lecture estim\u00e9e":"1 minute"},"schema":{"@context":"https:\/\/schema.org","@graph":[{"@type":"WebPage","@id":"https:\/\/www.tvnvalve.com\/fr\/produits\/v532-vanne-de-regulation-de-pompe-de-gavage-axe-horizontale\/","url":"https:\/\/www.tvnvalve.com\/fr\/produits\/v532-vanne-de-regulation-de-pompe-de-gavage-axe-horizontale\/","name":"V532 VANNE DE R\u00c9GULATION DE POMPE DE GAVAGE - AXE HORIZONTALE - TVN Valve &amp; Piping Company","isPartOf":{"@id":"https:\/\/www.tvnvalve.com\/fr\/#website"},"primaryImageOfPage":{"@id":"https:\/\/www.tvnvalve.com\/fr\/produits\/v532-vanne-de-regulation-de-pompe-de-gavage-axe-horizontale\/#primaryimage"},"image":{"@id":"https:\/\/www.tvnvalve.com\/fr\/produits\/v532-vanne-de-regulation-de-pompe-de-gavage-axe-horizontale\/#primaryimage"},"thumbnailUrl":"https:\/\/www.tvnvalve.com\/fr\/wp-content\/uploads\/2020\/06\/V532-BOOSTER-PUMP-CONTROL-VALVES-HORIZONTAL-STEM.png","datePublished":"2020-06-26T11:42:59+00:00","dateModified":"2020-07-30T20:57:11+00:00","description":"V532 Booster Pump Control Valves are designed to automatically activate and deactivate pumps without damaging the system.","breadcrumb":{"@id":"https:\/\/www.tvnvalve.com\/fr\/produits\/v532-vanne-de-regulation-de-pompe-de-gavage-axe-horizontale\/#breadcrumb"},"inLanguage":"fr-FR","potentialAction":[{"@type":"ReadAction","target":["https:\/\/www.tvnvalve.com\/fr\/produits\/v532-vanne-de-regulation-de-pompe-de-gavage-axe-horizontale\/"]}]},{"@type":"ImageObject","inLanguage":"fr-FR","@id":"https:\/\/www.tvnvalve.com\/fr\/produits\/v532-vanne-de-regulation-de-pompe-de-gavage-axe-horizontale\/#primaryimage","url":"https:\/\/www.tvnvalve.com\/fr\/wp-content\/uploads\/2020\/06\/V532-BOOSTER-PUMP-CONTROL-VALVES-HORIZONTAL-STEM.png","contentUrl":"https:\/\/www.tvnvalve.com\/fr\/wp-content\/uploads\/2020\/06\/V532-BOOSTER-PUMP-CONTROL-VALVES-HORIZONTAL-STEM.png","width":800,"height":832,"caption":"Booster Pump Control Valves"},{"@type":"BreadcrumbList","@id":"https:\/\/www.tvnvalve.com\/fr\/produits\/v532-vanne-de-regulation-de-pompe-de-gavage-axe-horizontale\/#breadcrumb","itemListElement":[{"@type":"ListItem","position":1,"name":"Home","item":"https:\/\/www.tvnvalve.com\/fr\/"},{"@type":"ListItem","position":2,"name":"Produits","item":"https:\/\/www.tvnvalve.com\/fr\/produits\/"},{"@type":"ListItem","position":3,"name":"V532 VANNE DE R\u00c9GULATION DE POMPE DE GAVAGE &#8211; AXE HORIZONTALE"}]},{"@type":"WebSite","@id":"https:\/\/www.tvnvalve.com\/fr\/#website","url":"https:\/\/www.tvnvalve.com\/fr\/","name":"TVN Valve &amp; Piping Company","description":"Valve &amp; Piping Manufacturer","potentialAction":[{"@type":"SearchAction","target":{"@type":"EntryPoint","urlTemplate":"https:\/\/www.tvnvalve.com\/fr\/?s={search_term_string}"},"query-input":{"@type":"PropertyValueSpecification","valueRequired":true,"valueName":"search_term_string"}}],"inLanguage":"fr-FR"}]}},"_links":{"self":[{"href":"https:\/\/www.tvnvalve.com\/fr\/wp-json\/wp\/v2\/product\/679","targetHints":{"allow":["GET"]}}],"collection":[{"href":"https:\/\/www.tvnvalve.com\/fr\/wp-json\/wp\/v2\/product"}],"about":[{"href":"https:\/\/www.tvnvalve.com\/fr\/wp-json\/wp\/v2\/types\/product"}],"wp:featuredmedia":[{"embeddable":true,"href":"https:\/\/www.tvnvalve.com\/fr\/wp-json\/wp\/v2\/media\/680"}],"wp:attachment":[{"href":"https:\/\/www.tvnvalve.com\/fr\/wp-json\/wp\/v2\/media?parent=679"}],"wp:term":[{"taxonomy":"product_brand","embeddable":true,"href":"https:\/\/www.tvnvalve.com\/fr\/wp-json\/wp\/v2\/product_brand?post=679"},{"taxonomy":"product_cat","embeddable":true,"href":"https:\/\/www.tvnvalve.com\/fr\/wp-json\/wp\/v2\/product_cat?post=679"},{"taxonomy":"product_tag","embeddable":true,"href":"https:\/\/www.tvnvalve.com\/fr\/wp-json\/wp\/v2\/product_tag?post=679"}],"curies":[{"name":"wp","href":"https:\/\/api.w.org\/{rel}","templated":true}]}}