{"id":673,"date":"2020-06-26T11:35:37","date_gmt":"2020-06-26T11:35:37","guid":{"rendered":"https:\/\/www.ansolon.com\/tvn\/?post_type=product&#038;p=673"},"modified":"2020-07-30T20:51:03","modified_gmt":"2020-07-30T20:51:03","slug":"v502-electrovanne-de-reduction-de-la-pression","status":"publish","type":"product","link":"https:\/\/www.tvnvalve.com\/fr\/produits\/v502-electrovanne-de-reduction-de-la-pression\/","title":{"rendered":"V502 \u00c9LECTROVANNE DE R\u00c9DUCTION DE LA PRESSION"},"content":{"rendered":"<p>\n<a   class=\"button  has-icon button_left button_size_1\"  href=\"https:\/\/www.tvnvalve.com\/fr\/wp-content\/uploads\/2020\/07\/TVN-Soupape-Tuyauterie-Catalogue-V502.pdf\" style=\"background-color:#b51f13!important;color:#ffffff;\" target=\"_blank\"    title=\"\"><span class=\"button_icon\"><i class=\"icon-acrobat\"  style=\"color:#ffffff!important;\" aria-hidden=\"true\"><\/i><\/span><span class=\"button_label\">T\u00e9l\u00e9charger la fiche technique PDF<\/span><\/a>\n<br \/>\n<br \/>\nTVN V502 \u00c9lectrovanne de R\u00e9duction de la Pression r\u00e9gule la pression de sortie et assure l&rsquo;allumage et l&rsquo;extinction \u00e0 l&rsquo;aide d&rsquo;une alimentation \u00e9lectrique ext\u00e9rieure. Le pilote install\u00e9 sur celui-ci adapte la pression d&rsquo;entr\u00e9e \u00e9lev\u00e9e pour rester fixe en fonction de la valeur de pression de sortie demand\u00e9e. il n&rsquo;est pas affect\u00e9 par les changements de pression et de d\u00e9bit. Il est possible de l&rsquo;activer par t\u00e9l\u00e9commande. La commande de ces vannes peut \u00eatre maintenue par un dispositif de commande, relais intermittent, interrupteur, unit\u00e9 de contr\u00f4le PLC, etc.<\/p>\n<div class=\"deschide\">\n<h2>Application Range<\/h2>\n<ol class=\"fa-ul\">\n<li><span class=\"fa-li\"><i class=\"icon-right-dir\"> <\/i><\/span>Agricultural irrigation<\/li>\n<li><span class=\"fa-li\"><i class=\"icon-right-dir\"> <\/i><\/span>Household implementation<\/li>\n<li><span class=\"fa-li\"><i class=\"icon-right-dir\"> <\/i><\/span>Supply of water fire extinguishing<\/li>\n<li><span class=\"fa-li\"><i class=\"icon-right-dir\"> <\/i><\/span>Various applications of industrial systems.<\/li>\n<li><span class=\"fa-li\"><i class=\"icon-right-dir\"> <\/i><\/span>Food and chemical enterprises<\/li>\n<\/ol>\n<h2>Adjustment<\/h2>\n<p>Give energy into solenoid coil on main valve from the panel. Of the two small globe valves on main valve, the small globe valve on the outlet side is closed. When pilot valve tappet on the valve is rotated clockwise, adjusting pressure rises and when rotated counter clock\u00acwise, adjusting pressure decreases. Small globe valve on outlet side is opened by screwing the lock nut under the adjusting bolt when demanded pressure value is maintained.<\/p>\n<h2>Solenoid Controlled Pressure Reducing Control Valve Product Features<\/h2>\n<ol class=\"fa-ul\">\n<li><span class=\"fa-li\"><i class=\"icon-right-dir\"> <\/i><\/span>Easy and zero adjustment to demanded pressure.<\/li>\n<li><span class=\"fa-li\"><i class=\"icon-right-dir\"> <\/i><\/span>Pressure reduction without being affected by pressure and flow changes in network.<\/li>\n<li><span class=\"fa-li\"><i class=\"icon-right-dir\"> <\/i><\/span>Manual switch on\/off.<\/li>\n<li><span class=\"fa-li\"><i class=\"icon-right-dir\"> <\/i><\/span>Easy maintenance.<\/li>\n<li><span class=\"fa-li\"><i class=\"icon-right-dir\"> <\/i><\/span>Low energy consumption.<\/li>\n<li><span class=\"fa-li\"><i class=\"icon-right-dir\"> <\/i><\/span>Control in different voltages No need tor extra energy by running on pressure network.<\/li>\n<li><span class=\"fa-li\"><i class=\"icon-right-dir\"> <\/i><\/span>Does not require maintenance in operation for a long time due to its corrosion resistant components.<\/li>\n<li><span class=\"fa-li\"><i class=\"icon-right-dir\"> <\/i><\/span>Has a long working life in operation since coating has been made with phosphorization and over-dried epoxy powder paint.<\/li>\n<li><span class=\"fa-li\"><i class=\"icon-right-dir\"> <\/i><\/span>Performs perfect modulation in variable flows and even too low flow rates close to zero.<\/li>\n<li><span class=\"fa-li\"><i class=\"icon-right-dir\"> <\/i><\/span>Has a wide range of application with use of different pilot valves.<\/li>\n<\/ol>\n<\/div>\n","protected":false},"excerpt":{"rendered":"<p>TVN V502 \u00c9lectrovanne de R\u00e9duction de la Pression r\u00e9gule la pression de sortie et assure l&rsquo;allumage et l&rsquo;extinction \u00e0 l&rsquo;aide d&rsquo;une alimentation \u00e9lectrique ext\u00e9rieure. Le pilote<span class=\"excerpt-hellip\"> [\u2026]<\/span><\/p>\n","protected":false},"featured_media":675,"template":"","meta":[],"product_brand":[],"product_cat":[40],"product_tag":[],"class_list":{"0":"post-673","1":"product","2":"type-product","3":"status-publish","4":"has-post-thumbnail","6":"product_cat-v50-51-vannes-de-regulation","8":"first","9":"instock","10":"featured","11":"shipping-taxable","12":"product-type-simple"},"yoast_head":"<!-- This site is optimized with the Yoast SEO plugin v27.4 - https:\/\/yoast.com\/product\/yoast-seo-wordpress\/ -->\n<title>Pressure Reducing Control Valve Solenoid Controlled V502<\/title>\n<meta name=\"description\" content=\"Solenoid Controlled Pressure Reducing Control Valve regulates the outlet pressure and ensures to turn on and off with the help of an exterior power supply.\" \/>\n<meta name=\"robots\" content=\"index, follow, max-snippet:-1, max-image-preview:large, max-video-preview:-1\" \/>\n<link rel=\"canonical\" href=\"https:\/\/www.tvnvalve.com\/fr\/produits\/v502-electrovanne-de-reduction-de-la-pression\/\" \/>\n<meta property=\"og:locale\" content=\"fr_FR\" \/>\n<meta property=\"og:type\" content=\"article\" \/>\n<meta property=\"og:title\" content=\"Pressure Reducing Control Valve Solenoid Controlled V502\" \/>\n<meta property=\"og:description\" content=\"Solenoid Controlled Pressure Reducing Control Valve regulates the outlet pressure and ensures to turn on and off with the help of an exterior power supply.\" \/>\n<meta property=\"og:url\" content=\"https:\/\/www.tvnvalve.com\/fr\/produits\/v502-electrovanne-de-reduction-de-la-pression\/\" \/>\n<meta property=\"og:site_name\" content=\"TVN Valve &amp; Piping Company\" \/>\n<meta property=\"article:modified_time\" content=\"2020-07-30T20:51:03+00:00\" \/>\n<meta property=\"og:image\" content=\"https:\/\/www.tvnvalve.com\/fr\/wp-content\/uploads\/2020\/06\/V502-SOLENOID-PRESSURE-REDUCING-CONTROL-VALVE.jpg\" \/>\n\t<meta property=\"og:image:width\" content=\"800\" \/>\n\t<meta property=\"og:image:height\" content=\"832\" \/>\n\t<meta property=\"og:image:type\" content=\"image\/jpeg\" \/>\n<meta name=\"twitter:card\" content=\"summary_large_image\" \/>\n<meta name=\"twitter:label1\" content=\"Dur\u00e9e de lecture estim\u00e9e\" \/>\n\t<meta name=\"twitter:data1\" content=\"2 minutes\" \/>\n<script type=\"application\/ld+json\" class=\"yoast-schema-graph\">{\"@context\":\"https:\\\/\\\/schema.org\",\"@graph\":[{\"@type\":\"WebPage\",\"@id\":\"https:\\\/\\\/www.tvnvalve.com\\\/fr\\\/produits\\\/v502-electrovanne-de-reduction-de-la-pression\\\/\",\"url\":\"https:\\\/\\\/www.tvnvalve.com\\\/fr\\\/produits\\\/v502-electrovanne-de-reduction-de-la-pression\\\/\",\"name\":\"Pressure Reducing Control Valve Solenoid Controlled V502\",\"isPartOf\":{\"@id\":\"https:\\\/\\\/www.tvnvalve.com\\\/fr\\\/#website\"},\"primaryImageOfPage\":{\"@id\":\"https:\\\/\\\/www.tvnvalve.com\\\/fr\\\/produits\\\/v502-electrovanne-de-reduction-de-la-pression\\\/#primaryimage\"},\"image\":{\"@id\":\"https:\\\/\\\/www.tvnvalve.com\\\/fr\\\/produits\\\/v502-electrovanne-de-reduction-de-la-pression\\\/#primaryimage\"},\"thumbnailUrl\":\"https:\\\/\\\/www.tvnvalve.com\\\/fr\\\/wp-content\\\/uploads\\\/2020\\\/06\\\/V502-SOLENOID-PRESSURE-REDUCING-CONTROL-VALVE.jpg\",\"datePublished\":\"2020-06-26T11:35:37+00:00\",\"dateModified\":\"2020-07-30T20:51:03+00:00\",\"description\":\"Solenoid Controlled Pressure Reducing Control Valve regulates the outlet pressure and ensures to turn on and off with the help of an exterior power supply.\",\"breadcrumb\":{\"@id\":\"https:\\\/\\\/www.tvnvalve.com\\\/fr\\\/produits\\\/v502-electrovanne-de-reduction-de-la-pression\\\/#breadcrumb\"},\"inLanguage\":\"fr-FR\",\"potentialAction\":[{\"@type\":\"ReadAction\",\"target\":[\"https:\\\/\\\/www.tvnvalve.com\\\/fr\\\/produits\\\/v502-electrovanne-de-reduction-de-la-pression\\\/\"]}]},{\"@type\":\"ImageObject\",\"inLanguage\":\"fr-FR\",\"@id\":\"https:\\\/\\\/www.tvnvalve.com\\\/fr\\\/produits\\\/v502-electrovanne-de-reduction-de-la-pression\\\/#primaryimage\",\"url\":\"https:\\\/\\\/www.tvnvalve.com\\\/fr\\\/wp-content\\\/uploads\\\/2020\\\/06\\\/V502-SOLENOID-PRESSURE-REDUCING-CONTROL-VALVE.jpg\",\"contentUrl\":\"https:\\\/\\\/www.tvnvalve.com\\\/fr\\\/wp-content\\\/uploads\\\/2020\\\/06\\\/V502-SOLENOID-PRESSURE-REDUCING-CONTROL-VALVE.jpg\",\"width\":800,\"height\":832,\"caption\":\"Pressure Reducing Control Valve\"},{\"@type\":\"BreadcrumbList\",\"@id\":\"https:\\\/\\\/www.tvnvalve.com\\\/fr\\\/produits\\\/v502-electrovanne-de-reduction-de-la-pression\\\/#breadcrumb\",\"itemListElement\":[{\"@type\":\"ListItem\",\"position\":1,\"name\":\"Home\",\"item\":\"https:\\\/\\\/www.tvnvalve.com\\\/fr\\\/\"},{\"@type\":\"ListItem\",\"position\":2,\"name\":\"Produits\",\"item\":\"https:\\\/\\\/www.tvnvalve.com\\\/fr\\\/produits\\\/\"},{\"@type\":\"ListItem\",\"position\":3,\"name\":\"V502 \u00c9LECTROVANNE DE R\u00c9DUCTION DE LA PRESSION\"}]},{\"@type\":\"WebSite\",\"@id\":\"https:\\\/\\\/www.tvnvalve.com\\\/fr\\\/#website\",\"url\":\"https:\\\/\\\/www.tvnvalve.com\\\/fr\\\/\",\"name\":\"TVN Valve &amp; Piping Company\",\"description\":\"Valve &amp; Piping Manufacturer\",\"potentialAction\":[{\"@type\":\"SearchAction\",\"target\":{\"@type\":\"EntryPoint\",\"urlTemplate\":\"https:\\\/\\\/www.tvnvalve.com\\\/fr\\\/?s={search_term_string}\"},\"query-input\":{\"@type\":\"PropertyValueSpecification\",\"valueRequired\":true,\"valueName\":\"search_term_string\"}}],\"inLanguage\":\"fr-FR\"}]}<\/script>\n<!-- \/ Yoast SEO plugin. -->","yoast_head_json":{"title":"Pressure Reducing Control Valve Solenoid Controlled V502","description":"Solenoid Controlled Pressure Reducing Control Valve regulates the outlet pressure and ensures to turn on and off with the help of an exterior power supply.","robots":{"index":"index","follow":"follow","max-snippet":"max-snippet:-1","max-image-preview":"max-image-preview:large","max-video-preview":"max-video-preview:-1"},"canonical":"https:\/\/www.tvnvalve.com\/fr\/produits\/v502-electrovanne-de-reduction-de-la-pression\/","og_locale":"fr_FR","og_type":"article","og_title":"Pressure Reducing Control Valve Solenoid Controlled V502","og_description":"Solenoid Controlled Pressure Reducing Control Valve regulates the outlet pressure and ensures to turn on and off with the help of an exterior power supply.","og_url":"https:\/\/www.tvnvalve.com\/fr\/produits\/v502-electrovanne-de-reduction-de-la-pression\/","og_site_name":"TVN Valve &amp; Piping Company","article_modified_time":"2020-07-30T20:51:03+00:00","og_image":[{"width":800,"height":832,"url":"https:\/\/www.tvnvalve.com\/fr\/wp-content\/uploads\/2020\/06\/V502-SOLENOID-PRESSURE-REDUCING-CONTROL-VALVE.jpg","type":"image\/jpeg"}],"twitter_card":"summary_large_image","twitter_misc":{"Dur\u00e9e de lecture estim\u00e9e":"2 minutes"},"schema":{"@context":"https:\/\/schema.org","@graph":[{"@type":"WebPage","@id":"https:\/\/www.tvnvalve.com\/fr\/produits\/v502-electrovanne-de-reduction-de-la-pression\/","url":"https:\/\/www.tvnvalve.com\/fr\/produits\/v502-electrovanne-de-reduction-de-la-pression\/","name":"Pressure Reducing Control Valve Solenoid Controlled V502","isPartOf":{"@id":"https:\/\/www.tvnvalve.com\/fr\/#website"},"primaryImageOfPage":{"@id":"https:\/\/www.tvnvalve.com\/fr\/produits\/v502-electrovanne-de-reduction-de-la-pression\/#primaryimage"},"image":{"@id":"https:\/\/www.tvnvalve.com\/fr\/produits\/v502-electrovanne-de-reduction-de-la-pression\/#primaryimage"},"thumbnailUrl":"https:\/\/www.tvnvalve.com\/fr\/wp-content\/uploads\/2020\/06\/V502-SOLENOID-PRESSURE-REDUCING-CONTROL-VALVE.jpg","datePublished":"2020-06-26T11:35:37+00:00","dateModified":"2020-07-30T20:51:03+00:00","description":"Solenoid Controlled Pressure Reducing Control Valve regulates the outlet pressure and ensures to turn on and off with the help of an exterior power supply.","breadcrumb":{"@id":"https:\/\/www.tvnvalve.com\/fr\/produits\/v502-electrovanne-de-reduction-de-la-pression\/#breadcrumb"},"inLanguage":"fr-FR","potentialAction":[{"@type":"ReadAction","target":["https:\/\/www.tvnvalve.com\/fr\/produits\/v502-electrovanne-de-reduction-de-la-pression\/"]}]},{"@type":"ImageObject","inLanguage":"fr-FR","@id":"https:\/\/www.tvnvalve.com\/fr\/produits\/v502-electrovanne-de-reduction-de-la-pression\/#primaryimage","url":"https:\/\/www.tvnvalve.com\/fr\/wp-content\/uploads\/2020\/06\/V502-SOLENOID-PRESSURE-REDUCING-CONTROL-VALVE.jpg","contentUrl":"https:\/\/www.tvnvalve.com\/fr\/wp-content\/uploads\/2020\/06\/V502-SOLENOID-PRESSURE-REDUCING-CONTROL-VALVE.jpg","width":800,"height":832,"caption":"Pressure Reducing Control Valve"},{"@type":"BreadcrumbList","@id":"https:\/\/www.tvnvalve.com\/fr\/produits\/v502-electrovanne-de-reduction-de-la-pression\/#breadcrumb","itemListElement":[{"@type":"ListItem","position":1,"name":"Home","item":"https:\/\/www.tvnvalve.com\/fr\/"},{"@type":"ListItem","position":2,"name":"Produits","item":"https:\/\/www.tvnvalve.com\/fr\/produits\/"},{"@type":"ListItem","position":3,"name":"V502 \u00c9LECTROVANNE DE R\u00c9DUCTION DE LA PRESSION"}]},{"@type":"WebSite","@id":"https:\/\/www.tvnvalve.com\/fr\/#website","url":"https:\/\/www.tvnvalve.com\/fr\/","name":"TVN Valve &amp; Piping Company","description":"Valve &amp; Piping Manufacturer","potentialAction":[{"@type":"SearchAction","target":{"@type":"EntryPoint","urlTemplate":"https:\/\/www.tvnvalve.com\/fr\/?s={search_term_string}"},"query-input":{"@type":"PropertyValueSpecification","valueRequired":true,"valueName":"search_term_string"}}],"inLanguage":"fr-FR"}]}},"_links":{"self":[{"href":"https:\/\/www.tvnvalve.com\/fr\/wp-json\/wp\/v2\/product\/673","targetHints":{"allow":["GET"]}}],"collection":[{"href":"https:\/\/www.tvnvalve.com\/fr\/wp-json\/wp\/v2\/product"}],"about":[{"href":"https:\/\/www.tvnvalve.com\/fr\/wp-json\/wp\/v2\/types\/product"}],"wp:featuredmedia":[{"embeddable":true,"href":"https:\/\/www.tvnvalve.com\/fr\/wp-json\/wp\/v2\/media\/675"}],"wp:attachment":[{"href":"https:\/\/www.tvnvalve.com\/fr\/wp-json\/wp\/v2\/media?parent=673"}],"wp:term":[{"taxonomy":"product_brand","embeddable":true,"href":"https:\/\/www.tvnvalve.com\/fr\/wp-json\/wp\/v2\/product_brand?post=673"},{"taxonomy":"product_cat","embeddable":true,"href":"https:\/\/www.tvnvalve.com\/fr\/wp-json\/wp\/v2\/product_cat?post=673"},{"taxonomy":"product_tag","embeddable":true,"href":"https:\/\/www.tvnvalve.com\/fr\/wp-json\/wp\/v2\/product_tag?post=673"}],"curies":[{"name":"wp","href":"https:\/\/api.w.org\/{rel}","templated":true}]}}