{"id":663,"date":"2020-06-26T09:07:27","date_gmt":"2020-06-26T09:07:27","guid":{"rendered":"https:\/\/www.ansolon.com\/tvn\/?post_type=product&#038;p=663"},"modified":"2020-07-30T20:51:17","modified_gmt":"2020-07-30T20:51:17","slug":"v505-vanne-de-regulation-et-decompression","status":"publish","type":"product","link":"https:\/\/www.tvnvalve.com\/fr\/produits\/v505-vanne-de-regulation-et-decompression\/","title":{"rendered":"V505 VANNE DE R\u00c9GULATION ET D\u00c9COMPRESSION"},"content":{"rendered":"<p>\n<a   class=\"button  has-icon button_left button_size_1\"  href=\"https:\/\/www.tvnvalve.com\/fr\/wp-content\/uploads\/2020\/07\/TVN-Soupape-Tuyauterie-Catalogue-V505.pdf\" style=\"background-color:#b51f13!important;color:#ffffff;\" target=\"_blank\"    title=\"\"><span class=\"button_icon\"><i class=\"icon-acrobat\"  style=\"color:#ffffff!important;\" aria-hidden=\"true\"><\/i><\/span><span class=\"button_label\">T\u00e9l\u00e9charger la fiche technique PDF<\/span><\/a>\n<br \/>\n<br \/>\nTVN V505 Vanne de R\u00e9gulation et D\u00e9compression assure le fonctionnement du syst\u00e8me en toute s\u00e9curit\u00e9 en drainant l&rsquo;onde haute pression de mani\u00e8re sensible \u00e0 la pression dans les syst\u00e8mes impliquant une mont\u00e9e rapide de la pression. Lorsque la pression est sup\u00e9rieure \u00e0 la pression de r\u00e9glage pour une raison quelconque, une pression excessive est \u00e9vacu\u00e9e en ouvrant la vanne. il permet au syst\u00e8me d&rsquo;\u00eatre durable et de fonctionner en toute s\u00e9curit\u00e9.<\/p>\n<div class=\"deschide\">\n<h2><a href=\"https:\/\/tvnvalve.com\/application-fields\/\" target=\"_blank\" rel=\"noopener noreferrer\">Application Range<\/a><\/h2>\n<ol class=\"fa-ul\">\n<li><span class=\"fa-li\"><i class=\"icon-right-dir\"> <\/i><\/span>Agricultural irrigation<\/li>\n<li><span class=\"fa-li\"><i class=\"icon-right-dir\"> <\/i><\/span>Household implementation<\/li>\n<li><span class=\"fa-li\"><i class=\"icon-right-dir\"> <\/i><\/span>Supply of water fire extinguishing<\/li>\n<li><span class=\"fa-li\"><i class=\"icon-right-dir\"> <\/i><\/span>Various applications of industrial systems.<\/li>\n<li><span class=\"fa-li\"><i class=\"icon-right-dir\"> <\/i><\/span>Food and chemical enterprises<\/li>\n<\/ol>\n<h2>Adjustment<\/h2>\n<p>With the pilot on the valve connected into inlet, inlet pressure is regulated. While clockwise rotation of the adjustment bolt increases the inlet pressure, counterclockwise rotation decreases it. With the pilot on the valve connected to outlet, outlet pressure is regulated. Clockwise rotation of the adjusting bolt increases the outlet pressure and counterclockwise rotation decreases it.<\/p>\n<h2>\u00a0Pressure Relief Control Valve Product Features<\/h2>\n<ol class=\"fa-ul\">\n<li><span class=\"fa-li\"><i class=\"icon-right-dir\"> <\/i><\/span>Protection of network against overpressure.<\/li>\n<li><span class=\"fa-li\"><i class=\"icon-right-dir\"> <\/i><\/span>No need for extra energy by running on pressure network.<\/li>\n<li><span class=\"fa-li\"><i class=\"icon-right-dir\"> <\/i><\/span>Easy and zero adjustment to demanded pressure.<\/li>\n<li><span class=\"fa-li\"><i class=\"icon-right-dir\"> <\/i><\/span>To be able to run without being affected by pressure and flow changes in the system.<\/li>\n<li><span class=\"fa-li\"><i class=\"icon-right-dir\"> <\/i><\/span>Does not require maintenance in operation for a long time due to its corrosion resistant components.<\/li>\n<li><span class=\"fa-li\"><i class=\"icon-right-dir\"> <\/i><\/span>Has a long working life in operation since coating has been made with phosphorization and over-dried epoxy powder paint.<\/li>\n<li><span class=\"fa-li\"><i class=\"icon-right-dir\"> <\/i><\/span>Performs perfect modulation in variable flows and even too low flow rates close to zero.<\/li>\n<li><span class=\"fa-li\"><i class=\"icon-right-dir\"> <\/i><\/span>Has a wide range of application with use of different pilot valves.<\/li>\n<\/ol>\n<\/div>\n","protected":false},"excerpt":{"rendered":"<p>TVN V505 Vanne de R\u00e9gulation et D\u00e9compression assure le fonctionnement du syst\u00e8me en toute s\u00e9curit\u00e9 en drainant l&rsquo;onde haute pression de mani\u00e8re sensible \u00e0 la pression<span class=\"excerpt-hellip\"> [\u2026]<\/span><\/p>\n","protected":false},"featured_media":665,"template":"","meta":[],"product_brand":[],"product_cat":[40],"product_tag":[],"class_list":{"0":"post-663","1":"product","2":"type-product","3":"status-publish","4":"has-post-thumbnail","6":"product_cat-v50-51-vannes-de-regulation","8":"first","9":"instock","10":"featured","11":"shipping-taxable","12":"product-type-simple"},"yoast_head":"<!-- This site is optimized with the Yoast SEO plugin v27.3 - https:\/\/yoast.com\/product\/yoast-seo-wordpress\/ -->\n<title>Pressure Relief Control Valve V505 - TVN Valve &amp; Piping Company<\/title>\n<meta name=\"description\" content=\"TVN V505 Pressure Relief Control Valve ensures the system to run safely by draining high pressure wave in a pressure sensing way in systems\" \/>\n<meta name=\"robots\" content=\"index, follow, max-snippet:-1, max-image-preview:large, max-video-preview:-1\" \/>\n<link rel=\"canonical\" href=\"https:\/\/www.tvnvalve.com\/fr\/produits\/v505-vanne-de-regulation-et-decompression\/\" \/>\n<meta property=\"og:locale\" content=\"fr_FR\" \/>\n<meta property=\"og:type\" content=\"article\" \/>\n<meta property=\"og:title\" content=\"Pressure Relief Control Valve V505 - TVN Valve &amp; Piping Company\" \/>\n<meta property=\"og:description\" content=\"TVN V505 Pressure Relief Control Valve ensures the system to run safely by draining high pressure wave in a pressure sensing way in systems\" \/>\n<meta property=\"og:url\" content=\"https:\/\/www.tvnvalve.com\/fr\/produits\/v505-vanne-de-regulation-et-decompression\/\" \/>\n<meta property=\"og:site_name\" content=\"TVN Valve &amp; Piping Company\" \/>\n<meta property=\"article:modified_time\" content=\"2020-07-30T20:51:17+00:00\" \/>\n<meta property=\"og:image\" content=\"https:\/\/www.tvnvalve.com\/fr\/wp-content\/uploads\/2020\/06\/V505-PRESSURE-RELIEF-CONTROL-VALVE.jpg\" \/>\n\t<meta property=\"og:image:width\" content=\"800\" \/>\n\t<meta property=\"og:image:height\" content=\"832\" \/>\n\t<meta property=\"og:image:type\" content=\"image\/jpeg\" \/>\n<meta name=\"twitter:card\" content=\"summary_large_image\" \/>\n<meta name=\"twitter:label1\" content=\"Dur\u00e9e de lecture estim\u00e9e\" \/>\n\t<meta name=\"twitter:data1\" content=\"2 minutes\" \/>\n<script type=\"application\/ld+json\" class=\"yoast-schema-graph\">{\"@context\":\"https:\\\/\\\/schema.org\",\"@graph\":[{\"@type\":\"WebPage\",\"@id\":\"https:\\\/\\\/www.tvnvalve.com\\\/fr\\\/produits\\\/v505-vanne-de-regulation-et-decompression\\\/\",\"url\":\"https:\\\/\\\/www.tvnvalve.com\\\/fr\\\/produits\\\/v505-vanne-de-regulation-et-decompression\\\/\",\"name\":\"Pressure Relief Control Valve V505 - TVN Valve &amp; Piping Company\",\"isPartOf\":{\"@id\":\"https:\\\/\\\/www.tvnvalve.com\\\/fr\\\/#website\"},\"primaryImageOfPage\":{\"@id\":\"https:\\\/\\\/www.tvnvalve.com\\\/fr\\\/produits\\\/v505-vanne-de-regulation-et-decompression\\\/#primaryimage\"},\"image\":{\"@id\":\"https:\\\/\\\/www.tvnvalve.com\\\/fr\\\/produits\\\/v505-vanne-de-regulation-et-decompression\\\/#primaryimage\"},\"thumbnailUrl\":\"https:\\\/\\\/www.tvnvalve.com\\\/fr\\\/wp-content\\\/uploads\\\/2020\\\/06\\\/V505-PRESSURE-RELIEF-CONTROL-VALVE.jpg\",\"datePublished\":\"2020-06-26T09:07:27+00:00\",\"dateModified\":\"2020-07-30T20:51:17+00:00\",\"description\":\"TVN V505 Pressure Relief Control Valve ensures the system to run safely by draining high pressure wave in a pressure sensing way in systems\",\"breadcrumb\":{\"@id\":\"https:\\\/\\\/www.tvnvalve.com\\\/fr\\\/produits\\\/v505-vanne-de-regulation-et-decompression\\\/#breadcrumb\"},\"inLanguage\":\"fr-FR\",\"potentialAction\":[{\"@type\":\"ReadAction\",\"target\":[\"https:\\\/\\\/www.tvnvalve.com\\\/fr\\\/produits\\\/v505-vanne-de-regulation-et-decompression\\\/\"]}]},{\"@type\":\"ImageObject\",\"inLanguage\":\"fr-FR\",\"@id\":\"https:\\\/\\\/www.tvnvalve.com\\\/fr\\\/produits\\\/v505-vanne-de-regulation-et-decompression\\\/#primaryimage\",\"url\":\"https:\\\/\\\/www.tvnvalve.com\\\/fr\\\/wp-content\\\/uploads\\\/2020\\\/06\\\/V505-PRESSURE-RELIEF-CONTROL-VALVE.jpg\",\"contentUrl\":\"https:\\\/\\\/www.tvnvalve.com\\\/fr\\\/wp-content\\\/uploads\\\/2020\\\/06\\\/V505-PRESSURE-RELIEF-CONTROL-VALVE.jpg\",\"width\":800,\"height\":832,\"caption\":\"Pressure Relief Control Valve\"},{\"@type\":\"BreadcrumbList\",\"@id\":\"https:\\\/\\\/www.tvnvalve.com\\\/fr\\\/produits\\\/v505-vanne-de-regulation-et-decompression\\\/#breadcrumb\",\"itemListElement\":[{\"@type\":\"ListItem\",\"position\":1,\"name\":\"Home\",\"item\":\"https:\\\/\\\/www.tvnvalve.com\\\/fr\\\/\"},{\"@type\":\"ListItem\",\"position\":2,\"name\":\"Produits\",\"item\":\"https:\\\/\\\/www.tvnvalve.com\\\/fr\\\/produits\\\/\"},{\"@type\":\"ListItem\",\"position\":3,\"name\":\"V505 VANNE DE R\u00c9GULATION ET D\u00c9COMPRESSION\"}]},{\"@type\":\"WebSite\",\"@id\":\"https:\\\/\\\/www.tvnvalve.com\\\/fr\\\/#website\",\"url\":\"https:\\\/\\\/www.tvnvalve.com\\\/fr\\\/\",\"name\":\"TVN Valve &amp; Piping Company\",\"description\":\"Valve &amp; Piping Manufacturer\",\"potentialAction\":[{\"@type\":\"SearchAction\",\"target\":{\"@type\":\"EntryPoint\",\"urlTemplate\":\"https:\\\/\\\/www.tvnvalve.com\\\/fr\\\/?s={search_term_string}\"},\"query-input\":{\"@type\":\"PropertyValueSpecification\",\"valueRequired\":true,\"valueName\":\"search_term_string\"}}],\"inLanguage\":\"fr-FR\"}]}<\/script>\n<!-- \/ Yoast SEO plugin. -->","yoast_head_json":{"title":"Pressure Relief Control Valve V505 - TVN Valve &amp; Piping Company","description":"TVN V505 Pressure Relief Control Valve ensures the system to run safely by draining high pressure wave in a pressure sensing way in systems","robots":{"index":"index","follow":"follow","max-snippet":"max-snippet:-1","max-image-preview":"max-image-preview:large","max-video-preview":"max-video-preview:-1"},"canonical":"https:\/\/www.tvnvalve.com\/fr\/produits\/v505-vanne-de-regulation-et-decompression\/","og_locale":"fr_FR","og_type":"article","og_title":"Pressure Relief Control Valve V505 - TVN Valve &amp; Piping Company","og_description":"TVN V505 Pressure Relief Control Valve ensures the system to run safely by draining high pressure wave in a pressure sensing way in systems","og_url":"https:\/\/www.tvnvalve.com\/fr\/produits\/v505-vanne-de-regulation-et-decompression\/","og_site_name":"TVN Valve &amp; Piping Company","article_modified_time":"2020-07-30T20:51:17+00:00","og_image":[{"width":800,"height":832,"url":"https:\/\/www.tvnvalve.com\/fr\/wp-content\/uploads\/2020\/06\/V505-PRESSURE-RELIEF-CONTROL-VALVE.jpg","type":"image\/jpeg"}],"twitter_card":"summary_large_image","twitter_misc":{"Dur\u00e9e de lecture estim\u00e9e":"2 minutes"},"schema":{"@context":"https:\/\/schema.org","@graph":[{"@type":"WebPage","@id":"https:\/\/www.tvnvalve.com\/fr\/produits\/v505-vanne-de-regulation-et-decompression\/","url":"https:\/\/www.tvnvalve.com\/fr\/produits\/v505-vanne-de-regulation-et-decompression\/","name":"Pressure Relief Control Valve V505 - TVN Valve &amp; Piping Company","isPartOf":{"@id":"https:\/\/www.tvnvalve.com\/fr\/#website"},"primaryImageOfPage":{"@id":"https:\/\/www.tvnvalve.com\/fr\/produits\/v505-vanne-de-regulation-et-decompression\/#primaryimage"},"image":{"@id":"https:\/\/www.tvnvalve.com\/fr\/produits\/v505-vanne-de-regulation-et-decompression\/#primaryimage"},"thumbnailUrl":"https:\/\/www.tvnvalve.com\/fr\/wp-content\/uploads\/2020\/06\/V505-PRESSURE-RELIEF-CONTROL-VALVE.jpg","datePublished":"2020-06-26T09:07:27+00:00","dateModified":"2020-07-30T20:51:17+00:00","description":"TVN V505 Pressure Relief Control Valve ensures the system to run safely by draining high pressure wave in a pressure sensing way in systems","breadcrumb":{"@id":"https:\/\/www.tvnvalve.com\/fr\/produits\/v505-vanne-de-regulation-et-decompression\/#breadcrumb"},"inLanguage":"fr-FR","potentialAction":[{"@type":"ReadAction","target":["https:\/\/www.tvnvalve.com\/fr\/produits\/v505-vanne-de-regulation-et-decompression\/"]}]},{"@type":"ImageObject","inLanguage":"fr-FR","@id":"https:\/\/www.tvnvalve.com\/fr\/produits\/v505-vanne-de-regulation-et-decompression\/#primaryimage","url":"https:\/\/www.tvnvalve.com\/fr\/wp-content\/uploads\/2020\/06\/V505-PRESSURE-RELIEF-CONTROL-VALVE.jpg","contentUrl":"https:\/\/www.tvnvalve.com\/fr\/wp-content\/uploads\/2020\/06\/V505-PRESSURE-RELIEF-CONTROL-VALVE.jpg","width":800,"height":832,"caption":"Pressure Relief Control Valve"},{"@type":"BreadcrumbList","@id":"https:\/\/www.tvnvalve.com\/fr\/produits\/v505-vanne-de-regulation-et-decompression\/#breadcrumb","itemListElement":[{"@type":"ListItem","position":1,"name":"Home","item":"https:\/\/www.tvnvalve.com\/fr\/"},{"@type":"ListItem","position":2,"name":"Produits","item":"https:\/\/www.tvnvalve.com\/fr\/produits\/"},{"@type":"ListItem","position":3,"name":"V505 VANNE DE R\u00c9GULATION ET D\u00c9COMPRESSION"}]},{"@type":"WebSite","@id":"https:\/\/www.tvnvalve.com\/fr\/#website","url":"https:\/\/www.tvnvalve.com\/fr\/","name":"TVN Valve &amp; Piping Company","description":"Valve &amp; Piping Manufacturer","potentialAction":[{"@type":"SearchAction","target":{"@type":"EntryPoint","urlTemplate":"https:\/\/www.tvnvalve.com\/fr\/?s={search_term_string}"},"query-input":{"@type":"PropertyValueSpecification","valueRequired":true,"valueName":"search_term_string"}}],"inLanguage":"fr-FR"}]}},"_links":{"self":[{"href":"https:\/\/www.tvnvalve.com\/fr\/wp-json\/wp\/v2\/product\/663","targetHints":{"allow":["GET"]}}],"collection":[{"href":"https:\/\/www.tvnvalve.com\/fr\/wp-json\/wp\/v2\/product"}],"about":[{"href":"https:\/\/www.tvnvalve.com\/fr\/wp-json\/wp\/v2\/types\/product"}],"wp:featuredmedia":[{"embeddable":true,"href":"https:\/\/www.tvnvalve.com\/fr\/wp-json\/wp\/v2\/media\/665"}],"wp:attachment":[{"href":"https:\/\/www.tvnvalve.com\/fr\/wp-json\/wp\/v2\/media?parent=663"}],"wp:term":[{"taxonomy":"product_brand","embeddable":true,"href":"https:\/\/www.tvnvalve.com\/fr\/wp-json\/wp\/v2\/product_brand?post=663"},{"taxonomy":"product_cat","embeddable":true,"href":"https:\/\/www.tvnvalve.com\/fr\/wp-json\/wp\/v2\/product_cat?post=663"},{"taxonomy":"product_tag","embeddable":true,"href":"https:\/\/www.tvnvalve.com\/fr\/wp-json\/wp\/v2\/product_tag?post=663"}],"curies":[{"name":"wp","href":"https:\/\/api.w.org\/{rel}","templated":true}]}}