{"id":65,"date":"2020-05-22T10:04:57","date_gmt":"2020-05-22T10:04:57","guid":{"rendered":"https:\/\/themes.muffingroup.com\/be\/grocery2_el\/?post_type=product&#038;p=65"},"modified":"2022-05-28T09:21:31","modified_gmt":"2022-05-28T09:21:31","slug":"v106-vanne-papillon-double-excentration","status":"publish","type":"product","link":"https:\/\/www.tvnvalve.com\/fr\/produits\/v106-vanne-papillon-double-excentration\/","title":{"rendered":"V106 VANNE PAPILLON DOUBLE EXCENTRATION"},"content":{"rendered":"<a   class=\"button  has-icon button_left button_size_1\"  href=\"https:\/\/www.tvnvalve.com\/fr\/wp-content\/uploads\/2022\/05\/106.pdf\" style=\"background-color:#b51f13!important;color:#ffffff;\" target=\"_blank\"    title=\"\"><span class=\"button_icon\"><i class=\"icon-acrobat\"  style=\"color:#ffffff!important;\" aria-hidden=\"true\"><\/i><\/span><span class=\"button_label\">T\u00e9l\u00e9charger la fiche technique PDF<\/span><\/a>\n\n<p>TVN V106 Vanne Papillon Double Excentration \u00e0 si\u00e8ge \u00e9lastique est le type de produit principal pr\u00e9f\u00e9r\u00e9 dans les r\u00e9seaux d&rsquo;eau. Gr\u00e2ce \u00e0 sa conception papillon o\u00f9 le centre est d\u00e9cal\u00e9 sur deux axes, cela conduit \u00e0 une grande am\u00e9lioration de la diminution des valeurs de couple de fonctionnement, en abaissant le frottement sur la zone d&rsquo;\u00e9tanch\u00e9it\u00e9 papillon et en prolongeant la dur\u00e9e de vie.<\/p>\n<div class=\"deschide\">\n<h2>Double Eccentric Butterfly Valve Product Features<\/h2>\n<ol class=\"fa-ul\">\n<li><i class=\"icon-right-dir\"> <\/i>GGG40\/50 Ductile Iron Body &amp; Disc allows high impact and streching resistance<\/li>\n<li><i class=\"icon-right-dir\"> <\/i>Double Eccentric \/ Double Offset Disc Design<\/li>\n<li><i class=\"icon-right-dir\"> <\/i>Resilient Seated Type<\/li>\n<li><i class=\"icon-right-dir\"> <\/i>Disc sealing ring EPDM as default. NBR or VITON options are available<\/li>\n<li><i class=\"icon-right-dir\"> <\/i>Block moulded solid\/one-piece T-shaped disc sealing ring extends drop-tight sealing life time<\/li>\n<li><i class=\"icon-right-dir\"> <\/i>Easy to replace disc sealing ring without dismantling the valve from the pipeline and without dismantling the disc from the valve itself just by taking out the retaining ring through its bolts. Iit is easy to replace the disc sealing ring without any additional equipments<\/li>\n<li><i class=\"icon-right-dir\"> <\/i>SS308\/316 grade stainless steel welding seat on the body is manufactured through automatic welding machines and microfinished precise milling operation. When disc is fully closed, disc sealing ring applies equal pressure on every point on the welding seat.<\/li>\n<li><i class=\"icon-right-dir\"> <\/i>Drop-tight closure<\/li>\n<li><i class=\"icon-right-dir\"> <\/i>Double O-ring feature on both shafts ensures high sealing<\/li>\n<li><i class=\"icon-right-dir\"> <\/i>Shafts are equipped with bronze bushings having high corrosion resistance<\/li>\n<li><i class=\"icon-right-dir\"> <\/i>Ensures minimized pressure loss and increased energy efficiency with double shaft design<\/li>\n<li><i class=\"icon-right-dir\"> <\/i>With the o-rings on the bearing bushings, disc pin holes are protected against corrosion. Dry shaft up to request.<\/li>\n<li><i class=\"icon-right-dir\"> <\/i>Easy to operate with self locking gearbox equipped with mechanical indicator<\/li>\n<li><i class=\"icon-right-dir\"> <\/i>Low torque requirements during operation<\/li>\n<li><i class=\"icon-right-dir\"> <\/i>Easy to install on the line, light weight and occupies less space<\/li>\n<li><i class=\"icon-right-dir\"> <\/i>Full coating on the body and disc internally &amp; externally with an average of 250 microns. Higher coating thicknesses are available when required.<\/li>\n<li><i class=\"icon-right-dir\"> <\/i>WRAS approved coating available upon request which meets hygienic requirements for potable water applications<\/li>\n<li><i class=\"icon-right-dir\"> <\/i>Maintenance free design for the valve and gearbox<\/li>\n<li><i class=\"icon-right-dir\"> <\/i>Default operation is gearbox with ISO top flange ready to connect electrical actuator. Pneumatic actuators can be installed directly on the top flange of the valve itself.<\/li>\n<li><i class=\"icon-right-dir\"> <\/i>V106 Double Eccentric Butterfly valves are deisgned bi-directional according to EN1074-2. For proper installation, direction arrow on the body should be considered.<\/li>\n<li><i class=\"icon-right-dir\"> <\/i>Operation with extended spindle version is also available<\/li>\n<li><i class=\"icon-right-dir\"> <\/i>Balanced positioned lifting holes on the body ease transportation and installation.<\/li>\n<li><i class=\"icon-right-dir\"> <\/i>Hydrostatic test pressure for seat: PN x 1.1 , for shell: PN x 1.5 according to EN 12266-1.<\/li>\n<\/ol>\n<\/div>\n","protected":false},"excerpt":{"rendered":"<p>TVN V106 Vanne Papillon Double Excentration \u00e0 si\u00e8ge \u00e9lastique est le type de produit principal pr\u00e9f\u00e9r\u00e9 dans les r\u00e9seaux d&rsquo;eau. Gr\u00e2ce \u00e0 sa conception papillon o\u00f9<span class=\"excerpt-hellip\"> [\u2026]<\/span><\/p>\n","protected":false},"featured_media":1102,"template":"","meta":[],"product_brand":[],"product_cat":[30],"product_tag":[],"class_list":{"0":"post-65","1":"product","2":"type-product","3":"status-publish","4":"has-post-thumbnail","6":"product_cat-v10-vannes-papillons","8":"first","9":"instock","10":"featured","11":"shipping-taxable","12":"product-type-simple"},"yoast_head":"<!-- This site is optimized with the Yoast SEO plugin v27.3 - https:\/\/yoast.com\/product\/yoast-seo-wordpress\/ -->\n<title>V106 VANNE PAPILLON DOUBLE EXCENTRATION - TVN Valve &amp; Piping Company<\/title>\n<meta name=\"robots\" content=\"index, follow, max-snippet:-1, max-image-preview:large, max-video-preview:-1\" \/>\n<link rel=\"canonical\" href=\"https:\/\/www.tvnvalve.com\/fr\/produits\/v106-vanne-papillon-double-excentration\/\" \/>\n<meta property=\"og:locale\" content=\"fr_FR\" \/>\n<meta property=\"og:type\" content=\"article\" \/>\n<meta property=\"og:title\" content=\"V106 VANNE PAPILLON DOUBLE EXCENTRATION - TVN Valve &amp; Piping Company\" \/>\n<meta property=\"og:description\" content=\"TVN V106 Vanne Papillon Double Excentration \u00e0 si\u00e8ge \u00e9lastique est le type de produit principal pr\u00e9f\u00e9r\u00e9 dans les r\u00e9seaux d&rsquo;eau. Gr\u00e2ce \u00e0 sa conception papillon o\u00f9 [\u2026]\" \/>\n<meta property=\"og:url\" content=\"https:\/\/www.tvnvalve.com\/fr\/produits\/v106-vanne-papillon-double-excentration\/\" \/>\n<meta property=\"og:site_name\" content=\"TVN Valve &amp; Piping Company\" \/>\n<meta property=\"article:modified_time\" content=\"2022-05-28T09:21:31+00:00\" \/>\n<meta property=\"og:image\" content=\"https:\/\/www.tvnvalve.com\/fr\/wp-content\/uploads\/2020\/05\/106.jpg\" \/>\n\t<meta property=\"og:image:width\" content=\"800\" \/>\n\t<meta property=\"og:image:height\" content=\"832\" \/>\n\t<meta property=\"og:image:type\" content=\"image\/jpeg\" \/>\n<meta name=\"twitter:card\" content=\"summary_large_image\" \/>\n<meta name=\"twitter:label1\" content=\"Dur\u00e9e de lecture estim\u00e9e\" \/>\n\t<meta name=\"twitter:data1\" content=\"2 minutes\" \/>\n<script type=\"application\/ld+json\" class=\"yoast-schema-graph\">{\"@context\":\"https:\\\/\\\/schema.org\",\"@graph\":[{\"@type\":\"WebPage\",\"@id\":\"https:\\\/\\\/www.tvnvalve.com\\\/fr\\\/produits\\\/v106-vanne-papillon-double-excentration\\\/\",\"url\":\"https:\\\/\\\/www.tvnvalve.com\\\/fr\\\/produits\\\/v106-vanne-papillon-double-excentration\\\/\",\"name\":\"V106 VANNE PAPILLON DOUBLE EXCENTRATION - TVN Valve &amp; Piping Company\",\"isPartOf\":{\"@id\":\"https:\\\/\\\/www.tvnvalve.com\\\/fr\\\/#website\"},\"primaryImageOfPage\":{\"@id\":\"https:\\\/\\\/www.tvnvalve.com\\\/fr\\\/produits\\\/v106-vanne-papillon-double-excentration\\\/#primaryimage\"},\"image\":{\"@id\":\"https:\\\/\\\/www.tvnvalve.com\\\/fr\\\/produits\\\/v106-vanne-papillon-double-excentration\\\/#primaryimage\"},\"thumbnailUrl\":\"https:\\\/\\\/www.tvnvalve.com\\\/fr\\\/wp-content\\\/uploads\\\/2020\\\/05\\\/106.jpg\",\"datePublished\":\"2020-05-22T10:04:57+00:00\",\"dateModified\":\"2022-05-28T09:21:31+00:00\",\"breadcrumb\":{\"@id\":\"https:\\\/\\\/www.tvnvalve.com\\\/fr\\\/produits\\\/v106-vanne-papillon-double-excentration\\\/#breadcrumb\"},\"inLanguage\":\"fr-FR\",\"potentialAction\":[{\"@type\":\"ReadAction\",\"target\":[\"https:\\\/\\\/www.tvnvalve.com\\\/fr\\\/produits\\\/v106-vanne-papillon-double-excentration\\\/\"]}]},{\"@type\":\"ImageObject\",\"inLanguage\":\"fr-FR\",\"@id\":\"https:\\\/\\\/www.tvnvalve.com\\\/fr\\\/produits\\\/v106-vanne-papillon-double-excentration\\\/#primaryimage\",\"url\":\"https:\\\/\\\/www.tvnvalve.com\\\/fr\\\/wp-content\\\/uploads\\\/2020\\\/05\\\/106.jpg\",\"contentUrl\":\"https:\\\/\\\/www.tvnvalve.com\\\/fr\\\/wp-content\\\/uploads\\\/2020\\\/05\\\/106.jpg\",\"width\":800,\"height\":832},{\"@type\":\"BreadcrumbList\",\"@id\":\"https:\\\/\\\/www.tvnvalve.com\\\/fr\\\/produits\\\/v106-vanne-papillon-double-excentration\\\/#breadcrumb\",\"itemListElement\":[{\"@type\":\"ListItem\",\"position\":1,\"name\":\"Home\",\"item\":\"https:\\\/\\\/www.tvnvalve.com\\\/fr\\\/\"},{\"@type\":\"ListItem\",\"position\":2,\"name\":\"Produits\",\"item\":\"https:\\\/\\\/www.tvnvalve.com\\\/fr\\\/produits\\\/\"},{\"@type\":\"ListItem\",\"position\":3,\"name\":\"V106 VANNE PAPILLON DOUBLE EXCENTRATION\"}]},{\"@type\":\"WebSite\",\"@id\":\"https:\\\/\\\/www.tvnvalve.com\\\/fr\\\/#website\",\"url\":\"https:\\\/\\\/www.tvnvalve.com\\\/fr\\\/\",\"name\":\"TVN Valve &amp; Piping Company\",\"description\":\"Valve &amp; Piping Manufacturer\",\"potentialAction\":[{\"@type\":\"SearchAction\",\"target\":{\"@type\":\"EntryPoint\",\"urlTemplate\":\"https:\\\/\\\/www.tvnvalve.com\\\/fr\\\/?s={search_term_string}\"},\"query-input\":{\"@type\":\"PropertyValueSpecification\",\"valueRequired\":true,\"valueName\":\"search_term_string\"}}],\"inLanguage\":\"fr-FR\"}]}<\/script>\n<!-- \/ Yoast SEO plugin. -->","yoast_head_json":{"title":"V106 VANNE PAPILLON DOUBLE EXCENTRATION - TVN Valve &amp; Piping Company","robots":{"index":"index","follow":"follow","max-snippet":"max-snippet:-1","max-image-preview":"max-image-preview:large","max-video-preview":"max-video-preview:-1"},"canonical":"https:\/\/www.tvnvalve.com\/fr\/produits\/v106-vanne-papillon-double-excentration\/","og_locale":"fr_FR","og_type":"article","og_title":"V106 VANNE PAPILLON DOUBLE EXCENTRATION - TVN Valve &amp; Piping Company","og_description":"TVN V106 Vanne Papillon Double Excentration \u00e0 si\u00e8ge \u00e9lastique est le type de produit principal pr\u00e9f\u00e9r\u00e9 dans les r\u00e9seaux d&rsquo;eau. Gr\u00e2ce \u00e0 sa conception papillon o\u00f9 [\u2026]","og_url":"https:\/\/www.tvnvalve.com\/fr\/produits\/v106-vanne-papillon-double-excentration\/","og_site_name":"TVN Valve &amp; Piping Company","article_modified_time":"2022-05-28T09:21:31+00:00","og_image":[{"width":800,"height":832,"url":"https:\/\/www.tvnvalve.com\/fr\/wp-content\/uploads\/2020\/05\/106.jpg","type":"image\/jpeg"}],"twitter_card":"summary_large_image","twitter_misc":{"Dur\u00e9e de lecture estim\u00e9e":"2 minutes"},"schema":{"@context":"https:\/\/schema.org","@graph":[{"@type":"WebPage","@id":"https:\/\/www.tvnvalve.com\/fr\/produits\/v106-vanne-papillon-double-excentration\/","url":"https:\/\/www.tvnvalve.com\/fr\/produits\/v106-vanne-papillon-double-excentration\/","name":"V106 VANNE PAPILLON DOUBLE EXCENTRATION - TVN Valve &amp; Piping Company","isPartOf":{"@id":"https:\/\/www.tvnvalve.com\/fr\/#website"},"primaryImageOfPage":{"@id":"https:\/\/www.tvnvalve.com\/fr\/produits\/v106-vanne-papillon-double-excentration\/#primaryimage"},"image":{"@id":"https:\/\/www.tvnvalve.com\/fr\/produits\/v106-vanne-papillon-double-excentration\/#primaryimage"},"thumbnailUrl":"https:\/\/www.tvnvalve.com\/fr\/wp-content\/uploads\/2020\/05\/106.jpg","datePublished":"2020-05-22T10:04:57+00:00","dateModified":"2022-05-28T09:21:31+00:00","breadcrumb":{"@id":"https:\/\/www.tvnvalve.com\/fr\/produits\/v106-vanne-papillon-double-excentration\/#breadcrumb"},"inLanguage":"fr-FR","potentialAction":[{"@type":"ReadAction","target":["https:\/\/www.tvnvalve.com\/fr\/produits\/v106-vanne-papillon-double-excentration\/"]}]},{"@type":"ImageObject","inLanguage":"fr-FR","@id":"https:\/\/www.tvnvalve.com\/fr\/produits\/v106-vanne-papillon-double-excentration\/#primaryimage","url":"https:\/\/www.tvnvalve.com\/fr\/wp-content\/uploads\/2020\/05\/106.jpg","contentUrl":"https:\/\/www.tvnvalve.com\/fr\/wp-content\/uploads\/2020\/05\/106.jpg","width":800,"height":832},{"@type":"BreadcrumbList","@id":"https:\/\/www.tvnvalve.com\/fr\/produits\/v106-vanne-papillon-double-excentration\/#breadcrumb","itemListElement":[{"@type":"ListItem","position":1,"name":"Home","item":"https:\/\/www.tvnvalve.com\/fr\/"},{"@type":"ListItem","position":2,"name":"Produits","item":"https:\/\/www.tvnvalve.com\/fr\/produits\/"},{"@type":"ListItem","position":3,"name":"V106 VANNE PAPILLON DOUBLE EXCENTRATION"}]},{"@type":"WebSite","@id":"https:\/\/www.tvnvalve.com\/fr\/#website","url":"https:\/\/www.tvnvalve.com\/fr\/","name":"TVN Valve &amp; Piping Company","description":"Valve &amp; Piping Manufacturer","potentialAction":[{"@type":"SearchAction","target":{"@type":"EntryPoint","urlTemplate":"https:\/\/www.tvnvalve.com\/fr\/?s={search_term_string}"},"query-input":{"@type":"PropertyValueSpecification","valueRequired":true,"valueName":"search_term_string"}}],"inLanguage":"fr-FR"}]}},"_links":{"self":[{"href":"https:\/\/www.tvnvalve.com\/fr\/wp-json\/wp\/v2\/product\/65","targetHints":{"allow":["GET"]}}],"collection":[{"href":"https:\/\/www.tvnvalve.com\/fr\/wp-json\/wp\/v2\/product"}],"about":[{"href":"https:\/\/www.tvnvalve.com\/fr\/wp-json\/wp\/v2\/types\/product"}],"wp:featuredmedia":[{"embeddable":true,"href":"https:\/\/www.tvnvalve.com\/fr\/wp-json\/wp\/v2\/media\/1102"}],"wp:attachment":[{"href":"https:\/\/www.tvnvalve.com\/fr\/wp-json\/wp\/v2\/media?parent=65"}],"wp:term":[{"taxonomy":"product_brand","embeddable":true,"href":"https:\/\/www.tvnvalve.com\/fr\/wp-json\/wp\/v2\/product_brand?post=65"},{"taxonomy":"product_cat","embeddable":true,"href":"https:\/\/www.tvnvalve.com\/fr\/wp-json\/wp\/v2\/product_cat?post=65"},{"taxonomy":"product_tag","embeddable":true,"href":"https:\/\/www.tvnvalve.com\/fr\/wp-json\/wp\/v2\/product_tag?post=65"}],"curies":[{"name":"wp","href":"https:\/\/api.w.org\/{rel}","templated":true}]}}