{"id":642,"date":"2020-06-25T21:19:11","date_gmt":"2020-06-25T21:19:11","guid":{"rendered":"https:\/\/www.ansolon.com\/tvn\/?post_type=product&#038;p=642"},"modified":"2020-07-30T20:51:46","modified_gmt":"2020-07-30T20:51:46","slug":"v511-vanne-de-regulation-de-pompe-verticale","status":"publish","type":"product","link":"https:\/\/www.tvnvalve.com\/fr\/produits\/v511-vanne-de-regulation-de-pompe-verticale\/","title":{"rendered":"V511 VANNE DE R\u00c9GULATION DE POMPE VERTICALE"},"content":{"rendered":"<p>\n<a   class=\"button  has-icon button_left button_size_1\"  href=\"https:\/\/www.tvnvalve.com\/fr\/wp-content\/uploads\/2020\/07\/TVN-Soupape-Tuyauterie-Catalogue-V511.pdf\" style=\"background-color:#b51f13!important;color:#ffffff;\" target=\"_blank\"    title=\"\"><span class=\"button_icon\"><i class=\"icon-acrobat\"  style=\"color:#ffffff!important;\" aria-hidden=\"true\"><\/i><\/span><span class=\"button_label\">T\u00e9l\u00e9charger la fiche technique PDF<\/span><\/a>\n<br \/>\n<br \/>\nV511 Vanne de R\u00e9gulation de Pompe Verticale est con\u00e7u pour mettre en service et d\u00e9monter les pompes sans endommager le syst\u00e8me. Le raccord en T est fourni. Lorsque le syst\u00e8me est \u00e9teint, la vanne est ouverte. Lorsque le syst\u00e8me d\u00e9marre, la vanne permet \u00e0 l&rsquo;eau de s&rsquo;\u00e9couler en se fermant progressivement. Le contr\u00f4le de ces vannes peut \u00eatre maintenu par un dispositif de contr\u00f4le, relais intermittent, interrupteur, unit\u00e9 de contr\u00f4le PLC, etc.<\/p>\n<div class=\"deschide\">\n<h2><a href=\"https:\/\/tvnvalve.com\/application-fields\/\" target=\"_blank\" rel=\"noopener noreferrer\">Application Range<\/a><\/h2>\n<ol class=\"fa-ul\">\n<li><span class=\"fa-li\"><i class=\"icon-right-dir\"> <\/i><\/span>Agricultural irrigation<\/li>\n<li><span class=\"fa-li\"><i class=\"icon-right-dir\"> <\/i><\/span>Household implementation<\/li>\n<li><span class=\"fa-li\"><i class=\"icon-right-dir\"> <\/i><\/span>Supply of water fire extinguishing<\/li>\n<li><span class=\"fa-li\"><i class=\"icon-right-dir\"> <\/i><\/span>Various applications of industrial systems.<\/li>\n<li><span class=\"fa-li\"><i class=\"icon-right-dir\"> <\/i><\/span>Food and chemical enterprises<\/li>\n<\/ol>\n<h2>Adjustment<\/h2>\n<p>Connect the signal pipe and orifice plate sent together with the valve to the network as it is shown in user\u2019s manual. Move the three-way globe valve on the valve to automatic mode. Open the protection cap of the three-way pilot on the valve. If the flow passing through the valve is insufficient, boost the flow by screwing the adjusting bolt. If the flow passing through the valve is more than demanded amounts, reduce the flow by loosening the adjusting bolt.<\/p>\n<h2>Vertical Pump Control Valve Product Features<\/h2>\n<ol class=\"fa-ul\">\n<li><span class=\"fa-li\"><i class=\"icon-right-dir\"> <\/i><\/span>Protection of network against excessive pressure<\/li>\n<li><span class=\"fa-li\"><i class=\"icon-right-dir\"> <\/i><\/span>Adjustable isolating rate.<\/li>\n<li><span class=\"fa-li\"><i class=\"icon-right-dir\"> <\/i><\/span>Low energy consumption.<\/li>\n<li><span class=\"fa-li\"><i class=\"icon-right-dir\"> <\/i><\/span>Easy maintenance.<\/li>\n<li><span class=\"fa-li\"><i class=\"icon-right-dir\"> <\/i><\/span>Geolocation thanks to limit switch.<\/li>\n<li><span class=\"fa-li\"><i class=\"icon-right-dir\"> <\/i><\/span>Easy and zero adjustment to demanded pressure.<\/li>\n<li><span class=\"fa-li\"><i class=\"icon-right-dir\"> <\/i><\/span>Doesn\u2019t require maintenance in operation for a long time due to its corrosion resistant components.<\/li>\n<li><span class=\"fa-li\"><i class=\"icon-right-dir\"> <\/i><\/span>Has a long working life in operation since coating has been made with phosphorylation and over-dried epoxy powder paint.<\/li>\n<li><span class=\"fa-li\"><i class=\"icon-right-dir\"> <\/i><\/span>Performs perfect modulation in variable flows and even too low flow rates close to zero.<\/li>\n<li><span class=\"fa-li\"><i class=\"icon-right-dir\"> <\/i><\/span>Has a wide range of application with use of different pilot valves.<\/li>\n<\/ol>\n<\/div>\n","protected":false},"excerpt":{"rendered":"<p>V511 Vanne de R\u00e9gulation de Pompe Verticale est con\u00e7u pour mettre en service et d\u00e9monter les pompes sans endommager le syst\u00e8me. Le raccord en T est<span class=\"excerpt-hellip\"> [\u2026]<\/span><\/p>\n","protected":false},"featured_media":643,"template":"","meta":[],"product_brand":[],"product_cat":[40],"product_tag":[],"class_list":{"0":"post-642","1":"product","2":"type-product","3":"status-publish","4":"has-post-thumbnail","6":"product_cat-v50-51-vannes-de-regulation","8":"first","9":"instock","10":"featured","11":"shipping-taxable","12":"product-type-simple"},"yoast_head":"<!-- This site is optimized with the Yoast SEO plugin v27.4 - https:\/\/yoast.com\/product\/yoast-seo-wordpress\/ -->\n<title>Vertical Pump Control Valve V511 - TVN Valve &amp; Piping Company<\/title>\n<meta name=\"description\" content=\"V511 Vertical Pump Control Valve is designed to put into use and unmount the pumps without damaging the system. Tee fitting is provided.\" \/>\n<meta name=\"robots\" content=\"index, follow, max-snippet:-1, max-image-preview:large, max-video-preview:-1\" \/>\n<link rel=\"canonical\" href=\"https:\/\/www.tvnvalve.com\/fr\/produits\/v511-vanne-de-regulation-de-pompe-verticale\/\" \/>\n<meta property=\"og:locale\" content=\"fr_FR\" \/>\n<meta property=\"og:type\" content=\"article\" \/>\n<meta property=\"og:title\" content=\"Vertical Pump Control Valve V511 - TVN Valve &amp; Piping Company\" \/>\n<meta property=\"og:description\" content=\"V511 Vertical Pump Control Valve is designed to put into use and unmount the pumps without damaging the system. Tee fitting is provided.\" \/>\n<meta property=\"og:url\" content=\"https:\/\/www.tvnvalve.com\/fr\/produits\/v511-vanne-de-regulation-de-pompe-verticale\/\" \/>\n<meta property=\"og:site_name\" content=\"TVN Valve &amp; Piping Company\" \/>\n<meta property=\"article:modified_time\" content=\"2020-07-30T20:51:46+00:00\" \/>\n<meta property=\"og:image\" content=\"https:\/\/www.tvnvalve.com\/fr\/wp-content\/uploads\/2020\/06\/V511-VERTICAL-PUMP-CONTROL-VALVE.jpg\" \/>\n\t<meta property=\"og:image:width\" content=\"800\" \/>\n\t<meta property=\"og:image:height\" content=\"832\" \/>\n\t<meta property=\"og:image:type\" content=\"image\/jpeg\" \/>\n<meta name=\"twitter:card\" content=\"summary_large_image\" \/>\n<meta name=\"twitter:label1\" content=\"Dur\u00e9e de lecture estim\u00e9e\" \/>\n\t<meta name=\"twitter:data1\" content=\"2 minutes\" \/>\n<script type=\"application\/ld+json\" class=\"yoast-schema-graph\">{\"@context\":\"https:\\\/\\\/schema.org\",\"@graph\":[{\"@type\":\"WebPage\",\"@id\":\"https:\\\/\\\/www.tvnvalve.com\\\/fr\\\/produits\\\/v511-vanne-de-regulation-de-pompe-verticale\\\/\",\"url\":\"https:\\\/\\\/www.tvnvalve.com\\\/fr\\\/produits\\\/v511-vanne-de-regulation-de-pompe-verticale\\\/\",\"name\":\"Vertical Pump Control Valve V511 - TVN Valve &amp; Piping Company\",\"isPartOf\":{\"@id\":\"https:\\\/\\\/www.tvnvalve.com\\\/fr\\\/#website\"},\"primaryImageOfPage\":{\"@id\":\"https:\\\/\\\/www.tvnvalve.com\\\/fr\\\/produits\\\/v511-vanne-de-regulation-de-pompe-verticale\\\/#primaryimage\"},\"image\":{\"@id\":\"https:\\\/\\\/www.tvnvalve.com\\\/fr\\\/produits\\\/v511-vanne-de-regulation-de-pompe-verticale\\\/#primaryimage\"},\"thumbnailUrl\":\"https:\\\/\\\/www.tvnvalve.com\\\/fr\\\/wp-content\\\/uploads\\\/2020\\\/06\\\/V511-VERTICAL-PUMP-CONTROL-VALVE.jpg\",\"datePublished\":\"2020-06-25T21:19:11+00:00\",\"dateModified\":\"2020-07-30T20:51:46+00:00\",\"description\":\"V511 Vertical Pump Control Valve is designed to put into use and unmount the pumps without damaging the system. Tee fitting is provided.\",\"breadcrumb\":{\"@id\":\"https:\\\/\\\/www.tvnvalve.com\\\/fr\\\/produits\\\/v511-vanne-de-regulation-de-pompe-verticale\\\/#breadcrumb\"},\"inLanguage\":\"fr-FR\",\"potentialAction\":[{\"@type\":\"ReadAction\",\"target\":[\"https:\\\/\\\/www.tvnvalve.com\\\/fr\\\/produits\\\/v511-vanne-de-regulation-de-pompe-verticale\\\/\"]}]},{\"@type\":\"ImageObject\",\"inLanguage\":\"fr-FR\",\"@id\":\"https:\\\/\\\/www.tvnvalve.com\\\/fr\\\/produits\\\/v511-vanne-de-regulation-de-pompe-verticale\\\/#primaryimage\",\"url\":\"https:\\\/\\\/www.tvnvalve.com\\\/fr\\\/wp-content\\\/uploads\\\/2020\\\/06\\\/V511-VERTICAL-PUMP-CONTROL-VALVE.jpg\",\"contentUrl\":\"https:\\\/\\\/www.tvnvalve.com\\\/fr\\\/wp-content\\\/uploads\\\/2020\\\/06\\\/V511-VERTICAL-PUMP-CONTROL-VALVE.jpg\",\"width\":800,\"height\":832,\"caption\":\"Vertical Pump Control Valve\"},{\"@type\":\"BreadcrumbList\",\"@id\":\"https:\\\/\\\/www.tvnvalve.com\\\/fr\\\/produits\\\/v511-vanne-de-regulation-de-pompe-verticale\\\/#breadcrumb\",\"itemListElement\":[{\"@type\":\"ListItem\",\"position\":1,\"name\":\"Home\",\"item\":\"https:\\\/\\\/www.tvnvalve.com\\\/fr\\\/\"},{\"@type\":\"ListItem\",\"position\":2,\"name\":\"Produits\",\"item\":\"https:\\\/\\\/www.tvnvalve.com\\\/fr\\\/produits\\\/\"},{\"@type\":\"ListItem\",\"position\":3,\"name\":\"V511 VANNE DE R\u00c9GULATION DE POMPE VERTICALE\"}]},{\"@type\":\"WebSite\",\"@id\":\"https:\\\/\\\/www.tvnvalve.com\\\/fr\\\/#website\",\"url\":\"https:\\\/\\\/www.tvnvalve.com\\\/fr\\\/\",\"name\":\"TVN Valve &amp; Piping Company\",\"description\":\"Valve &amp; Piping Manufacturer\",\"potentialAction\":[{\"@type\":\"SearchAction\",\"target\":{\"@type\":\"EntryPoint\",\"urlTemplate\":\"https:\\\/\\\/www.tvnvalve.com\\\/fr\\\/?s={search_term_string}\"},\"query-input\":{\"@type\":\"PropertyValueSpecification\",\"valueRequired\":true,\"valueName\":\"search_term_string\"}}],\"inLanguage\":\"fr-FR\"}]}<\/script>\n<!-- \/ Yoast SEO plugin. -->","yoast_head_json":{"title":"Vertical Pump Control Valve V511 - TVN Valve &amp; Piping Company","description":"V511 Vertical Pump Control Valve is designed to put into use and unmount the pumps without damaging the system. Tee fitting is provided.","robots":{"index":"index","follow":"follow","max-snippet":"max-snippet:-1","max-image-preview":"max-image-preview:large","max-video-preview":"max-video-preview:-1"},"canonical":"https:\/\/www.tvnvalve.com\/fr\/produits\/v511-vanne-de-regulation-de-pompe-verticale\/","og_locale":"fr_FR","og_type":"article","og_title":"Vertical Pump Control Valve V511 - TVN Valve &amp; Piping Company","og_description":"V511 Vertical Pump Control Valve is designed to put into use and unmount the pumps without damaging the system. Tee fitting is provided.","og_url":"https:\/\/www.tvnvalve.com\/fr\/produits\/v511-vanne-de-regulation-de-pompe-verticale\/","og_site_name":"TVN Valve &amp; Piping Company","article_modified_time":"2020-07-30T20:51:46+00:00","og_image":[{"width":800,"height":832,"url":"https:\/\/www.tvnvalve.com\/fr\/wp-content\/uploads\/2020\/06\/V511-VERTICAL-PUMP-CONTROL-VALVE.jpg","type":"image\/jpeg"}],"twitter_card":"summary_large_image","twitter_misc":{"Dur\u00e9e de lecture estim\u00e9e":"2 minutes"},"schema":{"@context":"https:\/\/schema.org","@graph":[{"@type":"WebPage","@id":"https:\/\/www.tvnvalve.com\/fr\/produits\/v511-vanne-de-regulation-de-pompe-verticale\/","url":"https:\/\/www.tvnvalve.com\/fr\/produits\/v511-vanne-de-regulation-de-pompe-verticale\/","name":"Vertical Pump Control Valve V511 - TVN Valve &amp; Piping Company","isPartOf":{"@id":"https:\/\/www.tvnvalve.com\/fr\/#website"},"primaryImageOfPage":{"@id":"https:\/\/www.tvnvalve.com\/fr\/produits\/v511-vanne-de-regulation-de-pompe-verticale\/#primaryimage"},"image":{"@id":"https:\/\/www.tvnvalve.com\/fr\/produits\/v511-vanne-de-regulation-de-pompe-verticale\/#primaryimage"},"thumbnailUrl":"https:\/\/www.tvnvalve.com\/fr\/wp-content\/uploads\/2020\/06\/V511-VERTICAL-PUMP-CONTROL-VALVE.jpg","datePublished":"2020-06-25T21:19:11+00:00","dateModified":"2020-07-30T20:51:46+00:00","description":"V511 Vertical Pump Control Valve is designed to put into use and unmount the pumps without damaging the system. Tee fitting is provided.","breadcrumb":{"@id":"https:\/\/www.tvnvalve.com\/fr\/produits\/v511-vanne-de-regulation-de-pompe-verticale\/#breadcrumb"},"inLanguage":"fr-FR","potentialAction":[{"@type":"ReadAction","target":["https:\/\/www.tvnvalve.com\/fr\/produits\/v511-vanne-de-regulation-de-pompe-verticale\/"]}]},{"@type":"ImageObject","inLanguage":"fr-FR","@id":"https:\/\/www.tvnvalve.com\/fr\/produits\/v511-vanne-de-regulation-de-pompe-verticale\/#primaryimage","url":"https:\/\/www.tvnvalve.com\/fr\/wp-content\/uploads\/2020\/06\/V511-VERTICAL-PUMP-CONTROL-VALVE.jpg","contentUrl":"https:\/\/www.tvnvalve.com\/fr\/wp-content\/uploads\/2020\/06\/V511-VERTICAL-PUMP-CONTROL-VALVE.jpg","width":800,"height":832,"caption":"Vertical Pump Control Valve"},{"@type":"BreadcrumbList","@id":"https:\/\/www.tvnvalve.com\/fr\/produits\/v511-vanne-de-regulation-de-pompe-verticale\/#breadcrumb","itemListElement":[{"@type":"ListItem","position":1,"name":"Home","item":"https:\/\/www.tvnvalve.com\/fr\/"},{"@type":"ListItem","position":2,"name":"Produits","item":"https:\/\/www.tvnvalve.com\/fr\/produits\/"},{"@type":"ListItem","position":3,"name":"V511 VANNE DE R\u00c9GULATION DE POMPE VERTICALE"}]},{"@type":"WebSite","@id":"https:\/\/www.tvnvalve.com\/fr\/#website","url":"https:\/\/www.tvnvalve.com\/fr\/","name":"TVN Valve &amp; Piping Company","description":"Valve &amp; Piping Manufacturer","potentialAction":[{"@type":"SearchAction","target":{"@type":"EntryPoint","urlTemplate":"https:\/\/www.tvnvalve.com\/fr\/?s={search_term_string}"},"query-input":{"@type":"PropertyValueSpecification","valueRequired":true,"valueName":"search_term_string"}}],"inLanguage":"fr-FR"}]}},"_links":{"self":[{"href":"https:\/\/www.tvnvalve.com\/fr\/wp-json\/wp\/v2\/product\/642","targetHints":{"allow":["GET"]}}],"collection":[{"href":"https:\/\/www.tvnvalve.com\/fr\/wp-json\/wp\/v2\/product"}],"about":[{"href":"https:\/\/www.tvnvalve.com\/fr\/wp-json\/wp\/v2\/types\/product"}],"wp:featuredmedia":[{"embeddable":true,"href":"https:\/\/www.tvnvalve.com\/fr\/wp-json\/wp\/v2\/media\/643"}],"wp:attachment":[{"href":"https:\/\/www.tvnvalve.com\/fr\/wp-json\/wp\/v2\/media?parent=642"}],"wp:term":[{"taxonomy":"product_brand","embeddable":true,"href":"https:\/\/www.tvnvalve.com\/fr\/wp-json\/wp\/v2\/product_brand?post=642"},{"taxonomy":"product_cat","embeddable":true,"href":"https:\/\/www.tvnvalve.com\/fr\/wp-json\/wp\/v2\/product_cat?post=642"},{"taxonomy":"product_tag","embeddable":true,"href":"https:\/\/www.tvnvalve.com\/fr\/wp-json\/wp\/v2\/product_tag?post=642"}],"curies":[{"name":"wp","href":"https:\/\/api.w.org\/{rel}","templated":true}]}}