{"id":628,"date":"2020-06-25T20:43:08","date_gmt":"2020-06-25T20:43:08","guid":{"rendered":"https:\/\/www.ansolon.com\/tvn\/?post_type=product&#038;p=628"},"modified":"2024-05-10T11:33:20","modified_gmt":"2024-05-10T11:33:20","slug":"v401-raccords","status":"publish","type":"product","link":"https:\/\/www.tvnvalve.com\/fr\/produits\/v401-raccords\/","title":{"rendered":"V401 RACCORDS"},"content":{"rendered":"<p>\n<a   class=\"button  has-icon button_left button_size_1\"  href=\"https:\/\/www.tvnvalve.com\/fr\/wp-content\/uploads\/2020\/07\/TVN-Soupape-Tuyauterie-Catalogue-V401.pdf\" style=\"background-color:#b51f13!important;color:#ffffff;\" target=\"_blank\"    title=\"\"><span class=\"button_icon\"><i class=\"icon-acrobat\"  style=\"color:#ffffff!important;\" aria-hidden=\"true\"><\/i><\/span><span class=\"button_label\">T\u00e9l\u00e9charger la fiche technique PDF<\/span><\/a>\n<br \/>\n<br \/>\n\u00ab\u00a0TVN V401 Raccords sont la solution flexible pour joindre les tuyaux. Ces raccords sont id\u00e9aux pour absorber les bruits et les vibrations dans les canalisations et surmonter le d\u00e9calage axial, garantissant une connexion \u00e9tanche permanente. Il s&rsquo;agit d&rsquo;une pi\u00e8ce de raccordement permettant la r\u00e9paration et les modifications n\u00e9cessaires sur les canalisations, reliant des tuyaux de type et de diam\u00e8tre diff\u00e9rents. Fourni en standard avec joint EPDM pour les applications d&rsquo;eau.<br \/>\nChaque joint en caoutchouc est contenu dans une chambre de compression qui est form\u00e9e par les anneaux d&rsquo;extr\u00e9mit\u00e9 suiveurs, l&rsquo;anneau central et la surface du tuyau. En resserrant les boulons de l&rsquo;accouplement, les bagues d&rsquo;extr\u00e9mit\u00e9 suiveuses sont rapproch\u00e9es, r\u00e9duisant ainsi le volume des chambres de compression et comprimant les joints, r\u00e9sultant en un joint \u00e9tanche \u00e0 la pression. Le raccord TVN permet une expansion et une contraction de \u00b1 2,5 mm et une d\u00e9viation angulaire de 3 \u00b0 pour chaque joint (\u00b1 5 mm &#038; 6 \u00b0 au total pour chaque raccord).\u00a0\u00bb<\/p>\n<div class=\"deschide\">\n<h2>Application Range<\/h2>\n<ol class=\"fa-ul\">\n<li><span class=\"fa-li\"><i class=\"icon-right-dir\"> <\/i><\/span>Water distribution lines<\/li>\n<li><span class=\"fa-li\"><i class=\"icon-right-dir\"> <\/i><\/span>Water transmission pipelines<\/li>\n<li><span class=\"fa-li\"><i class=\"icon-right-dir\"> <\/i><\/span>Waste water applications<\/li>\n<li><span class=\"fa-li\"><i class=\"icon-right-dir\"> <\/i><\/span>Pumping Stations<\/li>\n<\/ol>\n<h2>Related Products<\/h2>\n<ol class=\"fa-ul\">\n<li><span class=\"fa-li\"><i class=\"icon-right-dir\"> <\/i><\/span>V351 Flange Adaptor<\/li>\n<li><span class=\"fa-li\"><i class=\"icon-right-dir\"> <\/i><\/span>V401 Coupling<\/li>\n<li><span class=\"fa-li\"><i class=\"icon-right-dir\"> <\/i><\/span>V151 Gate Valve<\/li>\n<\/ol>\n<h2>Couplings Product Features<\/h2>\n<ol class=\"fa-ul\">\n<li><span class=\"fa-li\"><i class=\"icon-right-dir\"> <\/i><\/span>Working pressure PN10-16, acceptable temperature up to 110 \u00b0C<\/li>\n<li><span class=\"fa-li\"><i class=\"icon-right-dir\"> <\/i><\/span>Allows the connection of pipes having angular misalignment.<\/li>\n<li><span class=\"fa-li\"><i class=\"icon-right-dir\"> <\/i><\/span>With NBR gasket option, coupling will be suitable for sewage and drainage applications.<\/li>\n<li><span class=\"fa-li\"><i class=\"icon-right-dir\"> <\/i><\/span>Universal couplings are suitable for carbon steel, PVC, polyethylene, ductile iron pipe networks.<\/li>\n<li><span class=\"fa-li\"><i class=\"icon-right-dir\"> <\/i><\/span>Suitable for water and neutral liquids, sewage applications.<\/li>\n<li><span class=\"fa-li\"><i class=\"icon-right-dir\"> <\/i><\/span>Light weight ductile iron construction design provides compact usage.<\/li>\n<li><span class=\"fa-li\"><i class=\"icon-right-dir\"> <\/i><\/span>Pipes with high diameter differences can be connected to each other by using reduced bore pipe couplings.<\/li>\n<li><span class=\"fa-li\"><i class=\"icon-right-dir\"> <\/i><\/span>Fully corrosion resistant construction. Inside and outside fusion bonded epoxy coating.<\/li>\n<li><span class=\"fa-li\"><i class=\"icon-right-dir\"> <\/i><\/span>Flanges drilling according to EN 1092-2 \/ ISO 7005-2.<\/li>\n<li><span class=\"fa-li\"><i class=\"icon-right-dir\"> <\/i><\/span>Hydrostatic test pressure for shell: PN x 1.5 according to EN 12266-1.<\/li>\n<\/ol>\n<\/div>\n","protected":false},"excerpt":{"rendered":"<p>\u00ab\u00a0TVN V401 Raccords sont la solution flexible pour joindre les tuyaux. Ces raccords sont id\u00e9aux pour absorber les bruits et les vibrations dans les canalisations et<span class=\"excerpt-hellip\"> [\u2026]<\/span><\/p>\n","protected":false},"featured_media":1175,"template":"","meta":[],"product_brand":[],"product_cat":[38],"product_tag":[],"class_list":{"0":"post-628","1":"product","2":"type-product","3":"status-publish","4":"has-post-thumbnail","6":"product_cat-v40-raccords","8":"first","9":"instock","10":"featured","11":"shipping-taxable","12":"product-type-simple"},"yoast_head":"<!-- This site is optimized with the Yoast SEO plugin v27.5 - https:\/\/yoast.com\/product\/yoast-seo-wordpress\/ -->\n<title>Couplings V401 Waste Water Applications - TVN Valve &amp; Piping Company<\/title>\n<meta name=\"description\" content=\"TVN V401 Couplings are the flexible solution for joining pipes. These couplings are ideal for absorbing noises and vibrations in pipelines\" \/>\n<meta name=\"robots\" content=\"index, follow, max-snippet:-1, max-image-preview:large, max-video-preview:-1\" \/>\n<link rel=\"canonical\" href=\"https:\/\/www.tvnvalve.com\/fr\/produits\/v401-raccords\/\" \/>\n<meta property=\"og:locale\" content=\"fr_FR\" \/>\n<meta property=\"og:type\" content=\"article\" \/>\n<meta property=\"og:title\" content=\"Couplings V401 Waste Water Applications - TVN Valve &amp; Piping Company\" \/>\n<meta property=\"og:description\" content=\"TVN V401 Couplings are the flexible solution for joining pipes. These couplings are ideal for absorbing noises and vibrations in pipelines\" \/>\n<meta property=\"og:url\" content=\"https:\/\/www.tvnvalve.com\/fr\/produits\/v401-raccords\/\" \/>\n<meta property=\"og:site_name\" content=\"TVN Valve &amp; Piping Company\" \/>\n<meta property=\"article:modified_time\" content=\"2024-05-10T11:33:20+00:00\" \/>\n<meta property=\"og:image\" content=\"https:\/\/www.tvnvalve.com\/fr\/wp-content\/uploads\/2020\/06\/tvnvalve-v401-Couplings.jpg\" \/>\n\t<meta property=\"og:image:width\" content=\"1000\" \/>\n\t<meta property=\"og:image:height\" content=\"1000\" \/>\n\t<meta property=\"og:image:type\" content=\"image\/jpeg\" \/>\n<meta name=\"twitter:card\" content=\"summary_large_image\" \/>\n<meta name=\"twitter:label1\" content=\"Dur\u00e9e de lecture estim\u00e9e\" \/>\n\t<meta name=\"twitter:data1\" content=\"2 minutes\" \/>\n<script type=\"application\/ld+json\" class=\"yoast-schema-graph\">{\"@context\":\"https:\\\/\\\/schema.org\",\"@graph\":[{\"@type\":\"WebPage\",\"@id\":\"https:\\\/\\\/www.tvnvalve.com\\\/fr\\\/produits\\\/v401-raccords\\\/\",\"url\":\"https:\\\/\\\/www.tvnvalve.com\\\/fr\\\/produits\\\/v401-raccords\\\/\",\"name\":\"Couplings V401 Waste Water Applications - TVN Valve &amp; Piping Company\",\"isPartOf\":{\"@id\":\"https:\\\/\\\/www.tvnvalve.com\\\/fr\\\/#website\"},\"primaryImageOfPage\":{\"@id\":\"https:\\\/\\\/www.tvnvalve.com\\\/fr\\\/produits\\\/v401-raccords\\\/#primaryimage\"},\"image\":{\"@id\":\"https:\\\/\\\/www.tvnvalve.com\\\/fr\\\/produits\\\/v401-raccords\\\/#primaryimage\"},\"thumbnailUrl\":\"https:\\\/\\\/www.tvnvalve.com\\\/fr\\\/wp-content\\\/uploads\\\/2020\\\/06\\\/tvnvalve-v401-Couplings.jpg\",\"datePublished\":\"2020-06-25T20:43:08+00:00\",\"dateModified\":\"2024-05-10T11:33:20+00:00\",\"description\":\"TVN V401 Couplings are the flexible solution for joining pipes. These couplings are ideal for absorbing noises and vibrations in pipelines\",\"breadcrumb\":{\"@id\":\"https:\\\/\\\/www.tvnvalve.com\\\/fr\\\/produits\\\/v401-raccords\\\/#breadcrumb\"},\"inLanguage\":\"fr-FR\",\"potentialAction\":[{\"@type\":\"ReadAction\",\"target\":[\"https:\\\/\\\/www.tvnvalve.com\\\/fr\\\/produits\\\/v401-raccords\\\/\"]}]},{\"@type\":\"ImageObject\",\"inLanguage\":\"fr-FR\",\"@id\":\"https:\\\/\\\/www.tvnvalve.com\\\/fr\\\/produits\\\/v401-raccords\\\/#primaryimage\",\"url\":\"https:\\\/\\\/www.tvnvalve.com\\\/fr\\\/wp-content\\\/uploads\\\/2020\\\/06\\\/tvnvalve-v401-Couplings.jpg\",\"contentUrl\":\"https:\\\/\\\/www.tvnvalve.com\\\/fr\\\/wp-content\\\/uploads\\\/2020\\\/06\\\/tvnvalve-v401-Couplings.jpg\",\"width\":1000,\"height\":1000},{\"@type\":\"BreadcrumbList\",\"@id\":\"https:\\\/\\\/www.tvnvalve.com\\\/fr\\\/produits\\\/v401-raccords\\\/#breadcrumb\",\"itemListElement\":[{\"@type\":\"ListItem\",\"position\":1,\"name\":\"Home\",\"item\":\"https:\\\/\\\/www.tvnvalve.com\\\/fr\\\/\"},{\"@type\":\"ListItem\",\"position\":2,\"name\":\"Produits\",\"item\":\"https:\\\/\\\/www.tvnvalve.com\\\/fr\\\/produits\\\/\"},{\"@type\":\"ListItem\",\"position\":3,\"name\":\"V401 RACCORDS\"}]},{\"@type\":\"WebSite\",\"@id\":\"https:\\\/\\\/www.tvnvalve.com\\\/fr\\\/#website\",\"url\":\"https:\\\/\\\/www.tvnvalve.com\\\/fr\\\/\",\"name\":\"TVN Valve &amp; Piping Company\",\"description\":\"Valve &amp; Piping Manufacturer\",\"potentialAction\":[{\"@type\":\"SearchAction\",\"target\":{\"@type\":\"EntryPoint\",\"urlTemplate\":\"https:\\\/\\\/www.tvnvalve.com\\\/fr\\\/?s={search_term_string}\"},\"query-input\":{\"@type\":\"PropertyValueSpecification\",\"valueRequired\":true,\"valueName\":\"search_term_string\"}}],\"inLanguage\":\"fr-FR\"}]}<\/script>\n<!-- \/ Yoast SEO plugin. -->","yoast_head_json":{"title":"Couplings V401 Waste Water Applications - TVN Valve &amp; Piping Company","description":"TVN V401 Couplings are the flexible solution for joining pipes. These couplings are ideal for absorbing noises and vibrations in pipelines","robots":{"index":"index","follow":"follow","max-snippet":"max-snippet:-1","max-image-preview":"max-image-preview:large","max-video-preview":"max-video-preview:-1"},"canonical":"https:\/\/www.tvnvalve.com\/fr\/produits\/v401-raccords\/","og_locale":"fr_FR","og_type":"article","og_title":"Couplings V401 Waste Water Applications - TVN Valve &amp; Piping Company","og_description":"TVN V401 Couplings are the flexible solution for joining pipes. These couplings are ideal for absorbing noises and vibrations in pipelines","og_url":"https:\/\/www.tvnvalve.com\/fr\/produits\/v401-raccords\/","og_site_name":"TVN Valve &amp; Piping Company","article_modified_time":"2024-05-10T11:33:20+00:00","og_image":[{"width":1000,"height":1000,"url":"https:\/\/www.tvnvalve.com\/fr\/wp-content\/uploads\/2020\/06\/tvnvalve-v401-Couplings.jpg","type":"image\/jpeg"}],"twitter_card":"summary_large_image","twitter_misc":{"Dur\u00e9e de lecture estim\u00e9e":"2 minutes"},"schema":{"@context":"https:\/\/schema.org","@graph":[{"@type":"WebPage","@id":"https:\/\/www.tvnvalve.com\/fr\/produits\/v401-raccords\/","url":"https:\/\/www.tvnvalve.com\/fr\/produits\/v401-raccords\/","name":"Couplings V401 Waste Water Applications - TVN Valve &amp; Piping Company","isPartOf":{"@id":"https:\/\/www.tvnvalve.com\/fr\/#website"},"primaryImageOfPage":{"@id":"https:\/\/www.tvnvalve.com\/fr\/produits\/v401-raccords\/#primaryimage"},"image":{"@id":"https:\/\/www.tvnvalve.com\/fr\/produits\/v401-raccords\/#primaryimage"},"thumbnailUrl":"https:\/\/www.tvnvalve.com\/fr\/wp-content\/uploads\/2020\/06\/tvnvalve-v401-Couplings.jpg","datePublished":"2020-06-25T20:43:08+00:00","dateModified":"2024-05-10T11:33:20+00:00","description":"TVN V401 Couplings are the flexible solution for joining pipes. These couplings are ideal for absorbing noises and vibrations in pipelines","breadcrumb":{"@id":"https:\/\/www.tvnvalve.com\/fr\/produits\/v401-raccords\/#breadcrumb"},"inLanguage":"fr-FR","potentialAction":[{"@type":"ReadAction","target":["https:\/\/www.tvnvalve.com\/fr\/produits\/v401-raccords\/"]}]},{"@type":"ImageObject","inLanguage":"fr-FR","@id":"https:\/\/www.tvnvalve.com\/fr\/produits\/v401-raccords\/#primaryimage","url":"https:\/\/www.tvnvalve.com\/fr\/wp-content\/uploads\/2020\/06\/tvnvalve-v401-Couplings.jpg","contentUrl":"https:\/\/www.tvnvalve.com\/fr\/wp-content\/uploads\/2020\/06\/tvnvalve-v401-Couplings.jpg","width":1000,"height":1000},{"@type":"BreadcrumbList","@id":"https:\/\/www.tvnvalve.com\/fr\/produits\/v401-raccords\/#breadcrumb","itemListElement":[{"@type":"ListItem","position":1,"name":"Home","item":"https:\/\/www.tvnvalve.com\/fr\/"},{"@type":"ListItem","position":2,"name":"Produits","item":"https:\/\/www.tvnvalve.com\/fr\/produits\/"},{"@type":"ListItem","position":3,"name":"V401 RACCORDS"}]},{"@type":"WebSite","@id":"https:\/\/www.tvnvalve.com\/fr\/#website","url":"https:\/\/www.tvnvalve.com\/fr\/","name":"TVN Valve &amp; Piping Company","description":"Valve &amp; Piping Manufacturer","potentialAction":[{"@type":"SearchAction","target":{"@type":"EntryPoint","urlTemplate":"https:\/\/www.tvnvalve.com\/fr\/?s={search_term_string}"},"query-input":{"@type":"PropertyValueSpecification","valueRequired":true,"valueName":"search_term_string"}}],"inLanguage":"fr-FR"}]}},"_links":{"self":[{"href":"https:\/\/www.tvnvalve.com\/fr\/wp-json\/wp\/v2\/product\/628","targetHints":{"allow":["GET"]}}],"collection":[{"href":"https:\/\/www.tvnvalve.com\/fr\/wp-json\/wp\/v2\/product"}],"about":[{"href":"https:\/\/www.tvnvalve.com\/fr\/wp-json\/wp\/v2\/types\/product"}],"wp:featuredmedia":[{"embeddable":true,"href":"https:\/\/www.tvnvalve.com\/fr\/wp-json\/wp\/v2\/media\/1175"}],"wp:attachment":[{"href":"https:\/\/www.tvnvalve.com\/fr\/wp-json\/wp\/v2\/media?parent=628"}],"wp:term":[{"taxonomy":"product_brand","embeddable":true,"href":"https:\/\/www.tvnvalve.com\/fr\/wp-json\/wp\/v2\/product_brand?post=628"},{"taxonomy":"product_cat","embeddable":true,"href":"https:\/\/www.tvnvalve.com\/fr\/wp-json\/wp\/v2\/product_cat?post=628"},{"taxonomy":"product_tag","embeddable":true,"href":"https:\/\/www.tvnvalve.com\/fr\/wp-json\/wp\/v2\/product_tag?post=628"}],"curies":[{"name":"wp","href":"https:\/\/api.w.org\/{rel}","templated":true}]}}