{"id":624,"date":"2020-06-25T20:38:45","date_gmt":"2020-06-25T20:38:45","guid":{"rendered":"https:\/\/www.ansolon.com\/tvn\/?post_type=product&#038;p=624"},"modified":"2024-05-10T11:26:52","modified_gmt":"2024-05-10T11:26:52","slug":"v351-flange-adaptor","status":"publish","type":"product","link":"https:\/\/www.tvnvalve.com\/fr\/produits\/v351-flange-adaptor\/","title":{"rendered":"V351 Flange Adaptor"},"content":{"rendered":"<p>\n<a   class=\"button  has-icon button_left button_size_1\"  href=\"https:\/\/www.tvnvalve.com\/fr\/wp-content\/uploads\/2020\/07\/TVN-Soupape-Tuyauterie-Catalogue-V351.pdf\" style=\"background-color:#b51f13!important;color:#ffffff;\" target=\"_blank\"    title=\"\"><span class=\"button_icon\"><i class=\"icon-acrobat\"  style=\"color:#ffffff!important;\" aria-hidden=\"true\"><\/i><\/span><span class=\"button_label\">T\u00e9l\u00e9charger la fiche technique PDF<\/span><\/a>\n<br \/>\n<br \/>\nV351 Adaptateur \u00e0 Bride est l&rsquo;un des types de raccords les plus \u00e9l\u00e9mentaires. D&rsquo;un c\u00f4t\u00e9, il a un raccord \u00e0 bride conforme \u00e0 la norme de bride requise, de l&rsquo;autre une douille d&rsquo;insertion pour le tuyau. Divers types de tuyaux standard peuvent \u00eatre connect\u00e9s. Les adaptateurs \u00e0 bride sont constitu\u00e9s d&rsquo;une bague d&rsquo;extr\u00e9mit\u00e9 suiveuse, d&rsquo;une bague et d&rsquo;une bride m\u00e9dianes, d&rsquo;un joint et d&rsquo;un ensemble de boulons et d&rsquo;\u00e9crous. Les adaptateurs \u00e0 bride sont id\u00e9aux pour raccorder un tuyau \u00e0 un produit \u00e0 bride comme par exemple une vanne \u00e0 vanne, une vanne papillon, des inhibiteurs de retour ou des raccords en g\u00e9n\u00e9ral. Semblable \u00e0 un raccord, la chambre de compression est form\u00e9e par l&rsquo;anneau d&rsquo;extr\u00e9mit\u00e9 suiveur, l&rsquo;anneau central et la surface du tuyau. Les adaptateurs de bride TVN peuvent \u00eatre \u00e9quip\u00e9s de brides selon n&rsquo;importe quelle norme.<\/p>\n<div class=\"deschide\">\n<h2>Application Range<\/h2>\n<ol class=\"fa-ul\">\n<li><span class=\"fa-li\"><i class=\"icon-right-dir\"> <\/i><\/span>Water distribution lines<\/li>\n<li><span class=\"fa-li\"><i class=\"icon-right-dir\"> <\/i><\/span>Water transmission pipelines<\/li>\n<li><span class=\"fa-li\"><i class=\"icon-right-dir\"> <\/i><\/span>Waste water applications<\/li>\n<li><span class=\"fa-li\"><i class=\"icon-right-dir\"> <\/i><\/span>Pumping Stations<\/li>\n<\/ol>\n<p>&nbsp;<\/p>\n<h2>Related Products<\/h2>\n<ol class=\"fa-ul\">\n<li><span class=\"fa-li\"><i class=\"icon-right-dir\"> <\/i><\/span>V401 Coupling<\/li>\n<li><span class=\"fa-li\"><i class=\"icon-right-dir\"> <\/i><\/span>V151 Gate Valve<\/li>\n<\/ol>\n<p>&nbsp;<\/p>\n<h2>Flange Adaptor Product Features<\/h2>\n<ol class=\"fa-ul\">\n<li><span class=\"fa-li\"><i class=\"icon-right-dir\"> <\/i><\/span>Adaptor has an expansion and contraction of \u00b1 2,5 mm for the gasket, and offers an adjustability of \u00b1 25 mm during installation as well an angular deflection of 3\u00b0.<\/li>\n<li><span class=\"fa-li\"><i class=\"icon-right-dir\"> <\/i><\/span>Fast and easy installation. Wide range and wide tolerance. Ideal for repair and maintenance.<\/li>\n<li><span class=\"fa-li\"><i class=\"icon-right-dir\"> <\/i><\/span>Resistant to corrosion.<\/li>\n<li><span class=\"fa-li\"><i class=\"icon-right-dir\"> <\/i><\/span>Ductile iron GGG-40\/50 body galvanized 8.8 bolts, nuts and washers.<\/li>\n<li><span class=\"fa-li\"><i class=\"icon-right-dir\"> <\/i><\/span>Larger sizes and higher pressure ratings up to 25 bar are always possible depending on customer requirements.<\/li>\n<li><span class=\"fa-li\"><i class=\"icon-right-dir\"> <\/i><\/span>The anti-torque bolts also make the flange adaptor suitable for a fast \u201cone-man installation\u201d.<\/li>\n<li><span class=\"fa-li\"><i class=\"icon-right-dir\"> <\/i><\/span>Zero stem leakage eliminates media loss and satisfies environmental regulations.<\/li>\n<li><span class=\"fa-li\"><i class=\"icon-right-dir\"> <\/i><\/span>Flange adaptor does not offer end load restraint, it requires a fixed point in the pipeline<\/li>\n<li><span class=\"fa-li\"><i class=\"icon-right-dir\"> <\/i><\/span>The adaptors can be used at many types of pipes, including steel, ductile iron, PVC, GRP and concrete pipes with asbestos.<\/li>\n<li><span class=\"fa-li\"><i class=\"icon-right-dir\"> <\/i><\/span>No need to use special tools and any extra gaskets for installation.<\/li>\n<li><span class=\"fa-li\"><i class=\"icon-right-dir\"> <\/i><\/span>Hydrostatic test pressure for shell: PN x 1.5 according to EN 12266-1.<\/li>\n<\/ol>\n<\/div>\n","protected":false},"excerpt":{"rendered":"<p>V351 Adaptateur \u00e0 Bride est l&rsquo;un des types de raccords les plus \u00e9l\u00e9mentaires. D&rsquo;un c\u00f4t\u00e9, il a un raccord \u00e0 bride conforme \u00e0 la norme de<span class=\"excerpt-hellip\"> [\u2026]<\/span><\/p>\n","protected":false},"featured_media":1174,"template":"","meta":[],"product_brand":[],"product_cat":[37],"product_tag":[],"class_list":{"0":"post-624","1":"product","2":"type-product","3":"status-publish","4":"has-post-thumbnail","6":"product_cat-v35-flange-adaptors","8":"first","9":"instock","10":"featured","11":"shipping-taxable","12":"product-type-simple"},"yoast_head":"<!-- This site is optimized with the Yoast SEO plugin v27.5 - https:\/\/yoast.com\/product\/yoast-seo-wordpress\/ -->\n<title>Flange Adaptor V351 - TVN Valve &amp; Piping Company<\/title>\n<meta name=\"description\" content=\"V351 Flange Adaptor is one of the most basic types of fittings. On one side, it has a flange connection in accordance with the required flange standard\" \/>\n<meta name=\"robots\" content=\"index, follow, max-snippet:-1, max-image-preview:large, max-video-preview:-1\" \/>\n<link rel=\"canonical\" href=\"https:\/\/www.tvnvalve.com\/fr\/produits\/v351-flange-adaptor\/\" \/>\n<meta property=\"og:locale\" content=\"fr_FR\" \/>\n<meta property=\"og:type\" content=\"article\" \/>\n<meta property=\"og:title\" content=\"Flange Adaptor V351 - TVN Valve &amp; Piping Company\" \/>\n<meta property=\"og:description\" content=\"V351 Flange Adaptor is one of the most basic types of fittings. On one side, it has a flange connection in accordance with the required flange standard\" \/>\n<meta property=\"og:url\" content=\"https:\/\/www.tvnvalve.com\/fr\/produits\/v351-flange-adaptor\/\" \/>\n<meta property=\"og:site_name\" content=\"TVN Valve &amp; Piping Company\" \/>\n<meta property=\"article:modified_time\" content=\"2024-05-10T11:26:52+00:00\" \/>\n<meta property=\"og:image\" content=\"https:\/\/www.tvnvalve.com\/fr\/wp-content\/uploads\/2020\/06\/tvnvalve-v351-Flange-Adaptor.jpg\" \/>\n\t<meta property=\"og:image:width\" content=\"1000\" \/>\n\t<meta property=\"og:image:height\" content=\"1000\" \/>\n\t<meta property=\"og:image:type\" content=\"image\/jpeg\" \/>\n<meta name=\"twitter:card\" content=\"summary_large_image\" \/>\n<meta name=\"twitter:label1\" content=\"Dur\u00e9e de lecture estim\u00e9e\" \/>\n\t<meta name=\"twitter:data1\" content=\"2 minutes\" \/>\n<script type=\"application\/ld+json\" class=\"yoast-schema-graph\">{\"@context\":\"https:\\\/\\\/schema.org\",\"@graph\":[{\"@type\":\"WebPage\",\"@id\":\"https:\\\/\\\/www.tvnvalve.com\\\/fr\\\/produits\\\/v351-flange-adaptor\\\/\",\"url\":\"https:\\\/\\\/www.tvnvalve.com\\\/fr\\\/produits\\\/v351-flange-adaptor\\\/\",\"name\":\"Flange Adaptor V351 - TVN Valve &amp; Piping Company\",\"isPartOf\":{\"@id\":\"https:\\\/\\\/www.tvnvalve.com\\\/fr\\\/#website\"},\"primaryImageOfPage\":{\"@id\":\"https:\\\/\\\/www.tvnvalve.com\\\/fr\\\/produits\\\/v351-flange-adaptor\\\/#primaryimage\"},\"image\":{\"@id\":\"https:\\\/\\\/www.tvnvalve.com\\\/fr\\\/produits\\\/v351-flange-adaptor\\\/#primaryimage\"},\"thumbnailUrl\":\"https:\\\/\\\/www.tvnvalve.com\\\/fr\\\/wp-content\\\/uploads\\\/2020\\\/06\\\/tvnvalve-v351-Flange-Adaptor.jpg\",\"datePublished\":\"2020-06-25T20:38:45+00:00\",\"dateModified\":\"2024-05-10T11:26:52+00:00\",\"description\":\"V351 Flange Adaptor is one of the most basic types of fittings. On one side, it has a flange connection in accordance with the required flange standard\",\"breadcrumb\":{\"@id\":\"https:\\\/\\\/www.tvnvalve.com\\\/fr\\\/produits\\\/v351-flange-adaptor\\\/#breadcrumb\"},\"inLanguage\":\"fr-FR\",\"potentialAction\":[{\"@type\":\"ReadAction\",\"target\":[\"https:\\\/\\\/www.tvnvalve.com\\\/fr\\\/produits\\\/v351-flange-adaptor\\\/\"]}]},{\"@type\":\"ImageObject\",\"inLanguage\":\"fr-FR\",\"@id\":\"https:\\\/\\\/www.tvnvalve.com\\\/fr\\\/produits\\\/v351-flange-adaptor\\\/#primaryimage\",\"url\":\"https:\\\/\\\/www.tvnvalve.com\\\/fr\\\/wp-content\\\/uploads\\\/2020\\\/06\\\/tvnvalve-v351-Flange-Adaptor.jpg\",\"contentUrl\":\"https:\\\/\\\/www.tvnvalve.com\\\/fr\\\/wp-content\\\/uploads\\\/2020\\\/06\\\/tvnvalve-v351-Flange-Adaptor.jpg\",\"width\":1000,\"height\":1000},{\"@type\":\"BreadcrumbList\",\"@id\":\"https:\\\/\\\/www.tvnvalve.com\\\/fr\\\/produits\\\/v351-flange-adaptor\\\/#breadcrumb\",\"itemListElement\":[{\"@type\":\"ListItem\",\"position\":1,\"name\":\"Home\",\"item\":\"https:\\\/\\\/www.tvnvalve.com\\\/fr\\\/\"},{\"@type\":\"ListItem\",\"position\":2,\"name\":\"Produits\",\"item\":\"https:\\\/\\\/www.tvnvalve.com\\\/fr\\\/produits\\\/\"},{\"@type\":\"ListItem\",\"position\":3,\"name\":\"V351 Flange Adaptor\"}]},{\"@type\":\"WebSite\",\"@id\":\"https:\\\/\\\/www.tvnvalve.com\\\/fr\\\/#website\",\"url\":\"https:\\\/\\\/www.tvnvalve.com\\\/fr\\\/\",\"name\":\"TVN Valve &amp; Piping Company\",\"description\":\"Valve &amp; Piping Manufacturer\",\"potentialAction\":[{\"@type\":\"SearchAction\",\"target\":{\"@type\":\"EntryPoint\",\"urlTemplate\":\"https:\\\/\\\/www.tvnvalve.com\\\/fr\\\/?s={search_term_string}\"},\"query-input\":{\"@type\":\"PropertyValueSpecification\",\"valueRequired\":true,\"valueName\":\"search_term_string\"}}],\"inLanguage\":\"fr-FR\"}]}<\/script>\n<!-- \/ Yoast SEO plugin. -->","yoast_head_json":{"title":"Flange Adaptor V351 - TVN Valve &amp; Piping Company","description":"V351 Flange Adaptor is one of the most basic types of fittings. On one side, it has a flange connection in accordance with the required flange standard","robots":{"index":"index","follow":"follow","max-snippet":"max-snippet:-1","max-image-preview":"max-image-preview:large","max-video-preview":"max-video-preview:-1"},"canonical":"https:\/\/www.tvnvalve.com\/fr\/produits\/v351-flange-adaptor\/","og_locale":"fr_FR","og_type":"article","og_title":"Flange Adaptor V351 - TVN Valve &amp; Piping Company","og_description":"V351 Flange Adaptor is one of the most basic types of fittings. On one side, it has a flange connection in accordance with the required flange standard","og_url":"https:\/\/www.tvnvalve.com\/fr\/produits\/v351-flange-adaptor\/","og_site_name":"TVN Valve &amp; Piping Company","article_modified_time":"2024-05-10T11:26:52+00:00","og_image":[{"width":1000,"height":1000,"url":"https:\/\/www.tvnvalve.com\/fr\/wp-content\/uploads\/2020\/06\/tvnvalve-v351-Flange-Adaptor.jpg","type":"image\/jpeg"}],"twitter_card":"summary_large_image","twitter_misc":{"Dur\u00e9e de lecture estim\u00e9e":"2 minutes"},"schema":{"@context":"https:\/\/schema.org","@graph":[{"@type":"WebPage","@id":"https:\/\/www.tvnvalve.com\/fr\/produits\/v351-flange-adaptor\/","url":"https:\/\/www.tvnvalve.com\/fr\/produits\/v351-flange-adaptor\/","name":"Flange Adaptor V351 - TVN Valve &amp; Piping Company","isPartOf":{"@id":"https:\/\/www.tvnvalve.com\/fr\/#website"},"primaryImageOfPage":{"@id":"https:\/\/www.tvnvalve.com\/fr\/produits\/v351-flange-adaptor\/#primaryimage"},"image":{"@id":"https:\/\/www.tvnvalve.com\/fr\/produits\/v351-flange-adaptor\/#primaryimage"},"thumbnailUrl":"https:\/\/www.tvnvalve.com\/fr\/wp-content\/uploads\/2020\/06\/tvnvalve-v351-Flange-Adaptor.jpg","datePublished":"2020-06-25T20:38:45+00:00","dateModified":"2024-05-10T11:26:52+00:00","description":"V351 Flange Adaptor is one of the most basic types of fittings. On one side, it has a flange connection in accordance with the required flange standard","breadcrumb":{"@id":"https:\/\/www.tvnvalve.com\/fr\/produits\/v351-flange-adaptor\/#breadcrumb"},"inLanguage":"fr-FR","potentialAction":[{"@type":"ReadAction","target":["https:\/\/www.tvnvalve.com\/fr\/produits\/v351-flange-adaptor\/"]}]},{"@type":"ImageObject","inLanguage":"fr-FR","@id":"https:\/\/www.tvnvalve.com\/fr\/produits\/v351-flange-adaptor\/#primaryimage","url":"https:\/\/www.tvnvalve.com\/fr\/wp-content\/uploads\/2020\/06\/tvnvalve-v351-Flange-Adaptor.jpg","contentUrl":"https:\/\/www.tvnvalve.com\/fr\/wp-content\/uploads\/2020\/06\/tvnvalve-v351-Flange-Adaptor.jpg","width":1000,"height":1000},{"@type":"BreadcrumbList","@id":"https:\/\/www.tvnvalve.com\/fr\/produits\/v351-flange-adaptor\/#breadcrumb","itemListElement":[{"@type":"ListItem","position":1,"name":"Home","item":"https:\/\/www.tvnvalve.com\/fr\/"},{"@type":"ListItem","position":2,"name":"Produits","item":"https:\/\/www.tvnvalve.com\/fr\/produits\/"},{"@type":"ListItem","position":3,"name":"V351 Flange Adaptor"}]},{"@type":"WebSite","@id":"https:\/\/www.tvnvalve.com\/fr\/#website","url":"https:\/\/www.tvnvalve.com\/fr\/","name":"TVN Valve &amp; Piping Company","description":"Valve &amp; Piping Manufacturer","potentialAction":[{"@type":"SearchAction","target":{"@type":"EntryPoint","urlTemplate":"https:\/\/www.tvnvalve.com\/fr\/?s={search_term_string}"},"query-input":{"@type":"PropertyValueSpecification","valueRequired":true,"valueName":"search_term_string"}}],"inLanguage":"fr-FR"}]}},"_links":{"self":[{"href":"https:\/\/www.tvnvalve.com\/fr\/wp-json\/wp\/v2\/product\/624","targetHints":{"allow":["GET"]}}],"collection":[{"href":"https:\/\/www.tvnvalve.com\/fr\/wp-json\/wp\/v2\/product"}],"about":[{"href":"https:\/\/www.tvnvalve.com\/fr\/wp-json\/wp\/v2\/types\/product"}],"wp:featuredmedia":[{"embeddable":true,"href":"https:\/\/www.tvnvalve.com\/fr\/wp-json\/wp\/v2\/media\/1174"}],"wp:attachment":[{"href":"https:\/\/www.tvnvalve.com\/fr\/wp-json\/wp\/v2\/media?parent=624"}],"wp:term":[{"taxonomy":"product_brand","embeddable":true,"href":"https:\/\/www.tvnvalve.com\/fr\/wp-json\/wp\/v2\/product_brand?post=624"},{"taxonomy":"product_cat","embeddable":true,"href":"https:\/\/www.tvnvalve.com\/fr\/wp-json\/wp\/v2\/product_cat?post=624"},{"taxonomy":"product_tag","embeddable":true,"href":"https:\/\/www.tvnvalve.com\/fr\/wp-json\/wp\/v2\/product_tag?post=624"}],"curies":[{"name":"wp","href":"https:\/\/api.w.org\/{rel}","templated":true}]}}