{"id":621,"date":"2020-06-25T19:24:50","date_gmt":"2020-06-25T19:24:50","guid":{"rendered":"https:\/\/www.ansolon.com\/tvn\/?post_type=product&#038;p=621"},"modified":"2024-08-27T07:21:57","modified_gmt":"2024-08-27T07:21:57","slug":"v301-ventouse-dynamique-pour-eaux","status":"publish","type":"product","link":"https:\/\/www.tvnvalve.com\/fr\/produits\/v301-ventouse-dynamique-pour-eaux\/","title":{"rendered":"V301 VENTOUSE DYNAMIQUE POUR EAUX"},"content":{"rendered":"<p>\n<a   class=\"button  has-icon button_left button_size_1\"  href=\"https:\/\/www.tvnvalve.com\/fr\/wp-content\/uploads\/2024\/08\/V301-Air-Valve-FR.pdf\" style=\"background-color:#b51f13!important;color:#ffffff;\" target=\"_blank\"    title=\"\"><span class=\"button_icon\"><i class=\"icon-acrobat\"  style=\"color:#ffffff!important;\" aria-hidden=\"true\"><\/i><\/span><span class=\"button_label\">T\u00e9l\u00e9charger la fiche technique PDF<\/span><\/a>\n<br \/>\n<\/p>\n<p>TVN V301 Ventouse \u00e0 Triple Fonction Dynamique Pour Eaux est une vanne unique fonctionnant sans flotteur, utilisant le principe de la membrane roulante. Cette structure unique permet aux vannes dynamiques d&rsquo;\u00e9vacuer l&rsquo;air du syst\u00e8me d&rsquo;eau de mani\u00e8re contr\u00f4l\u00e9e et progressive, emp\u00eachant les claquements et les surtensions locales. Lorsqu&rsquo;un vide se produit, la r\u00e9action rapide des vannes attirera de grands volumes d&rsquo;air dans le syst\u00e8me d&rsquo;eau, emp\u00eachant les surtensions et, par cons\u00e9quent, toutes les pressions dans la conduite. Les vannes sont normalement ferm\u00e9es lorsque la conduite ne fonctionne pas, emp\u00eachant ainsi l&rsquo;infiltration de particules \u00e9trang\u00e8res et d&rsquo;insectes dans le syst\u00e8me d&rsquo;eau.<\/p>\n<div class=\"deschide\">\n<h2>Application Range<\/h2>\n<ol class=\"fa-ul\">\n<li><span class=\"fa-li\"><i class=\"icon-right-dir\"> <\/i><\/span>Water transmission<\/li>\n<li><span class=\"fa-li\"><i class=\"icon-right-dir\"> <\/i><\/span>Water distribution<\/li>\n<li><span class=\"fa-li\"><i class=\"icon-right-dir\"> <\/i><\/span>Pump suction line<\/li>\n<li><span class=\"fa-li\"><i class=\"icon-right-dir\"> <\/i><\/span>Peaks points on pipeline<\/li>\n<li><span class=\"fa-li\"><i class=\"icon-right-dir\"> <\/i><\/span>Next to by-pass valve<\/li>\n<\/ol>\n<h2><\/h2>\n<h2>Related Products<\/h2>\n<ol class=\"fa-ul\">\n<li><span class=\"fa-li\"><i class=\"icon-right-dir\"> <\/i><\/span>V151 Gate Valve Resilient Seated<\/li>\n<li><span class=\"fa-li\"><i class=\"icon-right-dir\"> <\/i><\/span><a href=\"https:\/\/tvnvalve.com\/product\/v106-double-eccentric-butterfly-valve\/\" target=\"_blank\" rel=\"noopener noreferrer\">V106 Butterfly Valve Flanged<\/a><\/li>\n<li><span class=\"fa-li\"><i class=\"icon-right-dir\"> <\/i><\/span>V251 Dismantling Joint<\/li>\n<\/ol>\n<p>&nbsp;<\/p>\n<h2>Function Air Release Valve Product Features<\/h2>\n<ol class=\"fa-ul\">\n<li><span class=\"fa-li\"><i class=\"icon-right-dir\"> <\/i><\/span>Ventilation outlet in nominal size (large opening cross-section according to the flange size).<\/li>\n<li><span class=\"fa-li\"><i class=\"icon-right-dir\"> <\/i><\/span>Intake of large volumes of air on shut-of of the system, while pipelines are being drained.<\/li>\n<li><span class=\"fa-li\"><i class=\"icon-right-dir\"> <\/i><\/span>Efficient, high performance ventilation protects pipeline from vacuum related damages.<\/li>\n<li><span class=\"fa-li\"><i class=\"icon-right-dir\"> <\/i><\/span>High velocity air discharge prevents premature closure, thus safeguarding optimum ventilation during the process of filling pipelines or containers.<\/li>\n<li><span class=\"fa-li\"><i class=\"icon-right-dir\"> <\/i><\/span>Large orifice for outlet and intake of large air volumes, during filling and emptying of pipeline.<\/li>\n<li><span class=\"fa-li\"><i class=\"icon-right-dir\"> <\/i><\/span>Continuously reliable ventilation of air inlets under normal operating conditions.<\/li>\n<li><span class=\"fa-li\"><i class=\"icon-right-dir\"> <\/i><\/span>Non slam closure by the help of two stage closing design.<\/li>\n<li><span class=\"fa-li\"><i class=\"icon-right-dir\"> <\/i><\/span>Excellent corrosion protection, all stainless-steel internal parts<\/li>\n<li><span class=\"fa-li\"><i class=\"icon-right-dir\"> <\/i><\/span>The housing is made of ductile iron and coated with high quality epoxy powder All uncoated metal is stainless steel. High capacity inlet sectional area and outlet are equal area.<\/li>\n<li><span class=\"fa-li\"><i class=\"icon-right-dir\"> <\/i><\/span>Casting Standard: EN 1563:2011 \/ TS EN 1074-4 \/ TS EN 1092-2.<\/li>\n<li><span class=\"fa-li\"><i class=\"icon-right-dir\"> <\/i><\/span>Hydrostatic test pressure for seat: PN x 1.1 , for shell: PN x 1.5 according to EN 12266-1.<\/li>\n<\/ol>\n<\/div>\n","protected":false},"excerpt":{"rendered":"<p>TVN V301 Ventouse \u00e0 Triple Fonction Dynamique Pour Eaux est une vanne unique fonctionnant sans flotteur, utilisant le principe de la membrane roulante. Cette structure unique<span class=\"excerpt-hellip\"> [\u2026]<\/span><\/p>\n","protected":false},"featured_media":1171,"template":"","meta":[],"product_brand":[],"product_cat":[36],"product_tag":[],"class_list":{"0":"post-621","1":"product","2":"type-product","3":"status-publish","4":"has-post-thumbnail","6":"product_cat-v30-ventouses","8":"first","9":"instock","10":"featured","11":"shipping-taxable","12":"product-type-simple"},"yoast_head":"<!-- This site is optimized with the Yoast SEO plugin v27.5 - https:\/\/yoast.com\/product\/yoast-seo-wordpress\/ -->\n<title>Function Air Release Valve V301 - TVN Valve &amp; Piping Company<\/title>\n<meta name=\"description\" content=\"TVN V301 Dynamic Triple Function Air Release Valve is a unique valve operating without a float, utilizing the rolling diaphragm principle.\" \/>\n<meta name=\"robots\" content=\"index, follow, max-snippet:-1, max-image-preview:large, max-video-preview:-1\" \/>\n<link rel=\"canonical\" href=\"https:\/\/www.tvnvalve.com\/fr\/produits\/v301-ventouse-dynamique-pour-eaux\/\" \/>\n<meta property=\"og:locale\" content=\"fr_FR\" \/>\n<meta property=\"og:type\" content=\"article\" \/>\n<meta property=\"og:title\" content=\"Function Air Release Valve V301 - TVN Valve &amp; Piping Company\" \/>\n<meta property=\"og:description\" content=\"TVN V301 Dynamic Triple Function Air Release Valve is a unique valve operating without a float, utilizing the rolling diaphragm principle.\" \/>\n<meta property=\"og:url\" content=\"https:\/\/www.tvnvalve.com\/fr\/produits\/v301-ventouse-dynamique-pour-eaux\/\" \/>\n<meta property=\"og:site_name\" content=\"TVN Valve &amp; Piping Company\" \/>\n<meta property=\"article:modified_time\" content=\"2024-08-27T07:21:57+00:00\" \/>\n<meta property=\"og:image\" content=\"https:\/\/www.tvnvalve.com\/fr\/wp-content\/uploads\/2020\/06\/tvnvalve-v301-Dynamic-Triple-Function-Air-Release-Valve.jpg\" \/>\n\t<meta property=\"og:image:width\" content=\"1000\" \/>\n\t<meta property=\"og:image:height\" content=\"1000\" \/>\n\t<meta property=\"og:image:type\" content=\"image\/jpeg\" \/>\n<meta name=\"twitter:card\" content=\"summary_large_image\" \/>\n<meta name=\"twitter:label1\" content=\"Dur\u00e9e de lecture estim\u00e9e\" \/>\n\t<meta name=\"twitter:data1\" content=\"2 minutes\" \/>\n<script type=\"application\/ld+json\" class=\"yoast-schema-graph\">{\"@context\":\"https:\\\/\\\/schema.org\",\"@graph\":[{\"@type\":\"WebPage\",\"@id\":\"https:\\\/\\\/www.tvnvalve.com\\\/fr\\\/produits\\\/v301-ventouse-dynamique-pour-eaux\\\/\",\"url\":\"https:\\\/\\\/www.tvnvalve.com\\\/fr\\\/produits\\\/v301-ventouse-dynamique-pour-eaux\\\/\",\"name\":\"Function Air Release Valve V301 - TVN Valve &amp; Piping Company\",\"isPartOf\":{\"@id\":\"https:\\\/\\\/www.tvnvalve.com\\\/fr\\\/#website\"},\"primaryImageOfPage\":{\"@id\":\"https:\\\/\\\/www.tvnvalve.com\\\/fr\\\/produits\\\/v301-ventouse-dynamique-pour-eaux\\\/#primaryimage\"},\"image\":{\"@id\":\"https:\\\/\\\/www.tvnvalve.com\\\/fr\\\/produits\\\/v301-ventouse-dynamique-pour-eaux\\\/#primaryimage\"},\"thumbnailUrl\":\"https:\\\/\\\/www.tvnvalve.com\\\/fr\\\/wp-content\\\/uploads\\\/2020\\\/06\\\/tvnvalve-v301-Dynamic-Triple-Function-Air-Release-Valve.jpg\",\"datePublished\":\"2020-06-25T19:24:50+00:00\",\"dateModified\":\"2024-08-27T07:21:57+00:00\",\"description\":\"TVN V301 Dynamic Triple Function Air Release Valve is a unique valve operating without a float, utilizing the rolling diaphragm principle.\",\"breadcrumb\":{\"@id\":\"https:\\\/\\\/www.tvnvalve.com\\\/fr\\\/produits\\\/v301-ventouse-dynamique-pour-eaux\\\/#breadcrumb\"},\"inLanguage\":\"fr-FR\",\"potentialAction\":[{\"@type\":\"ReadAction\",\"target\":[\"https:\\\/\\\/www.tvnvalve.com\\\/fr\\\/produits\\\/v301-ventouse-dynamique-pour-eaux\\\/\"]}]},{\"@type\":\"ImageObject\",\"inLanguage\":\"fr-FR\",\"@id\":\"https:\\\/\\\/www.tvnvalve.com\\\/fr\\\/produits\\\/v301-ventouse-dynamique-pour-eaux\\\/#primaryimage\",\"url\":\"https:\\\/\\\/www.tvnvalve.com\\\/fr\\\/wp-content\\\/uploads\\\/2020\\\/06\\\/tvnvalve-v301-Dynamic-Triple-Function-Air-Release-Valve.jpg\",\"contentUrl\":\"https:\\\/\\\/www.tvnvalve.com\\\/fr\\\/wp-content\\\/uploads\\\/2020\\\/06\\\/tvnvalve-v301-Dynamic-Triple-Function-Air-Release-Valve.jpg\",\"width\":1000,\"height\":1000},{\"@type\":\"BreadcrumbList\",\"@id\":\"https:\\\/\\\/www.tvnvalve.com\\\/fr\\\/produits\\\/v301-ventouse-dynamique-pour-eaux\\\/#breadcrumb\",\"itemListElement\":[{\"@type\":\"ListItem\",\"position\":1,\"name\":\"Home\",\"item\":\"https:\\\/\\\/www.tvnvalve.com\\\/fr\\\/\"},{\"@type\":\"ListItem\",\"position\":2,\"name\":\"Produits\",\"item\":\"https:\\\/\\\/www.tvnvalve.com\\\/fr\\\/produits\\\/\"},{\"@type\":\"ListItem\",\"position\":3,\"name\":\"V301 VENTOUSE DYNAMIQUE POUR EAUX\"}]},{\"@type\":\"WebSite\",\"@id\":\"https:\\\/\\\/www.tvnvalve.com\\\/fr\\\/#website\",\"url\":\"https:\\\/\\\/www.tvnvalve.com\\\/fr\\\/\",\"name\":\"TVN Valve &amp; Piping Company\",\"description\":\"Valve &amp; Piping Manufacturer\",\"potentialAction\":[{\"@type\":\"SearchAction\",\"target\":{\"@type\":\"EntryPoint\",\"urlTemplate\":\"https:\\\/\\\/www.tvnvalve.com\\\/fr\\\/?s={search_term_string}\"},\"query-input\":{\"@type\":\"PropertyValueSpecification\",\"valueRequired\":true,\"valueName\":\"search_term_string\"}}],\"inLanguage\":\"fr-FR\"}]}<\/script>\n<!-- \/ Yoast SEO plugin. -->","yoast_head_json":{"title":"Function Air Release Valve V301 - TVN Valve &amp; Piping Company","description":"TVN V301 Dynamic Triple Function Air Release Valve is a unique valve operating without a float, utilizing the rolling diaphragm principle.","robots":{"index":"index","follow":"follow","max-snippet":"max-snippet:-1","max-image-preview":"max-image-preview:large","max-video-preview":"max-video-preview:-1"},"canonical":"https:\/\/www.tvnvalve.com\/fr\/produits\/v301-ventouse-dynamique-pour-eaux\/","og_locale":"fr_FR","og_type":"article","og_title":"Function Air Release Valve V301 - TVN Valve &amp; Piping Company","og_description":"TVN V301 Dynamic Triple Function Air Release Valve is a unique valve operating without a float, utilizing the rolling diaphragm principle.","og_url":"https:\/\/www.tvnvalve.com\/fr\/produits\/v301-ventouse-dynamique-pour-eaux\/","og_site_name":"TVN Valve &amp; Piping Company","article_modified_time":"2024-08-27T07:21:57+00:00","og_image":[{"width":1000,"height":1000,"url":"https:\/\/www.tvnvalve.com\/fr\/wp-content\/uploads\/2020\/06\/tvnvalve-v301-Dynamic-Triple-Function-Air-Release-Valve.jpg","type":"image\/jpeg"}],"twitter_card":"summary_large_image","twitter_misc":{"Dur\u00e9e de lecture estim\u00e9e":"2 minutes"},"schema":{"@context":"https:\/\/schema.org","@graph":[{"@type":"WebPage","@id":"https:\/\/www.tvnvalve.com\/fr\/produits\/v301-ventouse-dynamique-pour-eaux\/","url":"https:\/\/www.tvnvalve.com\/fr\/produits\/v301-ventouse-dynamique-pour-eaux\/","name":"Function Air Release Valve V301 - TVN Valve &amp; Piping Company","isPartOf":{"@id":"https:\/\/www.tvnvalve.com\/fr\/#website"},"primaryImageOfPage":{"@id":"https:\/\/www.tvnvalve.com\/fr\/produits\/v301-ventouse-dynamique-pour-eaux\/#primaryimage"},"image":{"@id":"https:\/\/www.tvnvalve.com\/fr\/produits\/v301-ventouse-dynamique-pour-eaux\/#primaryimage"},"thumbnailUrl":"https:\/\/www.tvnvalve.com\/fr\/wp-content\/uploads\/2020\/06\/tvnvalve-v301-Dynamic-Triple-Function-Air-Release-Valve.jpg","datePublished":"2020-06-25T19:24:50+00:00","dateModified":"2024-08-27T07:21:57+00:00","description":"TVN V301 Dynamic Triple Function Air Release Valve is a unique valve operating without a float, utilizing the rolling diaphragm principle.","breadcrumb":{"@id":"https:\/\/www.tvnvalve.com\/fr\/produits\/v301-ventouse-dynamique-pour-eaux\/#breadcrumb"},"inLanguage":"fr-FR","potentialAction":[{"@type":"ReadAction","target":["https:\/\/www.tvnvalve.com\/fr\/produits\/v301-ventouse-dynamique-pour-eaux\/"]}]},{"@type":"ImageObject","inLanguage":"fr-FR","@id":"https:\/\/www.tvnvalve.com\/fr\/produits\/v301-ventouse-dynamique-pour-eaux\/#primaryimage","url":"https:\/\/www.tvnvalve.com\/fr\/wp-content\/uploads\/2020\/06\/tvnvalve-v301-Dynamic-Triple-Function-Air-Release-Valve.jpg","contentUrl":"https:\/\/www.tvnvalve.com\/fr\/wp-content\/uploads\/2020\/06\/tvnvalve-v301-Dynamic-Triple-Function-Air-Release-Valve.jpg","width":1000,"height":1000},{"@type":"BreadcrumbList","@id":"https:\/\/www.tvnvalve.com\/fr\/produits\/v301-ventouse-dynamique-pour-eaux\/#breadcrumb","itemListElement":[{"@type":"ListItem","position":1,"name":"Home","item":"https:\/\/www.tvnvalve.com\/fr\/"},{"@type":"ListItem","position":2,"name":"Produits","item":"https:\/\/www.tvnvalve.com\/fr\/produits\/"},{"@type":"ListItem","position":3,"name":"V301 VENTOUSE DYNAMIQUE POUR EAUX"}]},{"@type":"WebSite","@id":"https:\/\/www.tvnvalve.com\/fr\/#website","url":"https:\/\/www.tvnvalve.com\/fr\/","name":"TVN Valve &amp; Piping Company","description":"Valve &amp; Piping Manufacturer","potentialAction":[{"@type":"SearchAction","target":{"@type":"EntryPoint","urlTemplate":"https:\/\/www.tvnvalve.com\/fr\/?s={search_term_string}"},"query-input":{"@type":"PropertyValueSpecification","valueRequired":true,"valueName":"search_term_string"}}],"inLanguage":"fr-FR"}]}},"_links":{"self":[{"href":"https:\/\/www.tvnvalve.com\/fr\/wp-json\/wp\/v2\/product\/621","targetHints":{"allow":["GET"]}}],"collection":[{"href":"https:\/\/www.tvnvalve.com\/fr\/wp-json\/wp\/v2\/product"}],"about":[{"href":"https:\/\/www.tvnvalve.com\/fr\/wp-json\/wp\/v2\/types\/product"}],"wp:featuredmedia":[{"embeddable":true,"href":"https:\/\/www.tvnvalve.com\/fr\/wp-json\/wp\/v2\/media\/1171"}],"wp:attachment":[{"href":"https:\/\/www.tvnvalve.com\/fr\/wp-json\/wp\/v2\/media?parent=621"}],"wp:term":[{"taxonomy":"product_brand","embeddable":true,"href":"https:\/\/www.tvnvalve.com\/fr\/wp-json\/wp\/v2\/product_brand?post=621"},{"taxonomy":"product_cat","embeddable":true,"href":"https:\/\/www.tvnvalve.com\/fr\/wp-json\/wp\/v2\/product_cat?post=621"},{"taxonomy":"product_tag","embeddable":true,"href":"https:\/\/www.tvnvalve.com\/fr\/wp-json\/wp\/v2\/product_tag?post=621"}],"curies":[{"name":"wp","href":"https:\/\/api.w.org\/{rel}","templated":true}]}}