{"id":614,"date":"2020-06-25T19:16:37","date_gmt":"2020-06-25T19:16:37","guid":{"rendered":"https:\/\/www.ansolon.com\/tvn\/?post_type=product&#038;p=614"},"modified":"2022-05-28T09:26:18","modified_gmt":"2022-05-28T09:26:18","slug":"v303-ventouse-double-chambre-arv-avec-vanne-disolation","status":"publish","type":"product","link":"https:\/\/www.tvnvalve.com\/fr\/produits\/v303-ventouse-double-chambre-arv-avec-vanne-disolation\/","title":{"rendered":"V303 VENTOUSE DOUBLE CHAMBRE ARV AVEC VANNE D&rsquo;ISOLATION"},"content":{"rendered":"<p>\n<a   class=\"button  has-icon button_left button_size_1\"  href=\"https:\/\/www.tvnvalve.com\/fr\/wp-content\/uploads\/2022\/05\/303.pdf\" style=\"background-color:#b51f13!important;color:#ffffff;\" target=\"_blank\"    title=\"\"><span class=\"button_icon\"><i class=\"icon-acrobat\"  style=\"color:#ffffff!important;\" aria-hidden=\"true\"><\/i><\/span><span class=\"button_label\">T\u00e9l\u00e9charger la fiche technique PDF<\/span><\/a>\n<br \/>\n<br \/>\nTVN V303 Ventouse pour Eaux \u00e0 Double Chambre avec Vanne d&rsquo;Isolation est utilis\u00e9e pour vider et remplir les r\u00e9seaux d&rsquo;eau. La structure \u00e0 double chambres permet des flux d&rsquo;air plus grands et plus petits \u00e0 partir du r\u00e9seau de tuyaux. Le volant\/vanne int\u00e9gr\u00e9 ne n\u00e9cessite pas de valve d&rsquo;arr\u00eat suppl\u00e9mentaire \u00e0 des fins d&rsquo;isolement.<\/p>\n<div class=\"deschide\">\n&nbsp;<\/p>\n<h2>Application Range<\/h2>\n<ol class=\"fa-ul\">\n<li><span class=\"fa-li\"><i class=\"icon-right-dir\"> <\/i><\/span>Water transmission<\/li>\n<li><span class=\"fa-li\"><i class=\"icon-right-dir\"> <\/i><\/span>Water distribution<\/li>\n<li><span class=\"fa-li\"><i class=\"icon-right-dir\"> <\/i><\/span>Pump suction line<\/li>\n<li><span class=\"fa-li\"><i class=\"icon-right-dir\"> <\/i><\/span>Peaks and bottom points<\/li>\n<li><span class=\"fa-li\"><i class=\"icon-right-dir\"> <\/i><\/span>Next to by-pass valve<\/li>\n<\/ol>\n<p>&nbsp;<\/p>\n<h2>Related Products<\/h2>\n<ol class=\"fa-ul\">\n<li><span class=\"fa-li\"><i class=\"icon-right-dir\"> <\/i><\/span>V151 Gate Valve Resilient Seated<\/li>\n<li><span class=\"fa-li\"><i class=\"icon-right-dir\"> <\/i><\/span>V106 Butterfly Valve Flanged<\/li>\n<li><span class=\"fa-li\"><i class=\"icon-right-dir\"> <\/i><\/span>V251 Dismantling Joint<\/li>\n<\/ol>\n<p>&nbsp;<\/p>\n<h2>Isolation Valve Product Features<\/h2>\n<ol class=\"fa-ul\">\n<li><span class=\"fa-li\"><i class=\"icon-right-dir\"> <\/i><\/span>Float parts made of polyethylene, increase the corrosion resistance, hence increases service life.<\/li>\n<li><span class=\"fa-li\"><i class=\"icon-right-dir\"> <\/i><\/span>The polyethylene floats give advantage for easier replacement.<\/li>\n<li><span class=\"fa-li\"><i class=\"icon-right-dir\"> <\/i><\/span>Ductile iron body increases the resistance against impacts.<\/li>\n<li><span class=\"fa-li\"><i class=\"icon-right-dir\"> <\/i><\/span>It is necessary to use air release valves on the peak points of the pipelines, in order to maintain the full flow of the water.<\/li>\n<li><span class=\"fa-li\"><i class=\"icon-right-dir\"> <\/i><\/span>If the air vacuum via air release valve is less than the discharged water amount, the pipeline will face the risk of torsion.<\/li>\n<li><span class=\"fa-li\"><i class=\"icon-right-dir\"> <\/i><\/span>Fully coated body and bonnet meets the hygienic requirements of the potable water networks. (WRAS coating optional)<\/li>\n<li><span class=\"fa-li\"><i class=\"icon-right-dir\"> <\/i><\/span>Double orifice air release valve is installed on the pipe by a flange, release the air received from its outlet through the orifices located above the float parts.<\/li>\n<li><span class=\"fa-li\"><i class=\"icon-right-dir\"> <\/i><\/span>When the air release function is completed, the floats travel upper part with the water force and close the orifice outlet, thus preventing the leakage of water.<\/li>\n<li><span class=\"fa-li\"><i class=\"icon-right-dir\"> <\/i><\/span>Flange connections according to EN1092-2\/ISO 7005-2. Working pressure range from 0.2 to 16 bar.<\/li>\n<li><span class=\"fa-li\"><i class=\"icon-right-dir\"> <\/i><\/span>Hydrostatic test pressure for seat: PN x 1.1 , for shell: PN x 1.5 according to EN 12266-1.<\/li>\n<\/ol>\n<\/div>\n","protected":false},"excerpt":{"rendered":"<p>TVN V303 Ventouse pour Eaux \u00e0 Double Chambre avec Vanne d&rsquo;Isolation est utilis\u00e9e pour vider et remplir les r\u00e9seaux d&rsquo;eau. La structure \u00e0 double chambres permet<span class=\"excerpt-hellip\"> [\u2026]<\/span><\/p>\n","protected":false},"featured_media":1112,"template":"","meta":[],"product_brand":[],"product_cat":[36],"product_tag":[],"class_list":{"0":"post-614","1":"product","2":"type-product","3":"status-publish","4":"has-post-thumbnail","6":"product_cat-v30-ventouses","8":"first","9":"instock","10":"featured","11":"shipping-taxable","12":"product-type-simple"},"yoast_head":"<!-- This site is optimized with the Yoast SEO plugin v27.5 - https:\/\/yoast.com\/product\/yoast-seo-wordpress\/ -->\n<title>Isolation Valve Double Orifice Air Release V303 - TVN<\/title>\n<meta name=\"description\" content=\"TVN V303 Double Orifice Air Release with Isolation valve is used for the purpose of emptying &amp; filling water networks. air flows from the pipe network\" \/>\n<meta name=\"robots\" content=\"index, follow, max-snippet:-1, max-image-preview:large, max-video-preview:-1\" \/>\n<link rel=\"canonical\" href=\"https:\/\/www.tvnvalve.com\/fr\/produits\/v303-ventouse-double-chambre-arv-avec-vanne-disolation\/\" \/>\n<meta property=\"og:locale\" content=\"fr_FR\" \/>\n<meta property=\"og:type\" content=\"article\" \/>\n<meta property=\"og:title\" content=\"Isolation Valve Double Orifice Air Release V303 - TVN\" \/>\n<meta property=\"og:description\" content=\"TVN V303 Double Orifice Air Release with Isolation valve is used for the purpose of emptying &amp; filling water networks. air flows from the pipe network\" \/>\n<meta property=\"og:url\" content=\"https:\/\/www.tvnvalve.com\/fr\/produits\/v303-ventouse-double-chambre-arv-avec-vanne-disolation\/\" \/>\n<meta property=\"og:site_name\" content=\"TVN Valve &amp; Piping Company\" \/>\n<meta property=\"article:modified_time\" content=\"2022-05-28T09:26:18+00:00\" \/>\n<meta property=\"og:image\" content=\"https:\/\/www.tvnvalve.com\/fr\/wp-content\/uploads\/2020\/06\/303.jpg\" \/>\n\t<meta property=\"og:image:width\" content=\"800\" \/>\n\t<meta property=\"og:image:height\" content=\"832\" \/>\n\t<meta property=\"og:image:type\" content=\"image\/jpeg\" \/>\n<meta name=\"twitter:card\" content=\"summary_large_image\" \/>\n<meta name=\"twitter:label1\" content=\"Dur\u00e9e de lecture estim\u00e9e\" \/>\n\t<meta name=\"twitter:data1\" content=\"2 minutes\" \/>\n<script type=\"application\/ld+json\" class=\"yoast-schema-graph\">{\"@context\":\"https:\\\/\\\/schema.org\",\"@graph\":[{\"@type\":\"WebPage\",\"@id\":\"https:\\\/\\\/www.tvnvalve.com\\\/fr\\\/produits\\\/v303-ventouse-double-chambre-arv-avec-vanne-disolation\\\/\",\"url\":\"https:\\\/\\\/www.tvnvalve.com\\\/fr\\\/produits\\\/v303-ventouse-double-chambre-arv-avec-vanne-disolation\\\/\",\"name\":\"Isolation Valve Double Orifice Air Release V303 - TVN\",\"isPartOf\":{\"@id\":\"https:\\\/\\\/www.tvnvalve.com\\\/fr\\\/#website\"},\"primaryImageOfPage\":{\"@id\":\"https:\\\/\\\/www.tvnvalve.com\\\/fr\\\/produits\\\/v303-ventouse-double-chambre-arv-avec-vanne-disolation\\\/#primaryimage\"},\"image\":{\"@id\":\"https:\\\/\\\/www.tvnvalve.com\\\/fr\\\/produits\\\/v303-ventouse-double-chambre-arv-avec-vanne-disolation\\\/#primaryimage\"},\"thumbnailUrl\":\"https:\\\/\\\/www.tvnvalve.com\\\/fr\\\/wp-content\\\/uploads\\\/2020\\\/06\\\/303.jpg\",\"datePublished\":\"2020-06-25T19:16:37+00:00\",\"dateModified\":\"2022-05-28T09:26:18+00:00\",\"description\":\"TVN V303 Double Orifice Air Release with Isolation valve is used for the purpose of emptying & filling water networks. air flows from the pipe network\",\"breadcrumb\":{\"@id\":\"https:\\\/\\\/www.tvnvalve.com\\\/fr\\\/produits\\\/v303-ventouse-double-chambre-arv-avec-vanne-disolation\\\/#breadcrumb\"},\"inLanguage\":\"fr-FR\",\"potentialAction\":[{\"@type\":\"ReadAction\",\"target\":[\"https:\\\/\\\/www.tvnvalve.com\\\/fr\\\/produits\\\/v303-ventouse-double-chambre-arv-avec-vanne-disolation\\\/\"]}]},{\"@type\":\"ImageObject\",\"inLanguage\":\"fr-FR\",\"@id\":\"https:\\\/\\\/www.tvnvalve.com\\\/fr\\\/produits\\\/v303-ventouse-double-chambre-arv-avec-vanne-disolation\\\/#primaryimage\",\"url\":\"https:\\\/\\\/www.tvnvalve.com\\\/fr\\\/wp-content\\\/uploads\\\/2020\\\/06\\\/303.jpg\",\"contentUrl\":\"https:\\\/\\\/www.tvnvalve.com\\\/fr\\\/wp-content\\\/uploads\\\/2020\\\/06\\\/303.jpg\",\"width\":800,\"height\":832},{\"@type\":\"BreadcrumbList\",\"@id\":\"https:\\\/\\\/www.tvnvalve.com\\\/fr\\\/produits\\\/v303-ventouse-double-chambre-arv-avec-vanne-disolation\\\/#breadcrumb\",\"itemListElement\":[{\"@type\":\"ListItem\",\"position\":1,\"name\":\"Home\",\"item\":\"https:\\\/\\\/www.tvnvalve.com\\\/fr\\\/\"},{\"@type\":\"ListItem\",\"position\":2,\"name\":\"Produits\",\"item\":\"https:\\\/\\\/www.tvnvalve.com\\\/fr\\\/produits\\\/\"},{\"@type\":\"ListItem\",\"position\":3,\"name\":\"V303 VENTOUSE DOUBLE CHAMBRE ARV AVEC VANNE D&#8217;ISOLATION\"}]},{\"@type\":\"WebSite\",\"@id\":\"https:\\\/\\\/www.tvnvalve.com\\\/fr\\\/#website\",\"url\":\"https:\\\/\\\/www.tvnvalve.com\\\/fr\\\/\",\"name\":\"TVN Valve &amp; Piping Company\",\"description\":\"Valve &amp; Piping Manufacturer\",\"potentialAction\":[{\"@type\":\"SearchAction\",\"target\":{\"@type\":\"EntryPoint\",\"urlTemplate\":\"https:\\\/\\\/www.tvnvalve.com\\\/fr\\\/?s={search_term_string}\"},\"query-input\":{\"@type\":\"PropertyValueSpecification\",\"valueRequired\":true,\"valueName\":\"search_term_string\"}}],\"inLanguage\":\"fr-FR\"}]}<\/script>\n<!-- \/ Yoast SEO plugin. -->","yoast_head_json":{"title":"Isolation Valve Double Orifice Air Release V303 - TVN","description":"TVN V303 Double Orifice Air Release with Isolation valve is used for the purpose of emptying & filling water networks. air flows from the pipe network","robots":{"index":"index","follow":"follow","max-snippet":"max-snippet:-1","max-image-preview":"max-image-preview:large","max-video-preview":"max-video-preview:-1"},"canonical":"https:\/\/www.tvnvalve.com\/fr\/produits\/v303-ventouse-double-chambre-arv-avec-vanne-disolation\/","og_locale":"fr_FR","og_type":"article","og_title":"Isolation Valve Double Orifice Air Release V303 - TVN","og_description":"TVN V303 Double Orifice Air Release with Isolation valve is used for the purpose of emptying & filling water networks. air flows from the pipe network","og_url":"https:\/\/www.tvnvalve.com\/fr\/produits\/v303-ventouse-double-chambre-arv-avec-vanne-disolation\/","og_site_name":"TVN Valve &amp; Piping Company","article_modified_time":"2022-05-28T09:26:18+00:00","og_image":[{"width":800,"height":832,"url":"https:\/\/www.tvnvalve.com\/fr\/wp-content\/uploads\/2020\/06\/303.jpg","type":"image\/jpeg"}],"twitter_card":"summary_large_image","twitter_misc":{"Dur\u00e9e de lecture estim\u00e9e":"2 minutes"},"schema":{"@context":"https:\/\/schema.org","@graph":[{"@type":"WebPage","@id":"https:\/\/www.tvnvalve.com\/fr\/produits\/v303-ventouse-double-chambre-arv-avec-vanne-disolation\/","url":"https:\/\/www.tvnvalve.com\/fr\/produits\/v303-ventouse-double-chambre-arv-avec-vanne-disolation\/","name":"Isolation Valve Double Orifice Air Release V303 - TVN","isPartOf":{"@id":"https:\/\/www.tvnvalve.com\/fr\/#website"},"primaryImageOfPage":{"@id":"https:\/\/www.tvnvalve.com\/fr\/produits\/v303-ventouse-double-chambre-arv-avec-vanne-disolation\/#primaryimage"},"image":{"@id":"https:\/\/www.tvnvalve.com\/fr\/produits\/v303-ventouse-double-chambre-arv-avec-vanne-disolation\/#primaryimage"},"thumbnailUrl":"https:\/\/www.tvnvalve.com\/fr\/wp-content\/uploads\/2020\/06\/303.jpg","datePublished":"2020-06-25T19:16:37+00:00","dateModified":"2022-05-28T09:26:18+00:00","description":"TVN V303 Double Orifice Air Release with Isolation valve is used for the purpose of emptying & filling water networks. air flows from the pipe network","breadcrumb":{"@id":"https:\/\/www.tvnvalve.com\/fr\/produits\/v303-ventouse-double-chambre-arv-avec-vanne-disolation\/#breadcrumb"},"inLanguage":"fr-FR","potentialAction":[{"@type":"ReadAction","target":["https:\/\/www.tvnvalve.com\/fr\/produits\/v303-ventouse-double-chambre-arv-avec-vanne-disolation\/"]}]},{"@type":"ImageObject","inLanguage":"fr-FR","@id":"https:\/\/www.tvnvalve.com\/fr\/produits\/v303-ventouse-double-chambre-arv-avec-vanne-disolation\/#primaryimage","url":"https:\/\/www.tvnvalve.com\/fr\/wp-content\/uploads\/2020\/06\/303.jpg","contentUrl":"https:\/\/www.tvnvalve.com\/fr\/wp-content\/uploads\/2020\/06\/303.jpg","width":800,"height":832},{"@type":"BreadcrumbList","@id":"https:\/\/www.tvnvalve.com\/fr\/produits\/v303-ventouse-double-chambre-arv-avec-vanne-disolation\/#breadcrumb","itemListElement":[{"@type":"ListItem","position":1,"name":"Home","item":"https:\/\/www.tvnvalve.com\/fr\/"},{"@type":"ListItem","position":2,"name":"Produits","item":"https:\/\/www.tvnvalve.com\/fr\/produits\/"},{"@type":"ListItem","position":3,"name":"V303 VENTOUSE DOUBLE CHAMBRE ARV AVEC VANNE D&#8217;ISOLATION"}]},{"@type":"WebSite","@id":"https:\/\/www.tvnvalve.com\/fr\/#website","url":"https:\/\/www.tvnvalve.com\/fr\/","name":"TVN Valve &amp; Piping Company","description":"Valve &amp; Piping Manufacturer","potentialAction":[{"@type":"SearchAction","target":{"@type":"EntryPoint","urlTemplate":"https:\/\/www.tvnvalve.com\/fr\/?s={search_term_string}"},"query-input":{"@type":"PropertyValueSpecification","valueRequired":true,"valueName":"search_term_string"}}],"inLanguage":"fr-FR"}]}},"_links":{"self":[{"href":"https:\/\/www.tvnvalve.com\/fr\/wp-json\/wp\/v2\/product\/614","targetHints":{"allow":["GET"]}}],"collection":[{"href":"https:\/\/www.tvnvalve.com\/fr\/wp-json\/wp\/v2\/product"}],"about":[{"href":"https:\/\/www.tvnvalve.com\/fr\/wp-json\/wp\/v2\/types\/product"}],"wp:featuredmedia":[{"embeddable":true,"href":"https:\/\/www.tvnvalve.com\/fr\/wp-json\/wp\/v2\/media\/1112"}],"wp:attachment":[{"href":"https:\/\/www.tvnvalve.com\/fr\/wp-json\/wp\/v2\/media?parent=614"}],"wp:term":[{"taxonomy":"product_brand","embeddable":true,"href":"https:\/\/www.tvnvalve.com\/fr\/wp-json\/wp\/v2\/product_brand?post=614"},{"taxonomy":"product_cat","embeddable":true,"href":"https:\/\/www.tvnvalve.com\/fr\/wp-json\/wp\/v2\/product_cat?post=614"},{"taxonomy":"product_tag","embeddable":true,"href":"https:\/\/www.tvnvalve.com\/fr\/wp-json\/wp\/v2\/product_tag?post=614"}],"curies":[{"name":"wp","href":"https:\/\/api.w.org\/{rel}","templated":true}]}}