{"id":607,"date":"2020-06-25T19:03:54","date_gmt":"2020-06-25T19:03:54","guid":{"rendered":"https:\/\/www.ansolon.com\/tvn\/?post_type=product&#038;p=607"},"modified":"2020-07-30T20:24:42","modified_gmt":"2020-07-30T20:24:42","slug":"v305-ventouse-dextremite-filetee","status":"publish","type":"product","link":"https:\/\/www.tvnvalve.com\/fr\/produits\/v305-ventouse-dextremite-filetee\/","title":{"rendered":"V305 VENTOUSE D&rsquo;EXTR\u00c9MIT\u00c9 FILET\u00c9E"},"content":{"rendered":"<p>\n<a   class=\"button  has-icon button_left button_size_1\"  href=\"https:\/\/www.tvnvalve.com\/fr\/wp-content\/uploads\/2020\/07\/TVN-Soupape-Tuyauterie-Catalogue-V305.pdf\" style=\"background-color:#b51f13!important;color:#ffffff;\" target=\"_blank\"    title=\"\"><span class=\"button_icon\"><i class=\"icon-acrobat\"  style=\"color:#ffffff!important;\" aria-hidden=\"true\"><\/i><\/span><span class=\"button_label\">T\u00e9l\u00e9charger la fiche technique PDF<\/span><\/a>\n<br \/>\n<\/p>\n<p>TVN V305 Ventouse d&rsquo;Extr\u00e9mit\u00e9 Filet\u00e9e permet de ventiler l&rsquo;air \u00e0 l&rsquo;int\u00e9rieur des canalisations tout en remplissant les r\u00e9seaux d&rsquo;eau. En raison de sa taille compacte, privil\u00e9gi\u00e9e sp\u00e9cifiquement pour un emplacement \u00e9troit sur la tuyauterie.<\/p>\n<div class=\"deschide\">\n&nbsp;<\/p>\n<h2>Application Range<\/h2>\n<ol class=\"fa-ul\">\n<li><span class=\"fa-li\"><i class=\"icon-right-dir\"> <\/i><\/span>Water transmission<\/li>\n<li><span class=\"fa-li\"><i class=\"icon-right-dir\"> <\/i><\/span>Water distribution<\/li>\n<li><span class=\"fa-li\"><i class=\"icon-right-dir\"> <\/i><\/span>Pump suction line<\/li>\n<li><span class=\"fa-li\"><i class=\"icon-right-dir\"> <\/i><\/span>Peaks and bottom points<\/li>\n<li><span class=\"fa-li\"><i class=\"icon-right-dir\"> <\/i><\/span>Next to by-pass valve<\/li>\n<\/ol>\n<p>&nbsp;<\/p>\n<h2>Related Products<\/h2>\n<ol class=\"fa-ul\">\n<li><span class=\"fa-li\"><i class=\"icon-right-dir\"> <\/i><\/span><a href=\"https:\/\/tvnvalve.com\/product\/v151-resilient-seated-gate-valve-nrs-f4\/\">V151 Gate Valve Resilient Seated<\/a><\/li>\n<li><span class=\"fa-li\"><i class=\"icon-right-dir\"> <\/i><\/span>V106 Butterfly Valve Flanged<\/li>\n<li><span class=\"fa-li\"><i class=\"icon-right-dir\"> <\/i><\/span>V251 Dismantling Joint<\/li>\n<\/ol>\n<p>&nbsp;<\/p>\n<h2>Threaded End Air Valve Product Features<\/h2>\n<ol class=\"fa-ul\">\n<li><span class=\"fa-li\"><i class=\"icon-right-dir\"> <\/i><\/span>Precisely selected internal parts increase the corrosion resistance, hence increases service life.<\/li>\n<li><span class=\"fa-li\"><i class=\"icon-right-dir\"> <\/i><\/span>Simple float mechanism gives advantage for easier replacement.<\/li>\n<li><span class=\"fa-li\"><i class=\"icon-right-dir\"> <\/i><\/span>Has no vacuum function<\/li>\n<li><span class=\"fa-li\"><i class=\"icon-right-dir\"> <\/i><\/span>Ductile iron body increases the resistance against impacts.<\/li>\n<li><span class=\"fa-li\"><i class=\"icon-right-dir\"> <\/i><\/span>It is necessary to use air release valves on the peak points of the pipelines, in order to maintain the full flow of the water.<\/li>\n<li><span class=\"fa-li\"><i class=\"icon-right-dir\"> <\/i><\/span>Fully coated body and bonnet meets the hygienic requirements of the potable water networks. (WRAS coating optional)<\/li>\n<li><span class=\"fa-li\"><i class=\"icon-right-dir\"> <\/i><\/span>When the air release function is completed, the floats travel upper part with the water force and close the orifice outlet, thus preventing the leakage of water.<\/li>\n<li><span class=\"fa-li\"><i class=\"icon-right-dir\"> <\/i><\/span>Threaded according to ISO 228.-1.<\/li>\n<li><span class=\"fa-li\"><i class=\"icon-right-dir\"> <\/i><\/span>Working pressure range from 0.2 to 16 bar.<\/li>\n<li><span class=\"fa-li\"><i class=\"icon-right-dir\"> <\/i><\/span>Hydrostatic test pressure for seat: PN x 1.1 , for shell: PN x 1.5 according to EN 12266-1.<\/li>\n<\/ol>\n<\/div>\n","protected":false},"excerpt":{"rendered":"<p>TVN V305 Ventouse d&rsquo;Extr\u00e9mit\u00e9 Filet\u00e9e permet de ventiler l&rsquo;air \u00e0 l&rsquo;int\u00e9rieur des canalisations tout en remplissant les r\u00e9seaux d&rsquo;eau. En raison de sa taille compacte, privil\u00e9gi\u00e9e<span class=\"excerpt-hellip\"> [\u2026]<\/span><\/p>\n","protected":false},"featured_media":608,"template":"","meta":[],"product_brand":[],"product_cat":[36],"product_tag":[],"class_list":{"0":"post-607","1":"product","2":"type-product","3":"status-publish","4":"has-post-thumbnail","6":"product_cat-v30-ventouses","8":"first","9":"instock","10":"featured","11":"shipping-taxable","12":"product-type-simple"},"yoast_head":"<!-- This site is optimized with the Yoast SEO plugin v27.5 - https:\/\/yoast.com\/product\/yoast-seo-wordpress\/ -->\n<title>Threaded End Air Valve V305 - TVN Valve &amp; Piping Company<\/title>\n<meta name=\"description\" content=\"TVN V305 Threaded End Air Release Valve allows to vent the air inside pipelines while filling water networks. Due to its compact size\" \/>\n<meta name=\"robots\" content=\"index, follow, max-snippet:-1, max-image-preview:large, max-video-preview:-1\" \/>\n<link rel=\"canonical\" href=\"https:\/\/www.tvnvalve.com\/fr\/produits\/v305-ventouse-dextremite-filetee\/\" \/>\n<meta property=\"og:locale\" content=\"fr_FR\" \/>\n<meta property=\"og:type\" content=\"article\" \/>\n<meta property=\"og:title\" content=\"Threaded End Air Valve V305 - TVN Valve &amp; Piping Company\" \/>\n<meta property=\"og:description\" content=\"TVN V305 Threaded End Air Release Valve allows to vent the air inside pipelines while filling water networks. Due to its compact size\" \/>\n<meta property=\"og:url\" content=\"https:\/\/www.tvnvalve.com\/fr\/produits\/v305-ventouse-dextremite-filetee\/\" \/>\n<meta property=\"og:site_name\" content=\"TVN Valve &amp; Piping Company\" \/>\n<meta property=\"article:modified_time\" content=\"2020-07-30T20:24:42+00:00\" \/>\n<meta property=\"og:image\" content=\"https:\/\/www.tvnvalve.com\/fr\/wp-content\/uploads\/2020\/06\/V305-THREADED-END-AIR-VALVE-.png\" \/>\n\t<meta property=\"og:image:width\" content=\"800\" \/>\n\t<meta property=\"og:image:height\" content=\"832\" \/>\n\t<meta property=\"og:image:type\" content=\"image\/png\" \/>\n<meta name=\"twitter:card\" content=\"summary_large_image\" \/>\n<meta name=\"twitter:label1\" content=\"Dur\u00e9e de lecture estim\u00e9e\" \/>\n\t<meta name=\"twitter:data1\" content=\"1 minute\" \/>\n<script type=\"application\/ld+json\" class=\"yoast-schema-graph\">{\"@context\":\"https:\\\/\\\/schema.org\",\"@graph\":[{\"@type\":\"WebPage\",\"@id\":\"https:\\\/\\\/www.tvnvalve.com\\\/fr\\\/produits\\\/v305-ventouse-dextremite-filetee\\\/\",\"url\":\"https:\\\/\\\/www.tvnvalve.com\\\/fr\\\/produits\\\/v305-ventouse-dextremite-filetee\\\/\",\"name\":\"Threaded End Air Valve V305 - TVN Valve &amp; Piping Company\",\"isPartOf\":{\"@id\":\"https:\\\/\\\/www.tvnvalve.com\\\/fr\\\/#website\"},\"primaryImageOfPage\":{\"@id\":\"https:\\\/\\\/www.tvnvalve.com\\\/fr\\\/produits\\\/v305-ventouse-dextremite-filetee\\\/#primaryimage\"},\"image\":{\"@id\":\"https:\\\/\\\/www.tvnvalve.com\\\/fr\\\/produits\\\/v305-ventouse-dextremite-filetee\\\/#primaryimage\"},\"thumbnailUrl\":\"https:\\\/\\\/www.tvnvalve.com\\\/fr\\\/wp-content\\\/uploads\\\/2020\\\/06\\\/V305-THREADED-END-AIR-VALVE-.png\",\"datePublished\":\"2020-06-25T19:03:54+00:00\",\"dateModified\":\"2020-07-30T20:24:42+00:00\",\"description\":\"TVN V305 Threaded End Air Release Valve allows to vent the air inside pipelines while filling water networks. Due to its compact size\",\"breadcrumb\":{\"@id\":\"https:\\\/\\\/www.tvnvalve.com\\\/fr\\\/produits\\\/v305-ventouse-dextremite-filetee\\\/#breadcrumb\"},\"inLanguage\":\"fr-FR\",\"potentialAction\":[{\"@type\":\"ReadAction\",\"target\":[\"https:\\\/\\\/www.tvnvalve.com\\\/fr\\\/produits\\\/v305-ventouse-dextremite-filetee\\\/\"]}]},{\"@type\":\"ImageObject\",\"inLanguage\":\"fr-FR\",\"@id\":\"https:\\\/\\\/www.tvnvalve.com\\\/fr\\\/produits\\\/v305-ventouse-dextremite-filetee\\\/#primaryimage\",\"url\":\"https:\\\/\\\/www.tvnvalve.com\\\/fr\\\/wp-content\\\/uploads\\\/2020\\\/06\\\/V305-THREADED-END-AIR-VALVE-.png\",\"contentUrl\":\"https:\\\/\\\/www.tvnvalve.com\\\/fr\\\/wp-content\\\/uploads\\\/2020\\\/06\\\/V305-THREADED-END-AIR-VALVE-.png\",\"width\":800,\"height\":832,\"caption\":\"Threaded End Air Valve\"},{\"@type\":\"BreadcrumbList\",\"@id\":\"https:\\\/\\\/www.tvnvalve.com\\\/fr\\\/produits\\\/v305-ventouse-dextremite-filetee\\\/#breadcrumb\",\"itemListElement\":[{\"@type\":\"ListItem\",\"position\":1,\"name\":\"Home\",\"item\":\"https:\\\/\\\/www.tvnvalve.com\\\/fr\\\/\"},{\"@type\":\"ListItem\",\"position\":2,\"name\":\"Produits\",\"item\":\"https:\\\/\\\/www.tvnvalve.com\\\/fr\\\/produits\\\/\"},{\"@type\":\"ListItem\",\"position\":3,\"name\":\"V305 VENTOUSE D&rsquo;EXTR\u00c9MIT\u00c9 FILET\u00c9E\"}]},{\"@type\":\"WebSite\",\"@id\":\"https:\\\/\\\/www.tvnvalve.com\\\/fr\\\/#website\",\"url\":\"https:\\\/\\\/www.tvnvalve.com\\\/fr\\\/\",\"name\":\"TVN Valve &amp; Piping Company\",\"description\":\"Valve &amp; Piping Manufacturer\",\"potentialAction\":[{\"@type\":\"SearchAction\",\"target\":{\"@type\":\"EntryPoint\",\"urlTemplate\":\"https:\\\/\\\/www.tvnvalve.com\\\/fr\\\/?s={search_term_string}\"},\"query-input\":{\"@type\":\"PropertyValueSpecification\",\"valueRequired\":true,\"valueName\":\"search_term_string\"}}],\"inLanguage\":\"fr-FR\"}]}<\/script>\n<!-- \/ Yoast SEO plugin. -->","yoast_head_json":{"title":"Threaded End Air Valve V305 - TVN Valve &amp; Piping Company","description":"TVN V305 Threaded End Air Release Valve allows to vent the air inside pipelines while filling water networks. Due to its compact size","robots":{"index":"index","follow":"follow","max-snippet":"max-snippet:-1","max-image-preview":"max-image-preview:large","max-video-preview":"max-video-preview:-1"},"canonical":"https:\/\/www.tvnvalve.com\/fr\/produits\/v305-ventouse-dextremite-filetee\/","og_locale":"fr_FR","og_type":"article","og_title":"Threaded End Air Valve V305 - TVN Valve &amp; Piping Company","og_description":"TVN V305 Threaded End Air Release Valve allows to vent the air inside pipelines while filling water networks. Due to its compact size","og_url":"https:\/\/www.tvnvalve.com\/fr\/produits\/v305-ventouse-dextremite-filetee\/","og_site_name":"TVN Valve &amp; Piping Company","article_modified_time":"2020-07-30T20:24:42+00:00","og_image":[{"width":800,"height":832,"url":"https:\/\/www.tvnvalve.com\/fr\/wp-content\/uploads\/2020\/06\/V305-THREADED-END-AIR-VALVE-.png","type":"image\/png"}],"twitter_card":"summary_large_image","twitter_misc":{"Dur\u00e9e de lecture estim\u00e9e":"1 minute"},"schema":{"@context":"https:\/\/schema.org","@graph":[{"@type":"WebPage","@id":"https:\/\/www.tvnvalve.com\/fr\/produits\/v305-ventouse-dextremite-filetee\/","url":"https:\/\/www.tvnvalve.com\/fr\/produits\/v305-ventouse-dextremite-filetee\/","name":"Threaded End Air Valve V305 - TVN Valve &amp; Piping Company","isPartOf":{"@id":"https:\/\/www.tvnvalve.com\/fr\/#website"},"primaryImageOfPage":{"@id":"https:\/\/www.tvnvalve.com\/fr\/produits\/v305-ventouse-dextremite-filetee\/#primaryimage"},"image":{"@id":"https:\/\/www.tvnvalve.com\/fr\/produits\/v305-ventouse-dextremite-filetee\/#primaryimage"},"thumbnailUrl":"https:\/\/www.tvnvalve.com\/fr\/wp-content\/uploads\/2020\/06\/V305-THREADED-END-AIR-VALVE-.png","datePublished":"2020-06-25T19:03:54+00:00","dateModified":"2020-07-30T20:24:42+00:00","description":"TVN V305 Threaded End Air Release Valve allows to vent the air inside pipelines while filling water networks. Due to its compact size","breadcrumb":{"@id":"https:\/\/www.tvnvalve.com\/fr\/produits\/v305-ventouse-dextremite-filetee\/#breadcrumb"},"inLanguage":"fr-FR","potentialAction":[{"@type":"ReadAction","target":["https:\/\/www.tvnvalve.com\/fr\/produits\/v305-ventouse-dextremite-filetee\/"]}]},{"@type":"ImageObject","inLanguage":"fr-FR","@id":"https:\/\/www.tvnvalve.com\/fr\/produits\/v305-ventouse-dextremite-filetee\/#primaryimage","url":"https:\/\/www.tvnvalve.com\/fr\/wp-content\/uploads\/2020\/06\/V305-THREADED-END-AIR-VALVE-.png","contentUrl":"https:\/\/www.tvnvalve.com\/fr\/wp-content\/uploads\/2020\/06\/V305-THREADED-END-AIR-VALVE-.png","width":800,"height":832,"caption":"Threaded End Air Valve"},{"@type":"BreadcrumbList","@id":"https:\/\/www.tvnvalve.com\/fr\/produits\/v305-ventouse-dextremite-filetee\/#breadcrumb","itemListElement":[{"@type":"ListItem","position":1,"name":"Home","item":"https:\/\/www.tvnvalve.com\/fr\/"},{"@type":"ListItem","position":2,"name":"Produits","item":"https:\/\/www.tvnvalve.com\/fr\/produits\/"},{"@type":"ListItem","position":3,"name":"V305 VENTOUSE D&rsquo;EXTR\u00c9MIT\u00c9 FILET\u00c9E"}]},{"@type":"WebSite","@id":"https:\/\/www.tvnvalve.com\/fr\/#website","url":"https:\/\/www.tvnvalve.com\/fr\/","name":"TVN Valve &amp; Piping Company","description":"Valve &amp; Piping Manufacturer","potentialAction":[{"@type":"SearchAction","target":{"@type":"EntryPoint","urlTemplate":"https:\/\/www.tvnvalve.com\/fr\/?s={search_term_string}"},"query-input":{"@type":"PropertyValueSpecification","valueRequired":true,"valueName":"search_term_string"}}],"inLanguage":"fr-FR"}]}},"_links":{"self":[{"href":"https:\/\/www.tvnvalve.com\/fr\/wp-json\/wp\/v2\/product\/607","targetHints":{"allow":["GET"]}}],"collection":[{"href":"https:\/\/www.tvnvalve.com\/fr\/wp-json\/wp\/v2\/product"}],"about":[{"href":"https:\/\/www.tvnvalve.com\/fr\/wp-json\/wp\/v2\/types\/product"}],"wp:featuredmedia":[{"embeddable":true,"href":"https:\/\/www.tvnvalve.com\/fr\/wp-json\/wp\/v2\/media\/608"}],"wp:attachment":[{"href":"https:\/\/www.tvnvalve.com\/fr\/wp-json\/wp\/v2\/media?parent=607"}],"wp:term":[{"taxonomy":"product_brand","embeddable":true,"href":"https:\/\/www.tvnvalve.com\/fr\/wp-json\/wp\/v2\/product_brand?post=607"},{"taxonomy":"product_cat","embeddable":true,"href":"https:\/\/www.tvnvalve.com\/fr\/wp-json\/wp\/v2\/product_cat?post=607"},{"taxonomy":"product_tag","embeddable":true,"href":"https:\/\/www.tvnvalve.com\/fr\/wp-json\/wp\/v2\/product_tag?post=607"}],"curies":[{"name":"wp","href":"https:\/\/api.w.org\/{rel}","templated":true}]}}