{"id":584,"date":"2020-06-24T19:03:38","date_gmt":"2020-06-24T19:03:38","guid":{"rendered":"https:\/\/www.ansolon.com\/tvn\/?post_type=product&#038;p=584"},"modified":"2024-05-09T12:07:20","modified_gmt":"2024-05-09T12:07:20","slug":"v203-clapet-a-papillon-avec-amortisseur-hydraulique-a-brides","status":"publish","type":"product","link":"https:\/\/www.tvnvalve.com\/fr\/produits\/v203-clapet-a-papillon-avec-amortisseur-hydraulique-a-brides\/","title":{"rendered":"V203 CLAPET \u00c0 PAPILLON AVEC AMORTISSEUR HYDRAULIQUE \u00c0 BRIDES"},"content":{"rendered":"<p>\n<a   class=\"button  has-icon button_left button_size_1\"  href=\"https:\/\/www.tvnvalve.com\/fr\/wp-content\/uploads\/2022\/05\/203.pdf\" style=\"background-color:#b51f13!important;color:#ffffff;\" target=\"_blank\"    title=\"\"><span class=\"button_icon\"><i class=\"icon-acrobat\"  style=\"color:#ffffff!important;\" aria-hidden=\"true\"><\/i><\/span><span class=\"button_label\">T\u00e9l\u00e9charger la fiche technique PDF<\/span><\/a>\n<br \/>\n<br \/>\nTVN V203 Clapet \u00e0 Papillon avec Amortisseur Hydraulique \u00e0 Brides est le clapet anti-retour pr\u00e9f\u00e9r\u00e9 dans les r\u00e9seaux de tuyauteries o\u00f9 une fermeture plus rapide est requise et les coups de clapet affectent les besoins \u00e0 absorber. Gr\u00e2ce au contre-levier et au poids attach\u00e9 \u00e0 son axe via le piston hydraulique, assure une ouverture douce en fonction de la vitesse du d\u00e9bit et maintient des temps de fermeture r\u00e9duits lorsque le d\u00e9bit s&rsquo;arr\u00eate.<\/p>\n<p>Avec sa conception de papillon o\u00f9 le centre est d\u00e9cal\u00e9 sur deux axes, cela conduit \u00e0 une grande am\u00e9lioration de la diminution des valeurs de couple de fonctionnement, en r\u00e9duisant le frottement sur la zone d&rsquo;\u00e9tanch\u00e9it\u00e9 du papillon et en prolongeant la dur\u00e9<\/p>\n<div class=\"deschide\">\n<h2>Application Range<\/h2>\n<ol class=\"fa-ul\">\n<li><span class=\"fa-li\"><i class=\"icon-right-dir\"> <\/i><\/span>Pumping Stations<\/li>\n<li><span class=\"fa-li\"><i class=\"icon-right-dir\"> <\/i><\/span>Water Transmission Lines<\/li>\n<li><span class=\"fa-li\"><i class=\"icon-right-dir\"> <\/i><\/span>Tanks<\/li>\n<li><span class=\"fa-li\"><i class=\"icon-right-dir\"> <\/i><\/span>Water Treatment Plants<\/li>\n<li><span class=\"fa-li\"><i class=\"icon-right-dir\"> <\/i><\/span>PowerStation Cooling Lines<\/li>\n<\/ol>\n<p>&nbsp;<\/p>\n<h2>Related Products<\/h2>\n<ol class=\"fa-ul\">\n<li><span class=\"fa-li\"><i class=\"icon-right-dir\"> <\/i><\/span>V106 Double Eccentric Butterfly Valve<\/li>\n<li><span class=\"fa-li\"><i class=\"icon-right-dir\"> <\/i><\/span>V151 Resilient Seated Gate Valve<\/li>\n<li><span class=\"fa-li\"><i class=\"icon-right-dir\"> <\/i><\/span>V251 Dismantling Joint<\/li>\n<\/ol>\n<h2>Hydraulic Tilting Check Valve Product Features<\/h2>\n<ol class=\"fa-ul\">\n<li><span class=\"fa-li\"><i class=\"icon-right-dir\"> <\/i><\/span>GGG40\/50 Ductile Iron Body &amp; Disc allows high impact and stretching resistance<\/li>\n<li><span class=\"fa-li\"><i class=\"icon-right-dir\"> <\/i><\/span>Double Eccentric \/ Double Offset Disc Design<\/li>\n<li><span class=\"fa-li\"><i class=\"icon-right-dir\"> <\/i><\/span>Resilient Seated Type (Metal seated type optional)<\/li>\n<li><span class=\"fa-li\"><i class=\"icon-right-dir\"> <\/i><\/span>Disc sealing ring EPDM as default. NBR or VITON options are available<\/li>\n<li><span class=\"fa-li\"><i class=\"icon-right-dir\"> <\/i><\/span>Block molded solid\/one-piece T-shaped disc sealing ring extends drop-tight sealing life time<\/li>\n<li><span class=\"fa-li\"><i class=\"icon-right-dir\"> <\/i><\/span>The open\/close speed can be adjusted by opening and closing the valve located on the hydraulic piston.<\/li>\n<li><span class=\"fa-li\"><i class=\"icon-right-dir\"> <\/i><\/span>Counter Lever &amp; Weight position can be replaced on both sides. Two counter lever option is also available upon request.<\/li>\n<li><span class=\"fa-li\"><i class=\"icon-right-dir\"> <\/i><\/span>Possible to install on horizontal and vertical pipelines with varied flow directions. It is necessary to mention the lever positioning requirements according to your project in order to arrange the lever side and position during production.<\/li>\n<li><span class=\"fa-li\"><i class=\"icon-right-dir\"> <\/i><\/span>Easy to replace disc sealing ring without dismantling the valve from the pipeline and without dismantling the disc from the valve itself just by taking out the retaining ring through its bolts. It is easy to replace the disc sealing ring without any additional equipment\u2019s<\/li>\n<li><span class=\"fa-li\"><i class=\"icon-right-dir\"> <\/i><\/span>SS308\/316 grade stainless steel welding seat on the body is manufactured through automatic welding machines and microfinished precise milling operation. When disc is fully closed, disc sealing ring applies equal pressure on every point on the welding seat.<\/li>\n<li><span class=\"fa-li\"><i class=\"icon-right-dir\"> <\/i><\/span>Drop-tight closure<\/li>\n<li><span class=\"fa-li\"><i class=\"icon-right-dir\"> <\/i><\/span>Triple O-ring feature on both shafts ensures high sealing<\/li>\n<li><span class=\"fa-li\"><i class=\"icon-right-dir\"> <\/i><\/span>Shafts are equipped with bronze bushings having high corrosion resistance<\/li>\n<li><span class=\"fa-li\"><i class=\"icon-right-dir\"> <\/i><\/span>Ensures minimized pressure loss and increased energy efficiency with double shaft design<\/li>\n<li><span class=\"fa-li\"><i class=\"icon-right-dir\"> <\/i><\/span>Low torque requirements during operation<\/li>\n<li><span class=\"fa-li\"><i class=\"icon-right-dir\"> <\/i><\/span>Easy to install on the line, light weight and occupies less space<\/li>\n<li><span class=\"fa-li\"><i class=\"icon-right-dir\"> <\/i><\/span>Full coating on the body and disc internally &amp; externally with an average of 250 microns. Higher coating thicknesses are available when required.<\/li>\n<li><span class=\"fa-li\"><i class=\"icon-right-dir\"> <\/i><\/span>WRAS approved coating available upon request which meets hygienic requirements for potable water applications \u2022 Maintenance free design<\/li>\n<li><span class=\"fa-li\"><i class=\"icon-right-dir\"> <\/i><\/span>For proper installation, direction arrow on the body should be considered.<\/li>\n<li><span class=\"fa-li\"><i class=\"icon-right-dir\"> <\/i><\/span>Balanced positioned lifting holes on the body ease transportation and installation<\/li>\n<li><span class=\"fa-li\"><i class=\"icon-right-dir\"> <\/i><\/span>Hydrostatic test pressure for seat: PN x 1.1 , for shell: PN x 1.5 according to EN 12266-1.<\/li>\n<\/ol>\n<\/div>\n","protected":false},"excerpt":{"rendered":"<p>TVN V203 Clapet \u00e0 Papillon avec Amortisseur Hydraulique \u00e0 Brides est le clapet anti-retour pr\u00e9f\u00e9r\u00e9 dans les r\u00e9seaux de tuyauteries o\u00f9 une fermeture plus rapide est<span class=\"excerpt-hellip\"> [\u2026]<\/span><\/p>\n","protected":false},"featured_media":1173,"template":"","meta":[],"product_brand":[],"product_cat":[34],"product_tag":[],"class_list":{"0":"post-584","1":"product","2":"type-product","3":"status-publish","4":"has-post-thumbnail","6":"product_cat-v20-21-clapets","8":"first","9":"instock","10":"featured","11":"shipping-taxable","12":"product-type-simple"},"yoast_head":"<!-- This site is optimized with the Yoast SEO plugin v27.5 - https:\/\/yoast.com\/product\/yoast-seo-wordpress\/ -->\n<title>Hydraulic Tilting Check Valve V203 - TVN Valve &amp; Piping Company<\/title>\n<meta name=\"description\" content=\"TVN V203 Hydraulic Tilting Check Valve is the non-return valve preferred in pipe networks where faster closure is required and water hammer affects\" \/>\n<meta name=\"robots\" content=\"index, follow, max-snippet:-1, max-image-preview:large, max-video-preview:-1\" \/>\n<link rel=\"canonical\" href=\"https:\/\/www.tvnvalve.com\/fr\/produits\/v203-clapet-a-papillon-avec-amortisseur-hydraulique-a-brides\/\" \/>\n<meta property=\"og:locale\" content=\"fr_FR\" \/>\n<meta property=\"og:type\" content=\"article\" \/>\n<meta property=\"og:title\" content=\"Hydraulic Tilting Check Valve V203 - TVN Valve &amp; Piping Company\" \/>\n<meta property=\"og:description\" content=\"TVN V203 Hydraulic Tilting Check Valve is the non-return valve preferred in pipe networks where faster closure is required and water hammer affects\" \/>\n<meta property=\"og:url\" content=\"https:\/\/www.tvnvalve.com\/fr\/produits\/v203-clapet-a-papillon-avec-amortisseur-hydraulique-a-brides\/\" \/>\n<meta property=\"og:site_name\" content=\"TVN Valve &amp; Piping Company\" \/>\n<meta property=\"article:modified_time\" content=\"2024-05-09T12:07:20+00:00\" \/>\n<meta property=\"og:image\" content=\"https:\/\/www.tvnvalve.com\/fr\/wp-content\/uploads\/2020\/06\/tvnvalve-v203-Hydraulic-Tilting-Check-Valve.jpg\" \/>\n\t<meta property=\"og:image:width\" content=\"1000\" \/>\n\t<meta property=\"og:image:height\" content=\"1000\" \/>\n\t<meta property=\"og:image:type\" content=\"image\/jpeg\" \/>\n<meta name=\"twitter:card\" content=\"summary_large_image\" \/>\n<meta name=\"twitter:label1\" content=\"Dur\u00e9e de lecture estim\u00e9e\" \/>\n\t<meta name=\"twitter:data1\" content=\"3 minutes\" \/>\n<script type=\"application\/ld+json\" class=\"yoast-schema-graph\">{\"@context\":\"https:\\\/\\\/schema.org\",\"@graph\":[{\"@type\":\"WebPage\",\"@id\":\"https:\\\/\\\/www.tvnvalve.com\\\/fr\\\/produits\\\/v203-clapet-a-papillon-avec-amortisseur-hydraulique-a-brides\\\/\",\"url\":\"https:\\\/\\\/www.tvnvalve.com\\\/fr\\\/produits\\\/v203-clapet-a-papillon-avec-amortisseur-hydraulique-a-brides\\\/\",\"name\":\"Hydraulic Tilting Check Valve V203 - TVN Valve &amp; Piping Company\",\"isPartOf\":{\"@id\":\"https:\\\/\\\/www.tvnvalve.com\\\/fr\\\/#website\"},\"primaryImageOfPage\":{\"@id\":\"https:\\\/\\\/www.tvnvalve.com\\\/fr\\\/produits\\\/v203-clapet-a-papillon-avec-amortisseur-hydraulique-a-brides\\\/#primaryimage\"},\"image\":{\"@id\":\"https:\\\/\\\/www.tvnvalve.com\\\/fr\\\/produits\\\/v203-clapet-a-papillon-avec-amortisseur-hydraulique-a-brides\\\/#primaryimage\"},\"thumbnailUrl\":\"https:\\\/\\\/www.tvnvalve.com\\\/fr\\\/wp-content\\\/uploads\\\/2020\\\/06\\\/tvnvalve-v203-Hydraulic-Tilting-Check-Valve.jpg\",\"datePublished\":\"2020-06-24T19:03:38+00:00\",\"dateModified\":\"2024-05-09T12:07:20+00:00\",\"description\":\"TVN V203 Hydraulic Tilting Check Valve is the non-return valve preferred in pipe networks where faster closure is required and water hammer affects\",\"breadcrumb\":{\"@id\":\"https:\\\/\\\/www.tvnvalve.com\\\/fr\\\/produits\\\/v203-clapet-a-papillon-avec-amortisseur-hydraulique-a-brides\\\/#breadcrumb\"},\"inLanguage\":\"fr-FR\",\"potentialAction\":[{\"@type\":\"ReadAction\",\"target\":[\"https:\\\/\\\/www.tvnvalve.com\\\/fr\\\/produits\\\/v203-clapet-a-papillon-avec-amortisseur-hydraulique-a-brides\\\/\"]}]},{\"@type\":\"ImageObject\",\"inLanguage\":\"fr-FR\",\"@id\":\"https:\\\/\\\/www.tvnvalve.com\\\/fr\\\/produits\\\/v203-clapet-a-papillon-avec-amortisseur-hydraulique-a-brides\\\/#primaryimage\",\"url\":\"https:\\\/\\\/www.tvnvalve.com\\\/fr\\\/wp-content\\\/uploads\\\/2020\\\/06\\\/tvnvalve-v203-Hydraulic-Tilting-Check-Valve.jpg\",\"contentUrl\":\"https:\\\/\\\/www.tvnvalve.com\\\/fr\\\/wp-content\\\/uploads\\\/2020\\\/06\\\/tvnvalve-v203-Hydraulic-Tilting-Check-Valve.jpg\",\"width\":1000,\"height\":1000},{\"@type\":\"BreadcrumbList\",\"@id\":\"https:\\\/\\\/www.tvnvalve.com\\\/fr\\\/produits\\\/v203-clapet-a-papillon-avec-amortisseur-hydraulique-a-brides\\\/#breadcrumb\",\"itemListElement\":[{\"@type\":\"ListItem\",\"position\":1,\"name\":\"Home\",\"item\":\"https:\\\/\\\/www.tvnvalve.com\\\/fr\\\/\"},{\"@type\":\"ListItem\",\"position\":2,\"name\":\"Produits\",\"item\":\"https:\\\/\\\/www.tvnvalve.com\\\/fr\\\/produits\\\/\"},{\"@type\":\"ListItem\",\"position\":3,\"name\":\"V203 CLAPET \u00c0 PAPILLON AVEC AMORTISSEUR HYDRAULIQUE \u00c0 BRIDES\"}]},{\"@type\":\"WebSite\",\"@id\":\"https:\\\/\\\/www.tvnvalve.com\\\/fr\\\/#website\",\"url\":\"https:\\\/\\\/www.tvnvalve.com\\\/fr\\\/\",\"name\":\"TVN Valve &amp; Piping Company\",\"description\":\"Valve &amp; Piping Manufacturer\",\"potentialAction\":[{\"@type\":\"SearchAction\",\"target\":{\"@type\":\"EntryPoint\",\"urlTemplate\":\"https:\\\/\\\/www.tvnvalve.com\\\/fr\\\/?s={search_term_string}\"},\"query-input\":{\"@type\":\"PropertyValueSpecification\",\"valueRequired\":true,\"valueName\":\"search_term_string\"}}],\"inLanguage\":\"fr-FR\"}]}<\/script>\n<!-- \/ Yoast SEO plugin. -->","yoast_head_json":{"title":"Hydraulic Tilting Check Valve V203 - TVN Valve &amp; Piping Company","description":"TVN V203 Hydraulic Tilting Check Valve is the non-return valve preferred in pipe networks where faster closure is required and water hammer affects","robots":{"index":"index","follow":"follow","max-snippet":"max-snippet:-1","max-image-preview":"max-image-preview:large","max-video-preview":"max-video-preview:-1"},"canonical":"https:\/\/www.tvnvalve.com\/fr\/produits\/v203-clapet-a-papillon-avec-amortisseur-hydraulique-a-brides\/","og_locale":"fr_FR","og_type":"article","og_title":"Hydraulic Tilting Check Valve V203 - TVN Valve &amp; Piping Company","og_description":"TVN V203 Hydraulic Tilting Check Valve is the non-return valve preferred in pipe networks where faster closure is required and water hammer affects","og_url":"https:\/\/www.tvnvalve.com\/fr\/produits\/v203-clapet-a-papillon-avec-amortisseur-hydraulique-a-brides\/","og_site_name":"TVN Valve &amp; Piping Company","article_modified_time":"2024-05-09T12:07:20+00:00","og_image":[{"width":1000,"height":1000,"url":"https:\/\/www.tvnvalve.com\/fr\/wp-content\/uploads\/2020\/06\/tvnvalve-v203-Hydraulic-Tilting-Check-Valve.jpg","type":"image\/jpeg"}],"twitter_card":"summary_large_image","twitter_misc":{"Dur\u00e9e de lecture estim\u00e9e":"3 minutes"},"schema":{"@context":"https:\/\/schema.org","@graph":[{"@type":"WebPage","@id":"https:\/\/www.tvnvalve.com\/fr\/produits\/v203-clapet-a-papillon-avec-amortisseur-hydraulique-a-brides\/","url":"https:\/\/www.tvnvalve.com\/fr\/produits\/v203-clapet-a-papillon-avec-amortisseur-hydraulique-a-brides\/","name":"Hydraulic Tilting Check Valve V203 - TVN Valve &amp; Piping Company","isPartOf":{"@id":"https:\/\/www.tvnvalve.com\/fr\/#website"},"primaryImageOfPage":{"@id":"https:\/\/www.tvnvalve.com\/fr\/produits\/v203-clapet-a-papillon-avec-amortisseur-hydraulique-a-brides\/#primaryimage"},"image":{"@id":"https:\/\/www.tvnvalve.com\/fr\/produits\/v203-clapet-a-papillon-avec-amortisseur-hydraulique-a-brides\/#primaryimage"},"thumbnailUrl":"https:\/\/www.tvnvalve.com\/fr\/wp-content\/uploads\/2020\/06\/tvnvalve-v203-Hydraulic-Tilting-Check-Valve.jpg","datePublished":"2020-06-24T19:03:38+00:00","dateModified":"2024-05-09T12:07:20+00:00","description":"TVN V203 Hydraulic Tilting Check Valve is the non-return valve preferred in pipe networks where faster closure is required and water hammer affects","breadcrumb":{"@id":"https:\/\/www.tvnvalve.com\/fr\/produits\/v203-clapet-a-papillon-avec-amortisseur-hydraulique-a-brides\/#breadcrumb"},"inLanguage":"fr-FR","potentialAction":[{"@type":"ReadAction","target":["https:\/\/www.tvnvalve.com\/fr\/produits\/v203-clapet-a-papillon-avec-amortisseur-hydraulique-a-brides\/"]}]},{"@type":"ImageObject","inLanguage":"fr-FR","@id":"https:\/\/www.tvnvalve.com\/fr\/produits\/v203-clapet-a-papillon-avec-amortisseur-hydraulique-a-brides\/#primaryimage","url":"https:\/\/www.tvnvalve.com\/fr\/wp-content\/uploads\/2020\/06\/tvnvalve-v203-Hydraulic-Tilting-Check-Valve.jpg","contentUrl":"https:\/\/www.tvnvalve.com\/fr\/wp-content\/uploads\/2020\/06\/tvnvalve-v203-Hydraulic-Tilting-Check-Valve.jpg","width":1000,"height":1000},{"@type":"BreadcrumbList","@id":"https:\/\/www.tvnvalve.com\/fr\/produits\/v203-clapet-a-papillon-avec-amortisseur-hydraulique-a-brides\/#breadcrumb","itemListElement":[{"@type":"ListItem","position":1,"name":"Home","item":"https:\/\/www.tvnvalve.com\/fr\/"},{"@type":"ListItem","position":2,"name":"Produits","item":"https:\/\/www.tvnvalve.com\/fr\/produits\/"},{"@type":"ListItem","position":3,"name":"V203 CLAPET \u00c0 PAPILLON AVEC AMORTISSEUR HYDRAULIQUE \u00c0 BRIDES"}]},{"@type":"WebSite","@id":"https:\/\/www.tvnvalve.com\/fr\/#website","url":"https:\/\/www.tvnvalve.com\/fr\/","name":"TVN Valve &amp; Piping Company","description":"Valve &amp; Piping Manufacturer","potentialAction":[{"@type":"SearchAction","target":{"@type":"EntryPoint","urlTemplate":"https:\/\/www.tvnvalve.com\/fr\/?s={search_term_string}"},"query-input":{"@type":"PropertyValueSpecification","valueRequired":true,"valueName":"search_term_string"}}],"inLanguage":"fr-FR"}]}},"_links":{"self":[{"href":"https:\/\/www.tvnvalve.com\/fr\/wp-json\/wp\/v2\/product\/584","targetHints":{"allow":["GET"]}}],"collection":[{"href":"https:\/\/www.tvnvalve.com\/fr\/wp-json\/wp\/v2\/product"}],"about":[{"href":"https:\/\/www.tvnvalve.com\/fr\/wp-json\/wp\/v2\/types\/product"}],"wp:featuredmedia":[{"embeddable":true,"href":"https:\/\/www.tvnvalve.com\/fr\/wp-json\/wp\/v2\/media\/1173"}],"wp:attachment":[{"href":"https:\/\/www.tvnvalve.com\/fr\/wp-json\/wp\/v2\/media?parent=584"}],"wp:term":[{"taxonomy":"product_brand","embeddable":true,"href":"https:\/\/www.tvnvalve.com\/fr\/wp-json\/wp\/v2\/product_brand?post=584"},{"taxonomy":"product_cat","embeddable":true,"href":"https:\/\/www.tvnvalve.com\/fr\/wp-json\/wp\/v2\/product_cat?post=584"},{"taxonomy":"product_tag","embeddable":true,"href":"https:\/\/www.tvnvalve.com\/fr\/wp-json\/wp\/v2\/product_tag?post=584"}],"curies":[{"name":"wp","href":"https:\/\/api.w.org\/{rel}","templated":true}]}}