{"id":574,"date":"2020-06-24T18:49:05","date_gmt":"2020-06-24T18:49:05","guid":{"rendered":"https:\/\/www.ansolon.com\/tvn\/?post_type=product&#038;p=574"},"modified":"2022-05-28T09:25:05","modified_gmt":"2022-05-28T09:25:05","slug":"v206-clapet-axial-a-brides","status":"publish","type":"product","link":"https:\/\/www.tvnvalve.com\/fr\/produits\/v206-clapet-axial-a-brides\/","title":{"rendered":"V206 CLAPET AXIAL \u00c0 BRIDES"},"content":{"rendered":"<p>\n<a   class=\"button  has-icon button_left button_size_1\"  href=\"https:\/\/www.tvnvalve.com\/fr\/wp-content\/uploads\/2022\/05\/206.pdf\" style=\"background-color:#b51f13!important;color:#ffffff;\" target=\"_blank\"    title=\"\"><span class=\"button_icon\"><i class=\"icon-acrobat\"  style=\"color:#ffffff!important;\" aria-hidden=\"true\"><\/i><\/span><span class=\"button_label\">T\u00e9l\u00e9charger la fiche technique PDF<\/span><\/a>\n<br \/>\n<br \/>\nTVN V206 Clapet Axial \u00e0 Brides, \u00e9galement connus sous le nom de clapets anti-retour anti-claquement et clapets anti-retour \u00e0 ressort r\u00e9duisent ou \u00e9liminent les coups de clapet et leurs effets.<\/p>\n<p>Le coup de b\u00e9lier fait r\u00e9f\u00e9rence aux ondes de choc \u00e0 haute pression qui se produisent lorsque le d\u00e9bit de fluide s&rsquo;arr\u00eate brusquement (en raison de l&rsquo;arr\u00eat de la pompe ou de la fermeture rapide d&rsquo;un papillon de vanne) dans un syst\u00e8me de tuyauterie. Lorsque des coups de clapet se produisent, l&rsquo;inversion de d\u00e9bit qui en r\u00e9sulte exerce une pression importante sur le tuyau, mettant en danger son int\u00e9grit\u00e9 structurelle et l&rsquo;ouvrant \u00e0 une rupture et des d\u00e9g\u00e2ts potentiels. Les clapets anti-retour \u00e0 battant, les clapets anti-retour \u00e0 disque inclinable et les clapets anti-retour \u00e0 double porte, entre autres, contribuent souvent aux probl\u00e8mes de coups de clapet.<\/p>\n<p>Pour contr\u00f4ler les coups de clapet et le reflux, l&rsquo;utilisation de clapets anti-retour silencieux est recommand\u00e9e. Lorsque la source en mouvement, le fluide s&rsquo;arr\u00eate et que le flux vers l&rsquo;avant du fluide diminue, l&rsquo;action du ressort en inox sp\u00e9cialement con\u00e7ue du va-et-vient silencieux contr\u00f4le la fermeture du papillon de vanne avant le renversement du d\u00e9bit. Cette assistance par ressort garantit que la vanne ne se ferme pas et que l&rsquo;apparition de coups de clapet est \u00e9limin\u00e9e.<\/p>\n<div class=\"deschide\">\n&nbsp;<\/p>\n<h2>Application Range<\/h2>\n<ol class=\"fa-ul\">\n<li><span class=\"fa-li\"><i class=\"icon-right-dir\"> <\/i><\/span>Transmission pipeline compressor discharge<\/li>\n<li><span class=\"fa-li\"><i class=\"icon-right-dir\"> <\/i><\/span>Water treatment<\/li>\n<li><span class=\"fa-li\"><i class=\"icon-right-dir\"> <\/i><\/span>Cooling water system (Ethylene, LNG)<\/li>\n<li><span class=\"fa-li\"><i class=\"icon-right-dir\"> <\/i><\/span>Multiphase pumping<\/li>\n<li><span class=\"fa-li\"><i class=\"icon-right-dir\"> <\/i><\/span>Subsea pump and flowline application<\/li>\n<li><span class=\"fa-li\"><i class=\"icon-right-dir\"> <\/i><\/span>Hydropower installations<\/li>\n<li><span class=\"fa-li\"><i class=\"icon-right-dir\"> <\/i><\/span>Potable water transmission systems<\/li>\n<\/ol>\n<p>&nbsp;<\/p>\n<h2>Related Products<\/h2>\n<ol class=\"fa-ul\">\n<li><span class=\"fa-li\"><i class=\"icon-right-dir\"> <\/i><\/span>V106 Double Eccentric Butterfly Valve<\/li>\n<li><span class=\"fa-li\"><i class=\"icon-right-dir\"> <\/i><\/span>V151 Gate Valve<\/li>\n<li><span class=\"fa-li\"><i class=\"icon-right-dir\"> <\/i><\/span>V852 Basket Strainer<\/li>\n<li><span class=\"fa-li\"><i class=\"icon-right-dir\"> <\/i><\/span>V251 Dismantling Joint<\/li>\n<\/ul>\n<p>&nbsp;<\/p>\n<h2>Axial Silent Check Valve Product Features<\/h2>\n<ol>\n<li><span class=\"fa-li\"><i class=\"icon-right-dir\"> <\/i><\/span>Streamlined flow path through full-port expanded body avoids turbulence and prevents erosion and vibration. Process downtime and maintenance costs are eliminated.<\/li>\n<li><span class=\"fa-li\"><i class=\"icon-right-dir\"> <\/i><\/span>The full opening flow passage and high-pressure recovery of the venturi-shaped body result in very low pressure loss: reduced operating cost of pumps and compressors.<\/li>\n<li><span class=\"fa-li\"><i class=\"icon-right-dir\"> <\/i><\/span>The stability of a compressor system during startup benefits from a low cracking pressure. This is achieved with a large disc that has identical effective pressure areas on both sides (line contact sealing).<\/li>\n<li><span class=\"fa-li\"><i class=\"icon-right-dir\"> <\/i><\/span>The spring-assisted design ensures ultra-fast closing with virtually no back flow and pressure surges in critical applications such as multi-pump systems or LNG trains.<\/li>\n<li><span class=\"fa-li\"><i class=\"icon-right-dir\"> <\/i><\/span>Internal construction is based on the application of sound basic mechanical engineering principles. Consequently axial check valves do not require any maintenance.<\/li>\n<li><span class=\"fa-li\"><i class=\"icon-right-dir\"> <\/i><\/span>Both the pressure drop and the dynamic behavior can be predicted with great accuracy, based on full-scale laboratory flow tests and a mathematical model developed in cooperation with a recognized fluid hydraulics laboratory.<\/li>\n<li><span class=\"fa-li\"><i class=\"icon-right-dir\"> <\/i><\/span>Hydrostatic test pressure for seat: PN x 1.1 , for shell: PN x 1.5 according to EN 12266-1.<\/li>\n<\/ol>\n<\/div>\n","protected":false},"excerpt":{"rendered":"<p>TVN V206 Clapet Axial \u00e0 Brides, \u00e9galement connus sous le nom de clapets anti-retour anti-claquement et clapets anti-retour \u00e0 ressort r\u00e9duisent ou \u00e9liminent les coups de<span class=\"excerpt-hellip\"> [\u2026]<\/span><\/p>\n","protected":false},"featured_media":1108,"template":"","meta":[],"product_brand":[],"product_cat":[34],"product_tag":[],"class_list":{"0":"post-574","1":"product","2":"type-product","3":"status-publish","4":"has-post-thumbnail","6":"product_cat-v20-21-clapets","8":"first","9":"instock","10":"featured","11":"shipping-taxable","12":"product-type-simple"},"yoast_head":"<!-- This site is optimized with the Yoast SEO plugin v27.5 - https:\/\/yoast.com\/product\/yoast-seo-wordpress\/ -->\n<title>Axial Silent Check Valve V206 - TVN Valve &amp; Piping Company<\/title>\n<meta name=\"description\" content=\"TVN V206 Axial Silent Check Valve, also known as non-slam check valves and spring-assisted check valves reduce or eliminate water hammer\" \/>\n<meta name=\"robots\" content=\"index, follow, max-snippet:-1, max-image-preview:large, max-video-preview:-1\" \/>\n<link rel=\"canonical\" href=\"https:\/\/www.tvnvalve.com\/fr\/produits\/v206-clapet-axial-a-brides\/\" \/>\n<meta property=\"og:locale\" content=\"fr_FR\" \/>\n<meta property=\"og:type\" content=\"article\" \/>\n<meta property=\"og:title\" content=\"Axial Silent Check Valve V206 - TVN Valve &amp; Piping Company\" \/>\n<meta property=\"og:description\" content=\"TVN V206 Axial Silent Check Valve, also known as non-slam check valves and spring-assisted check valves reduce or eliminate water hammer\" \/>\n<meta property=\"og:url\" content=\"https:\/\/www.tvnvalve.com\/fr\/produits\/v206-clapet-axial-a-brides\/\" \/>\n<meta property=\"og:site_name\" content=\"TVN Valve &amp; Piping Company\" \/>\n<meta property=\"article:modified_time\" content=\"2022-05-28T09:25:05+00:00\" \/>\n<meta property=\"og:image\" content=\"https:\/\/www.tvnvalve.com\/fr\/wp-content\/uploads\/2020\/06\/206.jpg\" \/>\n\t<meta property=\"og:image:width\" content=\"800\" \/>\n\t<meta property=\"og:image:height\" content=\"832\" \/>\n\t<meta property=\"og:image:type\" content=\"image\/jpeg\" \/>\n<meta name=\"twitter:card\" content=\"summary_large_image\" \/>\n<meta name=\"twitter:label1\" content=\"Dur\u00e9e de lecture estim\u00e9e\" \/>\n\t<meta name=\"twitter:data1\" content=\"2 minutes\" \/>\n<script type=\"application\/ld+json\" class=\"yoast-schema-graph\">{\"@context\":\"https:\\\/\\\/schema.org\",\"@graph\":[{\"@type\":\"WebPage\",\"@id\":\"https:\\\/\\\/www.tvnvalve.com\\\/fr\\\/produits\\\/v206-clapet-axial-a-brides\\\/\",\"url\":\"https:\\\/\\\/www.tvnvalve.com\\\/fr\\\/produits\\\/v206-clapet-axial-a-brides\\\/\",\"name\":\"Axial Silent Check Valve V206 - TVN Valve &amp; Piping Company\",\"isPartOf\":{\"@id\":\"https:\\\/\\\/www.tvnvalve.com\\\/fr\\\/#website\"},\"primaryImageOfPage\":{\"@id\":\"https:\\\/\\\/www.tvnvalve.com\\\/fr\\\/produits\\\/v206-clapet-axial-a-brides\\\/#primaryimage\"},\"image\":{\"@id\":\"https:\\\/\\\/www.tvnvalve.com\\\/fr\\\/produits\\\/v206-clapet-axial-a-brides\\\/#primaryimage\"},\"thumbnailUrl\":\"https:\\\/\\\/www.tvnvalve.com\\\/fr\\\/wp-content\\\/uploads\\\/2020\\\/06\\\/206.jpg\",\"datePublished\":\"2020-06-24T18:49:05+00:00\",\"dateModified\":\"2022-05-28T09:25:05+00:00\",\"description\":\"TVN V206 Axial Silent Check Valve, also known as non-slam check valves and spring-assisted check valves reduce or eliminate water hammer\",\"breadcrumb\":{\"@id\":\"https:\\\/\\\/www.tvnvalve.com\\\/fr\\\/produits\\\/v206-clapet-axial-a-brides\\\/#breadcrumb\"},\"inLanguage\":\"fr-FR\",\"potentialAction\":[{\"@type\":\"ReadAction\",\"target\":[\"https:\\\/\\\/www.tvnvalve.com\\\/fr\\\/produits\\\/v206-clapet-axial-a-brides\\\/\"]}]},{\"@type\":\"ImageObject\",\"inLanguage\":\"fr-FR\",\"@id\":\"https:\\\/\\\/www.tvnvalve.com\\\/fr\\\/produits\\\/v206-clapet-axial-a-brides\\\/#primaryimage\",\"url\":\"https:\\\/\\\/www.tvnvalve.com\\\/fr\\\/wp-content\\\/uploads\\\/2020\\\/06\\\/206.jpg\",\"contentUrl\":\"https:\\\/\\\/www.tvnvalve.com\\\/fr\\\/wp-content\\\/uploads\\\/2020\\\/06\\\/206.jpg\",\"width\":800,\"height\":832},{\"@type\":\"BreadcrumbList\",\"@id\":\"https:\\\/\\\/www.tvnvalve.com\\\/fr\\\/produits\\\/v206-clapet-axial-a-brides\\\/#breadcrumb\",\"itemListElement\":[{\"@type\":\"ListItem\",\"position\":1,\"name\":\"Home\",\"item\":\"https:\\\/\\\/www.tvnvalve.com\\\/fr\\\/\"},{\"@type\":\"ListItem\",\"position\":2,\"name\":\"Produits\",\"item\":\"https:\\\/\\\/www.tvnvalve.com\\\/fr\\\/produits\\\/\"},{\"@type\":\"ListItem\",\"position\":3,\"name\":\"V206 CLAPET AXIAL \u00c0 BRIDES\"}]},{\"@type\":\"WebSite\",\"@id\":\"https:\\\/\\\/www.tvnvalve.com\\\/fr\\\/#website\",\"url\":\"https:\\\/\\\/www.tvnvalve.com\\\/fr\\\/\",\"name\":\"TVN Valve &amp; Piping Company\",\"description\":\"Valve &amp; Piping Manufacturer\",\"potentialAction\":[{\"@type\":\"SearchAction\",\"target\":{\"@type\":\"EntryPoint\",\"urlTemplate\":\"https:\\\/\\\/www.tvnvalve.com\\\/fr\\\/?s={search_term_string}\"},\"query-input\":{\"@type\":\"PropertyValueSpecification\",\"valueRequired\":true,\"valueName\":\"search_term_string\"}}],\"inLanguage\":\"fr-FR\"}]}<\/script>\n<!-- \/ Yoast SEO plugin. -->","yoast_head_json":{"title":"Axial Silent Check Valve V206 - TVN Valve &amp; Piping Company","description":"TVN V206 Axial Silent Check Valve, also known as non-slam check valves and spring-assisted check valves reduce or eliminate water hammer","robots":{"index":"index","follow":"follow","max-snippet":"max-snippet:-1","max-image-preview":"max-image-preview:large","max-video-preview":"max-video-preview:-1"},"canonical":"https:\/\/www.tvnvalve.com\/fr\/produits\/v206-clapet-axial-a-brides\/","og_locale":"fr_FR","og_type":"article","og_title":"Axial Silent Check Valve V206 - TVN Valve &amp; Piping Company","og_description":"TVN V206 Axial Silent Check Valve, also known as non-slam check valves and spring-assisted check valves reduce or eliminate water hammer","og_url":"https:\/\/www.tvnvalve.com\/fr\/produits\/v206-clapet-axial-a-brides\/","og_site_name":"TVN Valve &amp; Piping Company","article_modified_time":"2022-05-28T09:25:05+00:00","og_image":[{"width":800,"height":832,"url":"https:\/\/www.tvnvalve.com\/fr\/wp-content\/uploads\/2020\/06\/206.jpg","type":"image\/jpeg"}],"twitter_card":"summary_large_image","twitter_misc":{"Dur\u00e9e de lecture estim\u00e9e":"2 minutes"},"schema":{"@context":"https:\/\/schema.org","@graph":[{"@type":"WebPage","@id":"https:\/\/www.tvnvalve.com\/fr\/produits\/v206-clapet-axial-a-brides\/","url":"https:\/\/www.tvnvalve.com\/fr\/produits\/v206-clapet-axial-a-brides\/","name":"Axial Silent Check Valve V206 - TVN Valve &amp; Piping Company","isPartOf":{"@id":"https:\/\/www.tvnvalve.com\/fr\/#website"},"primaryImageOfPage":{"@id":"https:\/\/www.tvnvalve.com\/fr\/produits\/v206-clapet-axial-a-brides\/#primaryimage"},"image":{"@id":"https:\/\/www.tvnvalve.com\/fr\/produits\/v206-clapet-axial-a-brides\/#primaryimage"},"thumbnailUrl":"https:\/\/www.tvnvalve.com\/fr\/wp-content\/uploads\/2020\/06\/206.jpg","datePublished":"2020-06-24T18:49:05+00:00","dateModified":"2022-05-28T09:25:05+00:00","description":"TVN V206 Axial Silent Check Valve, also known as non-slam check valves and spring-assisted check valves reduce or eliminate water hammer","breadcrumb":{"@id":"https:\/\/www.tvnvalve.com\/fr\/produits\/v206-clapet-axial-a-brides\/#breadcrumb"},"inLanguage":"fr-FR","potentialAction":[{"@type":"ReadAction","target":["https:\/\/www.tvnvalve.com\/fr\/produits\/v206-clapet-axial-a-brides\/"]}]},{"@type":"ImageObject","inLanguage":"fr-FR","@id":"https:\/\/www.tvnvalve.com\/fr\/produits\/v206-clapet-axial-a-brides\/#primaryimage","url":"https:\/\/www.tvnvalve.com\/fr\/wp-content\/uploads\/2020\/06\/206.jpg","contentUrl":"https:\/\/www.tvnvalve.com\/fr\/wp-content\/uploads\/2020\/06\/206.jpg","width":800,"height":832},{"@type":"BreadcrumbList","@id":"https:\/\/www.tvnvalve.com\/fr\/produits\/v206-clapet-axial-a-brides\/#breadcrumb","itemListElement":[{"@type":"ListItem","position":1,"name":"Home","item":"https:\/\/www.tvnvalve.com\/fr\/"},{"@type":"ListItem","position":2,"name":"Produits","item":"https:\/\/www.tvnvalve.com\/fr\/produits\/"},{"@type":"ListItem","position":3,"name":"V206 CLAPET AXIAL \u00c0 BRIDES"}]},{"@type":"WebSite","@id":"https:\/\/www.tvnvalve.com\/fr\/#website","url":"https:\/\/www.tvnvalve.com\/fr\/","name":"TVN Valve &amp; Piping Company","description":"Valve &amp; Piping Manufacturer","potentialAction":[{"@type":"SearchAction","target":{"@type":"EntryPoint","urlTemplate":"https:\/\/www.tvnvalve.com\/fr\/?s={search_term_string}"},"query-input":{"@type":"PropertyValueSpecification","valueRequired":true,"valueName":"search_term_string"}}],"inLanguage":"fr-FR"}]}},"_links":{"self":[{"href":"https:\/\/www.tvnvalve.com\/fr\/wp-json\/wp\/v2\/product\/574","targetHints":{"allow":["GET"]}}],"collection":[{"href":"https:\/\/www.tvnvalve.com\/fr\/wp-json\/wp\/v2\/product"}],"about":[{"href":"https:\/\/www.tvnvalve.com\/fr\/wp-json\/wp\/v2\/types\/product"}],"wp:featuredmedia":[{"embeddable":true,"href":"https:\/\/www.tvnvalve.com\/fr\/wp-json\/wp\/v2\/media\/1108"}],"wp:attachment":[{"href":"https:\/\/www.tvnvalve.com\/fr\/wp-json\/wp\/v2\/media?parent=574"}],"wp:term":[{"taxonomy":"product_brand","embeddable":true,"href":"https:\/\/www.tvnvalve.com\/fr\/wp-json\/wp\/v2\/product_brand?post=574"},{"taxonomy":"product_cat","embeddable":true,"href":"https:\/\/www.tvnvalve.com\/fr\/wp-json\/wp\/v2\/product_cat?post=574"},{"taxonomy":"product_tag","embeddable":true,"href":"https:\/\/www.tvnvalve.com\/fr\/wp-json\/wp\/v2\/product_tag?post=574"}],"curies":[{"name":"wp","href":"https:\/\/api.w.org\/{rel}","templated":true}]}}