{"id":564,"date":"2020-06-24T18:34:08","date_gmt":"2020-06-24T18:34:08","guid":{"rendered":"https:\/\/www.ansolon.com\/tvn\/?post_type=product&#038;p=564"},"modified":"2020-07-30T20:19:10","modified_gmt":"2020-07-30T20:19:10","slug":"v209-clapet-a-double-battant-entre-brides","status":"publish","type":"product","link":"https:\/\/www.tvnvalve.com\/fr\/produits\/v209-clapet-a-double-battant-entre-brides\/","title":{"rendered":"V209 CLAPET \u00c0 DOUBLE BATTANT ENTRE BRIDES"},"content":{"rendered":"<p>\n<a   class=\"button  has-icon button_left button_size_1\"  href=\"https:\/\/www.tvnvalve.com\/fr\/wp-content\/uploads\/2020\/07\/TVN-Soupape-Tuyauterie-Catalogue-V209.pdf\" style=\"background-color:#b51f13!important;color:#ffffff;\" target=\"_blank\"    title=\"\"><span class=\"button_icon\"><i class=\"icon-acrobat\"  style=\"color:#ffffff!important;\" aria-hidden=\"true\"><\/i><\/span><span class=\"button_label\">T\u00e9l\u00e9charger la fiche technique PDF<\/span><\/a>\n<br \/>\n<br \/>\nTVN V209 Clapet \u00e0 Double Battant Entre Brides est l&rsquo;un des clapets anti-retour les plus compacts. Les clapets anti-retour \u00e0 plaquette sont con\u00e7us avec une courte longueur hors tout. Leurs excellentes propri\u00e9t\u00e9s hydrodynamiques se traduisent par de tr\u00e8s faibles pertes de charge. Leur faible poids apporte des avantages lors de l&rsquo;installation, du transport et du stockage.<\/p>\n<p>Lorsque du fluide p\u00e9n\u00e8tre dans la vanne, la pression provoque l&rsquo;ouverture des papillons, poussant le ressort. Lorsque le fluide s&rsquo;arr\u00eate, le ressort revient \u00e0 son \u00e9tat comprim\u00e9, faisant revenir les papillons en position ferm\u00e9e, assurant une fermeture rapide<\/p>\n<div class=\"deschide\">\n&nbsp;<\/p>\n<h2>Application Range<\/h2>\n<ol class=\"fa-ul\">\n<li><span class=\"fa-li\"><i class=\"icon-right-dir\"> <\/i><\/span>Hot &amp; cold water<\/li>\n<li><span class=\"fa-li\"><i class=\"icon-right-dir\"> <\/i><\/span>Power &amp; heat engineering<\/li>\n<li><span class=\"fa-li\"><i class=\"icon-right-dir\"> <\/i><\/span>Pressurized Air<\/li>\n<li><span class=\"fa-li\"><i class=\"icon-right-dir\"> <\/i><\/span>Industrial technologies<\/li>\n<\/ol>\n<p>&nbsp;<\/p>\n<h2>Related Products<\/h2>\n<ol class=\"fa-ul\">\n<li><span class=\"fa-li\"><i class=\"icon-right-dir\"> <\/i><\/span><a href=\"https:\/\/tvnvalve.com\/product\/wafer-type-butterfly-valve\/\" target=\"_blank\" rel=\"noopener noreferrer\">V102 Wafer Type Butterfly Valve<\/a><\/li>\n<li><span class=\"fa-li\"><i class=\"icon-right-dir\"> <\/i><\/span>V104 Lug Type Butterfly Valve<\/li>\n<li><span class=\"fa-li\"><i class=\"icon-right-dir\"> <\/i><\/span>V701 Ball Valve<\/li>\n<li><span class=\"fa-li\"><i class=\"icon-right-dir\"> <\/i><\/span>V651 Flexible Rubber Joint<\/li>\n<li><span class=\"fa-li\"><i class=\"icon-right-dir\"> <\/i><\/span>V851 Y-Strainer<\/li>\n<\/ol>\n<p>&nbsp;<\/p>\n<h2>Dual-Plate Check Valve Product Features<\/h2>\n<ol class=\"fa-ul\">\n<li><span class=\"fa-li\"><i class=\"icon-right-dir\"> <\/i><\/span>Dual plate check valve is economical on installation and maintenance because installation is required less and light weight.<\/li>\n<li><span class=\"fa-li\"><i class=\"icon-right-dir\"> <\/i><\/span>The spring-torque control mechanism enables the valve to open smoothly.<\/li>\n<li><span class=\"fa-li\"><i class=\"icon-right-dir\"> <\/i><\/span>With a long service life, the valve\u2019s preservation and repair is simple.<\/li>\n<li><span class=\"fa-li\"><i class=\"icon-right-dir\"> <\/i><\/span>They are suitable for liquid, gas and steam in heating, air conditioning and cooling systems.<\/li>\n<li><span class=\"fa-li\"><i class=\"icon-right-dir\"> <\/i><\/span>The check valves can also be used in steam and condensate systems, water supply, oil and natural gas pipes.<\/li>\n<li><span class=\"fa-li\"><i class=\"icon-right-dir\"> <\/i><\/span>Same valve can be installed horizontally or vertically.<\/li>\n<li><span class=\"fa-li\"><i class=\"icon-right-dir\"> <\/i><\/span>With the suitable springs, they can be installed in any position.<\/li>\n<li><span class=\"fa-li\"><i class=\"icon-right-dir\"> <\/i><\/span>The valve shaft is made of stainless steel material to prevent rust and corrosion.<\/li>\n<li><span class=\"fa-li\"><i class=\"icon-right-dir\"> <\/i><\/span>Self-seating design that reduces dragging along the seat surfaces.<\/li>\n<li><span class=\"fa-li\"><i class=\"icon-right-dir\"> <\/i><\/span>Hydrostatic test pressure for seat: PN x 1.1 , for shell: PN x 1.5 according to EN 12266-1.<\/li>\n<\/ol>\n<\/div>\n","protected":false},"excerpt":{"rendered":"<p>TVN V209 Clapet \u00e0 Double Battant Entre Brides est l&rsquo;un des clapets anti-retour les plus compacts. Les clapets anti-retour \u00e0 plaquette sont con\u00e7us avec une courte<span class=\"excerpt-hellip\"> [\u2026]<\/span><\/p>\n","protected":false},"featured_media":565,"template":"","meta":[],"product_brand":[],"product_cat":[34],"product_tag":[],"class_list":{"0":"post-564","1":"product","2":"type-product","3":"status-publish","4":"has-post-thumbnail","6":"product_cat-v20-21-clapets","8":"first","9":"instock","10":"featured","11":"shipping-taxable","12":"product-type-simple"},"yoast_head":"<!-- This site is optimized with the Yoast SEO plugin v27.5 - https:\/\/yoast.com\/product\/yoast-seo-wordpress\/ -->\n<title>Dual-Plate Check Valve V209 - TVN Valve &amp; Piping Company<\/title>\n<meta name=\"description\" content=\"TVN V209 Dual-Plate Check valve is one of the most compact check valves. The wafer-type check valves are designed with a short overall length.\" \/>\n<meta name=\"robots\" content=\"index, follow, max-snippet:-1, max-image-preview:large, max-video-preview:-1\" \/>\n<link rel=\"canonical\" href=\"https:\/\/www.tvnvalve.com\/fr\/produits\/v209-clapet-a-double-battant-entre-brides\/\" \/>\n<meta property=\"og:locale\" content=\"fr_FR\" \/>\n<meta property=\"og:type\" content=\"article\" \/>\n<meta property=\"og:title\" content=\"Dual-Plate Check Valve V209 - TVN Valve &amp; Piping Company\" \/>\n<meta property=\"og:description\" content=\"TVN V209 Dual-Plate Check valve is one of the most compact check valves. The wafer-type check valves are designed with a short overall length.\" \/>\n<meta property=\"og:url\" content=\"https:\/\/www.tvnvalve.com\/fr\/produits\/v209-clapet-a-double-battant-entre-brides\/\" \/>\n<meta property=\"og:site_name\" content=\"TVN Valve &amp; Piping Company\" \/>\n<meta property=\"article:modified_time\" content=\"2020-07-30T20:19:10+00:00\" \/>\n<meta property=\"og:image\" content=\"https:\/\/www.tvnvalve.com\/fr\/wp-content\/uploads\/2020\/06\/V209-DUAL-PLATE-CHECK-VALVE.jpg\" \/>\n\t<meta property=\"og:image:width\" content=\"800\" \/>\n\t<meta property=\"og:image:height\" content=\"832\" \/>\n\t<meta property=\"og:image:type\" content=\"image\/jpeg\" \/>\n<meta name=\"twitter:card\" content=\"summary_large_image\" \/>\n<meta name=\"twitter:label1\" content=\"Dur\u00e9e de lecture estim\u00e9e\" \/>\n\t<meta name=\"twitter:data1\" content=\"2 minutes\" \/>\n<script type=\"application\/ld+json\" class=\"yoast-schema-graph\">{\"@context\":\"https:\\\/\\\/schema.org\",\"@graph\":[{\"@type\":\"WebPage\",\"@id\":\"https:\\\/\\\/www.tvnvalve.com\\\/fr\\\/produits\\\/v209-clapet-a-double-battant-entre-brides\\\/\",\"url\":\"https:\\\/\\\/www.tvnvalve.com\\\/fr\\\/produits\\\/v209-clapet-a-double-battant-entre-brides\\\/\",\"name\":\"Dual-Plate Check Valve V209 - TVN Valve &amp; Piping Company\",\"isPartOf\":{\"@id\":\"https:\\\/\\\/www.tvnvalve.com\\\/fr\\\/#website\"},\"primaryImageOfPage\":{\"@id\":\"https:\\\/\\\/www.tvnvalve.com\\\/fr\\\/produits\\\/v209-clapet-a-double-battant-entre-brides\\\/#primaryimage\"},\"image\":{\"@id\":\"https:\\\/\\\/www.tvnvalve.com\\\/fr\\\/produits\\\/v209-clapet-a-double-battant-entre-brides\\\/#primaryimage\"},\"thumbnailUrl\":\"https:\\\/\\\/www.tvnvalve.com\\\/fr\\\/wp-content\\\/uploads\\\/2020\\\/06\\\/V209-DUAL-PLATE-CHECK-VALVE.jpg\",\"datePublished\":\"2020-06-24T18:34:08+00:00\",\"dateModified\":\"2020-07-30T20:19:10+00:00\",\"description\":\"TVN V209 Dual-Plate Check valve is one of the most compact check valves. The wafer-type check valves are designed with a short overall length.\",\"breadcrumb\":{\"@id\":\"https:\\\/\\\/www.tvnvalve.com\\\/fr\\\/produits\\\/v209-clapet-a-double-battant-entre-brides\\\/#breadcrumb\"},\"inLanguage\":\"fr-FR\",\"potentialAction\":[{\"@type\":\"ReadAction\",\"target\":[\"https:\\\/\\\/www.tvnvalve.com\\\/fr\\\/produits\\\/v209-clapet-a-double-battant-entre-brides\\\/\"]}]},{\"@type\":\"ImageObject\",\"inLanguage\":\"fr-FR\",\"@id\":\"https:\\\/\\\/www.tvnvalve.com\\\/fr\\\/produits\\\/v209-clapet-a-double-battant-entre-brides\\\/#primaryimage\",\"url\":\"https:\\\/\\\/www.tvnvalve.com\\\/fr\\\/wp-content\\\/uploads\\\/2020\\\/06\\\/V209-DUAL-PLATE-CHECK-VALVE.jpg\",\"contentUrl\":\"https:\\\/\\\/www.tvnvalve.com\\\/fr\\\/wp-content\\\/uploads\\\/2020\\\/06\\\/V209-DUAL-PLATE-CHECK-VALVE.jpg\",\"width\":800,\"height\":832,\"caption\":\"Dual-Plate Check Valve\"},{\"@type\":\"BreadcrumbList\",\"@id\":\"https:\\\/\\\/www.tvnvalve.com\\\/fr\\\/produits\\\/v209-clapet-a-double-battant-entre-brides\\\/#breadcrumb\",\"itemListElement\":[{\"@type\":\"ListItem\",\"position\":1,\"name\":\"Home\",\"item\":\"https:\\\/\\\/www.tvnvalve.com\\\/fr\\\/\"},{\"@type\":\"ListItem\",\"position\":2,\"name\":\"Produits\",\"item\":\"https:\\\/\\\/www.tvnvalve.com\\\/fr\\\/produits\\\/\"},{\"@type\":\"ListItem\",\"position\":3,\"name\":\"V209 CLAPET \u00c0 DOUBLE BATTANT ENTRE BRIDES\"}]},{\"@type\":\"WebSite\",\"@id\":\"https:\\\/\\\/www.tvnvalve.com\\\/fr\\\/#website\",\"url\":\"https:\\\/\\\/www.tvnvalve.com\\\/fr\\\/\",\"name\":\"TVN Valve &amp; Piping Company\",\"description\":\"Valve &amp; Piping Manufacturer\",\"potentialAction\":[{\"@type\":\"SearchAction\",\"target\":{\"@type\":\"EntryPoint\",\"urlTemplate\":\"https:\\\/\\\/www.tvnvalve.com\\\/fr\\\/?s={search_term_string}\"},\"query-input\":{\"@type\":\"PropertyValueSpecification\",\"valueRequired\":true,\"valueName\":\"search_term_string\"}}],\"inLanguage\":\"fr-FR\"}]}<\/script>\n<!-- \/ Yoast SEO plugin. -->","yoast_head_json":{"title":"Dual-Plate Check Valve V209 - TVN Valve &amp; Piping Company","description":"TVN V209 Dual-Plate Check valve is one of the most compact check valves. The wafer-type check valves are designed with a short overall length.","robots":{"index":"index","follow":"follow","max-snippet":"max-snippet:-1","max-image-preview":"max-image-preview:large","max-video-preview":"max-video-preview:-1"},"canonical":"https:\/\/www.tvnvalve.com\/fr\/produits\/v209-clapet-a-double-battant-entre-brides\/","og_locale":"fr_FR","og_type":"article","og_title":"Dual-Plate Check Valve V209 - TVN Valve &amp; Piping Company","og_description":"TVN V209 Dual-Plate Check valve is one of the most compact check valves. The wafer-type check valves are designed with a short overall length.","og_url":"https:\/\/www.tvnvalve.com\/fr\/produits\/v209-clapet-a-double-battant-entre-brides\/","og_site_name":"TVN Valve &amp; Piping Company","article_modified_time":"2020-07-30T20:19:10+00:00","og_image":[{"width":800,"height":832,"url":"https:\/\/www.tvnvalve.com\/fr\/wp-content\/uploads\/2020\/06\/V209-DUAL-PLATE-CHECK-VALVE.jpg","type":"image\/jpeg"}],"twitter_card":"summary_large_image","twitter_misc":{"Dur\u00e9e de lecture estim\u00e9e":"2 minutes"},"schema":{"@context":"https:\/\/schema.org","@graph":[{"@type":"WebPage","@id":"https:\/\/www.tvnvalve.com\/fr\/produits\/v209-clapet-a-double-battant-entre-brides\/","url":"https:\/\/www.tvnvalve.com\/fr\/produits\/v209-clapet-a-double-battant-entre-brides\/","name":"Dual-Plate Check Valve V209 - TVN Valve &amp; Piping Company","isPartOf":{"@id":"https:\/\/www.tvnvalve.com\/fr\/#website"},"primaryImageOfPage":{"@id":"https:\/\/www.tvnvalve.com\/fr\/produits\/v209-clapet-a-double-battant-entre-brides\/#primaryimage"},"image":{"@id":"https:\/\/www.tvnvalve.com\/fr\/produits\/v209-clapet-a-double-battant-entre-brides\/#primaryimage"},"thumbnailUrl":"https:\/\/www.tvnvalve.com\/fr\/wp-content\/uploads\/2020\/06\/V209-DUAL-PLATE-CHECK-VALVE.jpg","datePublished":"2020-06-24T18:34:08+00:00","dateModified":"2020-07-30T20:19:10+00:00","description":"TVN V209 Dual-Plate Check valve is one of the most compact check valves. The wafer-type check valves are designed with a short overall length.","breadcrumb":{"@id":"https:\/\/www.tvnvalve.com\/fr\/produits\/v209-clapet-a-double-battant-entre-brides\/#breadcrumb"},"inLanguage":"fr-FR","potentialAction":[{"@type":"ReadAction","target":["https:\/\/www.tvnvalve.com\/fr\/produits\/v209-clapet-a-double-battant-entre-brides\/"]}]},{"@type":"ImageObject","inLanguage":"fr-FR","@id":"https:\/\/www.tvnvalve.com\/fr\/produits\/v209-clapet-a-double-battant-entre-brides\/#primaryimage","url":"https:\/\/www.tvnvalve.com\/fr\/wp-content\/uploads\/2020\/06\/V209-DUAL-PLATE-CHECK-VALVE.jpg","contentUrl":"https:\/\/www.tvnvalve.com\/fr\/wp-content\/uploads\/2020\/06\/V209-DUAL-PLATE-CHECK-VALVE.jpg","width":800,"height":832,"caption":"Dual-Plate Check Valve"},{"@type":"BreadcrumbList","@id":"https:\/\/www.tvnvalve.com\/fr\/produits\/v209-clapet-a-double-battant-entre-brides\/#breadcrumb","itemListElement":[{"@type":"ListItem","position":1,"name":"Home","item":"https:\/\/www.tvnvalve.com\/fr\/"},{"@type":"ListItem","position":2,"name":"Produits","item":"https:\/\/www.tvnvalve.com\/fr\/produits\/"},{"@type":"ListItem","position":3,"name":"V209 CLAPET \u00c0 DOUBLE BATTANT ENTRE BRIDES"}]},{"@type":"WebSite","@id":"https:\/\/www.tvnvalve.com\/fr\/#website","url":"https:\/\/www.tvnvalve.com\/fr\/","name":"TVN Valve &amp; Piping Company","description":"Valve &amp; Piping Manufacturer","potentialAction":[{"@type":"SearchAction","target":{"@type":"EntryPoint","urlTemplate":"https:\/\/www.tvnvalve.com\/fr\/?s={search_term_string}"},"query-input":{"@type":"PropertyValueSpecification","valueRequired":true,"valueName":"search_term_string"}}],"inLanguage":"fr-FR"}]}},"_links":{"self":[{"href":"https:\/\/www.tvnvalve.com\/fr\/wp-json\/wp\/v2\/product\/564","targetHints":{"allow":["GET"]}}],"collection":[{"href":"https:\/\/www.tvnvalve.com\/fr\/wp-json\/wp\/v2\/product"}],"about":[{"href":"https:\/\/www.tvnvalve.com\/fr\/wp-json\/wp\/v2\/types\/product"}],"wp:featuredmedia":[{"embeddable":true,"href":"https:\/\/www.tvnvalve.com\/fr\/wp-json\/wp\/v2\/media\/565"}],"wp:attachment":[{"href":"https:\/\/www.tvnvalve.com\/fr\/wp-json\/wp\/v2\/media?parent=564"}],"wp:term":[{"taxonomy":"product_brand","embeddable":true,"href":"https:\/\/www.tvnvalve.com\/fr\/wp-json\/wp\/v2\/product_brand?post=564"},{"taxonomy":"product_cat","embeddable":true,"href":"https:\/\/www.tvnvalve.com\/fr\/wp-json\/wp\/v2\/product_cat?post=564"},{"taxonomy":"product_tag","embeddable":true,"href":"https:\/\/www.tvnvalve.com\/fr\/wp-json\/wp\/v2\/product_tag?post=564"}],"curies":[{"name":"wp","href":"https:\/\/api.w.org\/{rel}","templated":true}]}}