{"id":534,"date":"2020-06-18T17:24:39","date_gmt":"2020-06-18T17:24:39","guid":{"rendered":"https:\/\/www.ansolon.com\/tvn\/?post_type=product&#038;p=534"},"modified":"2020-07-30T20:06:30","modified_gmt":"2020-07-30T20:06:30","slug":"v158-vanne-a-opercule-caoutchouc-avec-raccord-filete","status":"publish","type":"product","link":"https:\/\/www.tvnvalve.com\/fr\/produits\/v158-vanne-a-opercule-caoutchouc-avec-raccord-filete\/","title":{"rendered":"V158 VANNE \u00c0 OPERCULE CAOUTCHOUC AVEC RACCORD FILET\u00c9"},"content":{"rendered":"<p>\n<a   class=\"button  has-icon button_left button_size_1\"  href=\"https:\/\/www.tvnvalve.com\/fr\/wp-content\/uploads\/2020\/07\/TVN-Soupape-Tuyauterie-Catalogue-V158.pdf\" style=\"background-color:#b51f13!important;color:#ffffff;\" target=\"_blank\"    title=\"\"><span class=\"button_icon\"><i class=\"icon-acrobat\"  style=\"color:#ffffff!important;\" aria-hidden=\"true\"><\/i><\/span><span class=\"button_label\">T\u00e9l\u00e9charger la fiche technique PDF<\/span><\/a>\n<br \/>\n<\/p>\n<p>TVN V158 Vannes \u00e0 Opercule Caoutchouc avec Raccord Filet\u00e9 sont con\u00e7us pour durer de longues ann\u00e9es de fonctionnement dans de nombreuses conditions. Avec sa structure \u00e0 chapeau boulonn\u00e9, sa cale recouverte d\u2019EPDM et son rev\u00eatement hygi\u00e9nique, pr\u00eat \u00e0 r\u00e9pondre \u00e0 la demande en eau potable et Stations d\u2019\u00e9puration.<\/p>\n<div class=\"deschide\">\n<h2>Application Range<\/h2>\n<ol class=\"fa-ul\">\n<li><span class=\"fa-li\"><i class=\"icon-right-dir\"> <\/i><\/span>House water connection \/ Service connection<\/li>\n<li><span class=\"fa-li\"><i class=\"icon-right-dir\"> <\/i><\/span>Indoor\/Outdoor water branch piping<\/li>\n<li><span class=\"fa-li\"><i class=\"icon-right-dir\"> <\/i><\/span>Cold &amp; hot water<\/li>\n<li><span class=\"fa-li\"><i class=\"icon-right-dir\"> <\/i><\/span>Tanks<\/li>\n<li><span class=\"fa-li\"><i class=\"icon-right-dir\"> <\/i><\/span>Water Treatment Plants<\/li>\n<\/ol>\n<h2>Related Products<\/h2>\n<ol class=\"fa-ul\">\n<li><span class=\"fa-li\"><i class=\"icon-right-dir\"> <\/i><\/span><a href=\"https:\/\/tvnvalve.com\/product\/v991-v992-surface-box-for-valve-surface-box-for-hydrant\/\" target=\"_blank\" rel=\"noopener noreferrer\">V991 Surface Box for Valve<\/a><\/li>\n<li><span class=\"fa-li\"><i class=\"icon-right-dir\"> <\/i><\/span>V993 Telescopic\/Rigid Extension Spindle<\/li>\n<li><span class=\"fa-li\"><i class=\"icon-right-dir\"> <\/i><\/span>T-key for operation<\/li>\n<li><span class=\"fa-li\"><i class=\"icon-right-dir\"> <\/i><\/span>Handwheel<\/li>\n<\/ol>\n<h2>Service Connection Valve Product Features<\/h2>\n<ol class=\"fa-ul\">\n<li><span class=\"fa-li\"><i class=\"icon-right-dir\"> <\/i><\/span>GGG40\/50 Ductile Iron Body &amp; Disc allows high impact and stretching resistance<\/li>\n<li><span class=\"fa-li\"><i class=\"icon-right-dir\"> <\/i><\/span>With Full Bore design, ensures minimized pressure loss and increased energy efficiency<\/li>\n<li><span class=\"fa-li\"><i class=\"icon-right-dir\"> <\/i><\/span>Maintenance free valve design<\/li>\n<li><span class=\"fa-li\"><i class=\"icon-right-dir\"> <\/i><\/span>Fully EPDM vulcanized wedge maintains full stop of flow and can absorb smaller particles in the flow. (NBR coated wedge is optional)<\/li>\n<li><span class=\"fa-li\"><i class=\"icon-right-dir\"> <\/i><\/span>Stainless steel stem with threads for high strength<\/li>\n<li><span class=\"fa-li\"><i class=\"icon-right-dir\"> <\/i><\/span>Maintenance-free and corrosion-resistant multi stem O-rings ensures higher durability<\/li>\n<li><span class=\"fa-li\"><i class=\"icon-right-dir\"> <\/i><\/span>Ready to assemble extension spindle<\/li>\n<li><span class=\"fa-li\"><i class=\"icon-right-dir\"> <\/i><\/span>Brass stem nut provides fixation of the stem and low torques.<\/li>\n<li><span class=\"fa-li\"><i class=\"icon-right-dir\"> <\/i><\/span>With isolated bonnet nuts, no risk of corrosion<\/li>\n<li><span class=\"fa-li\"><i class=\"icon-right-dir\"> <\/i><\/span>Bidirectional use. Possible to install on horizontal and vertical pipelines with varied flow directions<\/li>\n<li><span class=\"fa-li\"><i class=\"icon-right-dir\"> <\/i><\/span>Fixed wedge structures prevents vibration<\/li>\n<li><span class=\"fa-li\"><i class=\"icon-right-dir\"> <\/i><\/span>With precise machined stem, ensures low torque requirements during operation<\/li>\n<li><span class=\"fa-li\"><i class=\"icon-right-dir\"> <\/i><\/span>Full coating on the body and disc internally &amp; externally with an average of 250 microns. Higher coating thicknesses are available when required.<\/li>\n<li><span class=\"fa-li\"><i class=\"icon-right-dir\"> <\/i><\/span>WRAS approved coating available upon request which meets hygienic requirements for potable water applications<\/li>\n<li><span class=\"fa-li\"><i class=\"icon-right-dir\"> <\/i><\/span>Suitable for vacuum conditions<\/li>\n<li><span class=\"fa-li\"><i class=\"icon-right-dir\"> <\/i><\/span>Suitable for shut-off and isolation purposes. Not suitable for regulation purposes<\/li>\n<li><span class=\"fa-li\"><i class=\"icon-right-dir\"> <\/i><\/span>Suitable to use with above-underground applications. Can be operated with handwheel, gearbox, actuator and spindle<\/li>\n<li><span class=\"fa-li\"><i class=\"icon-right-dir\"> <\/i><\/span>Hydrostatic test pressure for seat: PN x 1.1 , for shell: PN x 1.5 according to EN 12266-1.<\/li>\n<\/ol>\n<\/div>\n","protected":false},"excerpt":{"rendered":"<p>TVN V158 Vannes \u00e0 Opercule Caoutchouc avec Raccord Filet\u00e9 sont con\u00e7us pour durer de longues ann\u00e9es de fonctionnement dans de nombreuses conditions. Avec sa structure \u00e0<span class=\"excerpt-hellip\"> [\u2026]<\/span><\/p>\n","protected":false},"featured_media":536,"template":"","meta":[],"product_brand":[],"product_cat":[29],"product_tag":[],"class_list":{"0":"post-534","1":"product","2":"type-product","3":"status-publish","4":"has-post-thumbnail","6":"product_cat-v15-vannes-passage-direct","8":"first","9":"instock","10":"featured","11":"shipping-taxable","12":"product-type-simple"},"yoast_head":"<!-- This site is optimized with the Yoast SEO plugin v27.4 - https:\/\/yoast.com\/product\/yoast-seo-wordpress\/ -->\n<title>Service Connection Valve V158 - TVN Valve &amp; Piping Company<\/title>\n<meta name=\"description\" content=\"TVN V158 Service Connection Valve (Threaded-end Resilient Seated Gate Valves) is designed to last long years of operation in many conditions.\" \/>\n<meta name=\"robots\" content=\"index, follow, max-snippet:-1, max-image-preview:large, max-video-preview:-1\" \/>\n<link rel=\"canonical\" href=\"https:\/\/www.tvnvalve.com\/fr\/produits\/v158-vanne-a-opercule-caoutchouc-avec-raccord-filete\/\" \/>\n<meta property=\"og:locale\" content=\"fr_FR\" \/>\n<meta property=\"og:type\" content=\"article\" \/>\n<meta property=\"og:title\" content=\"Service Connection Valve V158 - TVN Valve &amp; Piping Company\" \/>\n<meta property=\"og:description\" content=\"TVN V158 Service Connection Valve (Threaded-end Resilient Seated Gate Valves) is designed to last long years of operation in many conditions.\" \/>\n<meta property=\"og:url\" content=\"https:\/\/www.tvnvalve.com\/fr\/produits\/v158-vanne-a-opercule-caoutchouc-avec-raccord-filete\/\" \/>\n<meta property=\"og:site_name\" content=\"TVN Valve &amp; Piping Company\" \/>\n<meta property=\"article:modified_time\" content=\"2020-07-30T20:06:30+00:00\" \/>\n<meta property=\"og:image\" content=\"https:\/\/www.tvnvalve.com\/fr\/wp-content\/uploads\/2020\/06\/V158-SERVICE-CONNECTION-VALVE-1.png\" \/>\n\t<meta property=\"og:image:width\" content=\"800\" \/>\n\t<meta property=\"og:image:height\" content=\"832\" \/>\n\t<meta property=\"og:image:type\" content=\"image\/png\" \/>\n<meta name=\"twitter:card\" content=\"summary_large_image\" \/>\n<meta name=\"twitter:label1\" content=\"Dur\u00e9e de lecture estim\u00e9e\" \/>\n\t<meta name=\"twitter:data1\" content=\"2 minutes\" \/>\n<script type=\"application\/ld+json\" class=\"yoast-schema-graph\">{\"@context\":\"https:\\\/\\\/schema.org\",\"@graph\":[{\"@type\":\"WebPage\",\"@id\":\"https:\\\/\\\/www.tvnvalve.com\\\/fr\\\/produits\\\/v158-vanne-a-opercule-caoutchouc-avec-raccord-filete\\\/\",\"url\":\"https:\\\/\\\/www.tvnvalve.com\\\/fr\\\/produits\\\/v158-vanne-a-opercule-caoutchouc-avec-raccord-filete\\\/\",\"name\":\"Service Connection Valve V158 - TVN Valve &amp; Piping Company\",\"isPartOf\":{\"@id\":\"https:\\\/\\\/www.tvnvalve.com\\\/fr\\\/#website\"},\"primaryImageOfPage\":{\"@id\":\"https:\\\/\\\/www.tvnvalve.com\\\/fr\\\/produits\\\/v158-vanne-a-opercule-caoutchouc-avec-raccord-filete\\\/#primaryimage\"},\"image\":{\"@id\":\"https:\\\/\\\/www.tvnvalve.com\\\/fr\\\/produits\\\/v158-vanne-a-opercule-caoutchouc-avec-raccord-filete\\\/#primaryimage\"},\"thumbnailUrl\":\"https:\\\/\\\/www.tvnvalve.com\\\/fr\\\/wp-content\\\/uploads\\\/2020\\\/06\\\/V158-SERVICE-CONNECTION-VALVE-1.png\",\"datePublished\":\"2020-06-18T17:24:39+00:00\",\"dateModified\":\"2020-07-30T20:06:30+00:00\",\"description\":\"TVN V158 Service Connection Valve (Threaded-end Resilient Seated Gate Valves) is designed to last long years of operation in many conditions.\",\"breadcrumb\":{\"@id\":\"https:\\\/\\\/www.tvnvalve.com\\\/fr\\\/produits\\\/v158-vanne-a-opercule-caoutchouc-avec-raccord-filete\\\/#breadcrumb\"},\"inLanguage\":\"fr-FR\",\"potentialAction\":[{\"@type\":\"ReadAction\",\"target\":[\"https:\\\/\\\/www.tvnvalve.com\\\/fr\\\/produits\\\/v158-vanne-a-opercule-caoutchouc-avec-raccord-filete\\\/\"]}]},{\"@type\":\"ImageObject\",\"inLanguage\":\"fr-FR\",\"@id\":\"https:\\\/\\\/www.tvnvalve.com\\\/fr\\\/produits\\\/v158-vanne-a-opercule-caoutchouc-avec-raccord-filete\\\/#primaryimage\",\"url\":\"https:\\\/\\\/www.tvnvalve.com\\\/fr\\\/wp-content\\\/uploads\\\/2020\\\/06\\\/V158-SERVICE-CONNECTION-VALVE-1.png\",\"contentUrl\":\"https:\\\/\\\/www.tvnvalve.com\\\/fr\\\/wp-content\\\/uploads\\\/2020\\\/06\\\/V158-SERVICE-CONNECTION-VALVE-1.png\",\"width\":800,\"height\":832},{\"@type\":\"BreadcrumbList\",\"@id\":\"https:\\\/\\\/www.tvnvalve.com\\\/fr\\\/produits\\\/v158-vanne-a-opercule-caoutchouc-avec-raccord-filete\\\/#breadcrumb\",\"itemListElement\":[{\"@type\":\"ListItem\",\"position\":1,\"name\":\"Home\",\"item\":\"https:\\\/\\\/www.tvnvalve.com\\\/fr\\\/\"},{\"@type\":\"ListItem\",\"position\":2,\"name\":\"Produits\",\"item\":\"https:\\\/\\\/www.tvnvalve.com\\\/fr\\\/produits\\\/\"},{\"@type\":\"ListItem\",\"position\":3,\"name\":\"V158 VANNE \u00c0 OPERCULE CAOUTCHOUC AVEC RACCORD FILET\u00c9\"}]},{\"@type\":\"WebSite\",\"@id\":\"https:\\\/\\\/www.tvnvalve.com\\\/fr\\\/#website\",\"url\":\"https:\\\/\\\/www.tvnvalve.com\\\/fr\\\/\",\"name\":\"TVN Valve &amp; Piping Company\",\"description\":\"Valve &amp; Piping Manufacturer\",\"potentialAction\":[{\"@type\":\"SearchAction\",\"target\":{\"@type\":\"EntryPoint\",\"urlTemplate\":\"https:\\\/\\\/www.tvnvalve.com\\\/fr\\\/?s={search_term_string}\"},\"query-input\":{\"@type\":\"PropertyValueSpecification\",\"valueRequired\":true,\"valueName\":\"search_term_string\"}}],\"inLanguage\":\"fr-FR\"}]}<\/script>\n<!-- \/ Yoast SEO plugin. -->","yoast_head_json":{"title":"Service Connection Valve V158 - TVN Valve &amp; Piping Company","description":"TVN V158 Service Connection Valve (Threaded-end Resilient Seated Gate Valves) is designed to last long years of operation in many conditions.","robots":{"index":"index","follow":"follow","max-snippet":"max-snippet:-1","max-image-preview":"max-image-preview:large","max-video-preview":"max-video-preview:-1"},"canonical":"https:\/\/www.tvnvalve.com\/fr\/produits\/v158-vanne-a-opercule-caoutchouc-avec-raccord-filete\/","og_locale":"fr_FR","og_type":"article","og_title":"Service Connection Valve V158 - TVN Valve &amp; Piping Company","og_description":"TVN V158 Service Connection Valve (Threaded-end Resilient Seated Gate Valves) is designed to last long years of operation in many conditions.","og_url":"https:\/\/www.tvnvalve.com\/fr\/produits\/v158-vanne-a-opercule-caoutchouc-avec-raccord-filete\/","og_site_name":"TVN Valve &amp; Piping Company","article_modified_time":"2020-07-30T20:06:30+00:00","og_image":[{"width":800,"height":832,"url":"https:\/\/www.tvnvalve.com\/fr\/wp-content\/uploads\/2020\/06\/V158-SERVICE-CONNECTION-VALVE-1.png","type":"image\/png"}],"twitter_card":"summary_large_image","twitter_misc":{"Dur\u00e9e de lecture estim\u00e9e":"2 minutes"},"schema":{"@context":"https:\/\/schema.org","@graph":[{"@type":"WebPage","@id":"https:\/\/www.tvnvalve.com\/fr\/produits\/v158-vanne-a-opercule-caoutchouc-avec-raccord-filete\/","url":"https:\/\/www.tvnvalve.com\/fr\/produits\/v158-vanne-a-opercule-caoutchouc-avec-raccord-filete\/","name":"Service Connection Valve V158 - TVN Valve &amp; Piping Company","isPartOf":{"@id":"https:\/\/www.tvnvalve.com\/fr\/#website"},"primaryImageOfPage":{"@id":"https:\/\/www.tvnvalve.com\/fr\/produits\/v158-vanne-a-opercule-caoutchouc-avec-raccord-filete\/#primaryimage"},"image":{"@id":"https:\/\/www.tvnvalve.com\/fr\/produits\/v158-vanne-a-opercule-caoutchouc-avec-raccord-filete\/#primaryimage"},"thumbnailUrl":"https:\/\/www.tvnvalve.com\/fr\/wp-content\/uploads\/2020\/06\/V158-SERVICE-CONNECTION-VALVE-1.png","datePublished":"2020-06-18T17:24:39+00:00","dateModified":"2020-07-30T20:06:30+00:00","description":"TVN V158 Service Connection Valve (Threaded-end Resilient Seated Gate Valves) is designed to last long years of operation in many conditions.","breadcrumb":{"@id":"https:\/\/www.tvnvalve.com\/fr\/produits\/v158-vanne-a-opercule-caoutchouc-avec-raccord-filete\/#breadcrumb"},"inLanguage":"fr-FR","potentialAction":[{"@type":"ReadAction","target":["https:\/\/www.tvnvalve.com\/fr\/produits\/v158-vanne-a-opercule-caoutchouc-avec-raccord-filete\/"]}]},{"@type":"ImageObject","inLanguage":"fr-FR","@id":"https:\/\/www.tvnvalve.com\/fr\/produits\/v158-vanne-a-opercule-caoutchouc-avec-raccord-filete\/#primaryimage","url":"https:\/\/www.tvnvalve.com\/fr\/wp-content\/uploads\/2020\/06\/V158-SERVICE-CONNECTION-VALVE-1.png","contentUrl":"https:\/\/www.tvnvalve.com\/fr\/wp-content\/uploads\/2020\/06\/V158-SERVICE-CONNECTION-VALVE-1.png","width":800,"height":832},{"@type":"BreadcrumbList","@id":"https:\/\/www.tvnvalve.com\/fr\/produits\/v158-vanne-a-opercule-caoutchouc-avec-raccord-filete\/#breadcrumb","itemListElement":[{"@type":"ListItem","position":1,"name":"Home","item":"https:\/\/www.tvnvalve.com\/fr\/"},{"@type":"ListItem","position":2,"name":"Produits","item":"https:\/\/www.tvnvalve.com\/fr\/produits\/"},{"@type":"ListItem","position":3,"name":"V158 VANNE \u00c0 OPERCULE CAOUTCHOUC AVEC RACCORD FILET\u00c9"}]},{"@type":"WebSite","@id":"https:\/\/www.tvnvalve.com\/fr\/#website","url":"https:\/\/www.tvnvalve.com\/fr\/","name":"TVN Valve &amp; Piping Company","description":"Valve &amp; Piping Manufacturer","potentialAction":[{"@type":"SearchAction","target":{"@type":"EntryPoint","urlTemplate":"https:\/\/www.tvnvalve.com\/fr\/?s={search_term_string}"},"query-input":{"@type":"PropertyValueSpecification","valueRequired":true,"valueName":"search_term_string"}}],"inLanguage":"fr-FR"}]}},"_links":{"self":[{"href":"https:\/\/www.tvnvalve.com\/fr\/wp-json\/wp\/v2\/product\/534","targetHints":{"allow":["GET"]}}],"collection":[{"href":"https:\/\/www.tvnvalve.com\/fr\/wp-json\/wp\/v2\/product"}],"about":[{"href":"https:\/\/www.tvnvalve.com\/fr\/wp-json\/wp\/v2\/types\/product"}],"wp:featuredmedia":[{"embeddable":true,"href":"https:\/\/www.tvnvalve.com\/fr\/wp-json\/wp\/v2\/media\/536"}],"wp:attachment":[{"href":"https:\/\/www.tvnvalve.com\/fr\/wp-json\/wp\/v2\/media?parent=534"}],"wp:term":[{"taxonomy":"product_brand","embeddable":true,"href":"https:\/\/www.tvnvalve.com\/fr\/wp-json\/wp\/v2\/product_brand?post=534"},{"taxonomy":"product_cat","embeddable":true,"href":"https:\/\/www.tvnvalve.com\/fr\/wp-json\/wp\/v2\/product_cat?post=534"},{"taxonomy":"product_tag","embeddable":true,"href":"https:\/\/www.tvnvalve.com\/fr\/wp-json\/wp\/v2\/product_tag?post=534"}],"curies":[{"name":"wp","href":"https:\/\/api.w.org\/{rel}","templated":true}]}}