{"id":522,"date":"2020-06-18T17:06:19","date_gmt":"2020-06-18T17:06:19","guid":{"rendered":"https:\/\/www.ansolon.com\/tvn\/?post_type=product&#038;p=522"},"modified":"2020-07-30T19:58:51","modified_gmt":"2020-07-30T19:58:51","slug":"v103-vanne-papillon-a-oreilles-taraudees","status":"publish","type":"product","link":"https:\/\/www.tvnvalve.com\/fr\/produits\/v103-vanne-papillon-a-oreilles-taraudees\/","title":{"rendered":"V103 VANNE PAPILLON \u00c0 OREILLES TARAUD\u00c9ES"},"content":{"rendered":"<p>\n<a   class=\"button  has-icon button_left button_size_1\"  href=\"https:\/\/www.tvnvalve.com\/fr\/wp-content\/uploads\/2020\/07\/TVN-Soupape-Tuyauterie-Catalogue-V103.pdf\" style=\"background-color:#b51f13!important;color:#ffffff;\" target=\"_blank\"    title=\"\"><span class=\"button_icon\"><i class=\"icon-acrobat\"  style=\"color:#ffffff!important;\" aria-hidden=\"true\"><\/i><\/span><span class=\"button_label\">T\u00e9l\u00e9charger la fiche technique PDF<\/span><\/a>\n<br \/>\n<br \/>\nTVN V103 Vanne papillon \u00e0 oreilles taraud\u00e9es, fa\u00e7onn\u00e9e avec le disque centr\u00e9 tournant \u00e0 l&rsquo;int\u00e9rieur du corps de la vanne de 90 degr\u00e9s. Avec le type d&rsquo;actionnement, le flux du fluide peut \u00eatre arr\u00eat\u00e9, r\u00e9gul\u00e9 ou d\u00e9marr\u00e9. Avec un raccordement \u00e0 brides, la vanne est install\u00e9e entre les brides du tuyau et serr\u00e9e \u00e0 sa place avec les boulons pour les brides du tuyau.<\/p>\n","protected":false},"excerpt":{"rendered":"<p>TVN V103 Vanne papillon \u00e0 oreilles taraud\u00e9es, fa\u00e7onn\u00e9e avec le disque centr\u00e9 tournant \u00e0 l&rsquo;int\u00e9rieur du corps de la vanne de 90 degr\u00e9s. Avec le type<span class=\"excerpt-hellip\"> [\u2026]<\/span><\/p>\n","protected":false},"featured_media":523,"template":"","meta":[],"product_brand":[],"product_cat":[30],"product_tag":[],"class_list":{"0":"post-522","1":"product","2":"type-product","3":"status-publish","4":"has-post-thumbnail","6":"product_cat-v10-vannes-papillons","8":"first","9":"instock","10":"featured","11":"shipping-taxable","12":"product-type-simple"},"yoast_head":"<!-- This site is optimized with the Yoast SEO plugin v27.3 - https:\/\/yoast.com\/product\/yoast-seo-wordpress\/ -->\n<title>V103 VANNE PAPILLON \u00c0 OREILLES TARAUD\u00c9ES - TVN Valve &amp; Piping Company<\/title>\n<meta name=\"robots\" content=\"index, follow, max-snippet:-1, max-image-preview:large, max-video-preview:-1\" \/>\n<link rel=\"canonical\" href=\"https:\/\/www.tvnvalve.com\/fr\/produits\/v103-vanne-papillon-a-oreilles-taraudees\/\" \/>\n<meta property=\"og:locale\" content=\"fr_FR\" \/>\n<meta property=\"og:type\" content=\"article\" \/>\n<meta property=\"og:title\" content=\"V103 VANNE PAPILLON \u00c0 OREILLES TARAUD\u00c9ES - TVN Valve &amp; Piping Company\" \/>\n<meta property=\"og:description\" content=\"TVN V103 Vanne papillon \u00e0 oreilles taraud\u00e9es, fa\u00e7onn\u00e9e avec le disque centr\u00e9 tournant \u00e0 l&rsquo;int\u00e9rieur du corps de la vanne de 90 degr\u00e9s. Avec le type [\u2026]\" \/>\n<meta property=\"og:url\" content=\"https:\/\/www.tvnvalve.com\/fr\/produits\/v103-vanne-papillon-a-oreilles-taraudees\/\" \/>\n<meta property=\"og:site_name\" content=\"TVN Valve &amp; Piping Company\" \/>\n<meta property=\"article:modified_time\" content=\"2020-07-30T19:58:51+00:00\" \/>\n<meta property=\"og:image\" content=\"https:\/\/www.tvnvalve.com\/fr\/wp-content\/uploads\/2020\/06\/V103-LUG-TYPE-BUTTERFLY-VALVE-1.png\" \/>\n\t<meta property=\"og:image:width\" content=\"800\" \/>\n\t<meta property=\"og:image:height\" content=\"832\" \/>\n\t<meta property=\"og:image:type\" content=\"image\/png\" \/>\n<meta name=\"twitter:card\" content=\"summary_large_image\" \/>\n<meta name=\"twitter:label1\" content=\"Dur\u00e9e de lecture estim\u00e9e\" \/>\n\t<meta name=\"twitter:data1\" content=\"1 minute\" \/>\n<script type=\"application\/ld+json\" class=\"yoast-schema-graph\">{\"@context\":\"https:\\\/\\\/schema.org\",\"@graph\":[{\"@type\":\"WebPage\",\"@id\":\"https:\\\/\\\/www.tvnvalve.com\\\/fr\\\/produits\\\/v103-vanne-papillon-a-oreilles-taraudees\\\/\",\"url\":\"https:\\\/\\\/www.tvnvalve.com\\\/fr\\\/produits\\\/v103-vanne-papillon-a-oreilles-taraudees\\\/\",\"name\":\"V103 VANNE PAPILLON \u00c0 OREILLES TARAUD\u00c9ES - TVN Valve &amp; Piping Company\",\"isPartOf\":{\"@id\":\"https:\\\/\\\/www.tvnvalve.com\\\/fr\\\/#website\"},\"primaryImageOfPage\":{\"@id\":\"https:\\\/\\\/www.tvnvalve.com\\\/fr\\\/produits\\\/v103-vanne-papillon-a-oreilles-taraudees\\\/#primaryimage\"},\"image\":{\"@id\":\"https:\\\/\\\/www.tvnvalve.com\\\/fr\\\/produits\\\/v103-vanne-papillon-a-oreilles-taraudees\\\/#primaryimage\"},\"thumbnailUrl\":\"https:\\\/\\\/www.tvnvalve.com\\\/fr\\\/wp-content\\\/uploads\\\/2020\\\/06\\\/V103-LUG-TYPE-BUTTERFLY-VALVE-1.png\",\"datePublished\":\"2020-06-18T17:06:19+00:00\",\"dateModified\":\"2020-07-30T19:58:51+00:00\",\"breadcrumb\":{\"@id\":\"https:\\\/\\\/www.tvnvalve.com\\\/fr\\\/produits\\\/v103-vanne-papillon-a-oreilles-taraudees\\\/#breadcrumb\"},\"inLanguage\":\"fr-FR\",\"potentialAction\":[{\"@type\":\"ReadAction\",\"target\":[\"https:\\\/\\\/www.tvnvalve.com\\\/fr\\\/produits\\\/v103-vanne-papillon-a-oreilles-taraudees\\\/\"]}]},{\"@type\":\"ImageObject\",\"inLanguage\":\"fr-FR\",\"@id\":\"https:\\\/\\\/www.tvnvalve.com\\\/fr\\\/produits\\\/v103-vanne-papillon-a-oreilles-taraudees\\\/#primaryimage\",\"url\":\"https:\\\/\\\/www.tvnvalve.com\\\/fr\\\/wp-content\\\/uploads\\\/2020\\\/06\\\/V103-LUG-TYPE-BUTTERFLY-VALVE-1.png\",\"contentUrl\":\"https:\\\/\\\/www.tvnvalve.com\\\/fr\\\/wp-content\\\/uploads\\\/2020\\\/06\\\/V103-LUG-TYPE-BUTTERFLY-VALVE-1.png\",\"width\":800,\"height\":832},{\"@type\":\"BreadcrumbList\",\"@id\":\"https:\\\/\\\/www.tvnvalve.com\\\/fr\\\/produits\\\/v103-vanne-papillon-a-oreilles-taraudees\\\/#breadcrumb\",\"itemListElement\":[{\"@type\":\"ListItem\",\"position\":1,\"name\":\"Home\",\"item\":\"https:\\\/\\\/www.tvnvalve.com\\\/fr\\\/\"},{\"@type\":\"ListItem\",\"position\":2,\"name\":\"Produits\",\"item\":\"https:\\\/\\\/www.tvnvalve.com\\\/fr\\\/produits\\\/\"},{\"@type\":\"ListItem\",\"position\":3,\"name\":\"V103 VANNE PAPILLON \u00c0 OREILLES TARAUD\u00c9ES\"}]},{\"@type\":\"WebSite\",\"@id\":\"https:\\\/\\\/www.tvnvalve.com\\\/fr\\\/#website\",\"url\":\"https:\\\/\\\/www.tvnvalve.com\\\/fr\\\/\",\"name\":\"TVN Valve &amp; Piping Company\",\"description\":\"Valve &amp; Piping Manufacturer\",\"potentialAction\":[{\"@type\":\"SearchAction\",\"target\":{\"@type\":\"EntryPoint\",\"urlTemplate\":\"https:\\\/\\\/www.tvnvalve.com\\\/fr\\\/?s={search_term_string}\"},\"query-input\":{\"@type\":\"PropertyValueSpecification\",\"valueRequired\":true,\"valueName\":\"search_term_string\"}}],\"inLanguage\":\"fr-FR\"}]}<\/script>\n<!-- \/ Yoast SEO plugin. -->","yoast_head_json":{"title":"V103 VANNE PAPILLON \u00c0 OREILLES TARAUD\u00c9ES - TVN Valve &amp; Piping Company","robots":{"index":"index","follow":"follow","max-snippet":"max-snippet:-1","max-image-preview":"max-image-preview:large","max-video-preview":"max-video-preview:-1"},"canonical":"https:\/\/www.tvnvalve.com\/fr\/produits\/v103-vanne-papillon-a-oreilles-taraudees\/","og_locale":"fr_FR","og_type":"article","og_title":"V103 VANNE PAPILLON \u00c0 OREILLES TARAUD\u00c9ES - TVN Valve &amp; Piping Company","og_description":"TVN V103 Vanne papillon \u00e0 oreilles taraud\u00e9es, fa\u00e7onn\u00e9e avec le disque centr\u00e9 tournant \u00e0 l&rsquo;int\u00e9rieur du corps de la vanne de 90 degr\u00e9s. Avec le type [\u2026]","og_url":"https:\/\/www.tvnvalve.com\/fr\/produits\/v103-vanne-papillon-a-oreilles-taraudees\/","og_site_name":"TVN Valve &amp; Piping Company","article_modified_time":"2020-07-30T19:58:51+00:00","og_image":[{"width":800,"height":832,"url":"https:\/\/www.tvnvalve.com\/fr\/wp-content\/uploads\/2020\/06\/V103-LUG-TYPE-BUTTERFLY-VALVE-1.png","type":"image\/png"}],"twitter_card":"summary_large_image","twitter_misc":{"Dur\u00e9e de lecture estim\u00e9e":"1 minute"},"schema":{"@context":"https:\/\/schema.org","@graph":[{"@type":"WebPage","@id":"https:\/\/www.tvnvalve.com\/fr\/produits\/v103-vanne-papillon-a-oreilles-taraudees\/","url":"https:\/\/www.tvnvalve.com\/fr\/produits\/v103-vanne-papillon-a-oreilles-taraudees\/","name":"V103 VANNE PAPILLON \u00c0 OREILLES TARAUD\u00c9ES - TVN Valve &amp; Piping Company","isPartOf":{"@id":"https:\/\/www.tvnvalve.com\/fr\/#website"},"primaryImageOfPage":{"@id":"https:\/\/www.tvnvalve.com\/fr\/produits\/v103-vanne-papillon-a-oreilles-taraudees\/#primaryimage"},"image":{"@id":"https:\/\/www.tvnvalve.com\/fr\/produits\/v103-vanne-papillon-a-oreilles-taraudees\/#primaryimage"},"thumbnailUrl":"https:\/\/www.tvnvalve.com\/fr\/wp-content\/uploads\/2020\/06\/V103-LUG-TYPE-BUTTERFLY-VALVE-1.png","datePublished":"2020-06-18T17:06:19+00:00","dateModified":"2020-07-30T19:58:51+00:00","breadcrumb":{"@id":"https:\/\/www.tvnvalve.com\/fr\/produits\/v103-vanne-papillon-a-oreilles-taraudees\/#breadcrumb"},"inLanguage":"fr-FR","potentialAction":[{"@type":"ReadAction","target":["https:\/\/www.tvnvalve.com\/fr\/produits\/v103-vanne-papillon-a-oreilles-taraudees\/"]}]},{"@type":"ImageObject","inLanguage":"fr-FR","@id":"https:\/\/www.tvnvalve.com\/fr\/produits\/v103-vanne-papillon-a-oreilles-taraudees\/#primaryimage","url":"https:\/\/www.tvnvalve.com\/fr\/wp-content\/uploads\/2020\/06\/V103-LUG-TYPE-BUTTERFLY-VALVE-1.png","contentUrl":"https:\/\/www.tvnvalve.com\/fr\/wp-content\/uploads\/2020\/06\/V103-LUG-TYPE-BUTTERFLY-VALVE-1.png","width":800,"height":832},{"@type":"BreadcrumbList","@id":"https:\/\/www.tvnvalve.com\/fr\/produits\/v103-vanne-papillon-a-oreilles-taraudees\/#breadcrumb","itemListElement":[{"@type":"ListItem","position":1,"name":"Home","item":"https:\/\/www.tvnvalve.com\/fr\/"},{"@type":"ListItem","position":2,"name":"Produits","item":"https:\/\/www.tvnvalve.com\/fr\/produits\/"},{"@type":"ListItem","position":3,"name":"V103 VANNE PAPILLON \u00c0 OREILLES TARAUD\u00c9ES"}]},{"@type":"WebSite","@id":"https:\/\/www.tvnvalve.com\/fr\/#website","url":"https:\/\/www.tvnvalve.com\/fr\/","name":"TVN Valve &amp; Piping Company","description":"Valve &amp; Piping Manufacturer","potentialAction":[{"@type":"SearchAction","target":{"@type":"EntryPoint","urlTemplate":"https:\/\/www.tvnvalve.com\/fr\/?s={search_term_string}"},"query-input":{"@type":"PropertyValueSpecification","valueRequired":true,"valueName":"search_term_string"}}],"inLanguage":"fr-FR"}]}},"_links":{"self":[{"href":"https:\/\/www.tvnvalve.com\/fr\/wp-json\/wp\/v2\/product\/522","targetHints":{"allow":["GET"]}}],"collection":[{"href":"https:\/\/www.tvnvalve.com\/fr\/wp-json\/wp\/v2\/product"}],"about":[{"href":"https:\/\/www.tvnvalve.com\/fr\/wp-json\/wp\/v2\/types\/product"}],"wp:featuredmedia":[{"embeddable":true,"href":"https:\/\/www.tvnvalve.com\/fr\/wp-json\/wp\/v2\/media\/523"}],"wp:attachment":[{"href":"https:\/\/www.tvnvalve.com\/fr\/wp-json\/wp\/v2\/media?parent=522"}],"wp:term":[{"taxonomy":"product_brand","embeddable":true,"href":"https:\/\/www.tvnvalve.com\/fr\/wp-json\/wp\/v2\/product_brand?post=522"},{"taxonomy":"product_cat","embeddable":true,"href":"https:\/\/www.tvnvalve.com\/fr\/wp-json\/wp\/v2\/product_cat?post=522"},{"taxonomy":"product_tag","embeddable":true,"href":"https:\/\/www.tvnvalve.com\/fr\/wp-json\/wp\/v2\/product_tag?post=522"}],"curies":[{"name":"wp","href":"https:\/\/api.w.org\/{rel}","templated":true}]}}