{"id":515,"date":"2020-06-18T16:52:18","date_gmt":"2020-06-18T16:52:18","guid":{"rendered":"https:\/\/www.ansolon.com\/tvn\/?post_type=product&#038;p=515"},"modified":"2020-07-30T19:59:45","modified_gmt":"2020-07-30T19:59:45","slug":"v105-vanne-papillon-series-13","status":"publish","type":"product","link":"https:\/\/www.tvnvalve.com\/fr\/produits\/v105-vanne-papillon-series-13\/","title":{"rendered":"V105 VANNE PAPILLON S\u00c9RIES 13"},"content":{"rendered":"<p>\n<a   class=\"button  has-icon button_left button_size_1\"  href=\"https:\/\/www.tvnvalve.com\/fr\/wp-content\/uploads\/2020\/07\/TVN-Soupape-Tuyauterie-Catalogue-V105.pdf\" style=\"background-color:#b51f13!important;color:#ffffff;\" target=\"_blank\"    title=\"\"><span class=\"button_icon\"><i class=\"icon-acrobat\"  style=\"color:#ffffff!important;\" aria-hidden=\"true\"><\/i><\/span><span class=\"button_label\">T\u00e9l\u00e9charger la fiche technique PDF<\/span><\/a>\n<br \/>\n<\/p>\n<p>TVN V105 Vanne Papillon \u00e0 si\u00e8ge excentrique double est l&rsquo;un des principaux types de produits pr\u00e9f\u00e9r\u00e9s dans les r\u00e9seaux d&rsquo;eau. Gr\u00e2ce \u00e0 sa conception de disque o\u00f9 le centre est d\u00e9cal\u00e9 sur deux axes, cela conduit \u00e0 une grande am\u00e9lioration de la diminution des valeurs de couple de fonctionnement, en abaissant le frottement sur la zone d&rsquo;\u00e9tanch\u00e9it\u00e9 du disque et en prolongeant la dur\u00e9e de vie. Le type S\u00e9rie 13 occupe moins d&rsquo;espace que le type S\u00e9rie 14.<\/p>\n","protected":false},"excerpt":{"rendered":"<p>TVN V105 Vanne Papillon \u00e0 si\u00e8ge excentrique double est l&rsquo;un des principaux types de produits pr\u00e9f\u00e9r\u00e9s dans les r\u00e9seaux d&rsquo;eau. Gr\u00e2ce \u00e0 sa conception de disque<span class=\"excerpt-hellip\"> [\u2026]<\/span><\/p>\n","protected":false},"featured_media":517,"template":"","meta":[],"product_brand":[],"product_cat":[30],"product_tag":[],"class_list":{"0":"post-515","1":"product","2":"type-product","3":"status-publish","4":"has-post-thumbnail","6":"product_cat-v10-vannes-papillons","8":"first","9":"instock","10":"featured","11":"shipping-taxable","12":"product-type-simple"},"yoast_head":"<!-- This site is optimized with the Yoast SEO plugin v27.3 - https:\/\/yoast.com\/product\/yoast-seo-wordpress\/ -->\n<title>V105 VANNE PAPILLON S\u00c9RIES 13 - TVN Valve &amp; Piping Company<\/title>\n<meta name=\"robots\" content=\"index, follow, max-snippet:-1, max-image-preview:large, max-video-preview:-1\" \/>\n<link rel=\"canonical\" href=\"https:\/\/www.tvnvalve.com\/fr\/produits\/v105-vanne-papillon-series-13\/\" \/>\n<meta property=\"og:locale\" content=\"fr_FR\" \/>\n<meta property=\"og:type\" content=\"article\" \/>\n<meta property=\"og:title\" content=\"V105 VANNE PAPILLON S\u00c9RIES 13 - TVN Valve &amp; Piping Company\" \/>\n<meta property=\"og:description\" content=\"TVN V105 Vanne Papillon \u00e0 si\u00e8ge excentrique double est l&rsquo;un des principaux types de produits pr\u00e9f\u00e9r\u00e9s dans les r\u00e9seaux d&rsquo;eau. Gr\u00e2ce \u00e0 sa conception de disque [\u2026]\" \/>\n<meta property=\"og:url\" content=\"https:\/\/www.tvnvalve.com\/fr\/produits\/v105-vanne-papillon-series-13\/\" \/>\n<meta property=\"og:site_name\" content=\"TVN Valve &amp; Piping Company\" \/>\n<meta property=\"article:modified_time\" content=\"2020-07-30T19:59:45+00:00\" \/>\n<meta property=\"og:image\" content=\"https:\/\/www.tvnvalve.com\/fr\/wp-content\/uploads\/2020\/06\/V105-BUTTERFLY-VALVE-SERIES-13.png\" \/>\n\t<meta property=\"og:image:width\" content=\"800\" \/>\n\t<meta property=\"og:image:height\" content=\"832\" \/>\n\t<meta property=\"og:image:type\" content=\"image\/png\" \/>\n<meta name=\"twitter:card\" content=\"summary_large_image\" \/>\n<meta name=\"twitter:label1\" content=\"Dur\u00e9e de lecture estim\u00e9e\" \/>\n\t<meta name=\"twitter:data1\" content=\"1 minute\" \/>\n<script type=\"application\/ld+json\" class=\"yoast-schema-graph\">{\"@context\":\"https:\\\/\\\/schema.org\",\"@graph\":[{\"@type\":\"WebPage\",\"@id\":\"https:\\\/\\\/www.tvnvalve.com\\\/fr\\\/produits\\\/v105-vanne-papillon-series-13\\\/\",\"url\":\"https:\\\/\\\/www.tvnvalve.com\\\/fr\\\/produits\\\/v105-vanne-papillon-series-13\\\/\",\"name\":\"V105 VANNE PAPILLON S\u00c9RIES 13 - TVN Valve &amp; Piping Company\",\"isPartOf\":{\"@id\":\"https:\\\/\\\/www.tvnvalve.com\\\/fr\\\/#website\"},\"primaryImageOfPage\":{\"@id\":\"https:\\\/\\\/www.tvnvalve.com\\\/fr\\\/produits\\\/v105-vanne-papillon-series-13\\\/#primaryimage\"},\"image\":{\"@id\":\"https:\\\/\\\/www.tvnvalve.com\\\/fr\\\/produits\\\/v105-vanne-papillon-series-13\\\/#primaryimage\"},\"thumbnailUrl\":\"https:\\\/\\\/www.tvnvalve.com\\\/fr\\\/wp-content\\\/uploads\\\/2020\\\/06\\\/V105-BUTTERFLY-VALVE-SERIES-13.png\",\"datePublished\":\"2020-06-18T16:52:18+00:00\",\"dateModified\":\"2020-07-30T19:59:45+00:00\",\"breadcrumb\":{\"@id\":\"https:\\\/\\\/www.tvnvalve.com\\\/fr\\\/produits\\\/v105-vanne-papillon-series-13\\\/#breadcrumb\"},\"inLanguage\":\"fr-FR\",\"potentialAction\":[{\"@type\":\"ReadAction\",\"target\":[\"https:\\\/\\\/www.tvnvalve.com\\\/fr\\\/produits\\\/v105-vanne-papillon-series-13\\\/\"]}]},{\"@type\":\"ImageObject\",\"inLanguage\":\"fr-FR\",\"@id\":\"https:\\\/\\\/www.tvnvalve.com\\\/fr\\\/produits\\\/v105-vanne-papillon-series-13\\\/#primaryimage\",\"url\":\"https:\\\/\\\/www.tvnvalve.com\\\/fr\\\/wp-content\\\/uploads\\\/2020\\\/06\\\/V105-BUTTERFLY-VALVE-SERIES-13.png\",\"contentUrl\":\"https:\\\/\\\/www.tvnvalve.com\\\/fr\\\/wp-content\\\/uploads\\\/2020\\\/06\\\/V105-BUTTERFLY-VALVE-SERIES-13.png\",\"width\":800,\"height\":832},{\"@type\":\"BreadcrumbList\",\"@id\":\"https:\\\/\\\/www.tvnvalve.com\\\/fr\\\/produits\\\/v105-vanne-papillon-series-13\\\/#breadcrumb\",\"itemListElement\":[{\"@type\":\"ListItem\",\"position\":1,\"name\":\"Home\",\"item\":\"https:\\\/\\\/www.tvnvalve.com\\\/fr\\\/\"},{\"@type\":\"ListItem\",\"position\":2,\"name\":\"Produits\",\"item\":\"https:\\\/\\\/www.tvnvalve.com\\\/fr\\\/produits\\\/\"},{\"@type\":\"ListItem\",\"position\":3,\"name\":\"V105 VANNE PAPILLON S\u00c9RIES 13\"}]},{\"@type\":\"WebSite\",\"@id\":\"https:\\\/\\\/www.tvnvalve.com\\\/fr\\\/#website\",\"url\":\"https:\\\/\\\/www.tvnvalve.com\\\/fr\\\/\",\"name\":\"TVN Valve &amp; Piping Company\",\"description\":\"Valve &amp; Piping Manufacturer\",\"potentialAction\":[{\"@type\":\"SearchAction\",\"target\":{\"@type\":\"EntryPoint\",\"urlTemplate\":\"https:\\\/\\\/www.tvnvalve.com\\\/fr\\\/?s={search_term_string}\"},\"query-input\":{\"@type\":\"PropertyValueSpecification\",\"valueRequired\":true,\"valueName\":\"search_term_string\"}}],\"inLanguage\":\"fr-FR\"}]}<\/script>\n<!-- \/ Yoast SEO plugin. -->","yoast_head_json":{"title":"V105 VANNE PAPILLON S\u00c9RIES 13 - TVN Valve &amp; Piping Company","robots":{"index":"index","follow":"follow","max-snippet":"max-snippet:-1","max-image-preview":"max-image-preview:large","max-video-preview":"max-video-preview:-1"},"canonical":"https:\/\/www.tvnvalve.com\/fr\/produits\/v105-vanne-papillon-series-13\/","og_locale":"fr_FR","og_type":"article","og_title":"V105 VANNE PAPILLON S\u00c9RIES 13 - TVN Valve &amp; Piping Company","og_description":"TVN V105 Vanne Papillon \u00e0 si\u00e8ge excentrique double est l&rsquo;un des principaux types de produits pr\u00e9f\u00e9r\u00e9s dans les r\u00e9seaux d&rsquo;eau. Gr\u00e2ce \u00e0 sa conception de disque [\u2026]","og_url":"https:\/\/www.tvnvalve.com\/fr\/produits\/v105-vanne-papillon-series-13\/","og_site_name":"TVN Valve &amp; Piping Company","article_modified_time":"2020-07-30T19:59:45+00:00","og_image":[{"width":800,"height":832,"url":"https:\/\/www.tvnvalve.com\/fr\/wp-content\/uploads\/2020\/06\/V105-BUTTERFLY-VALVE-SERIES-13.png","type":"image\/png"}],"twitter_card":"summary_large_image","twitter_misc":{"Dur\u00e9e de lecture estim\u00e9e":"1 minute"},"schema":{"@context":"https:\/\/schema.org","@graph":[{"@type":"WebPage","@id":"https:\/\/www.tvnvalve.com\/fr\/produits\/v105-vanne-papillon-series-13\/","url":"https:\/\/www.tvnvalve.com\/fr\/produits\/v105-vanne-papillon-series-13\/","name":"V105 VANNE PAPILLON S\u00c9RIES 13 - TVN Valve &amp; Piping Company","isPartOf":{"@id":"https:\/\/www.tvnvalve.com\/fr\/#website"},"primaryImageOfPage":{"@id":"https:\/\/www.tvnvalve.com\/fr\/produits\/v105-vanne-papillon-series-13\/#primaryimage"},"image":{"@id":"https:\/\/www.tvnvalve.com\/fr\/produits\/v105-vanne-papillon-series-13\/#primaryimage"},"thumbnailUrl":"https:\/\/www.tvnvalve.com\/fr\/wp-content\/uploads\/2020\/06\/V105-BUTTERFLY-VALVE-SERIES-13.png","datePublished":"2020-06-18T16:52:18+00:00","dateModified":"2020-07-30T19:59:45+00:00","breadcrumb":{"@id":"https:\/\/www.tvnvalve.com\/fr\/produits\/v105-vanne-papillon-series-13\/#breadcrumb"},"inLanguage":"fr-FR","potentialAction":[{"@type":"ReadAction","target":["https:\/\/www.tvnvalve.com\/fr\/produits\/v105-vanne-papillon-series-13\/"]}]},{"@type":"ImageObject","inLanguage":"fr-FR","@id":"https:\/\/www.tvnvalve.com\/fr\/produits\/v105-vanne-papillon-series-13\/#primaryimage","url":"https:\/\/www.tvnvalve.com\/fr\/wp-content\/uploads\/2020\/06\/V105-BUTTERFLY-VALVE-SERIES-13.png","contentUrl":"https:\/\/www.tvnvalve.com\/fr\/wp-content\/uploads\/2020\/06\/V105-BUTTERFLY-VALVE-SERIES-13.png","width":800,"height":832},{"@type":"BreadcrumbList","@id":"https:\/\/www.tvnvalve.com\/fr\/produits\/v105-vanne-papillon-series-13\/#breadcrumb","itemListElement":[{"@type":"ListItem","position":1,"name":"Home","item":"https:\/\/www.tvnvalve.com\/fr\/"},{"@type":"ListItem","position":2,"name":"Produits","item":"https:\/\/www.tvnvalve.com\/fr\/produits\/"},{"@type":"ListItem","position":3,"name":"V105 VANNE PAPILLON S\u00c9RIES 13"}]},{"@type":"WebSite","@id":"https:\/\/www.tvnvalve.com\/fr\/#website","url":"https:\/\/www.tvnvalve.com\/fr\/","name":"TVN Valve &amp; Piping Company","description":"Valve &amp; Piping Manufacturer","potentialAction":[{"@type":"SearchAction","target":{"@type":"EntryPoint","urlTemplate":"https:\/\/www.tvnvalve.com\/fr\/?s={search_term_string}"},"query-input":{"@type":"PropertyValueSpecification","valueRequired":true,"valueName":"search_term_string"}}],"inLanguage":"fr-FR"}]}},"_links":{"self":[{"href":"https:\/\/www.tvnvalve.com\/fr\/wp-json\/wp\/v2\/product\/515","targetHints":{"allow":["GET"]}}],"collection":[{"href":"https:\/\/www.tvnvalve.com\/fr\/wp-json\/wp\/v2\/product"}],"about":[{"href":"https:\/\/www.tvnvalve.com\/fr\/wp-json\/wp\/v2\/types\/product"}],"wp:featuredmedia":[{"embeddable":true,"href":"https:\/\/www.tvnvalve.com\/fr\/wp-json\/wp\/v2\/media\/517"}],"wp:attachment":[{"href":"https:\/\/www.tvnvalve.com\/fr\/wp-json\/wp\/v2\/media?parent=515"}],"wp:term":[{"taxonomy":"product_brand","embeddable":true,"href":"https:\/\/www.tvnvalve.com\/fr\/wp-json\/wp\/v2\/product_brand?post=515"},{"taxonomy":"product_cat","embeddable":true,"href":"https:\/\/www.tvnvalve.com\/fr\/wp-json\/wp\/v2\/product_cat?post=515"},{"taxonomy":"product_tag","embeddable":true,"href":"https:\/\/www.tvnvalve.com\/fr\/wp-json\/wp\/v2\/product_tag?post=515"}],"curies":[{"name":"wp","href":"https:\/\/api.w.org\/{rel}","templated":true}]}}